{"id":10608,"date":"2021-10-26T11:42:40","date_gmt":"2021-10-26T09:42:40","guid":{"rendered":"https:\/\/www.meeplesdistributie.nl\/product\/arkham-horror-final-hour\/"},"modified":"2025-12-26T04:04:20","modified_gmt":"2025-12-26T03:04:20","slug":"arkham-horror-final-hour","status":"publish","type":"product","link":"https:\/\/www.meeplesdistributie.nl\/en\/product\/arkham-horror-final-hour\/","title":{"rendered":"Arkham Horror Final Hour"},"content":{"rendered":"<p>Reverse an eldritch ritual to save Earth from the Ancient Ones in Arkham Horror: Final Hour! In this cooperative, fast-paced board game for one to four players, you&#039;ve arrived too late to stop a gruesome rite: a monstrous Ancient One tears through reality, heralding the fearsome creatures flooding into the campus of Miskatonic University. Hold off the horde long enough to turn the tide. This game is playable in less than 60 minutes; your fate depends on the cooperation between you and your fellow researchers. If you fail, it will be the last hour for Arkham... and the world.<\/p>\n<p>Number of players: 1-6<br \/>Best with: 4<br \/>Time: 60 minutes<br \/>Age: 14+<br \/>Language: English<br \/>Complexity: Medium<br \/>Dicetower Judgment: \u2013<br \/>Legacy: No<br \/>Co-op: Yes<\/p>","protected":false},"excerpt":{"rendered":"<p>If you fail, it will be the last hour for Arkham... and the world.<\/p>","protected":false},"featured_media":2939,"comment_status":"open","ping_status":"closed","template":"","meta":{"site-sidebar-layout":"default","site-content-layout":"","ast-site-content-layout":"","site-content-style":"default","site-sidebar-style":"default","ast-global-header-display":"","ast-banner-title-visibility":"","ast-main-header-display":"","ast-hfb-above-header-display":"","ast-hfb-below-header-display":"","ast-hfb-mobile-header-display":"","site-post-title":"","ast-breadcrumbs-content":"","ast-featured-img":"","footer-sml-layout":"","theme-transparent-header-meta":"","adv-header-id-meta":"","stick-header-meta":"","header-above-stick-meta":"","header-main-stick-meta":"","header-below-stick-meta":"","astra-migrate-meta-layouts":"default","ast-page-background-enabled":"default","ast-page-background-meta":{"desktop":{"background-color":"var(--ast-global-color-4)","background-image":"","background-repeat":"repeat","background-position":"center center","background-size":"auto","background-attachment":"scroll","background-type":"","background-media":"","overlay-type":"","overlay-color":"","overlay-gradient":""},"tablet":{"background-color":"","background-image":"","background-repeat":"repeat","background-position":"center center","background-size":"auto","background-attachment":"scroll","background-type":"","background-media":"","overlay-type":"","overlay-color":"","overlay-gradient":""},"mobile":{"background-color":"","background-image":"","background-repeat":"repeat","background-position":"center center","background-size":"auto","background-attachment":"scroll","background-type":"","background-media":"","overlay-type":"","overlay-color":"","overlay-gradient":""}},"ast-content-background-meta":{"desktop":{"background-color":"var(--ast-global-color-5)","background-image":"","background-repeat":"repeat","background-position":"center center","background-size":"auto","background-attachment":"scroll","background-type":"","background-media":"","overlay-type":"","overlay-color":"","overlay-gradient":""},"tablet":{"background-color":"var(--ast-global-color-5)","background-image":"","background-repeat":"repeat","background-position":"center center","background-size":"auto","background-attachment":"scroll","background-type":"","background-media":"","overlay-type":"","overlay-color":"","overlay-gradient":""},"mobile":{"background-color":"var(--ast-global-color-5)","background-image":"","background-repeat":"repeat","background-position":"center center","background-size":"auto","background-attachment":"scroll","background-type":"","background-media":"","overlay-type":"","overlay-color":"","overlay-gradient":""}}},"product_cat":[43],"product_tag":[],"class_list":{"0":"post-10608","1":"product","2":"type-product","3":"status-publish","4":"has-post-thumbnail","6":"product_cat-bordspel","7":"desktop-align-left","8":"tablet-align-left","9":"mobile-align-left","10":"ast-product-gallery-layout-horizontal-slider","11":"ast-product-gallery-with-no-image","12":"ast-product-tabs-layout-accordion","13":"ast-qv-on-image","15":"first","16":"outofstock","17":"taxable","18":"shipping-taxable","19":"product-type-simple"},"yoast_head":"<!-- This site is optimized with the Yoast SEO Premium plugin v23.0 (Yoast SEO v23.0) - https:\/\/yoast.com\/wordpress\/plugins\/seo\/ -->\n<title>Arkham Horror Final Hour - Meeples Distributie<\/title>\n<meta name=\"description\" content=\"Draai een eldritch ritueel terug om de aarde van de Ancient Ones te redden in Arkham Horror: Final Hour! In dit co\u00f6peratieve, snelle bordspel voor \u00e9\u00e9n tot vier spelers ben je te laat aangekomen om een gruwelijke rite te stoppen: een monsterlijke Ancient One scheurt door de realiteit en kondigt de afschrikwekkende wezens aan die de campus van de Miskatonic University binnenstromen. Houd de horde lang genoeg tegen om het tij te keren. Dit spel is speelbaar in minder dan 60 minuten; je lot hangt af van de samenwerking tussen jou en je collega-onderzoekers. Als je faalt, is dit het laatste uur voor Arkham ... en de wereld.\" \/>\n<meta name=\"robots\" content=\"index, follow, max-snippet:-1, max-image-preview:large, max-video-preview:-1\" \/>\n<link rel=\"canonical\" href=\"https:\/\/www.meeplesdistributie.nl\/en\/product\/arkham-horror-final-hour\/\" \/>\n<meta property=\"og:locale\" content=\"en_GB\" \/>\n<meta property=\"og:type\" content=\"article\" \/>\n<meta property=\"og:title\" content=\"Arkham Horror Final Hour\" \/>\n<meta property=\"og:description\" content=\"Draai een eldritch ritueel terug om de aarde van de Ancient Ones te redden in Arkham Horror: Final Hour! In dit co\u00f6peratieve, snelle bordspel voor \u00e9\u00e9n tot vier spelers ben je te laat aangekomen om een gruwelijke rite te stoppen: een monsterlijke Ancient One scheurt door de realiteit en kondigt de afschrikwekkende wezens aan die de campus van de Miskatonic University binnenstromen. Houd de horde lang genoeg tegen om het tij te keren. Dit spel is speelbaar in minder dan 60 minuten; je lot hangt af van de samenwerking tussen jou en je collega-onderzoekers. Als je faalt, is dit het laatste uur voor Arkham ... en de wereld.\" \/>\n<meta property=\"og:url\" content=\"https:\/\/www.meeplesdistributie.nl\/en\/product\/arkham-horror-final-hour\/\" \/>\n<meta property=\"og:site_name\" content=\"Meeples Distributie\" \/>\n<meta property=\"article:publisher\" content=\"https:\/\/www.facebook.com\/meeplesb\" \/>\n<meta property=\"article:modified_time\" content=\"2025-12-26T03:04:20+00:00\" \/>\n<meta property=\"og:image\" content=\"https:\/\/www.meeplesdistributie.nl\/wp-content\/uploads\/2021\/09\/1449146432.jpg\" \/>\n\t<meta property=\"og:image:width\" content=\"796\" \/>\n\t<meta property=\"og:image:height\" content=\"1024\" \/>\n\t<meta property=\"og:image:type\" content=\"image\/jpeg\" \/>\n<meta name=\"twitter:card\" content=\"summary_large_image\" \/>\n<meta name=\"twitter:site\" content=\"@meeplesb\" \/>\n<meta name=\"twitter:label1\" content=\"Price\" \/>\n\t<meta name=\"twitter:data1\" content=\"&euro;28,35\" \/>\n\t<meta name=\"twitter:label2\" content=\"Availability\" \/>\n\t<meta name=\"twitter:data2\" content=\"Out of stock\" \/>\n<script type=\"application\/ld+json\" class=\"yoast-schema-graph\">{\"@context\":\"https:\/\/schema.org\",\"@graph\":[{\"@type\":\"WebPage\",\"@id\":\"https:\/\/www.meeplesdistributie.nl\/product\/arkham-horror-final-hour\/\",\"url\":\"https:\/\/www.meeplesdistributie.nl\/product\/arkham-horror-final-hour\/\",\"name\":\"Arkham Horror Final Hour - Meeples Distributie\",\"isPartOf\":{\"@id\":\"https:\/\/www.meeplesdistributie.nl\/#website\"},\"primaryImageOfPage\":{\"@id\":\"https:\/\/www.meeplesdistributie.nl\/product\/arkham-horror-final-hour\/#primaryimage\"},\"image\":{\"@id\":\"https:\/\/www.meeplesdistributie.nl\/product\/arkham-horror-final-hour\/#primaryimage\"},\"thumbnailUrl\":\"https:\/\/www.meeplesdistributie.nl\/wp-content\/uploads\/2021\/09\/1449146432.jpg\",\"datePublished\":\"2021-10-26T09:42:40+00:00\",\"dateModified\":\"2025-12-26T03:04:20+00:00\",\"description\":\"Draai een eldritch ritueel terug om de aarde van de Ancient Ones te redden in Arkham Horror: Final Hour! In dit co\u00f6peratieve, snelle bordspel voor \u00e9\u00e9n tot vier spelers ben je te laat aangekomen om een gruwelijke rite te stoppen: een monsterlijke Ancient One scheurt door de realiteit en kondigt de afschrikwekkende wezens aan die de campus van de Miskatonic University binnenstromen. Houd de horde lang genoeg tegen om het tij te keren. Dit spel is speelbaar in minder dan 60 minuten; je lot hangt af van de samenwerking tussen jou en je collega-onderzoekers. Als je faalt, is dit het laatste uur voor Arkham ... en de wereld.\",\"breadcrumb\":{\"@id\":\"https:\/\/www.meeplesdistributie.nl\/product\/arkham-horror-final-hour\/#breadcrumb\"},\"inLanguage\":\"en-GB\",\"potentialAction\":[{\"@type\":\"ReadAction\",\"target\":[\"https:\/\/www.meeplesdistributie.nl\/product\/arkham-horror-final-hour\/\"]}]},{\"@type\":\"ImageObject\",\"inLanguage\":\"en-GB\",\"@id\":\"https:\/\/www.meeplesdistributie.nl\/product\/arkham-horror-final-hour\/#primaryimage\",\"url\":\"https:\/\/www.meeplesdistributie.nl\/wp-content\/uploads\/2021\/09\/1449146432.jpg\",\"contentUrl\":\"https:\/\/www.meeplesdistributie.nl\/wp-content\/uploads\/2021\/09\/1449146432.jpg\",\"width\":796,\"height\":1024},{\"@type\":\"BreadcrumbList\",\"@id\":\"https:\/\/www.meeplesdistributie.nl\/product\/arkham-horror-final-hour\/#breadcrumb\",\"itemListElement\":[{\"@type\":\"ListItem\",\"position\":1,\"name\":\"Home\",\"item\":\"https:\/\/www.meeplesdistributie.nl\/\"},{\"@type\":\"ListItem\",\"position\":2,\"name\":\"Webshop\",\"item\":\"https:\/\/www.meeplesdistributie.nl\/webshop\/\"},{\"@type\":\"ListItem\",\"position\":3,\"name\":\"Arkham Horror Final Hour\"}]},{\"@type\":\"WebSite\",\"@id\":\"https:\/\/www.meeplesdistributie.nl\/#website\",\"url\":\"https:\/\/www.meeplesdistributie.nl\/\",\"name\":\"Meeples Distributie - Groep\",\"description\":\"Welkom op de Meeples Distributie site | Jouw bordspellen groothandel\",\"publisher\":{\"@id\":\"https:\/\/www.meeplesdistributie.nl\/#organization\"},\"potentialAction\":[{\"@type\":\"SearchAction\",\"target\":{\"@type\":\"EntryPoint\",\"urlTemplate\":\"https:\/\/www.meeplesdistributie.nl\/?s={search_term_string}\"},\"query-input\":\"required name=search_term_string\"}],\"inLanguage\":\"en-GB\"},{\"@type\":\"Organization\",\"@id\":\"https:\/\/www.meeplesdistributie.nl\/#organization\",\"name\":\"Meeples Distributie\",\"url\":\"https:\/\/www.meeplesdistributie.nl\/\",\"logo\":{\"@type\":\"ImageObject\",\"inLanguage\":\"en-GB\",\"@id\":\"https:\/\/www.meeplesdistributie.nl\/#\/schema\/logo\/image\/\",\"url\":\"https:\/\/www.meeplesdistributie.nl\/wp-content\/uploads\/2021\/09\/2-1.png\",\"contentUrl\":\"https:\/\/www.meeplesdistributie.nl\/wp-content\/uploads\/2021\/09\/2-1.png\",\"width\":1080,\"height\":1080,\"caption\":\"Meeples Distributie\"},\"image\":{\"@id\":\"https:\/\/www.meeplesdistributie.nl\/#\/schema\/logo\/image\/\"},\"sameAs\":[\"https:\/\/www.facebook.com\/meeplesb\",\"https:\/\/x.com\/meeplesb\",\"https:\/\/www.instagram.com\/meeples_bordspellen\",\"https:\/\/www.linkedin.com\/company\/meeplesbordspellen\",\"https:\/\/nl.pinterest.com\/meeplesbordspellen\/_created\/\",\"https:\/\/www.youtube.com\/UCtRQUPN4QYmky2dvclaDh_Q\"]}]}<\/script>\n<meta property=\"product:price:amount\" content=\"28.35\" \/>\n<meta property=\"product:price:currency\" content=\"EUR\" \/>\n<meta property=\"og:availability\" content=\"out of stock\" \/>\n<meta property=\"product:availability\" content=\"out of stock\" \/>\n<meta property=\"product:retailer_item_id\" content=\"969\" \/>\n<meta property=\"product:condition\" content=\"new\" \/>\n<!-- \/ Yoast SEO Premium plugin. -->","yoast_head_json":{"title":"Arkham Horror Final Hour - Meeples Distributie","description":"Draai een eldritch ritueel terug om de aarde van de Ancient Ones te redden in Arkham Horror: Final Hour! In dit co\u00f6peratieve, snelle bordspel voor \u00e9\u00e9n tot vier spelers ben je te laat aangekomen om een gruwelijke rite te stoppen: een monsterlijke Ancient One scheurt door de realiteit en kondigt de afschrikwekkende wezens aan die de campus van de Miskatonic University binnenstromen. Houd de horde lang genoeg tegen om het tij te keren. Dit spel is speelbaar in minder dan 60 minuten; je lot hangt af van de samenwerking tussen jou en je collega-onderzoekers. Als je faalt, is dit het laatste uur voor Arkham ... en de wereld.","robots":{"index":"index","follow":"follow","max-snippet":"max-snippet:-1","max-image-preview":"max-image-preview:large","max-video-preview":"max-video-preview:-1"},"canonical":"https:\/\/www.meeplesdistributie.nl\/en\/product\/arkham-horror-final-hour\/","og_locale":"en_GB","og_type":"article","og_title":"Arkham Horror Final Hour","og_description":"Draai een eldritch ritueel terug om de aarde van de Ancient Ones te redden in Arkham Horror: Final Hour! In dit co\u00f6peratieve, snelle bordspel voor \u00e9\u00e9n tot vier spelers ben je te laat aangekomen om een gruwelijke rite te stoppen: een monsterlijke Ancient One scheurt door de realiteit en kondigt de afschrikwekkende wezens aan die de campus van de Miskatonic University binnenstromen. Houd de horde lang genoeg tegen om het tij te keren. Dit spel is speelbaar in minder dan 60 minuten; je lot hangt af van de samenwerking tussen jou en je collega-onderzoekers. Als je faalt, is dit het laatste uur voor Arkham ... en de wereld.","og_url":"https:\/\/www.meeplesdistributie.nl\/en\/product\/arkham-horror-final-hour\/","og_site_name":"Meeples Distributie","article_publisher":"https:\/\/www.facebook.com\/meeplesb","article_modified_time":"2025-12-26T03:04:20+00:00","og_image":[{"width":796,"height":1024,"url":"https:\/\/www.meeplesdistributie.nl\/wp-content\/uploads\/2021\/09\/1449146432.jpg","type":"image\/jpeg"}],"twitter_card":"summary_large_image","twitter_site":"@meeplesb","twitter_misc":{"Price":"&euro;28,35","Availability":"Out of stock"},"schema":{"@context":"https:\/\/schema.org","@graph":[{"@type":"WebPage","@id":"https:\/\/www.meeplesdistributie.nl\/product\/arkham-horror-final-hour\/","url":"https:\/\/www.meeplesdistributie.nl\/product\/arkham-horror-final-hour\/","name":"Arkham Horror Final Hour - Meeples Distributie","isPartOf":{"@id":"https:\/\/www.meeplesdistributie.nl\/#website"},"primaryImageOfPage":{"@id":"https:\/\/www.meeplesdistributie.nl\/product\/arkham-horror-final-hour\/#primaryimage"},"image":{"@id":"https:\/\/www.meeplesdistributie.nl\/product\/arkham-horror-final-hour\/#primaryimage"},"thumbnailUrl":"https:\/\/www.meeplesdistributie.nl\/wp-content\/uploads\/2021\/09\/1449146432.jpg","datePublished":"2021-10-26T09:42:40+00:00","dateModified":"2025-12-26T03:04:20+00:00","description":"Draai een eldritch ritueel terug om de aarde van de Ancient Ones te redden in Arkham Horror: Final Hour! In dit co\u00f6peratieve, snelle bordspel voor \u00e9\u00e9n tot vier spelers ben je te laat aangekomen om een gruwelijke rite te stoppen: een monsterlijke Ancient One scheurt door de realiteit en kondigt de afschrikwekkende wezens aan die de campus van de Miskatonic University binnenstromen. Houd de horde lang genoeg tegen om het tij te keren. Dit spel is speelbaar in minder dan 60 minuten; je lot hangt af van de samenwerking tussen jou en je collega-onderzoekers. Als je faalt, is dit het laatste uur voor Arkham ... en de wereld.","breadcrumb":{"@id":"https:\/\/www.meeplesdistributie.nl\/product\/arkham-horror-final-hour\/#breadcrumb"},"inLanguage":"en-GB","potentialAction":[{"@type":"ReadAction","target":["https:\/\/www.meeplesdistributie.nl\/product\/arkham-horror-final-hour\/"]}]},{"@type":"ImageObject","inLanguage":"en-GB","@id":"https:\/\/www.meeplesdistributie.nl\/product\/arkham-horror-final-hour\/#primaryimage","url":"https:\/\/www.meeplesdistributie.nl\/wp-content\/uploads\/2021\/09\/1449146432.jpg","contentUrl":"https:\/\/www.meeplesdistributie.nl\/wp-content\/uploads\/2021\/09\/1449146432.jpg","width":796,"height":1024},{"@type":"BreadcrumbList","@id":"https:\/\/www.meeplesdistributie.nl\/product\/arkham-horror-final-hour\/#breadcrumb","itemListElement":[{"@type":"ListItem","position":1,"name":"Home","item":"https:\/\/www.meeplesdistributie.nl\/"},{"@type":"ListItem","position":2,"name":"Webshop","item":"https:\/\/www.meeplesdistributie.nl\/webshop\/"},{"@type":"ListItem","position":3,"name":"Arkham Horror Final Hour"}]},{"@type":"WebSite","@id":"https:\/\/www.meeplesdistributie.nl\/#website","url":"https:\/\/www.meeplesdistributie.nl\/","name":"Meeples Distributie - Groep","description":"Welkom op de Meeples Distributie site | Jouw bordspellen groothandel","publisher":{"@id":"https:\/\/www.meeplesdistributie.nl\/#organization"},"potentialAction":[{"@type":"SearchAction","target":{"@type":"EntryPoint","urlTemplate":"https:\/\/www.meeplesdistributie.nl\/?s={search_term_string}"},"query-input":"required name=search_term_string"}],"inLanguage":"en-GB"},{"@type":"Organization","@id":"https:\/\/www.meeplesdistributie.nl\/#organization","name":"Meeples Distributie","url":"https:\/\/www.meeplesdistributie.nl\/","logo":{"@type":"ImageObject","inLanguage":"en-GB","@id":"https:\/\/www.meeplesdistributie.nl\/#\/schema\/logo\/image\/","url":"https:\/\/www.meeplesdistributie.nl\/wp-content\/uploads\/2021\/09\/2-1.png","contentUrl":"https:\/\/www.meeplesdistributie.nl\/wp-content\/uploads\/2021\/09\/2-1.png","width":1080,"height":1080,"caption":"Meeples Distributie"},"image":{"@id":"https:\/\/www.meeplesdistributie.nl\/#\/schema\/logo\/image\/"},"sameAs":["https:\/\/www.facebook.com\/meeplesb","https:\/\/x.com\/meeplesb","https:\/\/www.instagram.com\/meeples_bordspellen","https:\/\/www.linkedin.com\/company\/meeplesbordspellen","https:\/\/nl.pinterest.com\/meeplesbordspellen\/_created\/","https:\/\/www.youtube.com\/UCtRQUPN4QYmky2dvclaDh_Q"]}]},"product_price_amount":"28.35","product_price_currency":"EUR","og_availability":"out of stock","product_availability":"out of stock","product_retailer_item_id":"969","product_condition":"new"},"_links":{"self":[{"href":"https:\/\/www.meeplesdistributie.nl\/en\/wp-json\/wp\/v2\/product\/10608","targetHints":{"allow":["GET"]}}],"collection":[{"href":"https:\/\/www.meeplesdistributie.nl\/en\/wp-json\/wp\/v2\/product"}],"about":[{"href":"https:\/\/www.meeplesdistributie.nl\/en\/wp-json\/wp\/v2\/types\/product"}],"replies":[{"embeddable":true,"href":"https:\/\/www.meeplesdistributie.nl\/en\/wp-json\/wp\/v2\/comments?post=10608"}],"version-history":[{"count":15,"href":"https:\/\/www.meeplesdistributie.nl\/en\/wp-json\/wp\/v2\/product\/10608\/revisions"}],"predecessor-version":[{"id":50238,"href":"https:\/\/www.meeplesdistributie.nl\/en\/wp-json\/wp\/v2\/product\/10608\/revisions\/50238"}],"wp:featuredmedia":[{"embeddable":true,"href":"https:\/\/www.meeplesdistributie.nl\/en\/wp-json\/wp\/v2\/media\/2939"}],"wp:attachment":[{"href":"https:\/\/www.meeplesdistributie.nl\/en\/wp-json\/wp\/v2\/media?parent=10608"}],"wp:term":[{"taxonomy":"product_cat","embeddable":true,"href":"https:\/\/www.meeplesdistributie.nl\/en\/wp-json\/wp\/v2\/product_cat?post=10608"},{"taxonomy":"product_tag","embeddable":true,"href":"https:\/\/www.meeplesdistributie.nl\/en\/wp-json\/wp\/v2\/product_tag?post=10608"}],"curies":[{"name":"wp","href":"https:\/\/api.w.org\/{rel}","templated":true}]}}