{"id":10720,"date":"2021-10-26T11:44:02","date_gmt":"2021-10-26T09:44:02","guid":{"rendered":"https:\/\/www.meeplesdistributie.nl\/product\/deep-blue-nl-2\/"},"modified":"2025-12-26T03:56:05","modified_gmt":"2025-12-26T02:56:05","slug":"deep-blue-nl-2","status":"publish","type":"product","link":"https:\/\/www.meeplesdistributie.nl\/en\/product\/deep-blue-en-2\/","title":{"rendered":"Deep Blue NL"},"content":{"rendered":"<p>It was a great idea to buy this treasure map! The most ancient, legendary<br \/>and lavishly appointed shipwrecks are now within easy reach. Your ship is equipped with diving suits and oxygen tanks, and is ready to hoist anchor. There&#039;s no time to lose! The port is slowly waking up, and eager captains are doing everything they can to recruit the best divers and historians. That can only mean one thing: there is more than one copy of the treasure map, and the greatest treasure hunt of all time is in the game Deep Blue!<\/p>\n<p>Deep Blue is a family game in which you take a gamble to collect the most victory points by diving to the right shipwrecks. Players can join another player&#039;s dive and use it to pick up treasure. Gather the right crew of divers, sailors and archaeologists, race to the wreck sites, claim a good dive spot and explore the seas to discover new wrecks.<\/p>\n<p>Contents: 1 central game board, 10 plastic ships, 50 crew cards, 5 plastic treasure chests, 5 player boards, 1 dive site board, 120 victory point tokens, 15 wreck tiles, 1 diving bell pawn, 31 plastic gems, 1 cloth bag, 6 starting tokens, 7 scenario cards and 1 game manual.<\/p>\n<p>Number of players: 2-5<br \/>Best with: 4<br \/>Time: 45 minutes<br \/>Age: 8+<br \/>Language: Dutch<br \/>Complexity: Below average<br \/>Dicetower Judgment: None<br \/>Legacy: No<br \/>Co-op: No<\/p>","protected":false},"excerpt":{"rendered":"<p>Can you find the most beautiful treasures underwater?<\/p>","protected":false},"featured_media":4205,"comment_status":"open","ping_status":"closed","template":"","meta":{"site-sidebar-layout":"default","site-content-layout":"","ast-site-content-layout":"","site-content-style":"default","site-sidebar-style":"default","ast-global-header-display":"","ast-banner-title-visibility":"","ast-main-header-display":"","ast-hfb-above-header-display":"","ast-hfb-below-header-display":"","ast-hfb-mobile-header-display":"","site-post-title":"","ast-breadcrumbs-content":"","ast-featured-img":"","footer-sml-layout":"","theme-transparent-header-meta":"","adv-header-id-meta":"","stick-header-meta":"","header-above-stick-meta":"","header-main-stick-meta":"","header-below-stick-meta":"","astra-migrate-meta-layouts":"default","ast-page-background-enabled":"default","ast-page-background-meta":{"desktop":{"background-color":"var(--ast-global-color-4)","background-image":"","background-repeat":"repeat","background-position":"center center","background-size":"auto","background-attachment":"scroll","background-type":"","background-media":"","overlay-type":"","overlay-color":"","overlay-gradient":""},"tablet":{"background-color":"","background-image":"","background-repeat":"repeat","background-position":"center center","background-size":"auto","background-attachment":"scroll","background-type":"","background-media":"","overlay-type":"","overlay-color":"","overlay-gradient":""},"mobile":{"background-color":"","background-image":"","background-repeat":"repeat","background-position":"center center","background-size":"auto","background-attachment":"scroll","background-type":"","background-media":"","overlay-type":"","overlay-color":"","overlay-gradient":""}},"ast-content-background-meta":{"desktop":{"background-color":"var(--ast-global-color-5)","background-image":"","background-repeat":"repeat","background-position":"center center","background-size":"auto","background-attachment":"scroll","background-type":"","background-media":"","overlay-type":"","overlay-color":"","overlay-gradient":""},"tablet":{"background-color":"var(--ast-global-color-5)","background-image":"","background-repeat":"repeat","background-position":"center center","background-size":"auto","background-attachment":"scroll","background-type":"","background-media":"","overlay-type":"","overlay-color":"","overlay-gradient":""},"mobile":{"background-color":"var(--ast-global-color-5)","background-image":"","background-repeat":"repeat","background-position":"center center","background-size":"auto","background-attachment":"scroll","background-type":"","background-media":"","overlay-type":"","overlay-color":"","overlay-gradient":""}}},"product_cat":[43],"product_tag":[],"class_list":{"0":"post-10720","1":"product","2":"type-product","3":"status-publish","4":"has-post-thumbnail","6":"product_cat-bordspel","7":"desktop-align-left","8":"tablet-align-left","9":"mobile-align-left","10":"ast-product-gallery-layout-horizontal-slider","11":"ast-product-gallery-with-no-image","12":"ast-product-tabs-layout-accordion","13":"ast-qv-on-image","15":"first","16":"outofstock","17":"taxable","18":"shipping-taxable","19":"product-type-simple"},"yoast_head":"<!-- This site is optimized with the Yoast SEO Premium plugin v23.0 (Yoast SEO v23.0) - https:\/\/yoast.com\/wordpress\/plugins\/seo\/ -->\n<title>Deep Blue NL - Meeples Distributie<\/title>\n<meta name=\"description\" content=\"Het was een prima idee om deze schatkaart te kopen! De meest oude, legendarischeen rijkelijk uitgeruste scheepswrakken liggen nu binnen handbereik. Je schip is uitgerust met duikerspakken en zuurstofflessen, en is klaar om het anker te hijsen. Er is geen tijd te verliezen! Langzaam ontwaakt de haven, en gretige kapiteins doen er alles aan om de beste duikers en historici te ronselen. Dat kan slechts \u00e9\u00e9n ding betekenen: er bestaat meer dan \u00e9\u00e9n exemplaar van de schatkaart, en de grootste schattenjacht aller tijden dient zich aan in het spel Deep Blue!Deep Blue is een familiespel waarin je een gokje waagt om de meeste overwinningspunten te vergaren door naar de juiste scheepswrakken te duiken. Spelers kunnen zich aansluiten bij de duik van een andere speler en er gebruik van maken om schatten mee op te pikken. Verzamel de juiste bemanning met een aantal duikers, zeilers en archeologen, race naar de wraklocaties, eis een goede duikplek op en verken de zee\u00ebn om nieuwe wrakken te ontdekken.Inhoud: 1 centraal spelbord, 10 plastic schepen, 50 bemanningskaarten, 5 plastic schatkisten, 5 spelersborden, 1 duikplaatsbord, 120 overwinningspuntenfiches, 15 wraktegels, 1 duikerklokpion, 31 plastic edelstenen, 1 stoffen zak, 6 startfiches, 7 scenariokaarten en 1 spelhandleiding.\" \/>\n<meta name=\"robots\" content=\"index, follow, max-snippet:-1, max-image-preview:large, max-video-preview:-1\" \/>\n<link rel=\"canonical\" href=\"https:\/\/www.meeplesdistributie.nl\/en\/product\/deep-blue-en-2\/\" \/>\n<meta property=\"og:locale\" content=\"en_GB\" \/>\n<meta property=\"og:type\" content=\"article\" \/>\n<meta property=\"og:title\" content=\"Deep Blue NL\" \/>\n<meta property=\"og:description\" content=\"Het was een prima idee om deze schatkaart te kopen! De meest oude, legendarischeen rijkelijk uitgeruste scheepswrakken liggen nu binnen handbereik. Je schip is uitgerust met duikerspakken en zuurstofflessen, en is klaar om het anker te hijsen. Er is geen tijd te verliezen! Langzaam ontwaakt de haven, en gretige kapiteins doen er alles aan om de beste duikers en historici te ronselen. Dat kan slechts \u00e9\u00e9n ding betekenen: er bestaat meer dan \u00e9\u00e9n exemplaar van de schatkaart, en de grootste schattenjacht aller tijden dient zich aan in het spel Deep Blue!Deep Blue is een familiespel waarin je een gokje waagt om de meeste overwinningspunten te vergaren door naar de juiste scheepswrakken te duiken. Spelers kunnen zich aansluiten bij de duik van een andere speler en er gebruik van maken om schatten mee op te pikken. Verzamel de juiste bemanning met een aantal duikers, zeilers en archeologen, race naar de wraklocaties, eis een goede duikplek op en verken de zee\u00ebn om nieuwe wrakken te ontdekken.Inhoud: 1 centraal spelbord, 10 plastic schepen, 50 bemanningskaarten, 5 plastic schatkisten, 5 spelersborden, 1 duikplaatsbord, 120 overwinningspuntenfiches, 15 wraktegels, 1 duikerklokpion, 31 plastic edelstenen, 1 stoffen zak, 6 startfiches, 7 scenariokaarten en 1 spelhandleiding.\" \/>\n<meta property=\"og:url\" content=\"https:\/\/www.meeplesdistributie.nl\/en\/product\/deep-blue-en-2\/\" \/>\n<meta property=\"og:site_name\" content=\"Meeples Distributie\" \/>\n<meta property=\"article:publisher\" content=\"https:\/\/www.facebook.com\/meeplesb\" \/>\n<meta property=\"article:modified_time\" content=\"2025-12-26T02:56:05+00:00\" \/>\n<meta property=\"og:image\" content=\"https:\/\/www.meeplesdistributie.nl\/wp-content\/uploads\/2021\/09\/1100715174.png\" \/>\n\t<meta property=\"og:image:width\" content=\"971\" \/>\n\t<meta property=\"og:image:height\" content=\"1024\" \/>\n\t<meta property=\"og:image:type\" content=\"image\/png\" \/>\n<meta name=\"twitter:card\" content=\"summary_large_image\" \/>\n<meta name=\"twitter:site\" content=\"@meeplesb\" \/>\n<meta name=\"twitter:label1\" content=\"Price\" \/>\n\t<meta name=\"twitter:data1\" content=\"&euro;29,77\" \/>\n\t<meta name=\"twitter:label2\" content=\"Availability\" \/>\n\t<meta name=\"twitter:data2\" content=\"Out of stock\" \/>\n<script type=\"application\/ld+json\" class=\"yoast-schema-graph\">{\"@context\":\"https:\/\/schema.org\",\"@graph\":[{\"@type\":\"WebPage\",\"@id\":\"https:\/\/www.meeplesdistributie.nl\/product\/deep-blue-nl-2\/\",\"url\":\"https:\/\/www.meeplesdistributie.nl\/product\/deep-blue-nl-2\/\",\"name\":\"Deep Blue NL - Meeples Distributie\",\"isPartOf\":{\"@id\":\"https:\/\/www.meeplesdistributie.nl\/#website\"},\"primaryImageOfPage\":{\"@id\":\"https:\/\/www.meeplesdistributie.nl\/product\/deep-blue-nl-2\/#primaryimage\"},\"image\":{\"@id\":\"https:\/\/www.meeplesdistributie.nl\/product\/deep-blue-nl-2\/#primaryimage\"},\"thumbnailUrl\":\"https:\/\/www.meeplesdistributie.nl\/wp-content\/uploads\/2021\/09\/1100715174.png\",\"datePublished\":\"2021-10-26T09:44:02+00:00\",\"dateModified\":\"2025-12-26T02:56:05+00:00\",\"description\":\"Het was een prima idee om deze schatkaart te kopen! De meest oude, legendarischeen rijkelijk uitgeruste scheepswrakken liggen nu binnen handbereik. Je schip is uitgerust met duikerspakken en zuurstofflessen, en is klaar om het anker te hijsen. Er is geen tijd te verliezen! Langzaam ontwaakt de haven, en gretige kapiteins doen er alles aan om de beste duikers en historici te ronselen. Dat kan slechts \u00e9\u00e9n ding betekenen: er bestaat meer dan \u00e9\u00e9n exemplaar van de schatkaart, en de grootste schattenjacht aller tijden dient zich aan in het spel Deep Blue!Deep Blue is een familiespel waarin je een gokje waagt om de meeste overwinningspunten te vergaren door naar de juiste scheepswrakken te duiken. Spelers kunnen zich aansluiten bij de duik van een andere speler en er gebruik van maken om schatten mee op te pikken. Verzamel de juiste bemanning met een aantal duikers, zeilers en archeologen, race naar de wraklocaties, eis een goede duikplek op en verken de zee\u00ebn om nieuwe wrakken te ontdekken.Inhoud: 1 centraal spelbord, 10 plastic schepen, 50 bemanningskaarten, 5 plastic schatkisten, 5 spelersborden, 1 duikplaatsbord, 120 overwinningspuntenfiches, 15 wraktegels, 1 duikerklokpion, 31 plastic edelstenen, 1 stoffen zak, 6 startfiches, 7 scenariokaarten en 1 spelhandleiding.\",\"breadcrumb\":{\"@id\":\"https:\/\/www.meeplesdistributie.nl\/product\/deep-blue-nl-2\/#breadcrumb\"},\"inLanguage\":\"en-GB\",\"potentialAction\":[{\"@type\":\"ReadAction\",\"target\":[\"https:\/\/www.meeplesdistributie.nl\/product\/deep-blue-nl-2\/\"]}]},{\"@type\":\"ImageObject\",\"inLanguage\":\"en-GB\",\"@id\":\"https:\/\/www.meeplesdistributie.nl\/product\/deep-blue-nl-2\/#primaryimage\",\"url\":\"https:\/\/www.meeplesdistributie.nl\/wp-content\/uploads\/2021\/09\/1100715174.png\",\"contentUrl\":\"https:\/\/www.meeplesdistributie.nl\/wp-content\/uploads\/2021\/09\/1100715174.png\",\"width\":971,\"height\":1024},{\"@type\":\"BreadcrumbList\",\"@id\":\"https:\/\/www.meeplesdistributie.nl\/product\/deep-blue-nl-2\/#breadcrumb\",\"itemListElement\":[{\"@type\":\"ListItem\",\"position\":1,\"name\":\"Home\",\"item\":\"https:\/\/www.meeplesdistributie.nl\/\"},{\"@type\":\"ListItem\",\"position\":2,\"name\":\"Webshop\",\"item\":\"https:\/\/www.meeplesdistributie.nl\/webshop\/\"},{\"@type\":\"ListItem\",\"position\":3,\"name\":\"Deep Blue NL\"}]},{\"@type\":\"WebSite\",\"@id\":\"https:\/\/www.meeplesdistributie.nl\/#website\",\"url\":\"https:\/\/www.meeplesdistributie.nl\/\",\"name\":\"Meeples Distributie - Groep\",\"description\":\"Welkom op de Meeples Distributie site | Jouw bordspellen groothandel\",\"publisher\":{\"@id\":\"https:\/\/www.meeplesdistributie.nl\/#organization\"},\"potentialAction\":[{\"@type\":\"SearchAction\",\"target\":{\"@type\":\"EntryPoint\",\"urlTemplate\":\"https:\/\/www.meeplesdistributie.nl\/?s={search_term_string}\"},\"query-input\":\"required name=search_term_string\"}],\"inLanguage\":\"en-GB\"},{\"@type\":\"Organization\",\"@id\":\"https:\/\/www.meeplesdistributie.nl\/#organization\",\"name\":\"Meeples Distributie\",\"url\":\"https:\/\/www.meeplesdistributie.nl\/\",\"logo\":{\"@type\":\"ImageObject\",\"inLanguage\":\"en-GB\",\"@id\":\"https:\/\/www.meeplesdistributie.nl\/#\/schema\/logo\/image\/\",\"url\":\"https:\/\/www.meeplesdistributie.nl\/wp-content\/uploads\/2021\/09\/2-1.png\",\"contentUrl\":\"https:\/\/www.meeplesdistributie.nl\/wp-content\/uploads\/2021\/09\/2-1.png\",\"width\":1080,\"height\":1080,\"caption\":\"Meeples Distributie\"},\"image\":{\"@id\":\"https:\/\/www.meeplesdistributie.nl\/#\/schema\/logo\/image\/\"},\"sameAs\":[\"https:\/\/www.facebook.com\/meeplesb\",\"https:\/\/x.com\/meeplesb\",\"https:\/\/www.instagram.com\/meeples_bordspellen\",\"https:\/\/www.linkedin.com\/company\/meeplesbordspellen\",\"https:\/\/nl.pinterest.com\/meeplesbordspellen\/_created\/\",\"https:\/\/www.youtube.com\/UCtRQUPN4QYmky2dvclaDh_Q\"]}]}<\/script>\n<meta property=\"product:price:amount\" content=\"29.77\" \/>\n<meta property=\"product:price:currency\" content=\"EUR\" \/>\n<meta property=\"og:availability\" content=\"out of stock\" \/>\n<meta property=\"product:availability\" content=\"out of stock\" \/>\n<meta property=\"product:retailer_item_id\" content=\"506\" \/>\n<meta property=\"product:condition\" content=\"new\" \/>\n<!-- \/ Yoast SEO Premium plugin. -->","yoast_head_json":{"title":"Deep Blue NL - Meeples Distributie","description":"Het was een prima idee om deze schatkaart te kopen! De meest oude, legendarischeen rijkelijk uitgeruste scheepswrakken liggen nu binnen handbereik. Je schip is uitgerust met duikerspakken en zuurstofflessen, en is klaar om het anker te hijsen. Er is geen tijd te verliezen! Langzaam ontwaakt de haven, en gretige kapiteins doen er alles aan om de beste duikers en historici te ronselen. Dat kan slechts \u00e9\u00e9n ding betekenen: er bestaat meer dan \u00e9\u00e9n exemplaar van de schatkaart, en de grootste schattenjacht aller tijden dient zich aan in het spel Deep Blue!Deep Blue is een familiespel waarin je een gokje waagt om de meeste overwinningspunten te vergaren door naar de juiste scheepswrakken te duiken. Spelers kunnen zich aansluiten bij de duik van een andere speler en er gebruik van maken om schatten mee op te pikken. Verzamel de juiste bemanning met een aantal duikers, zeilers en archeologen, race naar de wraklocaties, eis een goede duikplek op en verken de zee\u00ebn om nieuwe wrakken te ontdekken.Inhoud: 1 centraal spelbord, 10 plastic schepen, 50 bemanningskaarten, 5 plastic schatkisten, 5 spelersborden, 1 duikplaatsbord, 120 overwinningspuntenfiches, 15 wraktegels, 1 duikerklokpion, 31 plastic edelstenen, 1 stoffen zak, 6 startfiches, 7 scenariokaarten en 1 spelhandleiding.","robots":{"index":"index","follow":"follow","max-snippet":"max-snippet:-1","max-image-preview":"max-image-preview:large","max-video-preview":"max-video-preview:-1"},"canonical":"https:\/\/www.meeplesdistributie.nl\/en\/product\/deep-blue-en-2\/","og_locale":"en_GB","og_type":"article","og_title":"Deep Blue NL","og_description":"Het was een prima idee om deze schatkaart te kopen! De meest oude, legendarischeen rijkelijk uitgeruste scheepswrakken liggen nu binnen handbereik. Je schip is uitgerust met duikerspakken en zuurstofflessen, en is klaar om het anker te hijsen. Er is geen tijd te verliezen! Langzaam ontwaakt de haven, en gretige kapiteins doen er alles aan om de beste duikers en historici te ronselen. Dat kan slechts \u00e9\u00e9n ding betekenen: er bestaat meer dan \u00e9\u00e9n exemplaar van de schatkaart, en de grootste schattenjacht aller tijden dient zich aan in het spel Deep Blue!Deep Blue is een familiespel waarin je een gokje waagt om de meeste overwinningspunten te vergaren door naar de juiste scheepswrakken te duiken. Spelers kunnen zich aansluiten bij de duik van een andere speler en er gebruik van maken om schatten mee op te pikken. Verzamel de juiste bemanning met een aantal duikers, zeilers en archeologen, race naar de wraklocaties, eis een goede duikplek op en verken de zee\u00ebn om nieuwe wrakken te ontdekken.Inhoud: 1 centraal spelbord, 10 plastic schepen, 50 bemanningskaarten, 5 plastic schatkisten, 5 spelersborden, 1 duikplaatsbord, 120 overwinningspuntenfiches, 15 wraktegels, 1 duikerklokpion, 31 plastic edelstenen, 1 stoffen zak, 6 startfiches, 7 scenariokaarten en 1 spelhandleiding.","og_url":"https:\/\/www.meeplesdistributie.nl\/en\/product\/deep-blue-en-2\/","og_site_name":"Meeples Distributie","article_publisher":"https:\/\/www.facebook.com\/meeplesb","article_modified_time":"2025-12-26T02:56:05+00:00","og_image":[{"width":971,"height":1024,"url":"https:\/\/www.meeplesdistributie.nl\/wp-content\/uploads\/2021\/09\/1100715174.png","type":"image\/png"}],"twitter_card":"summary_large_image","twitter_site":"@meeplesb","twitter_misc":{"Price":"&euro;29,77","Availability":"Out of stock"},"schema":{"@context":"https:\/\/schema.org","@graph":[{"@type":"WebPage","@id":"https:\/\/www.meeplesdistributie.nl\/product\/deep-blue-nl-2\/","url":"https:\/\/www.meeplesdistributie.nl\/product\/deep-blue-nl-2\/","name":"Deep Blue NL - Meeples Distributie","isPartOf":{"@id":"https:\/\/www.meeplesdistributie.nl\/#website"},"primaryImageOfPage":{"@id":"https:\/\/www.meeplesdistributie.nl\/product\/deep-blue-nl-2\/#primaryimage"},"image":{"@id":"https:\/\/www.meeplesdistributie.nl\/product\/deep-blue-nl-2\/#primaryimage"},"thumbnailUrl":"https:\/\/www.meeplesdistributie.nl\/wp-content\/uploads\/2021\/09\/1100715174.png","datePublished":"2021-10-26T09:44:02+00:00","dateModified":"2025-12-26T02:56:05+00:00","description":"Het was een prima idee om deze schatkaart te kopen! De meest oude, legendarischeen rijkelijk uitgeruste scheepswrakken liggen nu binnen handbereik. Je schip is uitgerust met duikerspakken en zuurstofflessen, en is klaar om het anker te hijsen. Er is geen tijd te verliezen! Langzaam ontwaakt de haven, en gretige kapiteins doen er alles aan om de beste duikers en historici te ronselen. Dat kan slechts \u00e9\u00e9n ding betekenen: er bestaat meer dan \u00e9\u00e9n exemplaar van de schatkaart, en de grootste schattenjacht aller tijden dient zich aan in het spel Deep Blue!Deep Blue is een familiespel waarin je een gokje waagt om de meeste overwinningspunten te vergaren door naar de juiste scheepswrakken te duiken. Spelers kunnen zich aansluiten bij de duik van een andere speler en er gebruik van maken om schatten mee op te pikken. Verzamel de juiste bemanning met een aantal duikers, zeilers en archeologen, race naar de wraklocaties, eis een goede duikplek op en verken de zee\u00ebn om nieuwe wrakken te ontdekken.Inhoud: 1 centraal spelbord, 10 plastic schepen, 50 bemanningskaarten, 5 plastic schatkisten, 5 spelersborden, 1 duikplaatsbord, 120 overwinningspuntenfiches, 15 wraktegels, 1 duikerklokpion, 31 plastic edelstenen, 1 stoffen zak, 6 startfiches, 7 scenariokaarten en 1 spelhandleiding.","breadcrumb":{"@id":"https:\/\/www.meeplesdistributie.nl\/product\/deep-blue-nl-2\/#breadcrumb"},"inLanguage":"en-GB","potentialAction":[{"@type":"ReadAction","target":["https:\/\/www.meeplesdistributie.nl\/product\/deep-blue-nl-2\/"]}]},{"@type":"ImageObject","inLanguage":"en-GB","@id":"https:\/\/www.meeplesdistributie.nl\/product\/deep-blue-nl-2\/#primaryimage","url":"https:\/\/www.meeplesdistributie.nl\/wp-content\/uploads\/2021\/09\/1100715174.png","contentUrl":"https:\/\/www.meeplesdistributie.nl\/wp-content\/uploads\/2021\/09\/1100715174.png","width":971,"height":1024},{"@type":"BreadcrumbList","@id":"https:\/\/www.meeplesdistributie.nl\/product\/deep-blue-nl-2\/#breadcrumb","itemListElement":[{"@type":"ListItem","position":1,"name":"Home","item":"https:\/\/www.meeplesdistributie.nl\/"},{"@type":"ListItem","position":2,"name":"Webshop","item":"https:\/\/www.meeplesdistributie.nl\/webshop\/"},{"@type":"ListItem","position":3,"name":"Deep Blue NL"}]},{"@type":"WebSite","@id":"https:\/\/www.meeplesdistributie.nl\/#website","url":"https:\/\/www.meeplesdistributie.nl\/","name":"Meeples Distributie - Groep","description":"Welkom op de Meeples Distributie site | Jouw bordspellen groothandel","publisher":{"@id":"https:\/\/www.meeplesdistributie.nl\/#organization"},"potentialAction":[{"@type":"SearchAction","target":{"@type":"EntryPoint","urlTemplate":"https:\/\/www.meeplesdistributie.nl\/?s={search_term_string}"},"query-input":"required name=search_term_string"}],"inLanguage":"en-GB"},{"@type":"Organization","@id":"https:\/\/www.meeplesdistributie.nl\/#organization","name":"Meeples Distributie","url":"https:\/\/www.meeplesdistributie.nl\/","logo":{"@type":"ImageObject","inLanguage":"en-GB","@id":"https:\/\/www.meeplesdistributie.nl\/#\/schema\/logo\/image\/","url":"https:\/\/www.meeplesdistributie.nl\/wp-content\/uploads\/2021\/09\/2-1.png","contentUrl":"https:\/\/www.meeplesdistributie.nl\/wp-content\/uploads\/2021\/09\/2-1.png","width":1080,"height":1080,"caption":"Meeples Distributie"},"image":{"@id":"https:\/\/www.meeplesdistributie.nl\/#\/schema\/logo\/image\/"},"sameAs":["https:\/\/www.facebook.com\/meeplesb","https:\/\/x.com\/meeplesb","https:\/\/www.instagram.com\/meeples_bordspellen","https:\/\/www.linkedin.com\/company\/meeplesbordspellen","https:\/\/nl.pinterest.com\/meeplesbordspellen\/_created\/","https:\/\/www.youtube.com\/UCtRQUPN4QYmky2dvclaDh_Q"]}]},"product_price_amount":"29.77","product_price_currency":"EUR","og_availability":"out of stock","product_availability":"out of stock","product_retailer_item_id":"506","product_condition":"new"},"_links":{"self":[{"href":"https:\/\/www.meeplesdistributie.nl\/en\/wp-json\/wp\/v2\/product\/10720","targetHints":{"allow":["GET"]}}],"collection":[{"href":"https:\/\/www.meeplesdistributie.nl\/en\/wp-json\/wp\/v2\/product"}],"about":[{"href":"https:\/\/www.meeplesdistributie.nl\/en\/wp-json\/wp\/v2\/types\/product"}],"replies":[{"embeddable":true,"href":"https:\/\/www.meeplesdistributie.nl\/en\/wp-json\/wp\/v2\/comments?post=10720"}],"version-history":[{"count":15,"href":"https:\/\/www.meeplesdistributie.nl\/en\/wp-json\/wp\/v2\/product\/10720\/revisions"}],"predecessor-version":[{"id":49870,"href":"https:\/\/www.meeplesdistributie.nl\/en\/wp-json\/wp\/v2\/product\/10720\/revisions\/49870"}],"wp:featuredmedia":[{"embeddable":true,"href":"https:\/\/www.meeplesdistributie.nl\/en\/wp-json\/wp\/v2\/media\/4205"}],"wp:attachment":[{"href":"https:\/\/www.meeplesdistributie.nl\/en\/wp-json\/wp\/v2\/media?parent=10720"}],"wp:term":[{"taxonomy":"product_cat","embeddable":true,"href":"https:\/\/www.meeplesdistributie.nl\/en\/wp-json\/wp\/v2\/product_cat?post=10720"},{"taxonomy":"product_tag","embeddable":true,"href":"https:\/\/www.meeplesdistributie.nl\/en\/wp-json\/wp\/v2\/product_tag?post=10720"}],"curies":[{"name":"wp","href":"https:\/\/api.w.org\/{rel}","templated":true}]}}