{"id":10911,"date":"2021-10-26T11:45:51","date_gmt":"2021-10-26T09:45:51","guid":{"rendered":"https:\/\/www.meeplesdistributie.nl\/product\/kwis-t\/"},"modified":"2025-12-26T03:43:11","modified_gmt":"2025-12-26T02:43:11","slug":"kwis-t","status":"publish","type":"product","link":"https:\/\/www.meeplesdistributie.nl\/en\/product\/quiz-t\/","title":{"rendered":"Quiz it"},"content":{"rendered":"<p>Quiz it! is a question game with a twist. You can win without answering most of the questions correctly. Quiz it! you win with human knowledge, knowledge of facts and a little bit of luck. Everyone answers the same five questions per round. After you have received the answers, bet on the number of answers you get correct. You can bluff there! Then catch or trick your opponents and earn bonus points. Make use of your reputation as a king of knowledge or a notorious bluffer. If you outsmart your fellow players, you win Quiz!<\/p>\n<p>Quiz it! is a question game for 2 to 6 players aged 14 and over. A game of Quiz &#039;t! takes 30-60 minutes. The game is easy to learn, exciting from start to finish and packed with verbal and non-verbal interaction.<\/p>\n<p>Quiz it! has more than 1,150 original questions in various categories. Each set of five questions consists of two open questions, two multiple choice questions and one 50\/50 question. If you don&#039;t know the answer, you can often still guess the correct answer. Guessed wrong? Then you can bluff that you got the answer right after all.<\/p>\n<p>Number of players: 2-6<br \/>Best with: 3-6<br \/>Time: 30-60 minutes<br \/>Age: 14+<br \/>Language: Dutch<br \/>Complexity: Simple<br \/>Dicetower Judgment:<br \/>Legacy: No<br \/>Co-op: No<\/p>","protected":false},"excerpt":{"rendered":"<p>Quiz it! is a question game with a twist. But of course you already knew that.<\/p>","protected":false},"featured_media":10910,"comment_status":"open","ping_status":"closed","template":"","meta":{"site-sidebar-layout":"default","site-content-layout":"","ast-site-content-layout":"","site-content-style":"default","site-sidebar-style":"default","ast-global-header-display":"","ast-banner-title-visibility":"","ast-main-header-display":"","ast-hfb-above-header-display":"","ast-hfb-below-header-display":"","ast-hfb-mobile-header-display":"","site-post-title":"","ast-breadcrumbs-content":"","ast-featured-img":"","footer-sml-layout":"","theme-transparent-header-meta":"","adv-header-id-meta":"","stick-header-meta":"","header-above-stick-meta":"","header-main-stick-meta":"","header-below-stick-meta":"","astra-migrate-meta-layouts":"default","ast-page-background-enabled":"default","ast-page-background-meta":{"desktop":{"background-color":"var(--ast-global-color-4)","background-image":"","background-repeat":"repeat","background-position":"center center","background-size":"auto","background-attachment":"scroll","background-type":"","background-media":"","overlay-type":"","overlay-color":"","overlay-gradient":""},"tablet":{"background-color":"","background-image":"","background-repeat":"repeat","background-position":"center center","background-size":"auto","background-attachment":"scroll","background-type":"","background-media":"","overlay-type":"","overlay-color":"","overlay-gradient":""},"mobile":{"background-color":"","background-image":"","background-repeat":"repeat","background-position":"center center","background-size":"auto","background-attachment":"scroll","background-type":"","background-media":"","overlay-type":"","overlay-color":"","overlay-gradient":""}},"ast-content-background-meta":{"desktop":{"background-color":"var(--ast-global-color-5)","background-image":"","background-repeat":"repeat","background-position":"center center","background-size":"auto","background-attachment":"scroll","background-type":"","background-media":"","overlay-type":"","overlay-color":"","overlay-gradient":""},"tablet":{"background-color":"var(--ast-global-color-5)","background-image":"","background-repeat":"repeat","background-position":"center center","background-size":"auto","background-attachment":"scroll","background-type":"","background-media":"","overlay-type":"","overlay-color":"","overlay-gradient":""},"mobile":{"background-color":"var(--ast-global-color-5)","background-image":"","background-repeat":"repeat","background-position":"center center","background-size":"auto","background-attachment":"scroll","background-type":"","background-media":"","overlay-type":"","overlay-color":"","overlay-gradient":""}}},"product_cat":[43],"product_tag":[],"class_list":{"0":"post-10911","1":"product","2":"type-product","3":"status-publish","4":"has-post-thumbnail","6":"product_cat-bordspel","7":"desktop-align-left","8":"tablet-align-left","9":"mobile-align-left","10":"ast-product-gallery-layout-horizontal-slider","11":"ast-product-gallery-with-no-image","12":"ast-product-tabs-layout-accordion","13":"ast-qv-on-image","15":"first","16":"outofstock","17":"taxable","18":"shipping-taxable","19":"product-type-simple"},"yoast_head":"<!-- This site is optimized with the Yoast SEO Premium plugin v23.0 (Yoast SEO v23.0) - https:\/\/yoast.com\/wordpress\/plugins\/seo\/ -->\n<title>Kwis &#039;t - Meeples Distributie<\/title>\n<meta name=\"description\" content=\"Kwis &#039;t! is een vragenspel met een twist. Je kan namelijk winnen zonder dat je de meeste vragen goed hebt beantwoord. Kwis &#039;t! win je met mensenkennis, feitenkennis en een klein beetje geluk. Iedereen beantwoord per ronde dezelfde vijf vragen. Nadat je de antwoorden gekregen hebt, zet je in op het aantal antwoorden dat je goed hebt. Daar mag je bij bluffen! Betrap vervolgens je tegenstanders, of leid ze om de tuin en verdien bonuspunten. Maak daarbij gebruik van je reputatie als koning van de kennis of beruchte bluffer. Ben jij je medespelers te slim af, dan win je Kwis &#039;t! Kwis &#039;t! is een vragenspel voor 2 tot 6 spelers vanaf 14 jaar. Een potje Kwis &#039;t! duurt 30-60 minuten. Het spel is eenvoudig te leren, is spannend van begin tot eind en zit boordenvol verbale en non-verbale interactie. Kwis &#039;t! telt ruim 1.150 originele vragen in uiteenlopende categorie\u00ebn. Elke set van vijf vragen bestaat uit twee open vragen, twee meerkeuze vragen en \u00e9\u00e9n 50\/50-vraag. Weet je het antwoord niet, dan kun je dus vaak nog het juiste antwoord gokken. Verkeerd gegokt? Dan kun je bluffen dat je het antwoord toch goed hebt.\" \/>\n<meta name=\"robots\" content=\"index, follow, max-snippet:-1, max-image-preview:large, max-video-preview:-1\" \/>\n<link rel=\"canonical\" href=\"https:\/\/www.meeplesdistributie.nl\/en\/product\/quiz-t\/\" \/>\n<meta property=\"og:locale\" content=\"en_GB\" \/>\n<meta property=\"og:type\" content=\"article\" \/>\n<meta property=\"og:title\" content=\"Kwis &#039;t\" \/>\n<meta property=\"og:description\" content=\"Kwis &#039;t! is een vragenspel met een twist. Je kan namelijk winnen zonder dat je de meeste vragen goed hebt beantwoord. Kwis &#039;t! win je met mensenkennis, feitenkennis en een klein beetje geluk. Iedereen beantwoord per ronde dezelfde vijf vragen. Nadat je de antwoorden gekregen hebt, zet je in op het aantal antwoorden dat je goed hebt. Daar mag je bij bluffen! Betrap vervolgens je tegenstanders, of leid ze om de tuin en verdien bonuspunten. Maak daarbij gebruik van je reputatie als koning van de kennis of beruchte bluffer. Ben jij je medespelers te slim af, dan win je Kwis &#039;t! Kwis &#039;t! is een vragenspel voor 2 tot 6 spelers vanaf 14 jaar. Een potje Kwis &#039;t! duurt 30-60 minuten. Het spel is eenvoudig te leren, is spannend van begin tot eind en zit boordenvol verbale en non-verbale interactie. Kwis &#039;t! telt ruim 1.150 originele vragen in uiteenlopende categorie\u00ebn. Elke set van vijf vragen bestaat uit twee open vragen, twee meerkeuze vragen en \u00e9\u00e9n 50\/50-vraag. Weet je het antwoord niet, dan kun je dus vaak nog het juiste antwoord gokken. Verkeerd gegokt? Dan kun je bluffen dat je het antwoord toch goed hebt.\" \/>\n<meta property=\"og:url\" content=\"https:\/\/www.meeplesdistributie.nl\/en\/product\/quiz-t\/\" \/>\n<meta property=\"og:site_name\" content=\"Meeples Distributie\" \/>\n<meta property=\"article:publisher\" content=\"https:\/\/www.facebook.com\/meeplesb\" \/>\n<meta property=\"article:modified_time\" content=\"2025-12-26T02:43:11+00:00\" \/>\n<meta property=\"og:image\" content=\"https:\/\/www.meeplesdistributie.nl\/wp-content\/uploads\/2021\/10\/946617950.jpg\" \/>\n\t<meta property=\"og:image:width\" content=\"900\" \/>\n\t<meta property=\"og:image:height\" content=\"600\" \/>\n\t<meta property=\"og:image:type\" content=\"image\/jpeg\" \/>\n<meta name=\"twitter:card\" content=\"summary_large_image\" \/>\n<meta name=\"twitter:site\" content=\"@meeplesb\" \/>\n<meta name=\"twitter:label1\" content=\"Price\" \/>\n\t<meta name=\"twitter:data1\" content=\"&euro;19,07\" \/>\n\t<meta name=\"twitter:label2\" content=\"Availability\" \/>\n\t<meta name=\"twitter:data2\" content=\"Out of stock\" \/>\n<script type=\"application\/ld+json\" class=\"yoast-schema-graph\">{\"@context\":\"https:\/\/schema.org\",\"@graph\":[{\"@type\":\"WebPage\",\"@id\":\"https:\/\/www.meeplesdistributie.nl\/product\/kwis-t\/\",\"url\":\"https:\/\/www.meeplesdistributie.nl\/product\/kwis-t\/\",\"name\":\"Kwis 't - Meeples Distributie\",\"isPartOf\":{\"@id\":\"https:\/\/www.meeplesdistributie.nl\/#website\"},\"primaryImageOfPage\":{\"@id\":\"https:\/\/www.meeplesdistributie.nl\/product\/kwis-t\/#primaryimage\"},\"image\":{\"@id\":\"https:\/\/www.meeplesdistributie.nl\/product\/kwis-t\/#primaryimage\"},\"thumbnailUrl\":\"https:\/\/www.meeplesdistributie.nl\/wp-content\/uploads\/2021\/10\/946617950.jpg\",\"datePublished\":\"2021-10-26T09:45:51+00:00\",\"dateModified\":\"2025-12-26T02:43:11+00:00\",\"description\":\"Kwis 't! is een vragenspel met een twist. Je kan namelijk winnen zonder dat je de meeste vragen goed hebt beantwoord. Kwis 't! win je met mensenkennis, feitenkennis en een klein beetje geluk. Iedereen beantwoord per ronde dezelfde vijf vragen. Nadat je de antwoorden gekregen hebt, zet je in op het aantal antwoorden dat je goed hebt. Daar mag je bij bluffen! Betrap vervolgens je tegenstanders, of leid ze om de tuin en verdien bonuspunten. Maak daarbij gebruik van je reputatie als koning van de kennis of beruchte bluffer. Ben jij je medespelers te slim af, dan win je Kwis 't! Kwis 't! is een vragenspel voor 2 tot 6 spelers vanaf 14 jaar. Een potje Kwis 't! duurt 30-60 minuten. Het spel is eenvoudig te leren, is spannend van begin tot eind en zit boordenvol verbale en non-verbale interactie. Kwis 't! telt ruim 1.150 originele vragen in uiteenlopende categorie\u00ebn. Elke set van vijf vragen bestaat uit twee open vragen, twee meerkeuze vragen en \u00e9\u00e9n 50\/50-vraag. Weet je het antwoord niet, dan kun je dus vaak nog het juiste antwoord gokken. Verkeerd gegokt? Dan kun je bluffen dat je het antwoord toch goed hebt.\",\"breadcrumb\":{\"@id\":\"https:\/\/www.meeplesdistributie.nl\/product\/kwis-t\/#breadcrumb\"},\"inLanguage\":\"en-GB\",\"potentialAction\":[{\"@type\":\"ReadAction\",\"target\":[\"https:\/\/www.meeplesdistributie.nl\/product\/kwis-t\/\"]}]},{\"@type\":\"ImageObject\",\"inLanguage\":\"en-GB\",\"@id\":\"https:\/\/www.meeplesdistributie.nl\/product\/kwis-t\/#primaryimage\",\"url\":\"https:\/\/www.meeplesdistributie.nl\/wp-content\/uploads\/2021\/10\/946617950.jpg\",\"contentUrl\":\"https:\/\/www.meeplesdistributie.nl\/wp-content\/uploads\/2021\/10\/946617950.jpg\",\"width\":900,\"height\":600},{\"@type\":\"BreadcrumbList\",\"@id\":\"https:\/\/www.meeplesdistributie.nl\/product\/kwis-t\/#breadcrumb\",\"itemListElement\":[{\"@type\":\"ListItem\",\"position\":1,\"name\":\"Home\",\"item\":\"https:\/\/www.meeplesdistributie.nl\/\"},{\"@type\":\"ListItem\",\"position\":2,\"name\":\"Webshop\",\"item\":\"https:\/\/www.meeplesdistributie.nl\/webshop\/\"},{\"@type\":\"ListItem\",\"position\":3,\"name\":\"Kwis &#8216;t\"}]},{\"@type\":\"WebSite\",\"@id\":\"https:\/\/www.meeplesdistributie.nl\/#website\",\"url\":\"https:\/\/www.meeplesdistributie.nl\/\",\"name\":\"Meeples Distributie - Groep\",\"description\":\"Welkom op de Meeples Distributie site | Jouw bordspellen groothandel\",\"publisher\":{\"@id\":\"https:\/\/www.meeplesdistributie.nl\/#organization\"},\"potentialAction\":[{\"@type\":\"SearchAction\",\"target\":{\"@type\":\"EntryPoint\",\"urlTemplate\":\"https:\/\/www.meeplesdistributie.nl\/?s={search_term_string}\"},\"query-input\":\"required name=search_term_string\"}],\"inLanguage\":\"en-GB\"},{\"@type\":\"Organization\",\"@id\":\"https:\/\/www.meeplesdistributie.nl\/#organization\",\"name\":\"Meeples Distributie\",\"url\":\"https:\/\/www.meeplesdistributie.nl\/\",\"logo\":{\"@type\":\"ImageObject\",\"inLanguage\":\"en-GB\",\"@id\":\"https:\/\/www.meeplesdistributie.nl\/#\/schema\/logo\/image\/\",\"url\":\"https:\/\/www.meeplesdistributie.nl\/wp-content\/uploads\/2021\/09\/2-1.png\",\"contentUrl\":\"https:\/\/www.meeplesdistributie.nl\/wp-content\/uploads\/2021\/09\/2-1.png\",\"width\":1080,\"height\":1080,\"caption\":\"Meeples Distributie\"},\"image\":{\"@id\":\"https:\/\/www.meeplesdistributie.nl\/#\/schema\/logo\/image\/\"},\"sameAs\":[\"https:\/\/www.facebook.com\/meeplesb\",\"https:\/\/x.com\/meeplesb\",\"https:\/\/www.instagram.com\/meeples_bordspellen\",\"https:\/\/www.linkedin.com\/company\/meeplesbordspellen\",\"https:\/\/nl.pinterest.com\/meeplesbordspellen\/_created\/\",\"https:\/\/www.youtube.com\/UCtRQUPN4QYmky2dvclaDh_Q\"]}]}<\/script>\n<meta property=\"product:price:amount\" content=\"19.07\" \/>\n<meta property=\"product:price:currency\" content=\"EUR\" \/>\n<meta property=\"og:availability\" content=\"out of stock\" \/>\n<meta property=\"product:availability\" content=\"out of stock\" \/>\n<meta property=\"product:retailer_item_id\" content=\"383\" \/>\n<meta property=\"product:condition\" content=\"new\" \/>\n<!-- \/ Yoast SEO Premium plugin. -->","yoast_head_json":{"title":"Kwis 't - Meeples Distributie","description":"Kwis 't! is een vragenspel met een twist. Je kan namelijk winnen zonder dat je de meeste vragen goed hebt beantwoord. Kwis 't! win je met mensenkennis, feitenkennis en een klein beetje geluk. Iedereen beantwoord per ronde dezelfde vijf vragen. Nadat je de antwoorden gekregen hebt, zet je in op het aantal antwoorden dat je goed hebt. Daar mag je bij bluffen! Betrap vervolgens je tegenstanders, of leid ze om de tuin en verdien bonuspunten. Maak daarbij gebruik van je reputatie als koning van de kennis of beruchte bluffer. Ben jij je medespelers te slim af, dan win je Kwis 't! Kwis 't! is een vragenspel voor 2 tot 6 spelers vanaf 14 jaar. Een potje Kwis 't! duurt 30-60 minuten. Het spel is eenvoudig te leren, is spannend van begin tot eind en zit boordenvol verbale en non-verbale interactie. Kwis 't! telt ruim 1.150 originele vragen in uiteenlopende categorie\u00ebn. Elke set van vijf vragen bestaat uit twee open vragen, twee meerkeuze vragen en \u00e9\u00e9n 50\/50-vraag. Weet je het antwoord niet, dan kun je dus vaak nog het juiste antwoord gokken. Verkeerd gegokt? Dan kun je bluffen dat je het antwoord toch goed hebt.","robots":{"index":"index","follow":"follow","max-snippet":"max-snippet:-1","max-image-preview":"max-image-preview:large","max-video-preview":"max-video-preview:-1"},"canonical":"https:\/\/www.meeplesdistributie.nl\/en\/product\/quiz-t\/","og_locale":"en_GB","og_type":"article","og_title":"Kwis 't","og_description":"Kwis 't! is een vragenspel met een twist. Je kan namelijk winnen zonder dat je de meeste vragen goed hebt beantwoord. Kwis 't! win je met mensenkennis, feitenkennis en een klein beetje geluk. Iedereen beantwoord per ronde dezelfde vijf vragen. Nadat je de antwoorden gekregen hebt, zet je in op het aantal antwoorden dat je goed hebt. Daar mag je bij bluffen! Betrap vervolgens je tegenstanders, of leid ze om de tuin en verdien bonuspunten. Maak daarbij gebruik van je reputatie als koning van de kennis of beruchte bluffer. Ben jij je medespelers te slim af, dan win je Kwis 't! Kwis 't! is een vragenspel voor 2 tot 6 spelers vanaf 14 jaar. Een potje Kwis 't! duurt 30-60 minuten. Het spel is eenvoudig te leren, is spannend van begin tot eind en zit boordenvol verbale en non-verbale interactie. Kwis 't! telt ruim 1.150 originele vragen in uiteenlopende categorie\u00ebn. Elke set van vijf vragen bestaat uit twee open vragen, twee meerkeuze vragen en \u00e9\u00e9n 50\/50-vraag. Weet je het antwoord niet, dan kun je dus vaak nog het juiste antwoord gokken. Verkeerd gegokt? Dan kun je bluffen dat je het antwoord toch goed hebt.","og_url":"https:\/\/www.meeplesdistributie.nl\/en\/product\/quiz-t\/","og_site_name":"Meeples Distributie","article_publisher":"https:\/\/www.facebook.com\/meeplesb","article_modified_time":"2025-12-26T02:43:11+00:00","og_image":[{"width":900,"height":600,"url":"https:\/\/www.meeplesdistributie.nl\/wp-content\/uploads\/2021\/10\/946617950.jpg","type":"image\/jpeg"}],"twitter_card":"summary_large_image","twitter_site":"@meeplesb","twitter_misc":{"Price":"&euro;19,07","Availability":"Out of stock"},"schema":{"@context":"https:\/\/schema.org","@graph":[{"@type":"WebPage","@id":"https:\/\/www.meeplesdistributie.nl\/product\/kwis-t\/","url":"https:\/\/www.meeplesdistributie.nl\/product\/kwis-t\/","name":"Kwis 't - Meeples Distributie","isPartOf":{"@id":"https:\/\/www.meeplesdistributie.nl\/#website"},"primaryImageOfPage":{"@id":"https:\/\/www.meeplesdistributie.nl\/product\/kwis-t\/#primaryimage"},"image":{"@id":"https:\/\/www.meeplesdistributie.nl\/product\/kwis-t\/#primaryimage"},"thumbnailUrl":"https:\/\/www.meeplesdistributie.nl\/wp-content\/uploads\/2021\/10\/946617950.jpg","datePublished":"2021-10-26T09:45:51+00:00","dateModified":"2025-12-26T02:43:11+00:00","description":"Kwis 't! is een vragenspel met een twist. Je kan namelijk winnen zonder dat je de meeste vragen goed hebt beantwoord. Kwis 't! win je met mensenkennis, feitenkennis en een klein beetje geluk. Iedereen beantwoord per ronde dezelfde vijf vragen. Nadat je de antwoorden gekregen hebt, zet je in op het aantal antwoorden dat je goed hebt. Daar mag je bij bluffen! Betrap vervolgens je tegenstanders, of leid ze om de tuin en verdien bonuspunten. Maak daarbij gebruik van je reputatie als koning van de kennis of beruchte bluffer. Ben jij je medespelers te slim af, dan win je Kwis 't! Kwis 't! is een vragenspel voor 2 tot 6 spelers vanaf 14 jaar. Een potje Kwis 't! duurt 30-60 minuten. Het spel is eenvoudig te leren, is spannend van begin tot eind en zit boordenvol verbale en non-verbale interactie. Kwis 't! telt ruim 1.150 originele vragen in uiteenlopende categorie\u00ebn. Elke set van vijf vragen bestaat uit twee open vragen, twee meerkeuze vragen en \u00e9\u00e9n 50\/50-vraag. Weet je het antwoord niet, dan kun je dus vaak nog het juiste antwoord gokken. Verkeerd gegokt? Dan kun je bluffen dat je het antwoord toch goed hebt.","breadcrumb":{"@id":"https:\/\/www.meeplesdistributie.nl\/product\/kwis-t\/#breadcrumb"},"inLanguage":"en-GB","potentialAction":[{"@type":"ReadAction","target":["https:\/\/www.meeplesdistributie.nl\/product\/kwis-t\/"]}]},{"@type":"ImageObject","inLanguage":"en-GB","@id":"https:\/\/www.meeplesdistributie.nl\/product\/kwis-t\/#primaryimage","url":"https:\/\/www.meeplesdistributie.nl\/wp-content\/uploads\/2021\/10\/946617950.jpg","contentUrl":"https:\/\/www.meeplesdistributie.nl\/wp-content\/uploads\/2021\/10\/946617950.jpg","width":900,"height":600},{"@type":"BreadcrumbList","@id":"https:\/\/www.meeplesdistributie.nl\/product\/kwis-t\/#breadcrumb","itemListElement":[{"@type":"ListItem","position":1,"name":"Home","item":"https:\/\/www.meeplesdistributie.nl\/"},{"@type":"ListItem","position":2,"name":"Webshop","item":"https:\/\/www.meeplesdistributie.nl\/webshop\/"},{"@type":"ListItem","position":3,"name":"Kwis &#8216;t"}]},{"@type":"WebSite","@id":"https:\/\/www.meeplesdistributie.nl\/#website","url":"https:\/\/www.meeplesdistributie.nl\/","name":"Meeples Distributie - Groep","description":"Welkom op de Meeples Distributie site | Jouw bordspellen groothandel","publisher":{"@id":"https:\/\/www.meeplesdistributie.nl\/#organization"},"potentialAction":[{"@type":"SearchAction","target":{"@type":"EntryPoint","urlTemplate":"https:\/\/www.meeplesdistributie.nl\/?s={search_term_string}"},"query-input":"required name=search_term_string"}],"inLanguage":"en-GB"},{"@type":"Organization","@id":"https:\/\/www.meeplesdistributie.nl\/#organization","name":"Meeples Distributie","url":"https:\/\/www.meeplesdistributie.nl\/","logo":{"@type":"ImageObject","inLanguage":"en-GB","@id":"https:\/\/www.meeplesdistributie.nl\/#\/schema\/logo\/image\/","url":"https:\/\/www.meeplesdistributie.nl\/wp-content\/uploads\/2021\/09\/2-1.png","contentUrl":"https:\/\/www.meeplesdistributie.nl\/wp-content\/uploads\/2021\/09\/2-1.png","width":1080,"height":1080,"caption":"Meeples Distributie"},"image":{"@id":"https:\/\/www.meeplesdistributie.nl\/#\/schema\/logo\/image\/"},"sameAs":["https:\/\/www.facebook.com\/meeplesb","https:\/\/x.com\/meeplesb","https:\/\/www.instagram.com\/meeples_bordspellen","https:\/\/www.linkedin.com\/company\/meeplesbordspellen","https:\/\/nl.pinterest.com\/meeplesbordspellen\/_created\/","https:\/\/www.youtube.com\/UCtRQUPN4QYmky2dvclaDh_Q"]}]},"product_price_amount":"19.07","product_price_currency":"EUR","og_availability":"out of stock","product_availability":"out of stock","product_retailer_item_id":"383","product_condition":"new"},"_links":{"self":[{"href":"https:\/\/www.meeplesdistributie.nl\/en\/wp-json\/wp\/v2\/product\/10911","targetHints":{"allow":["GET"]}}],"collection":[{"href":"https:\/\/www.meeplesdistributie.nl\/en\/wp-json\/wp\/v2\/product"}],"about":[{"href":"https:\/\/www.meeplesdistributie.nl\/en\/wp-json\/wp\/v2\/types\/product"}],"replies":[{"embeddable":true,"href":"https:\/\/www.meeplesdistributie.nl\/en\/wp-json\/wp\/v2\/comments?post=10911"}],"version-history":[{"count":15,"href":"https:\/\/www.meeplesdistributie.nl\/en\/wp-json\/wp\/v2\/product\/10911\/revisions"}],"predecessor-version":[{"id":49749,"href":"https:\/\/www.meeplesdistributie.nl\/en\/wp-json\/wp\/v2\/product\/10911\/revisions\/49749"}],"wp:featuredmedia":[{"embeddable":true,"href":"https:\/\/www.meeplesdistributie.nl\/en\/wp-json\/wp\/v2\/media\/10910"}],"wp:attachment":[{"href":"https:\/\/www.meeplesdistributie.nl\/en\/wp-json\/wp\/v2\/media?parent=10911"}],"wp:term":[{"taxonomy":"product_cat","embeddable":true,"href":"https:\/\/www.meeplesdistributie.nl\/en\/wp-json\/wp\/v2\/product_cat?post=10911"},{"taxonomy":"product_tag","embeddable":true,"href":"https:\/\/www.meeplesdistributie.nl\/en\/wp-json\/wp\/v2\/product_tag?post=10911"}],"curies":[{"name":"wp","href":"https:\/\/api.w.org\/{rel}","templated":true}]}}