{"id":11014,"date":"2021-10-26T11:46:45","date_gmt":"2021-10-26T09:46:45","guid":{"rendered":"https:\/\/www.meeplesdistributie.nl\/product\/pocket-escape-room-diefstal-in-venetia\/"},"modified":"2026-03-02T03:59:15","modified_gmt":"2026-03-02T02:59:15","slug":"pocket-escape-room-diefstal-in-venetia","status":"publish","type":"product","link":"https:\/\/www.meeplesdistributie.nl\/en\/product\/pocket-escape-room-theft-in-venetia\/","title":{"rendered":"Pocket Escape Room: Theft in Venice"},"content":{"rendered":"<p>Card game based on escape rooms<\/p>\n<p>In this cooperative card game you have to complete an important mission. All you have is a deck of 60 cards full of riddles and objects. Can you and your teammates complete all assignments on time? Good cooperation and a clear mind are required to meet all challenges.<\/p>\n<p>Pocket Escape Room offers a real &#039;escape room&#039; experience in a compact box. <\/p>\n<p>Please note: this game can only be played once, because after playing it you will be familiar with all the puzzles.<\/p>\n<p>Number of players: 1-6<br \/>Best with: <br \/>Time: 60 minutes<br \/>Age: 12+<br \/>Language: Dutch<br \/>Complexity: <br \/>Dicetower Judgment: <br \/>Legacy: Yes<br \/>Co-op:<\/p>","protected":false},"excerpt":{"rendered":"<p>Theft in Venice Card game based on escape rooms. In this cooperative card game you have to complete an important mission. All you have is a deck of 60 cards full of riddles and v<\/p>","protected":false},"featured_media":3409,"comment_status":"open","ping_status":"closed","template":"","meta":{"site-sidebar-layout":"default","site-content-layout":"","ast-site-content-layout":"","site-content-style":"default","site-sidebar-style":"default","ast-global-header-display":"","ast-banner-title-visibility":"","ast-main-header-display":"","ast-hfb-above-header-display":"","ast-hfb-below-header-display":"","ast-hfb-mobile-header-display":"","site-post-title":"","ast-breadcrumbs-content":"","ast-featured-img":"","footer-sml-layout":"","theme-transparent-header-meta":"","adv-header-id-meta":"","stick-header-meta":"","header-above-stick-meta":"","header-main-stick-meta":"","header-below-stick-meta":"","astra-migrate-meta-layouts":"default","ast-page-background-enabled":"default","ast-page-background-meta":{"desktop":{"background-color":"var(--ast-global-color-4)","background-image":"","background-repeat":"repeat","background-position":"center center","background-size":"auto","background-attachment":"scroll","background-type":"","background-media":"","overlay-type":"","overlay-color":"","overlay-gradient":""},"tablet":{"background-color":"","background-image":"","background-repeat":"repeat","background-position":"center center","background-size":"auto","background-attachment":"scroll","background-type":"","background-media":"","overlay-type":"","overlay-color":"","overlay-gradient":""},"mobile":{"background-color":"","background-image":"","background-repeat":"repeat","background-position":"center center","background-size":"auto","background-attachment":"scroll","background-type":"","background-media":"","overlay-type":"","overlay-color":"","overlay-gradient":""}},"ast-content-background-meta":{"desktop":{"background-color":"var(--ast-global-color-5)","background-image":"","background-repeat":"repeat","background-position":"center center","background-size":"auto","background-attachment":"scroll","background-type":"","background-media":"","overlay-type":"","overlay-color":"","overlay-gradient":""},"tablet":{"background-color":"var(--ast-global-color-5)","background-image":"","background-repeat":"repeat","background-position":"center center","background-size":"auto","background-attachment":"scroll","background-type":"","background-media":"","overlay-type":"","overlay-color":"","overlay-gradient":""},"mobile":{"background-color":"var(--ast-global-color-5)","background-image":"","background-repeat":"repeat","background-position":"center center","background-size":"auto","background-attachment":"scroll","background-type":"","background-media":"","overlay-type":"","overlay-color":"","overlay-gradient":""}}},"product_cat":[43],"product_tag":[],"class_list":{"0":"post-11014","1":"product","2":"type-product","3":"status-publish","4":"has-post-thumbnail","6":"product_cat-bordspel","7":"desktop-align-left","8":"tablet-align-left","9":"mobile-align-left","10":"ast-product-gallery-layout-horizontal-slider","11":"ast-product-gallery-with-no-image","12":"ast-product-tabs-layout-accordion","13":"ast-qv-on-image","15":"first","16":"outofstock","17":"taxable","18":"shipping-taxable","19":"product-type-simple"},"yoast_head":"<!-- This site is optimized with the Yoast SEO Premium plugin v23.0 (Yoast SEO v23.0) - https:\/\/yoast.com\/wordpress\/plugins\/seo\/ -->\n<title>Pocket Escape Room: Diefstal in Veneti\u00eb - Meeples Distributie<\/title>\n<meta name=\"description\" content=\"Diefstal in Veneti\u00eb Kaartspel gebaseerd op escape rooms. In dit co\u00c3\u00b6peratieve kaartspel moet je een belangrijke missie volbrengen. Het enige dat je hebt is een stapel van 60 kaarten vol raadsels en voorwerpen. Lukt het je om met je teamgenoten op tijd alle opdrachten uit te voeren?\" \/>\n<meta name=\"robots\" content=\"index, follow, max-snippet:-1, max-image-preview:large, max-video-preview:-1\" \/>\n<link rel=\"canonical\" href=\"https:\/\/www.meeplesdistributie.nl\/en\/product\/pocket-escape-room-theft-in-venetia\/\" \/>\n<meta property=\"og:locale\" content=\"en_GB\" \/>\n<meta property=\"og:type\" content=\"article\" \/>\n<meta property=\"og:title\" content=\"Pocket Escape Room: Diefstal in Veneti\u00eb\" \/>\n<meta property=\"og:description\" content=\"Diefstal in Veneti\u00eb Kaartspel gebaseerd op escape rooms. In dit co\u00c3\u00b6peratieve kaartspel moet je een belangrijke missie volbrengen. Het enige dat je hebt is een stapel van 60 kaarten vol raadsels en voorwerpen. Lukt het je om met je teamgenoten op tijd alle opdrachten uit te voeren?\" \/>\n<meta property=\"og:url\" content=\"https:\/\/www.meeplesdistributie.nl\/en\/product\/pocket-escape-room-theft-in-venetia\/\" \/>\n<meta property=\"og:site_name\" content=\"Meeples Distributie\" \/>\n<meta property=\"article:publisher\" content=\"https:\/\/www.facebook.com\/meeplesb\" \/>\n<meta property=\"article:modified_time\" content=\"2026-03-02T02:59:15+00:00\" \/>\n<meta property=\"og:image\" content=\"https:\/\/www.meeplesdistributie.nl\/wp-content\/uploads\/2021\/09\/583387347.png\" \/>\n\t<meta property=\"og:image:width\" content=\"613\" \/>\n\t<meta property=\"og:image:height\" content=\"800\" \/>\n\t<meta property=\"og:image:type\" content=\"image\/png\" \/>\n<meta name=\"twitter:card\" content=\"summary_large_image\" \/>\n<meta name=\"twitter:site\" content=\"@meeplesb\" \/>\n<meta name=\"twitter:label1\" content=\"Price\" \/>\n\t<meta name=\"twitter:data1\" content=\"&euro;7,26\" \/>\n\t<meta name=\"twitter:label2\" content=\"Availability\" \/>\n\t<meta name=\"twitter:data2\" content=\"Out of stock\" \/>\n<script type=\"application\/ld+json\" class=\"yoast-schema-graph\">{\"@context\":\"https:\/\/schema.org\",\"@graph\":[{\"@type\":\"WebPage\",\"@id\":\"https:\/\/www.meeplesdistributie.nl\/product\/pocket-escape-room-diefstal-in-venetia\/\",\"url\":\"https:\/\/www.meeplesdistributie.nl\/product\/pocket-escape-room-diefstal-in-venetia\/\",\"name\":\"Pocket Escape Room: Diefstal in Veneti\u00eb - Meeples Distributie\",\"isPartOf\":{\"@id\":\"https:\/\/www.meeplesdistributie.nl\/#website\"},\"primaryImageOfPage\":{\"@id\":\"https:\/\/www.meeplesdistributie.nl\/product\/pocket-escape-room-diefstal-in-venetia\/#primaryimage\"},\"image\":{\"@id\":\"https:\/\/www.meeplesdistributie.nl\/product\/pocket-escape-room-diefstal-in-venetia\/#primaryimage\"},\"thumbnailUrl\":\"https:\/\/www.meeplesdistributie.nl\/wp-content\/uploads\/2021\/09\/583387347.png\",\"datePublished\":\"2021-10-26T09:46:45+00:00\",\"dateModified\":\"2026-03-02T02:59:15+00:00\",\"description\":\"Diefstal in Veneti\u00eb Kaartspel gebaseerd op escape rooms. In dit co\u00c3\u00b6peratieve kaartspel moet je een belangrijke missie volbrengen. Het enige dat je hebt is een stapel van 60 kaarten vol raadsels en voorwerpen. Lukt het je om met je teamgenoten op tijd alle opdrachten uit te voeren?\",\"breadcrumb\":{\"@id\":\"https:\/\/www.meeplesdistributie.nl\/product\/pocket-escape-room-diefstal-in-venetia\/#breadcrumb\"},\"inLanguage\":\"en-GB\",\"potentialAction\":[{\"@type\":\"ReadAction\",\"target\":[\"https:\/\/www.meeplesdistributie.nl\/product\/pocket-escape-room-diefstal-in-venetia\/\"]}]},{\"@type\":\"ImageObject\",\"inLanguage\":\"en-GB\",\"@id\":\"https:\/\/www.meeplesdistributie.nl\/product\/pocket-escape-room-diefstal-in-venetia\/#primaryimage\",\"url\":\"https:\/\/www.meeplesdistributie.nl\/wp-content\/uploads\/2021\/09\/583387347.png\",\"contentUrl\":\"https:\/\/www.meeplesdistributie.nl\/wp-content\/uploads\/2021\/09\/583387347.png\",\"width\":613,\"height\":800},{\"@type\":\"BreadcrumbList\",\"@id\":\"https:\/\/www.meeplesdistributie.nl\/product\/pocket-escape-room-diefstal-in-venetia\/#breadcrumb\",\"itemListElement\":[{\"@type\":\"ListItem\",\"position\":1,\"name\":\"Home\",\"item\":\"https:\/\/www.meeplesdistributie.nl\/\"},{\"@type\":\"ListItem\",\"position\":2,\"name\":\"Webshop\",\"item\":\"https:\/\/www.meeplesdistributie.nl\/webshop\/\"},{\"@type\":\"ListItem\",\"position\":3,\"name\":\"Pocket Escape Room: Diefstal in Veneti\u00eb\"}]},{\"@type\":\"WebSite\",\"@id\":\"https:\/\/www.meeplesdistributie.nl\/#website\",\"url\":\"https:\/\/www.meeplesdistributie.nl\/\",\"name\":\"Meeples Distributie - Groep\",\"description\":\"Welkom op de Meeples Distributie site | Jouw bordspellen groothandel\",\"publisher\":{\"@id\":\"https:\/\/www.meeplesdistributie.nl\/#organization\"},\"potentialAction\":[{\"@type\":\"SearchAction\",\"target\":{\"@type\":\"EntryPoint\",\"urlTemplate\":\"https:\/\/www.meeplesdistributie.nl\/?s={search_term_string}\"},\"query-input\":\"required name=search_term_string\"}],\"inLanguage\":\"en-GB\"},{\"@type\":\"Organization\",\"@id\":\"https:\/\/www.meeplesdistributie.nl\/#organization\",\"name\":\"Meeples Distributie\",\"url\":\"https:\/\/www.meeplesdistributie.nl\/\",\"logo\":{\"@type\":\"ImageObject\",\"inLanguage\":\"en-GB\",\"@id\":\"https:\/\/www.meeplesdistributie.nl\/#\/schema\/logo\/image\/\",\"url\":\"https:\/\/www.meeplesdistributie.nl\/wp-content\/uploads\/2021\/09\/2-1.png\",\"contentUrl\":\"https:\/\/www.meeplesdistributie.nl\/wp-content\/uploads\/2021\/09\/2-1.png\",\"width\":1080,\"height\":1080,\"caption\":\"Meeples Distributie\"},\"image\":{\"@id\":\"https:\/\/www.meeplesdistributie.nl\/#\/schema\/logo\/image\/\"},\"sameAs\":[\"https:\/\/www.facebook.com\/meeplesb\",\"https:\/\/x.com\/meeplesb\",\"https:\/\/www.instagram.com\/meeples_bordspellen\",\"https:\/\/www.linkedin.com\/company\/meeplesbordspellen\",\"https:\/\/nl.pinterest.com\/meeplesbordspellen\/_created\/\",\"https:\/\/www.youtube.com\/UCtRQUPN4QYmky2dvclaDh_Q\"]}]}<\/script>\n<meta property=\"product:price:amount\" content=\"7.26\" \/>\n<meta property=\"product:price:currency\" content=\"EUR\" \/>\n<meta property=\"og:availability\" content=\"out of stock\" \/>\n<meta property=\"product:availability\" content=\"out of stock\" \/>\n<meta property=\"product:retailer_item_id\" content=\"176\" \/>\n<meta property=\"product:condition\" content=\"new\" \/>\n<!-- \/ Yoast SEO Premium plugin. -->","yoast_head_json":{"title":"Pocket Escape Room: Diefstal in Veneti\u00eb - Meeples Distributie","description":"Diefstal in Veneti\u00eb Kaartspel gebaseerd op escape rooms. In dit co\u00c3\u00b6peratieve kaartspel moet je een belangrijke missie volbrengen. Het enige dat je hebt is een stapel van 60 kaarten vol raadsels en voorwerpen. Lukt het je om met je teamgenoten op tijd alle opdrachten uit te voeren?","robots":{"index":"index","follow":"follow","max-snippet":"max-snippet:-1","max-image-preview":"max-image-preview:large","max-video-preview":"max-video-preview:-1"},"canonical":"https:\/\/www.meeplesdistributie.nl\/en\/product\/pocket-escape-room-theft-in-venetia\/","og_locale":"en_GB","og_type":"article","og_title":"Pocket Escape Room: Diefstal in Veneti\u00eb","og_description":"Diefstal in Veneti\u00eb Kaartspel gebaseerd op escape rooms. In dit co\u00c3\u00b6peratieve kaartspel moet je een belangrijke missie volbrengen. Het enige dat je hebt is een stapel van 60 kaarten vol raadsels en voorwerpen. Lukt het je om met je teamgenoten op tijd alle opdrachten uit te voeren?","og_url":"https:\/\/www.meeplesdistributie.nl\/en\/product\/pocket-escape-room-theft-in-venetia\/","og_site_name":"Meeples Distributie","article_publisher":"https:\/\/www.facebook.com\/meeplesb","article_modified_time":"2026-03-02T02:59:15+00:00","og_image":[{"width":613,"height":800,"url":"https:\/\/www.meeplesdistributie.nl\/wp-content\/uploads\/2021\/09\/583387347.png","type":"image\/png"}],"twitter_card":"summary_large_image","twitter_site":"@meeplesb","twitter_misc":{"Price":"&euro;7,26","Availability":"Out of stock"},"schema":{"@context":"https:\/\/schema.org","@graph":[{"@type":"WebPage","@id":"https:\/\/www.meeplesdistributie.nl\/product\/pocket-escape-room-diefstal-in-venetia\/","url":"https:\/\/www.meeplesdistributie.nl\/product\/pocket-escape-room-diefstal-in-venetia\/","name":"Pocket Escape Room: Diefstal in Veneti\u00eb - Meeples Distributie","isPartOf":{"@id":"https:\/\/www.meeplesdistributie.nl\/#website"},"primaryImageOfPage":{"@id":"https:\/\/www.meeplesdistributie.nl\/product\/pocket-escape-room-diefstal-in-venetia\/#primaryimage"},"image":{"@id":"https:\/\/www.meeplesdistributie.nl\/product\/pocket-escape-room-diefstal-in-venetia\/#primaryimage"},"thumbnailUrl":"https:\/\/www.meeplesdistributie.nl\/wp-content\/uploads\/2021\/09\/583387347.png","datePublished":"2021-10-26T09:46:45+00:00","dateModified":"2026-03-02T02:59:15+00:00","description":"Diefstal in Veneti\u00eb Kaartspel gebaseerd op escape rooms. In dit co\u00c3\u00b6peratieve kaartspel moet je een belangrijke missie volbrengen. Het enige dat je hebt is een stapel van 60 kaarten vol raadsels en voorwerpen. Lukt het je om met je teamgenoten op tijd alle opdrachten uit te voeren?","breadcrumb":{"@id":"https:\/\/www.meeplesdistributie.nl\/product\/pocket-escape-room-diefstal-in-venetia\/#breadcrumb"},"inLanguage":"en-GB","potentialAction":[{"@type":"ReadAction","target":["https:\/\/www.meeplesdistributie.nl\/product\/pocket-escape-room-diefstal-in-venetia\/"]}]},{"@type":"ImageObject","inLanguage":"en-GB","@id":"https:\/\/www.meeplesdistributie.nl\/product\/pocket-escape-room-diefstal-in-venetia\/#primaryimage","url":"https:\/\/www.meeplesdistributie.nl\/wp-content\/uploads\/2021\/09\/583387347.png","contentUrl":"https:\/\/www.meeplesdistributie.nl\/wp-content\/uploads\/2021\/09\/583387347.png","width":613,"height":800},{"@type":"BreadcrumbList","@id":"https:\/\/www.meeplesdistributie.nl\/product\/pocket-escape-room-diefstal-in-venetia\/#breadcrumb","itemListElement":[{"@type":"ListItem","position":1,"name":"Home","item":"https:\/\/www.meeplesdistributie.nl\/"},{"@type":"ListItem","position":2,"name":"Webshop","item":"https:\/\/www.meeplesdistributie.nl\/webshop\/"},{"@type":"ListItem","position":3,"name":"Pocket Escape Room: Diefstal in Veneti\u00eb"}]},{"@type":"WebSite","@id":"https:\/\/www.meeplesdistributie.nl\/#website","url":"https:\/\/www.meeplesdistributie.nl\/","name":"Meeples Distributie - Groep","description":"Welkom op de Meeples Distributie site | Jouw bordspellen groothandel","publisher":{"@id":"https:\/\/www.meeplesdistributie.nl\/#organization"},"potentialAction":[{"@type":"SearchAction","target":{"@type":"EntryPoint","urlTemplate":"https:\/\/www.meeplesdistributie.nl\/?s={search_term_string}"},"query-input":"required name=search_term_string"}],"inLanguage":"en-GB"},{"@type":"Organization","@id":"https:\/\/www.meeplesdistributie.nl\/#organization","name":"Meeples Distributie","url":"https:\/\/www.meeplesdistributie.nl\/","logo":{"@type":"ImageObject","inLanguage":"en-GB","@id":"https:\/\/www.meeplesdistributie.nl\/#\/schema\/logo\/image\/","url":"https:\/\/www.meeplesdistributie.nl\/wp-content\/uploads\/2021\/09\/2-1.png","contentUrl":"https:\/\/www.meeplesdistributie.nl\/wp-content\/uploads\/2021\/09\/2-1.png","width":1080,"height":1080,"caption":"Meeples Distributie"},"image":{"@id":"https:\/\/www.meeplesdistributie.nl\/#\/schema\/logo\/image\/"},"sameAs":["https:\/\/www.facebook.com\/meeplesb","https:\/\/x.com\/meeplesb","https:\/\/www.instagram.com\/meeples_bordspellen","https:\/\/www.linkedin.com\/company\/meeplesbordspellen","https:\/\/nl.pinterest.com\/meeplesbordspellen\/_created\/","https:\/\/www.youtube.com\/UCtRQUPN4QYmky2dvclaDh_Q"]}]},"product_price_amount":"7.26","product_price_currency":"EUR","og_availability":"out of stock","product_availability":"out of stock","product_retailer_item_id":"176","product_condition":"new"},"_links":{"self":[{"href":"https:\/\/www.meeplesdistributie.nl\/en\/wp-json\/wp\/v2\/product\/11014","targetHints":{"allow":["GET"]}}],"collection":[{"href":"https:\/\/www.meeplesdistributie.nl\/en\/wp-json\/wp\/v2\/product"}],"about":[{"href":"https:\/\/www.meeplesdistributie.nl\/en\/wp-json\/wp\/v2\/types\/product"}],"replies":[{"embeddable":true,"href":"https:\/\/www.meeplesdistributie.nl\/en\/wp-json\/wp\/v2\/comments?post=11014"}],"version-history":[{"count":16,"href":"https:\/\/www.meeplesdistributie.nl\/en\/wp-json\/wp\/v2\/product\/11014\/revisions"}],"predecessor-version":[{"id":49581,"href":"https:\/\/www.meeplesdistributie.nl\/en\/wp-json\/wp\/v2\/product\/11014\/revisions\/49581"}],"wp:featuredmedia":[{"embeddable":true,"href":"https:\/\/www.meeplesdistributie.nl\/en\/wp-json\/wp\/v2\/media\/3409"}],"wp:attachment":[{"href":"https:\/\/www.meeplesdistributie.nl\/en\/wp-json\/wp\/v2\/media?parent=11014"}],"wp:term":[{"taxonomy":"product_cat","embeddable":true,"href":"https:\/\/www.meeplesdistributie.nl\/en\/wp-json\/wp\/v2\/product_cat?post=11014"},{"taxonomy":"product_tag","embeddable":true,"href":"https:\/\/www.meeplesdistributie.nl\/en\/wp-json\/wp\/v2\/product_tag?post=11014"}],"curies":[{"name":"wp","href":"https:\/\/api.w.org\/{rel}","templated":true}]}}