{"id":11176,"date":"2021-10-26T11:48:05","date_gmt":"2021-10-26T09:48:05","guid":{"rendered":"https:\/\/www.meeplesdistributie.nl\/product\/terraforming-mars-player-board-organizer\/"},"modified":"2026-03-02T03:46:53","modified_gmt":"2026-03-02T02:46:53","slug":"terraforming-mars-player-board-organizer","status":"publish","type":"product","link":"https:\/\/www.meeplesdistributie.nl\/en\/product\/terraforming-mars-player-board-organizer\/","title":{"rendered":"Terraforming Mars Player Board Organizer"},"content":{"rendered":"<p>The player board organizers are sold individually. So there is 1 in 1 package.<\/p>\n<p>e-Raptor Organizer compatible with Terraforming Mars\u00aa is a perfect accessory designed to organize and improve gameplay of the board game.<br \/>The organizer allows you to put cubes into special tracks to keep your production values in order. The tracks have special little insets to hold cubes (not too tightly, though \u00d0 you can still move them). The rest of counters won&#039;t slide off the player&#039;s board as well.<br \/>You can hold all your stuff in one place without being afraid of losing control of the setting and your resources.<br \/>It&#039;s made of transparent plexiglass and first grade High Density Fibreboard.<\/p>","protected":false},"excerpt":{"rendered":"<p>With this organizer you can keep your player board in good order.<\/p>","protected":false},"featured_media":11175,"comment_status":"open","ping_status":"closed","template":"","meta":{"site-sidebar-layout":"default","site-content-layout":"","ast-site-content-layout":"","site-content-style":"default","site-sidebar-style":"default","ast-global-header-display":"","ast-banner-title-visibility":"","ast-main-header-display":"","ast-hfb-above-header-display":"","ast-hfb-below-header-display":"","ast-hfb-mobile-header-display":"","site-post-title":"","ast-breadcrumbs-content":"","ast-featured-img":"","footer-sml-layout":"","theme-transparent-header-meta":"","adv-header-id-meta":"","stick-header-meta":"","header-above-stick-meta":"","header-main-stick-meta":"","header-below-stick-meta":"","astra-migrate-meta-layouts":"default","ast-page-background-enabled":"default","ast-page-background-meta":{"desktop":{"background-color":"var(--ast-global-color-4)","background-image":"","background-repeat":"repeat","background-position":"center center","background-size":"auto","background-attachment":"scroll","background-type":"","background-media":"","overlay-type":"","overlay-color":"","overlay-gradient":""},"tablet":{"background-color":"","background-image":"","background-repeat":"repeat","background-position":"center center","background-size":"auto","background-attachment":"scroll","background-type":"","background-media":"","overlay-type":"","overlay-color":"","overlay-gradient":""},"mobile":{"background-color":"","background-image":"","background-repeat":"repeat","background-position":"center center","background-size":"auto","background-attachment":"scroll","background-type":"","background-media":"","overlay-type":"","overlay-color":"","overlay-gradient":""}},"ast-content-background-meta":{"desktop":{"background-color":"var(--ast-global-color-5)","background-image":"","background-repeat":"repeat","background-position":"center center","background-size":"auto","background-attachment":"scroll","background-type":"","background-media":"","overlay-type":"","overlay-color":"","overlay-gradient":""},"tablet":{"background-color":"var(--ast-global-color-5)","background-image":"","background-repeat":"repeat","background-position":"center center","background-size":"auto","background-attachment":"scroll","background-type":"","background-media":"","overlay-type":"","overlay-color":"","overlay-gradient":""},"mobile":{"background-color":"var(--ast-global-color-5)","background-image":"","background-repeat":"repeat","background-position":"center center","background-size":"auto","background-attachment":"scroll","background-type":"","background-media":"","overlay-type":"","overlay-color":"","overlay-gradient":""}}},"product_cat":[43],"product_tag":[],"class_list":{"0":"post-11176","1":"product","2":"type-product","3":"status-publish","4":"has-post-thumbnail","6":"product_cat-bordspel","7":"desktop-align-left","8":"tablet-align-left","9":"mobile-align-left","10":"ast-product-gallery-layout-horizontal-slider","11":"ast-product-gallery-with-no-image","12":"ast-product-tabs-layout-accordion","13":"ast-qv-on-image","15":"first","16":"outofstock","17":"taxable","18":"shipping-taxable","19":"product-type-simple"},"yoast_head":"<!-- This site is optimized with the Yoast SEO Premium plugin v23.0 (Yoast SEO v23.0) - https:\/\/yoast.com\/wordpress\/plugins\/seo\/ -->\n<title>Terraforming Mars Player Board Organizer - Meeples Distributie<\/title>\n<meta name=\"description\" content=\"De playerboard organizers worden per stuk verkocht. Er zit dus 1 in 1 verpakking. e-Raptor Organizer compatible with Terraforming Mars\u00aa is a perfect accessory designed to organize and improve gameplay of the board game. The organizer allows you to put cubes into special tracks to keep your production values in order. The tracks have special little insets to hold cubes (not too tightly, though \u00d0 you can still move them). The rest of counters won\u00d5t slide off the player\u00d5s board as well. You can hold all your stuff in one place without being afraid of losing control of the setting and your resources. It&#039;s made of transparent plexiglass and first grade High Density Fibreboard.\" \/>\n<meta name=\"robots\" content=\"index, follow, max-snippet:-1, max-image-preview:large, max-video-preview:-1\" \/>\n<link rel=\"canonical\" href=\"https:\/\/www.meeplesdistributie.nl\/en\/product\/terraforming-mars-player-board-organizer\/\" \/>\n<meta property=\"og:locale\" content=\"en_GB\" \/>\n<meta property=\"og:type\" content=\"article\" \/>\n<meta property=\"og:title\" content=\"Terraforming Mars Player Board Organizer\" \/>\n<meta property=\"og:description\" content=\"De playerboard organizers worden per stuk verkocht. Er zit dus 1 in 1 verpakking. e-Raptor Organizer compatible with Terraforming Mars\u00aa is a perfect accessory designed to organize and improve gameplay of the board game. The organizer allows you to put cubes into special tracks to keep your production values in order. The tracks have special little insets to hold cubes (not too tightly, though \u00d0 you can still move them). The rest of counters won\u00d5t slide off the player\u00d5s board as well. You can hold all your stuff in one place without being afraid of losing control of the setting and your resources. It&#039;s made of transparent plexiglass and first grade High Density Fibreboard.\" \/>\n<meta property=\"og:url\" content=\"https:\/\/www.meeplesdistributie.nl\/en\/product\/terraforming-mars-player-board-organizer\/\" \/>\n<meta property=\"og:site_name\" content=\"Meeples Distributie\" \/>\n<meta property=\"article:publisher\" content=\"https:\/\/www.facebook.com\/meeplesb\" \/>\n<meta property=\"article:modified_time\" content=\"2026-03-02T02:46:53+00:00\" \/>\n<meta property=\"og:image\" content=\"https:\/\/www.meeplesdistributie.nl\/wp-content\/uploads\/2021\/10\/1362276941.png\" \/>\n\t<meta property=\"og:image:width\" content=\"1280\" \/>\n\t<meta property=\"og:image:height\" content=\"538\" \/>\n\t<meta property=\"og:image:type\" content=\"image\/png\" \/>\n<meta name=\"twitter:card\" content=\"summary_large_image\" \/>\n<meta name=\"twitter:site\" content=\"@meeplesb\" \/>\n<meta name=\"twitter:label1\" content=\"Price\" \/>\n\t<meta name=\"twitter:data1\" content=\"&euro;8,25\" \/>\n\t<meta name=\"twitter:label2\" content=\"Availability\" \/>\n\t<meta name=\"twitter:data2\" content=\"Out of stock\" \/>\n<script type=\"application\/ld+json\" class=\"yoast-schema-graph\">{\"@context\":\"https:\/\/schema.org\",\"@graph\":[{\"@type\":\"WebPage\",\"@id\":\"https:\/\/www.meeplesdistributie.nl\/product\/terraforming-mars-player-board-organizer\/\",\"url\":\"https:\/\/www.meeplesdistributie.nl\/product\/terraforming-mars-player-board-organizer\/\",\"name\":\"Terraforming Mars Player Board Organizer - Meeples Distributie\",\"isPartOf\":{\"@id\":\"https:\/\/www.meeplesdistributie.nl\/#website\"},\"primaryImageOfPage\":{\"@id\":\"https:\/\/www.meeplesdistributie.nl\/product\/terraforming-mars-player-board-organizer\/#primaryimage\"},\"image\":{\"@id\":\"https:\/\/www.meeplesdistributie.nl\/product\/terraforming-mars-player-board-organizer\/#primaryimage\"},\"thumbnailUrl\":\"https:\/\/www.meeplesdistributie.nl\/wp-content\/uploads\/2021\/10\/1362276941.png\",\"datePublished\":\"2021-10-26T09:48:05+00:00\",\"dateModified\":\"2026-03-02T02:46:53+00:00\",\"description\":\"De playerboard organizers worden per stuk verkocht. Er zit dus 1 in 1 verpakking. e-Raptor Organizer compatible with Terraforming Mars\u00aa is a perfect accessory designed to organize and improve gameplay of the board game. The organizer allows you to put cubes into special tracks to keep your production values in order. The tracks have special little insets to hold cubes (not too tightly, though \u00d0 you can still move them). The rest of counters won\u00d5t slide off the player\u00d5s board as well. You can hold all your stuff in one place without being afraid of losing control of the setting and your resources. It's made of transparent plexiglass and first grade High Density Fibreboard.\",\"breadcrumb\":{\"@id\":\"https:\/\/www.meeplesdistributie.nl\/product\/terraforming-mars-player-board-organizer\/#breadcrumb\"},\"inLanguage\":\"en-GB\",\"potentialAction\":[{\"@type\":\"ReadAction\",\"target\":[\"https:\/\/www.meeplesdistributie.nl\/product\/terraforming-mars-player-board-organizer\/\"]}]},{\"@type\":\"ImageObject\",\"inLanguage\":\"en-GB\",\"@id\":\"https:\/\/www.meeplesdistributie.nl\/product\/terraforming-mars-player-board-organizer\/#primaryimage\",\"url\":\"https:\/\/www.meeplesdistributie.nl\/wp-content\/uploads\/2021\/10\/1362276941.png\",\"contentUrl\":\"https:\/\/www.meeplesdistributie.nl\/wp-content\/uploads\/2021\/10\/1362276941.png\",\"width\":1280,\"height\":538},{\"@type\":\"BreadcrumbList\",\"@id\":\"https:\/\/www.meeplesdistributie.nl\/product\/terraforming-mars-player-board-organizer\/#breadcrumb\",\"itemListElement\":[{\"@type\":\"ListItem\",\"position\":1,\"name\":\"Home\",\"item\":\"https:\/\/www.meeplesdistributie.nl\/\"},{\"@type\":\"ListItem\",\"position\":2,\"name\":\"Webshop\",\"item\":\"https:\/\/www.meeplesdistributie.nl\/webshop\/\"},{\"@type\":\"ListItem\",\"position\":3,\"name\":\"Terraforming Mars Player Board Organizer\"}]},{\"@type\":\"WebSite\",\"@id\":\"https:\/\/www.meeplesdistributie.nl\/#website\",\"url\":\"https:\/\/www.meeplesdistributie.nl\/\",\"name\":\"Meeples Distributie - Groep\",\"description\":\"Welkom op de Meeples Distributie site | Jouw bordspellen groothandel\",\"publisher\":{\"@id\":\"https:\/\/www.meeplesdistributie.nl\/#organization\"},\"potentialAction\":[{\"@type\":\"SearchAction\",\"target\":{\"@type\":\"EntryPoint\",\"urlTemplate\":\"https:\/\/www.meeplesdistributie.nl\/?s={search_term_string}\"},\"query-input\":\"required name=search_term_string\"}],\"inLanguage\":\"en-GB\"},{\"@type\":\"Organization\",\"@id\":\"https:\/\/www.meeplesdistributie.nl\/#organization\",\"name\":\"Meeples Distributie\",\"url\":\"https:\/\/www.meeplesdistributie.nl\/\",\"logo\":{\"@type\":\"ImageObject\",\"inLanguage\":\"en-GB\",\"@id\":\"https:\/\/www.meeplesdistributie.nl\/#\/schema\/logo\/image\/\",\"url\":\"https:\/\/www.meeplesdistributie.nl\/wp-content\/uploads\/2021\/09\/2-1.png\",\"contentUrl\":\"https:\/\/www.meeplesdistributie.nl\/wp-content\/uploads\/2021\/09\/2-1.png\",\"width\":1080,\"height\":1080,\"caption\":\"Meeples Distributie\"},\"image\":{\"@id\":\"https:\/\/www.meeplesdistributie.nl\/#\/schema\/logo\/image\/\"},\"sameAs\":[\"https:\/\/www.facebook.com\/meeplesb\",\"https:\/\/x.com\/meeplesb\",\"https:\/\/www.instagram.com\/meeples_bordspellen\",\"https:\/\/www.linkedin.com\/company\/meeplesbordspellen\",\"https:\/\/nl.pinterest.com\/meeplesbordspellen\/_created\/\",\"https:\/\/www.youtube.com\/UCtRQUPN4QYmky2dvclaDh_Q\"]}]}<\/script>\n<meta property=\"product:price:amount\" content=\"8.25\" \/>\n<meta property=\"product:price:currency\" content=\"EUR\" \/>\n<meta property=\"og:availability\" content=\"out of stock\" \/>\n<meta property=\"product:availability\" content=\"out of stock\" \/>\n<meta property=\"product:retailer_item_id\" content=\"838\" \/>\n<meta property=\"product:condition\" content=\"new\" \/>\n<!-- \/ Yoast SEO Premium plugin. -->","yoast_head_json":{"title":"Terraforming Mars Player Board Organizer - Meeples Distributie","description":"De playerboard organizers worden per stuk verkocht. Er zit dus 1 in 1 verpakking. e-Raptor Organizer compatible with Terraforming Mars\u00aa is a perfect accessory designed to organize and improve gameplay of the board game. The organizer allows you to put cubes into special tracks to keep your production values in order. The tracks have special little insets to hold cubes (not too tightly, though \u00d0 you can still move them). The rest of counters won\u00d5t slide off the player\u00d5s board as well. You can hold all your stuff in one place without being afraid of losing control of the setting and your resources. It's made of transparent plexiglass and first grade High Density Fibreboard.","robots":{"index":"index","follow":"follow","max-snippet":"max-snippet:-1","max-image-preview":"max-image-preview:large","max-video-preview":"max-video-preview:-1"},"canonical":"https:\/\/www.meeplesdistributie.nl\/en\/product\/terraforming-mars-player-board-organizer\/","og_locale":"en_GB","og_type":"article","og_title":"Terraforming Mars Player Board Organizer","og_description":"De playerboard organizers worden per stuk verkocht. Er zit dus 1 in 1 verpakking. e-Raptor Organizer compatible with Terraforming Mars\u00aa is a perfect accessory designed to organize and improve gameplay of the board game. The organizer allows you to put cubes into special tracks to keep your production values in order. The tracks have special little insets to hold cubes (not too tightly, though \u00d0 you can still move them). The rest of counters won\u00d5t slide off the player\u00d5s board as well. You can hold all your stuff in one place without being afraid of losing control of the setting and your resources. It's made of transparent plexiglass and first grade High Density Fibreboard.","og_url":"https:\/\/www.meeplesdistributie.nl\/en\/product\/terraforming-mars-player-board-organizer\/","og_site_name":"Meeples Distributie","article_publisher":"https:\/\/www.facebook.com\/meeplesb","article_modified_time":"2026-03-02T02:46:53+00:00","og_image":[{"width":1280,"height":538,"url":"https:\/\/www.meeplesdistributie.nl\/wp-content\/uploads\/2021\/10\/1362276941.png","type":"image\/png"}],"twitter_card":"summary_large_image","twitter_site":"@meeplesb","twitter_misc":{"Price":"&euro;8,25","Availability":"Out of stock"},"schema":{"@context":"https:\/\/schema.org","@graph":[{"@type":"WebPage","@id":"https:\/\/www.meeplesdistributie.nl\/product\/terraforming-mars-player-board-organizer\/","url":"https:\/\/www.meeplesdistributie.nl\/product\/terraforming-mars-player-board-organizer\/","name":"Terraforming Mars Player Board Organizer - Meeples Distributie","isPartOf":{"@id":"https:\/\/www.meeplesdistributie.nl\/#website"},"primaryImageOfPage":{"@id":"https:\/\/www.meeplesdistributie.nl\/product\/terraforming-mars-player-board-organizer\/#primaryimage"},"image":{"@id":"https:\/\/www.meeplesdistributie.nl\/product\/terraforming-mars-player-board-organizer\/#primaryimage"},"thumbnailUrl":"https:\/\/www.meeplesdistributie.nl\/wp-content\/uploads\/2021\/10\/1362276941.png","datePublished":"2021-10-26T09:48:05+00:00","dateModified":"2026-03-02T02:46:53+00:00","description":"De playerboard organizers worden per stuk verkocht. Er zit dus 1 in 1 verpakking. e-Raptor Organizer compatible with Terraforming Mars\u00aa is a perfect accessory designed to organize and improve gameplay of the board game. The organizer allows you to put cubes into special tracks to keep your production values in order. The tracks have special little insets to hold cubes (not too tightly, though \u00d0 you can still move them). The rest of counters won\u00d5t slide off the player\u00d5s board as well. You can hold all your stuff in one place without being afraid of losing control of the setting and your resources. It's made of transparent plexiglass and first grade High Density Fibreboard.","breadcrumb":{"@id":"https:\/\/www.meeplesdistributie.nl\/product\/terraforming-mars-player-board-organizer\/#breadcrumb"},"inLanguage":"en-GB","potentialAction":[{"@type":"ReadAction","target":["https:\/\/www.meeplesdistributie.nl\/product\/terraforming-mars-player-board-organizer\/"]}]},{"@type":"ImageObject","inLanguage":"en-GB","@id":"https:\/\/www.meeplesdistributie.nl\/product\/terraforming-mars-player-board-organizer\/#primaryimage","url":"https:\/\/www.meeplesdistributie.nl\/wp-content\/uploads\/2021\/10\/1362276941.png","contentUrl":"https:\/\/www.meeplesdistributie.nl\/wp-content\/uploads\/2021\/10\/1362276941.png","width":1280,"height":538},{"@type":"BreadcrumbList","@id":"https:\/\/www.meeplesdistributie.nl\/product\/terraforming-mars-player-board-organizer\/#breadcrumb","itemListElement":[{"@type":"ListItem","position":1,"name":"Home","item":"https:\/\/www.meeplesdistributie.nl\/"},{"@type":"ListItem","position":2,"name":"Webshop","item":"https:\/\/www.meeplesdistributie.nl\/webshop\/"},{"@type":"ListItem","position":3,"name":"Terraforming Mars Player Board Organizer"}]},{"@type":"WebSite","@id":"https:\/\/www.meeplesdistributie.nl\/#website","url":"https:\/\/www.meeplesdistributie.nl\/","name":"Meeples Distributie - Groep","description":"Welkom op de Meeples Distributie site | Jouw bordspellen groothandel","publisher":{"@id":"https:\/\/www.meeplesdistributie.nl\/#organization"},"potentialAction":[{"@type":"SearchAction","target":{"@type":"EntryPoint","urlTemplate":"https:\/\/www.meeplesdistributie.nl\/?s={search_term_string}"},"query-input":"required name=search_term_string"}],"inLanguage":"en-GB"},{"@type":"Organization","@id":"https:\/\/www.meeplesdistributie.nl\/#organization","name":"Meeples Distributie","url":"https:\/\/www.meeplesdistributie.nl\/","logo":{"@type":"ImageObject","inLanguage":"en-GB","@id":"https:\/\/www.meeplesdistributie.nl\/#\/schema\/logo\/image\/","url":"https:\/\/www.meeplesdistributie.nl\/wp-content\/uploads\/2021\/09\/2-1.png","contentUrl":"https:\/\/www.meeplesdistributie.nl\/wp-content\/uploads\/2021\/09\/2-1.png","width":1080,"height":1080,"caption":"Meeples Distributie"},"image":{"@id":"https:\/\/www.meeplesdistributie.nl\/#\/schema\/logo\/image\/"},"sameAs":["https:\/\/www.facebook.com\/meeplesb","https:\/\/x.com\/meeplesb","https:\/\/www.instagram.com\/meeples_bordspellen","https:\/\/www.linkedin.com\/company\/meeplesbordspellen","https:\/\/nl.pinterest.com\/meeplesbordspellen\/_created\/","https:\/\/www.youtube.com\/UCtRQUPN4QYmky2dvclaDh_Q"]}]},"product_price_amount":"8.25","product_price_currency":"EUR","og_availability":"out of stock","product_availability":"out of stock","product_retailer_item_id":"838","product_condition":"new"},"_links":{"self":[{"href":"https:\/\/www.meeplesdistributie.nl\/en\/wp-json\/wp\/v2\/product\/11176","targetHints":{"allow":["GET"]}}],"collection":[{"href":"https:\/\/www.meeplesdistributie.nl\/en\/wp-json\/wp\/v2\/product"}],"about":[{"href":"https:\/\/www.meeplesdistributie.nl\/en\/wp-json\/wp\/v2\/types\/product"}],"replies":[{"embeddable":true,"href":"https:\/\/www.meeplesdistributie.nl\/en\/wp-json\/wp\/v2\/comments?post=11176"}],"version-history":[{"count":15,"href":"https:\/\/www.meeplesdistributie.nl\/en\/wp-json\/wp\/v2\/product\/11176\/revisions"}],"predecessor-version":[{"id":50089,"href":"https:\/\/www.meeplesdistributie.nl\/en\/wp-json\/wp\/v2\/product\/11176\/revisions\/50089"}],"wp:featuredmedia":[{"embeddable":true,"href":"https:\/\/www.meeplesdistributie.nl\/en\/wp-json\/wp\/v2\/media\/11175"}],"wp:attachment":[{"href":"https:\/\/www.meeplesdistributie.nl\/en\/wp-json\/wp\/v2\/media?parent=11176"}],"wp:term":[{"taxonomy":"product_cat","embeddable":true,"href":"https:\/\/www.meeplesdistributie.nl\/en\/wp-json\/wp\/v2\/product_cat?post=11176"},{"taxonomy":"product_tag","embeddable":true,"href":"https:\/\/www.meeplesdistributie.nl\/en\/wp-json\/wp\/v2\/product_tag?post=11176"}],"curies":[{"name":"wp","href":"https:\/\/api.w.org\/{rel}","templated":true}]}}