{"id":11235,"date":"2021-10-26T11:48:30","date_gmt":"2021-10-26T09:48:30","guid":{"rendered":"https:\/\/www.meeplesdistributie.nl\/product\/trial-by-trolley\/"},"modified":"2026-03-02T03:43:25","modified_gmt":"2026-03-02T02:43:25","slug":"trial-by-trolley","status":"publish","type":"product","link":"https:\/\/www.meeplesdistributie.nl\/en\/product\/trial-by-trolley\/","title":{"rendered":"Trial by Trolley"},"content":{"rendered":"<h2><strong>Productomschrijving Trial by Trolley<\/strong><\/h2>\n<p>In Trial by Trolley speelt \u00e9\u00e9n speler de rol van Trolley Operator en moet hij kiezen waarheen hij een moorddadige, uit de hand gelopen trolley stuurt. Alle andere spelers aan tafel spelen kaarten en discussi\u00ebren om de operator te overtuigen hun leven te sparen en iedereen op het andere spoor te veroordelen tot een gruwelijke dood per trolley. <\/p>\n<p>Elke ronde treedt \u00e9\u00e9n speler op als conducteur van de trolley. Deze persoon is de rechter en kiest welk spoor de trolley zal vermoorden. De andere spelers worden evenredig verdeeld over de teams, en elke speler heeft een rol voor de ronde. Om te beginnen trekt \u00e9\u00e9n speler 3 engelensporen, kiest er \u00e9\u00e9n uit om op tafel te leggen en onthult dan willekeurig een tweede engelenspoor van de stapel om aan het spoor toe te voegen. Een andere speler trekt 3 demonische sporen en kiest er \u00e9\u00e9n uit om toe te voegen aan het spoor van de tegenstander, in een poging hen te saboteren en zijn eigen sporen te sparen. Tot slot trekt (trekken) de speler(s) spoormodificatoren om op een willekeurige spoorkaart op tafel te leggen. Ze kunnen op hun eigen spoor spelen om de jury te be\u00efnvloeden of ze kunnen op het spoor van hun tegenstander spelen om de jury nog meer te be\u00efnvloeden om het spoor van hun tegenstander te vermoorden. De rechter overweegt dit raadsel en besluit uiteindelijk om \u00e9\u00e9n spoor te vermoorden. Het spoor dat werd gespaard is de winnaar van de ronde! Het spel gaat een aantal rondes door, vooraf bepaald door het aantal spelers aan tafel. Trial by Trolley is een spel voor 3-13 spelers en duurt ongeveer 30-90 minuten.<\/p>\n<p>Trial by Trolley zal bij jouw passen als je ook enthousiast wordt van <a href=\"https:\/\/meeplesbordspellen.nl\/product\/joking-hazard\/\"><span style=\"color:#e74c3c;\">Joking Hazard<\/span><\/a>.<\/p>","protected":false},"excerpt":{"rendered":"<p>Where does the Tram pass? He must take at least one of the two sides.<\/p>","protected":false},"featured_media":58664,"comment_status":"open","ping_status":"closed","template":"","meta":{"site-sidebar-layout":"","site-content-layout":"","ast-site-content-layout":"","site-content-style":"","site-sidebar-style":"","ast-global-header-display":"","ast-banner-title-visibility":"","ast-main-header-display":"","ast-hfb-above-header-display":"","ast-hfb-below-header-display":"","ast-hfb-mobile-header-display":"","site-post-title":"","ast-breadcrumbs-content":"","ast-featured-img":"","footer-sml-layout":"","theme-transparent-header-meta":"","adv-header-id-meta":"","stick-header-meta":"","header-above-stick-meta":"","header-main-stick-meta":"","header-below-stick-meta":"","astra-migrate-meta-layouts":"","ast-page-background-enabled":"default","ast-page-background-meta":{"desktop":{"background-color":"var(--ast-global-color-4)","background-image":"","background-repeat":"repeat","background-position":"center center","background-size":"auto","background-attachment":"scroll","background-type":"","background-media":"","overlay-type":"","overlay-color":"","overlay-gradient":""},"tablet":{"background-color":"","background-image":"","background-repeat":"repeat","background-position":"center center","background-size":"auto","background-attachment":"scroll","background-type":"","background-media":"","overlay-type":"","overlay-color":"","overlay-gradient":""},"mobile":{"background-color":"","background-image":"","background-repeat":"repeat","background-position":"center center","background-size":"auto","background-attachment":"scroll","background-type":"","background-media":"","overlay-type":"","overlay-color":"","overlay-gradient":""}},"ast-content-background-meta":{"desktop":{"background-color":"var(--ast-global-color-5)","background-image":"","background-repeat":"repeat","background-position":"center center","background-size":"auto","background-attachment":"scroll","background-type":"","background-media":"","overlay-type":"","overlay-color":"","overlay-gradient":""},"tablet":{"background-color":"var(--ast-global-color-5)","background-image":"","background-repeat":"repeat","background-position":"center center","background-size":"auto","background-attachment":"scroll","background-type":"","background-media":"","overlay-type":"","overlay-color":"","overlay-gradient":""},"mobile":{"background-color":"var(--ast-global-color-5)","background-image":"","background-repeat":"repeat","background-position":"center center","background-size":"auto","background-attachment":"scroll","background-type":"","background-media":"","overlay-type":"","overlay-color":"","overlay-gradient":""}}},"product_cat":[171],"product_tag":[],"class_list":{"0":"post-11235","1":"product","2":"type-product","3":"status-publish","4":"has-post-thumbnail","6":"product_cat-bordspellen","7":"desktop-align-left","8":"tablet-align-left","9":"mobile-align-left","10":"ast-product-gallery-layout-horizontal-slider","11":"ast-product-gallery-with-no-image","12":"ast-product-tabs-layout-accordion","13":"ast-qv-on-image","15":"first","16":"outofstock","17":"taxable","18":"shipping-taxable","19":"product-type-simple"},"yoast_head":"<!-- This site is optimized with the Yoast SEO Premium plugin v23.0 (Yoast SEO v23.0) - https:\/\/yoast.com\/wordpress\/plugins\/seo\/ -->\n<title>Trial by Trolley - Meeples Distributie<\/title>\n<meta name=\"robots\" content=\"index, follow, max-snippet:-1, max-image-preview:large, max-video-preview:-1\" \/>\n<link rel=\"canonical\" href=\"https:\/\/www.meeplesdistributie.nl\/en\/product\/trial-by-trolley\/\" \/>\n<meta property=\"og:locale\" content=\"en_GB\" \/>\n<meta property=\"og:type\" content=\"article\" \/>\n<meta property=\"og:title\" content=\"Trial by Trolley\" \/>\n<meta property=\"og:description\" content=\"Waar rijd de Tram overheen? Hij moet in ieder geval 1 van de twee kanten nemen.\" \/>\n<meta property=\"og:url\" content=\"https:\/\/www.meeplesdistributie.nl\/en\/product\/trial-by-trolley\/\" \/>\n<meta property=\"og:site_name\" content=\"Meeples Distributie\" \/>\n<meta property=\"article:publisher\" content=\"https:\/\/www.facebook.com\/meeplesb\" \/>\n<meta property=\"article:modified_time\" content=\"2026-03-02T02:43:25+00:00\" \/>\n<meta property=\"og:image\" content=\"https:\/\/www.meeplesdistributie.nl\/wp-content\/uploads\/2025\/03\/trial-by-trolley-not-for-resell-on-amazon-ebay-6032_e338f.jpg\" \/>\n\t<meta property=\"og:image:width\" content=\"706\" \/>\n\t<meta property=\"og:image:height\" content=\"498\" \/>\n\t<meta property=\"og:image:type\" content=\"image\/jpeg\" \/>\n<meta name=\"twitter:card\" content=\"summary_large_image\" \/>\n<meta name=\"twitter:site\" content=\"@meeplesb\" \/>\n<meta name=\"twitter:label1\" content=\"Price\" \/>\n\t<meta name=\"twitter:data1\" content=\"&euro;19,53\" \/>\n\t<meta name=\"twitter:label2\" content=\"Availability\" \/>\n\t<meta name=\"twitter:data2\" content=\"Out of stock\" \/>\n<script type=\"application\/ld+json\" class=\"yoast-schema-graph\">{\"@context\":\"https:\/\/schema.org\",\"@graph\":[{\"@type\":\"WebPage\",\"@id\":\"https:\/\/www.meeplesdistributie.nl\/product\/trial-by-trolley\/\",\"url\":\"https:\/\/www.meeplesdistributie.nl\/product\/trial-by-trolley\/\",\"name\":\"Trial by Trolley - Meeples Distributie\",\"isPartOf\":{\"@id\":\"https:\/\/www.meeplesdistributie.nl\/#website\"},\"primaryImageOfPage\":{\"@id\":\"https:\/\/www.meeplesdistributie.nl\/product\/trial-by-trolley\/#primaryimage\"},\"image\":{\"@id\":\"https:\/\/www.meeplesdistributie.nl\/product\/trial-by-trolley\/#primaryimage\"},\"thumbnailUrl\":\"https:\/\/www.meeplesdistributie.nl\/wp-content\/uploads\/2025\/03\/trial-by-trolley-not-for-resell-on-amazon-ebay-6032_e338f.jpg\",\"datePublished\":\"2021-10-26T09:48:30+00:00\",\"dateModified\":\"2026-03-02T02:43:25+00:00\",\"breadcrumb\":{\"@id\":\"https:\/\/www.meeplesdistributie.nl\/product\/trial-by-trolley\/#breadcrumb\"},\"inLanguage\":\"en-GB\",\"potentialAction\":[{\"@type\":\"ReadAction\",\"target\":[\"https:\/\/www.meeplesdistributie.nl\/product\/trial-by-trolley\/\"]}]},{\"@type\":\"ImageObject\",\"inLanguage\":\"en-GB\",\"@id\":\"https:\/\/www.meeplesdistributie.nl\/product\/trial-by-trolley\/#primaryimage\",\"url\":\"https:\/\/www.meeplesdistributie.nl\/wp-content\/uploads\/2025\/03\/trial-by-trolley-not-for-resell-on-amazon-ebay-6032_e338f.jpg\",\"contentUrl\":\"https:\/\/www.meeplesdistributie.nl\/wp-content\/uploads\/2025\/03\/trial-by-trolley-not-for-resell-on-amazon-ebay-6032_e338f.jpg\",\"width\":706,\"height\":498},{\"@type\":\"BreadcrumbList\",\"@id\":\"https:\/\/www.meeplesdistributie.nl\/product\/trial-by-trolley\/#breadcrumb\",\"itemListElement\":[{\"@type\":\"ListItem\",\"position\":1,\"name\":\"Home\",\"item\":\"https:\/\/www.meeplesdistributie.nl\/\"},{\"@type\":\"ListItem\",\"position\":2,\"name\":\"Webshop\",\"item\":\"https:\/\/www.meeplesdistributie.nl\/webshop\/\"},{\"@type\":\"ListItem\",\"position\":3,\"name\":\"Trial by Trolley\"}]},{\"@type\":\"WebSite\",\"@id\":\"https:\/\/www.meeplesdistributie.nl\/#website\",\"url\":\"https:\/\/www.meeplesdistributie.nl\/\",\"name\":\"Meeples Distributie - Groep\",\"description\":\"Welkom op de Meeples Distributie site | Jouw bordspellen groothandel\",\"publisher\":{\"@id\":\"https:\/\/www.meeplesdistributie.nl\/#organization\"},\"potentialAction\":[{\"@type\":\"SearchAction\",\"target\":{\"@type\":\"EntryPoint\",\"urlTemplate\":\"https:\/\/www.meeplesdistributie.nl\/?s={search_term_string}\"},\"query-input\":\"required name=search_term_string\"}],\"inLanguage\":\"en-GB\"},{\"@type\":\"Organization\",\"@id\":\"https:\/\/www.meeplesdistributie.nl\/#organization\",\"name\":\"Meeples Distributie\",\"url\":\"https:\/\/www.meeplesdistributie.nl\/\",\"logo\":{\"@type\":\"ImageObject\",\"inLanguage\":\"en-GB\",\"@id\":\"https:\/\/www.meeplesdistributie.nl\/#\/schema\/logo\/image\/\",\"url\":\"https:\/\/www.meeplesdistributie.nl\/wp-content\/uploads\/2021\/09\/2-1.png\",\"contentUrl\":\"https:\/\/www.meeplesdistributie.nl\/wp-content\/uploads\/2021\/09\/2-1.png\",\"width\":1080,\"height\":1080,\"caption\":\"Meeples Distributie\"},\"image\":{\"@id\":\"https:\/\/www.meeplesdistributie.nl\/#\/schema\/logo\/image\/\"},\"sameAs\":[\"https:\/\/www.facebook.com\/meeplesb\",\"https:\/\/x.com\/meeplesb\",\"https:\/\/www.instagram.com\/meeples_bordspellen\",\"https:\/\/www.linkedin.com\/company\/meeplesbordspellen\",\"https:\/\/nl.pinterest.com\/meeplesbordspellen\/_created\/\",\"https:\/\/www.youtube.com\/UCtRQUPN4QYmky2dvclaDh_Q\"]}]}<\/script>\n<meta property=\"product:price:amount\" content=\"19.53\" \/>\n<meta property=\"product:price:currency\" content=\"EUR\" \/>\n<meta property=\"og:availability\" content=\"out of stock\" \/>\n<meta property=\"product:availability\" content=\"out of stock\" \/>\n<meta property=\"product:retailer_item_id\" content=\"815\" \/>\n<meta property=\"product:condition\" content=\"new\" \/>\n<!-- \/ Yoast SEO Premium plugin. -->","yoast_head_json":{"title":"Trial by Trolley - Meeples Distributie","robots":{"index":"index","follow":"follow","max-snippet":"max-snippet:-1","max-image-preview":"max-image-preview:large","max-video-preview":"max-video-preview:-1"},"canonical":"https:\/\/www.meeplesdistributie.nl\/en\/product\/trial-by-trolley\/","og_locale":"en_GB","og_type":"article","og_title":"Trial by Trolley","og_description":"Waar rijd de Tram overheen? Hij moet in ieder geval 1 van de twee kanten nemen.","og_url":"https:\/\/www.meeplesdistributie.nl\/en\/product\/trial-by-trolley\/","og_site_name":"Meeples Distributie","article_publisher":"https:\/\/www.facebook.com\/meeplesb","article_modified_time":"2026-03-02T02:43:25+00:00","og_image":[{"width":706,"height":498,"url":"https:\/\/www.meeplesdistributie.nl\/wp-content\/uploads\/2025\/03\/trial-by-trolley-not-for-resell-on-amazon-ebay-6032_e338f.jpg","type":"image\/jpeg"}],"twitter_card":"summary_large_image","twitter_site":"@meeplesb","twitter_misc":{"Price":"&euro;19,53","Availability":"Out of stock"},"schema":{"@context":"https:\/\/schema.org","@graph":[{"@type":"WebPage","@id":"https:\/\/www.meeplesdistributie.nl\/product\/trial-by-trolley\/","url":"https:\/\/www.meeplesdistributie.nl\/product\/trial-by-trolley\/","name":"Trial by Trolley - Meeples Distributie","isPartOf":{"@id":"https:\/\/www.meeplesdistributie.nl\/#website"},"primaryImageOfPage":{"@id":"https:\/\/www.meeplesdistributie.nl\/product\/trial-by-trolley\/#primaryimage"},"image":{"@id":"https:\/\/www.meeplesdistributie.nl\/product\/trial-by-trolley\/#primaryimage"},"thumbnailUrl":"https:\/\/www.meeplesdistributie.nl\/wp-content\/uploads\/2025\/03\/trial-by-trolley-not-for-resell-on-amazon-ebay-6032_e338f.jpg","datePublished":"2021-10-26T09:48:30+00:00","dateModified":"2026-03-02T02:43:25+00:00","breadcrumb":{"@id":"https:\/\/www.meeplesdistributie.nl\/product\/trial-by-trolley\/#breadcrumb"},"inLanguage":"en-GB","potentialAction":[{"@type":"ReadAction","target":["https:\/\/www.meeplesdistributie.nl\/product\/trial-by-trolley\/"]}]},{"@type":"ImageObject","inLanguage":"en-GB","@id":"https:\/\/www.meeplesdistributie.nl\/product\/trial-by-trolley\/#primaryimage","url":"https:\/\/www.meeplesdistributie.nl\/wp-content\/uploads\/2025\/03\/trial-by-trolley-not-for-resell-on-amazon-ebay-6032_e338f.jpg","contentUrl":"https:\/\/www.meeplesdistributie.nl\/wp-content\/uploads\/2025\/03\/trial-by-trolley-not-for-resell-on-amazon-ebay-6032_e338f.jpg","width":706,"height":498},{"@type":"BreadcrumbList","@id":"https:\/\/www.meeplesdistributie.nl\/product\/trial-by-trolley\/#breadcrumb","itemListElement":[{"@type":"ListItem","position":1,"name":"Home","item":"https:\/\/www.meeplesdistributie.nl\/"},{"@type":"ListItem","position":2,"name":"Webshop","item":"https:\/\/www.meeplesdistributie.nl\/webshop\/"},{"@type":"ListItem","position":3,"name":"Trial by Trolley"}]},{"@type":"WebSite","@id":"https:\/\/www.meeplesdistributie.nl\/#website","url":"https:\/\/www.meeplesdistributie.nl\/","name":"Meeples Distributie - Groep","description":"Welkom op de Meeples Distributie site | Jouw bordspellen groothandel","publisher":{"@id":"https:\/\/www.meeplesdistributie.nl\/#organization"},"potentialAction":[{"@type":"SearchAction","target":{"@type":"EntryPoint","urlTemplate":"https:\/\/www.meeplesdistributie.nl\/?s={search_term_string}"},"query-input":"required name=search_term_string"}],"inLanguage":"en-GB"},{"@type":"Organization","@id":"https:\/\/www.meeplesdistributie.nl\/#organization","name":"Meeples Distributie","url":"https:\/\/www.meeplesdistributie.nl\/","logo":{"@type":"ImageObject","inLanguage":"en-GB","@id":"https:\/\/www.meeplesdistributie.nl\/#\/schema\/logo\/image\/","url":"https:\/\/www.meeplesdistributie.nl\/wp-content\/uploads\/2021\/09\/2-1.png","contentUrl":"https:\/\/www.meeplesdistributie.nl\/wp-content\/uploads\/2021\/09\/2-1.png","width":1080,"height":1080,"caption":"Meeples Distributie"},"image":{"@id":"https:\/\/www.meeplesdistributie.nl\/#\/schema\/logo\/image\/"},"sameAs":["https:\/\/www.facebook.com\/meeplesb","https:\/\/x.com\/meeplesb","https:\/\/www.instagram.com\/meeples_bordspellen","https:\/\/www.linkedin.com\/company\/meeplesbordspellen","https:\/\/nl.pinterest.com\/meeplesbordspellen\/_created\/","https:\/\/www.youtube.com\/UCtRQUPN4QYmky2dvclaDh_Q"]}]},"product_price_amount":"19.53","product_price_currency":"EUR","og_availability":"out of stock","product_availability":"out of stock","product_retailer_item_id":"815","product_condition":"new"},"_links":{"self":[{"href":"https:\/\/www.meeplesdistributie.nl\/en\/wp-json\/wp\/v2\/product\/11235","targetHints":{"allow":["GET"]}}],"collection":[{"href":"https:\/\/www.meeplesdistributie.nl\/en\/wp-json\/wp\/v2\/product"}],"about":[{"href":"https:\/\/www.meeplesdistributie.nl\/en\/wp-json\/wp\/v2\/types\/product"}],"replies":[{"embeddable":true,"href":"https:\/\/www.meeplesdistributie.nl\/en\/wp-json\/wp\/v2\/comments?post=11235"}],"version-history":[{"count":2,"href":"https:\/\/www.meeplesdistributie.nl\/en\/wp-json\/wp\/v2\/product\/11235\/revisions"}],"predecessor-version":[{"id":58665,"href":"https:\/\/www.meeplesdistributie.nl\/en\/wp-json\/wp\/v2\/product\/11235\/revisions\/58665"}],"wp:featuredmedia":[{"embeddable":true,"href":"https:\/\/www.meeplesdistributie.nl\/en\/wp-json\/wp\/v2\/media\/58664"}],"wp:attachment":[{"href":"https:\/\/www.meeplesdistributie.nl\/en\/wp-json\/wp\/v2\/media?parent=11235"}],"wp:term":[{"taxonomy":"product_cat","embeddable":true,"href":"https:\/\/www.meeplesdistributie.nl\/en\/wp-json\/wp\/v2\/product_cat?post=11235"},{"taxonomy":"product_tag","embeddable":true,"href":"https:\/\/www.meeplesdistributie.nl\/en\/wp-json\/wp\/v2\/product_tag?post=11235"}],"curies":[{"name":"wp","href":"https:\/\/api.w.org\/{rel}","templated":true}]}}