{"id":17250,"date":"2022-03-28T14:41:25","date_gmt":"2022-03-28T12:41:25","guid":{"rendered":"https:\/\/www.meeplesdistributie.nl\/product\/chronicles-of-crime-noir\/"},"modified":"2026-03-02T03:09:49","modified_gmt":"2026-03-02T02:09:49","slug":"chronicles-of-crime-noir","status":"publish","type":"product","link":"https:\/\/www.meeplesdistributie.nl\/en\/product\/chronicles-of-crime-noir\/","title":{"rendered":"Chronicles of Crime: Noir"},"content":{"rendered":"<p>Expansion of the cooperative game about crime investigation<\/p>\n<p>This expansion of the popular game &#039;Chronicles of Crime&#039; is set in the dark setting of post-war Los Angeles. Take on the role of a private detective and solve various crimes. Scan different locations and objects, and interrogate suspects and employees. Combine all obtained data correctly and find the perpetrator!<\/p>\n<p>This exciting game combines digital and analog components, allowing you to play countless scenarios available online using the play materials in the box. The innovative &#039;scan &amp; play&#039; system provides infinite variety!<\/p>\n<p>Chronicles of Crime: Noir contains 4 basic scenarios. To play this expansion, the Dutch base game &#039;Chronicles of Crime&#039; and a smartphone are required!<\/p>\n<p>Number of players: 1-4<br \/>Best with: 2<br \/>Time: 60-90 minutes<br \/>Age: 12+<br \/>Language: Dutch<br \/>Complexity: Medium<br \/>Dicetower Judgment: Excellence<br \/>Legacy: Yes<br \/>Co-op: Yes<\/p>","protected":false},"excerpt":{"rendered":"<p>Expansion of the popular cooperative crime investigation game. Take on the role of a private detective in post-war Los Angeles and solve various crimes.<\/p>","protected":false},"featured_media":3017,"comment_status":"open","ping_status":"closed","template":"","meta":{"site-sidebar-layout":"default","site-content-layout":"","ast-site-content-layout":"","site-content-style":"default","site-sidebar-style":"default","ast-global-header-display":"","ast-banner-title-visibility":"","ast-main-header-display":"","ast-hfb-above-header-display":"","ast-hfb-below-header-display":"","ast-hfb-mobile-header-display":"","site-post-title":"","ast-breadcrumbs-content":"","ast-featured-img":"","footer-sml-layout":"","theme-transparent-header-meta":"","adv-header-id-meta":"","stick-header-meta":"","header-above-stick-meta":"","header-main-stick-meta":"","header-below-stick-meta":"","astra-migrate-meta-layouts":"default","ast-page-background-enabled":"default","ast-page-background-meta":{"desktop":{"background-color":"var(--ast-global-color-4)","background-image":"","background-repeat":"repeat","background-position":"center center","background-size":"auto","background-attachment":"scroll","background-type":"","background-media":"","overlay-type":"","overlay-color":"","overlay-gradient":""},"tablet":{"background-color":"","background-image":"","background-repeat":"repeat","background-position":"center center","background-size":"auto","background-attachment":"scroll","background-type":"","background-media":"","overlay-type":"","overlay-color":"","overlay-gradient":""},"mobile":{"background-color":"","background-image":"","background-repeat":"repeat","background-position":"center center","background-size":"auto","background-attachment":"scroll","background-type":"","background-media":"","overlay-type":"","overlay-color":"","overlay-gradient":""}},"ast-content-background-meta":{"desktop":{"background-color":"var(--ast-global-color-5)","background-image":"","background-repeat":"repeat","background-position":"center center","background-size":"auto","background-attachment":"scroll","background-type":"","background-media":"","overlay-type":"","overlay-color":"","overlay-gradient":""},"tablet":{"background-color":"var(--ast-global-color-5)","background-image":"","background-repeat":"repeat","background-position":"center center","background-size":"auto","background-attachment":"scroll","background-type":"","background-media":"","overlay-type":"","overlay-color":"","overlay-gradient":""},"mobile":{"background-color":"var(--ast-global-color-5)","background-image":"","background-repeat":"repeat","background-position":"center center","background-size":"auto","background-attachment":"scroll","background-type":"","background-media":"","overlay-type":"","overlay-color":"","overlay-gradient":""}}},"product_cat":[43],"product_tag":[],"class_list":{"0":"post-17250","1":"product","2":"type-product","3":"status-publish","4":"has-post-thumbnail","6":"product_cat-bordspel","7":"desktop-align-left","8":"tablet-align-left","9":"mobile-align-left","10":"ast-product-gallery-layout-horizontal-slider","11":"ast-product-gallery-with-no-image","12":"ast-product-tabs-layout-accordion","13":"ast-qv-on-image","15":"first","16":"outofstock","17":"taxable","18":"shipping-taxable","19":"product-type-simple"},"yoast_head":"<!-- This site is optimized with the Yoast SEO Premium plugin v23.0 (Yoast SEO v23.0) - https:\/\/yoast.com\/wordpress\/plugins\/seo\/ -->\n<title>Chronicles of Crime: Noir - Meeples Distributie<\/title>\n<meta name=\"description\" content=\"Uitbreiding op het co\u00c3\u00b6peratieve spel over misdaadonderzoek Deze uitbreiding op het populaire spel \u00e2Chronicles of Crime\u00e2 speelt zich af in het duistere decor van het naoorlogse Los Angeles. Kruip in de huid van een priv\u00c3\u00a9detective en los verschillende misdrijven op. Scan verschillende locaties en voorwerpen, en ondervraag verdachten en medewerkers. Combineer alle verkregen gegevens op de juiste manier en vind de dader! In dit spannende spel worden digitale en analoge componenten gecombineerd, waardoor je met het speelmateriaal uit de verpakking ontelbare online verkrijgbare scenario\u00e2s kunt spelen. Het innovatieve \u00e2scan &amp; speel\u00e2-systeem zorgt voor oneindige variatie! Chronicles of Crime: Noir bevat 4 basisscenario\u00e2s. Om deze uitbreiding te kunnen spelen, is het Nederlandse basisspel \u00e2Chronicles of Crime\u00e2 en een smartphone vereist!\" \/>\n<meta name=\"robots\" content=\"index, follow, max-snippet:-1, max-image-preview:large, max-video-preview:-1\" \/>\n<link rel=\"canonical\" href=\"https:\/\/www.meeplesdistributie.nl\/en\/product\/chronicles-of-crime-noir\/\" \/>\n<meta property=\"og:locale\" content=\"en_GB\" \/>\n<meta property=\"og:type\" content=\"article\" \/>\n<meta property=\"og:title\" content=\"Chronicles of Crime: Noir\" \/>\n<meta property=\"og:description\" content=\"Uitbreiding op het co\u00c3\u00b6peratieve spel over misdaadonderzoek Deze uitbreiding op het populaire spel \u00e2Chronicles of Crime\u00e2 speelt zich af in het duistere decor van het naoorlogse Los Angeles. Kruip in de huid van een priv\u00c3\u00a9detective en los verschillende misdrijven op. Scan verschillende locaties en voorwerpen, en ondervraag verdachten en medewerkers. Combineer alle verkregen gegevens op de juiste manier en vind de dader! In dit spannende spel worden digitale en analoge componenten gecombineerd, waardoor je met het speelmateriaal uit de verpakking ontelbare online verkrijgbare scenario\u00e2s kunt spelen. Het innovatieve \u00e2scan &amp; speel\u00e2-systeem zorgt voor oneindige variatie! Chronicles of Crime: Noir bevat 4 basisscenario\u00e2s. Om deze uitbreiding te kunnen spelen, is het Nederlandse basisspel \u00e2Chronicles of Crime\u00e2 en een smartphone vereist!\" \/>\n<meta property=\"og:url\" content=\"https:\/\/www.meeplesdistributie.nl\/en\/product\/chronicles-of-crime-noir\/\" \/>\n<meta property=\"og:site_name\" content=\"Meeples Distributie\" \/>\n<meta property=\"article:publisher\" content=\"https:\/\/www.facebook.com\/meeplesb\" \/>\n<meta property=\"article:modified_time\" content=\"2026-03-02T02:09:49+00:00\" \/>\n<meta property=\"og:image\" content=\"https:\/\/www.meeplesdistributie.nl\/wp-content\/uploads\/2021\/09\/1100716434.png\" \/>\n\t<meta property=\"og:image:width\" content=\"646\" \/>\n\t<meta property=\"og:image:height\" content=\"1280\" \/>\n\t<meta property=\"og:image:type\" content=\"image\/png\" \/>\n<meta name=\"twitter:card\" content=\"summary_large_image\" \/>\n<meta name=\"twitter:site\" content=\"@meeplesb\" \/>\n<meta name=\"twitter:label1\" content=\"Price\" \/>\n\t<meta name=\"twitter:data1\" content=\"&euro;17,34\" \/>\n\t<meta name=\"twitter:label2\" content=\"Availability\" \/>\n\t<meta name=\"twitter:data2\" content=\"Out of stock\" \/>\n<script type=\"application\/ld+json\" class=\"yoast-schema-graph\">{\"@context\":\"https:\/\/schema.org\",\"@graph\":[{\"@type\":\"WebPage\",\"@id\":\"https:\/\/www.meeplesdistributie.nl\/product\/chronicles-of-crime-noir\/\",\"url\":\"https:\/\/www.meeplesdistributie.nl\/product\/chronicles-of-crime-noir\/\",\"name\":\"Chronicles of Crime: Noir - Meeples Distributie\",\"isPartOf\":{\"@id\":\"https:\/\/www.meeplesdistributie.nl\/#website\"},\"primaryImageOfPage\":{\"@id\":\"https:\/\/www.meeplesdistributie.nl\/product\/chronicles-of-crime-noir\/#primaryimage\"},\"image\":{\"@id\":\"https:\/\/www.meeplesdistributie.nl\/product\/chronicles-of-crime-noir\/#primaryimage\"},\"thumbnailUrl\":\"https:\/\/www.meeplesdistributie.nl\/wp-content\/uploads\/2021\/09\/1100716434.png\",\"datePublished\":\"2022-03-28T12:41:25+00:00\",\"dateModified\":\"2026-03-02T02:09:49+00:00\",\"description\":\"Uitbreiding op het co\u00c3\u00b6peratieve spel over misdaadonderzoek Deze uitbreiding op het populaire spel \u00e2Chronicles of Crime\u00e2 speelt zich af in het duistere decor van het naoorlogse Los Angeles. Kruip in de huid van een priv\u00c3\u00a9detective en los verschillende misdrijven op. Scan verschillende locaties en voorwerpen, en ondervraag verdachten en medewerkers. Combineer alle verkregen gegevens op de juiste manier en vind de dader! In dit spannende spel worden digitale en analoge componenten gecombineerd, waardoor je met het speelmateriaal uit de verpakking ontelbare online verkrijgbare scenario\u00e2s kunt spelen. Het innovatieve \u00e2scan &amp; speel\u00e2-systeem zorgt voor oneindige variatie! Chronicles of Crime: Noir bevat 4 basisscenario\u00e2s. Om deze uitbreiding te kunnen spelen, is het Nederlandse basisspel \u00e2Chronicles of Crime\u00e2 en een smartphone vereist!\",\"breadcrumb\":{\"@id\":\"https:\/\/www.meeplesdistributie.nl\/product\/chronicles-of-crime-noir\/#breadcrumb\"},\"inLanguage\":\"en-GB\",\"potentialAction\":[{\"@type\":\"ReadAction\",\"target\":[\"https:\/\/www.meeplesdistributie.nl\/product\/chronicles-of-crime-noir\/\"]}]},{\"@type\":\"ImageObject\",\"inLanguage\":\"en-GB\",\"@id\":\"https:\/\/www.meeplesdistributie.nl\/product\/chronicles-of-crime-noir\/#primaryimage\",\"url\":\"https:\/\/www.meeplesdistributie.nl\/wp-content\/uploads\/2021\/09\/1100716434.png\",\"contentUrl\":\"https:\/\/www.meeplesdistributie.nl\/wp-content\/uploads\/2021\/09\/1100716434.png\",\"width\":646,\"height\":1280},{\"@type\":\"BreadcrumbList\",\"@id\":\"https:\/\/www.meeplesdistributie.nl\/product\/chronicles-of-crime-noir\/#breadcrumb\",\"itemListElement\":[{\"@type\":\"ListItem\",\"position\":1,\"name\":\"Home\",\"item\":\"https:\/\/www.meeplesdistributie.nl\/\"},{\"@type\":\"ListItem\",\"position\":2,\"name\":\"Webshop\",\"item\":\"https:\/\/www.meeplesdistributie.nl\/webshop\/\"},{\"@type\":\"ListItem\",\"position\":3,\"name\":\"Chronicles of Crime: Noir\"}]},{\"@type\":\"WebSite\",\"@id\":\"https:\/\/www.meeplesdistributie.nl\/#website\",\"url\":\"https:\/\/www.meeplesdistributie.nl\/\",\"name\":\"Meeples Distributie - Groep\",\"description\":\"Welkom op de Meeples Distributie site | Jouw bordspellen groothandel\",\"publisher\":{\"@id\":\"https:\/\/www.meeplesdistributie.nl\/#organization\"},\"potentialAction\":[{\"@type\":\"SearchAction\",\"target\":{\"@type\":\"EntryPoint\",\"urlTemplate\":\"https:\/\/www.meeplesdistributie.nl\/?s={search_term_string}\"},\"query-input\":\"required name=search_term_string\"}],\"inLanguage\":\"en-GB\"},{\"@type\":\"Organization\",\"@id\":\"https:\/\/www.meeplesdistributie.nl\/#organization\",\"name\":\"Meeples Distributie\",\"url\":\"https:\/\/www.meeplesdistributie.nl\/\",\"logo\":{\"@type\":\"ImageObject\",\"inLanguage\":\"en-GB\",\"@id\":\"https:\/\/www.meeplesdistributie.nl\/#\/schema\/logo\/image\/\",\"url\":\"https:\/\/www.meeplesdistributie.nl\/wp-content\/uploads\/2021\/09\/2-1.png\",\"contentUrl\":\"https:\/\/www.meeplesdistributie.nl\/wp-content\/uploads\/2021\/09\/2-1.png\",\"width\":1080,\"height\":1080,\"caption\":\"Meeples Distributie\"},\"image\":{\"@id\":\"https:\/\/www.meeplesdistributie.nl\/#\/schema\/logo\/image\/\"},\"sameAs\":[\"https:\/\/www.facebook.com\/meeplesb\",\"https:\/\/x.com\/meeplesb\",\"https:\/\/www.instagram.com\/meeples_bordspellen\",\"https:\/\/www.linkedin.com\/company\/meeplesbordspellen\",\"https:\/\/nl.pinterest.com\/meeplesbordspellen\/_created\/\",\"https:\/\/www.youtube.com\/UCtRQUPN4QYmky2dvclaDh_Q\"]}]}<\/script>\n<meta property=\"product:price:amount\" content=\"17.34\" \/>\n<meta property=\"product:price:currency\" content=\"EUR\" \/>\n<meta property=\"og:availability\" content=\"out of stock\" \/>\n<meta property=\"product:availability\" content=\"out of stock\" \/>\n<meta property=\"product:retailer_item_id\" content=\"491\" \/>\n<meta property=\"product:condition\" content=\"new\" \/>\n<!-- \/ Yoast SEO Premium plugin. -->","yoast_head_json":{"title":"Chronicles of Crime: Noir - Meeples Distributie","description":"Uitbreiding op het co\u00c3\u00b6peratieve spel over misdaadonderzoek Deze uitbreiding op het populaire spel \u00e2Chronicles of Crime\u00e2 speelt zich af in het duistere decor van het naoorlogse Los Angeles. Kruip in de huid van een priv\u00c3\u00a9detective en los verschillende misdrijven op. Scan verschillende locaties en voorwerpen, en ondervraag verdachten en medewerkers. Combineer alle verkregen gegevens op de juiste manier en vind de dader! In dit spannende spel worden digitale en analoge componenten gecombineerd, waardoor je met het speelmateriaal uit de verpakking ontelbare online verkrijgbare scenario\u00e2s kunt spelen. Het innovatieve \u00e2scan &amp; speel\u00e2-systeem zorgt voor oneindige variatie! Chronicles of Crime: Noir bevat 4 basisscenario\u00e2s. Om deze uitbreiding te kunnen spelen, is het Nederlandse basisspel \u00e2Chronicles of Crime\u00e2 en een smartphone vereist!","robots":{"index":"index","follow":"follow","max-snippet":"max-snippet:-1","max-image-preview":"max-image-preview:large","max-video-preview":"max-video-preview:-1"},"canonical":"https:\/\/www.meeplesdistributie.nl\/en\/product\/chronicles-of-crime-noir\/","og_locale":"en_GB","og_type":"article","og_title":"Chronicles of Crime: Noir","og_description":"Uitbreiding op het co\u00c3\u00b6peratieve spel over misdaadonderzoek Deze uitbreiding op het populaire spel \u00e2Chronicles of Crime\u00e2 speelt zich af in het duistere decor van het naoorlogse Los Angeles. Kruip in de huid van een priv\u00c3\u00a9detective en los verschillende misdrijven op. Scan verschillende locaties en voorwerpen, en ondervraag verdachten en medewerkers. Combineer alle verkregen gegevens op de juiste manier en vind de dader! In dit spannende spel worden digitale en analoge componenten gecombineerd, waardoor je met het speelmateriaal uit de verpakking ontelbare online verkrijgbare scenario\u00e2s kunt spelen. Het innovatieve \u00e2scan &amp; speel\u00e2-systeem zorgt voor oneindige variatie! Chronicles of Crime: Noir bevat 4 basisscenario\u00e2s. Om deze uitbreiding te kunnen spelen, is het Nederlandse basisspel \u00e2Chronicles of Crime\u00e2 en een smartphone vereist!","og_url":"https:\/\/www.meeplesdistributie.nl\/en\/product\/chronicles-of-crime-noir\/","og_site_name":"Meeples Distributie","article_publisher":"https:\/\/www.facebook.com\/meeplesb","article_modified_time":"2026-03-02T02:09:49+00:00","og_image":[{"width":646,"height":1280,"url":"https:\/\/www.meeplesdistributie.nl\/wp-content\/uploads\/2021\/09\/1100716434.png","type":"image\/png"}],"twitter_card":"summary_large_image","twitter_site":"@meeplesb","twitter_misc":{"Price":"&euro;17,34","Availability":"Out of stock"},"schema":{"@context":"https:\/\/schema.org","@graph":[{"@type":"WebPage","@id":"https:\/\/www.meeplesdistributie.nl\/product\/chronicles-of-crime-noir\/","url":"https:\/\/www.meeplesdistributie.nl\/product\/chronicles-of-crime-noir\/","name":"Chronicles of Crime: Noir - Meeples Distributie","isPartOf":{"@id":"https:\/\/www.meeplesdistributie.nl\/#website"},"primaryImageOfPage":{"@id":"https:\/\/www.meeplesdistributie.nl\/product\/chronicles-of-crime-noir\/#primaryimage"},"image":{"@id":"https:\/\/www.meeplesdistributie.nl\/product\/chronicles-of-crime-noir\/#primaryimage"},"thumbnailUrl":"https:\/\/www.meeplesdistributie.nl\/wp-content\/uploads\/2021\/09\/1100716434.png","datePublished":"2022-03-28T12:41:25+00:00","dateModified":"2026-03-02T02:09:49+00:00","description":"Uitbreiding op het co\u00c3\u00b6peratieve spel over misdaadonderzoek Deze uitbreiding op het populaire spel \u00e2Chronicles of Crime\u00e2 speelt zich af in het duistere decor van het naoorlogse Los Angeles. Kruip in de huid van een priv\u00c3\u00a9detective en los verschillende misdrijven op. Scan verschillende locaties en voorwerpen, en ondervraag verdachten en medewerkers. Combineer alle verkregen gegevens op de juiste manier en vind de dader! In dit spannende spel worden digitale en analoge componenten gecombineerd, waardoor je met het speelmateriaal uit de verpakking ontelbare online verkrijgbare scenario\u00e2s kunt spelen. Het innovatieve \u00e2scan &amp; speel\u00e2-systeem zorgt voor oneindige variatie! Chronicles of Crime: Noir bevat 4 basisscenario\u00e2s. Om deze uitbreiding te kunnen spelen, is het Nederlandse basisspel \u00e2Chronicles of Crime\u00e2 en een smartphone vereist!","breadcrumb":{"@id":"https:\/\/www.meeplesdistributie.nl\/product\/chronicles-of-crime-noir\/#breadcrumb"},"inLanguage":"en-GB","potentialAction":[{"@type":"ReadAction","target":["https:\/\/www.meeplesdistributie.nl\/product\/chronicles-of-crime-noir\/"]}]},{"@type":"ImageObject","inLanguage":"en-GB","@id":"https:\/\/www.meeplesdistributie.nl\/product\/chronicles-of-crime-noir\/#primaryimage","url":"https:\/\/www.meeplesdistributie.nl\/wp-content\/uploads\/2021\/09\/1100716434.png","contentUrl":"https:\/\/www.meeplesdistributie.nl\/wp-content\/uploads\/2021\/09\/1100716434.png","width":646,"height":1280},{"@type":"BreadcrumbList","@id":"https:\/\/www.meeplesdistributie.nl\/product\/chronicles-of-crime-noir\/#breadcrumb","itemListElement":[{"@type":"ListItem","position":1,"name":"Home","item":"https:\/\/www.meeplesdistributie.nl\/"},{"@type":"ListItem","position":2,"name":"Webshop","item":"https:\/\/www.meeplesdistributie.nl\/webshop\/"},{"@type":"ListItem","position":3,"name":"Chronicles of Crime: Noir"}]},{"@type":"WebSite","@id":"https:\/\/www.meeplesdistributie.nl\/#website","url":"https:\/\/www.meeplesdistributie.nl\/","name":"Meeples Distributie - Groep","description":"Welkom op de Meeples Distributie site | Jouw bordspellen groothandel","publisher":{"@id":"https:\/\/www.meeplesdistributie.nl\/#organization"},"potentialAction":[{"@type":"SearchAction","target":{"@type":"EntryPoint","urlTemplate":"https:\/\/www.meeplesdistributie.nl\/?s={search_term_string}"},"query-input":"required name=search_term_string"}],"inLanguage":"en-GB"},{"@type":"Organization","@id":"https:\/\/www.meeplesdistributie.nl\/#organization","name":"Meeples Distributie","url":"https:\/\/www.meeplesdistributie.nl\/","logo":{"@type":"ImageObject","inLanguage":"en-GB","@id":"https:\/\/www.meeplesdistributie.nl\/#\/schema\/logo\/image\/","url":"https:\/\/www.meeplesdistributie.nl\/wp-content\/uploads\/2021\/09\/2-1.png","contentUrl":"https:\/\/www.meeplesdistributie.nl\/wp-content\/uploads\/2021\/09\/2-1.png","width":1080,"height":1080,"caption":"Meeples Distributie"},"image":{"@id":"https:\/\/www.meeplesdistributie.nl\/#\/schema\/logo\/image\/"},"sameAs":["https:\/\/www.facebook.com\/meeplesb","https:\/\/x.com\/meeplesb","https:\/\/www.instagram.com\/meeples_bordspellen","https:\/\/www.linkedin.com\/company\/meeplesbordspellen","https:\/\/nl.pinterest.com\/meeplesbordspellen\/_created\/","https:\/\/www.youtube.com\/UCtRQUPN4QYmky2dvclaDh_Q"]}]},"product_price_amount":"17.34","product_price_currency":"EUR","og_availability":"out of stock","product_availability":"out of stock","product_retailer_item_id":"491","product_condition":"new"},"_links":{"self":[{"href":"https:\/\/www.meeplesdistributie.nl\/en\/wp-json\/wp\/v2\/product\/17250","targetHints":{"allow":["GET"]}}],"collection":[{"href":"https:\/\/www.meeplesdistributie.nl\/en\/wp-json\/wp\/v2\/product"}],"about":[{"href":"https:\/\/www.meeplesdistributie.nl\/en\/wp-json\/wp\/v2\/types\/product"}],"replies":[{"embeddable":true,"href":"https:\/\/www.meeplesdistributie.nl\/en\/wp-json\/wp\/v2\/comments?post=17250"}],"version-history":[{"count":12,"href":"https:\/\/www.meeplesdistributie.nl\/en\/wp-json\/wp\/v2\/product\/17250\/revisions"}],"predecessor-version":[{"id":49856,"href":"https:\/\/www.meeplesdistributie.nl\/en\/wp-json\/wp\/v2\/product\/17250\/revisions\/49856"}],"wp:featuredmedia":[{"embeddable":true,"href":"https:\/\/www.meeplesdistributie.nl\/en\/wp-json\/wp\/v2\/media\/3017"}],"wp:attachment":[{"href":"https:\/\/www.meeplesdistributie.nl\/en\/wp-json\/wp\/v2\/media?parent=17250"}],"wp:term":[{"taxonomy":"product_cat","embeddable":true,"href":"https:\/\/www.meeplesdistributie.nl\/en\/wp-json\/wp\/v2\/product_cat?post=17250"},{"taxonomy":"product_tag","embeddable":true,"href":"https:\/\/www.meeplesdistributie.nl\/en\/wp-json\/wp\/v2\/product_tag?post=17250"}],"curies":[{"name":"wp","href":"https:\/\/api.w.org\/{rel}","templated":true}]}}