{"id":17298,"date":"2022-03-28T14:42:38","date_gmt":"2022-03-28T12:42:38","guid":{"rendered":"https:\/\/www.meeplesdistributie.nl\/product\/de-kwakzalvers-van-kakelenburg-de-alchemisten-bordspel\/"},"modified":"2026-03-02T03:07:09","modified_gmt":"2026-03-02T02:07:09","slug":"de-kwakzalvers-van-kakelenburg-de-alchemisten-bordspel","status":"publish","type":"product","link":"https:\/\/www.meeplesdistributie.nl\/en\/product\/the-quacks-of-kakelenburg-the-alchemists-board-game\/","title":{"rendered":"The Quacks of Quedlinburg: The Alchemists"},"content":{"rendered":"<h2><strong>Productomschrijving De Kwakzalvers van Kakelenburg: De Alchemisten<\/strong><\/h2>\n<p>Expansion of the popular bag building game \u201cDe Kwakzalvers van Kakelenburg\u201d. The players, like alchemists, are visited by patients with strange diseases. At the beginning of the game they choose a patient to treat. Every patient needs a special essence as medicine. The players prepare this miracle drink in their alchemist&#039;s cauldron and receive special bonuses for doing so!<\/p>","protected":false},"excerpt":{"rendered":"<p>Expansion of the popular bag building game \u201cDe Kwakzalvers van Kakelenburg\u201d. The players, like alchemists, are visited by patients with strange diseases. At the beginning of the game they choose a patient to treat. Every patient needs a special essence as medicine. The players prepare this miracle drink in their alchemist&#039;s cauldron and receive special bonuses for doing so!<\/p>","protected":false},"featured_media":56139,"comment_status":"open","ping_status":"closed","template":"","meta":{"site-sidebar-layout":"","site-content-layout":"","ast-site-content-layout":"","site-content-style":"","site-sidebar-style":"","ast-global-header-display":"","ast-banner-title-visibility":"","ast-main-header-display":"","ast-hfb-above-header-display":"","ast-hfb-below-header-display":"","ast-hfb-mobile-header-display":"","site-post-title":"","ast-breadcrumbs-content":"","ast-featured-img":"","footer-sml-layout":"","theme-transparent-header-meta":"","adv-header-id-meta":"","stick-header-meta":"","header-above-stick-meta":"","header-main-stick-meta":"","header-below-stick-meta":"","astra-migrate-meta-layouts":"","ast-page-background-enabled":"default","ast-page-background-meta":{"desktop":{"background-color":"var(--ast-global-color-4)","background-image":"","background-repeat":"repeat","background-position":"center center","background-size":"auto","background-attachment":"scroll","background-type":"","background-media":"","overlay-type":"","overlay-color":"","overlay-gradient":""},"tablet":{"background-color":"","background-image":"","background-repeat":"repeat","background-position":"center center","background-size":"auto","background-attachment":"scroll","background-type":"","background-media":"","overlay-type":"","overlay-color":"","overlay-gradient":""},"mobile":{"background-color":"","background-image":"","background-repeat":"repeat","background-position":"center center","background-size":"auto","background-attachment":"scroll","background-type":"","background-media":"","overlay-type":"","overlay-color":"","overlay-gradient":""}},"ast-content-background-meta":{"desktop":{"background-color":"var(--ast-global-color-5)","background-image":"","background-repeat":"repeat","background-position":"center center","background-size":"auto","background-attachment":"scroll","background-type":"","background-media":"","overlay-type":"","overlay-color":"","overlay-gradient":""},"tablet":{"background-color":"var(--ast-global-color-5)","background-image":"","background-repeat":"repeat","background-position":"center center","background-size":"auto","background-attachment":"scroll","background-type":"","background-media":"","overlay-type":"","overlay-color":"","overlay-gradient":""},"mobile":{"background-color":"var(--ast-global-color-5)","background-image":"","background-repeat":"repeat","background-position":"center center","background-size":"auto","background-attachment":"scroll","background-type":"","background-media":"","overlay-type":"","overlay-color":"","overlay-gradient":""}}},"product_cat":[171],"product_tag":[],"class_list":{"0":"post-17298","1":"product","2":"type-product","3":"status-publish","4":"has-post-thumbnail","6":"product_cat-bordspellen","7":"desktop-align-left","8":"tablet-align-left","9":"mobile-align-left","10":"ast-product-gallery-layout-horizontal-slider","11":"ast-product-gallery-with-no-image","12":"ast-product-tabs-layout-accordion","13":"ast-qv-on-image","15":"first","16":"outofstock","17":"taxable","18":"shipping-taxable","19":"product-type-simple"},"yoast_head":"<!-- This site is optimized with the Yoast SEO Premium plugin v23.0 (Yoast SEO v23.0) - https:\/\/yoast.com\/wordpress\/plugins\/seo\/ -->\n<title>De Kwakzalvers van Kakelenburg: De Alchemisten - Meeples Distributie<\/title>\n<meta name=\"robots\" content=\"index, follow, max-snippet:-1, max-image-preview:large, max-video-preview:-1\" \/>\n<link rel=\"canonical\" href=\"https:\/\/www.meeplesdistributie.nl\/en\/product\/the-quacks-of-kakelenburg-the-alchemists-board-game\/\" \/>\n<meta property=\"og:locale\" content=\"en_GB\" \/>\n<meta property=\"og:type\" content=\"article\" \/>\n<meta property=\"og:title\" content=\"De Kwakzalvers van Kakelenburg: De Alchemisten\" \/>\n<meta property=\"og:description\" content=\"Uitbreiding op het populaire bagbuildingsspel \u201cDe Kwakzalvers van Kakelenburg\u201d. De spelers worden als alchemisten door pati\u00ebnten met wonderlijke ziektes bezocht. Aan het begin van het spel kiezen ze een pati\u00ebnt uit die ze gaan behandelen. Iedere pati\u00ebnt heeft als medicijn een speciale essentie nodig. De spelers bereiden deze wonderdrank in hun alchemistenketel en krijgen daar bijzondere bonussen voor!\" \/>\n<meta property=\"og:url\" content=\"https:\/\/www.meeplesdistributie.nl\/en\/product\/the-quacks-of-kakelenburg-the-alchemists-board-game\/\" \/>\n<meta property=\"og:site_name\" content=\"Meeples Distributie\" \/>\n<meta property=\"article:publisher\" content=\"https:\/\/www.facebook.com\/meeplesb\" \/>\n<meta property=\"article:modified_time\" content=\"2026-03-02T02:07:09+00:00\" \/>\n<meta property=\"og:image\" content=\"https:\/\/www.meeplesdistributie.nl\/wp-content\/uploads\/2021\/09\/1552653392.png\" \/>\n\t<meta property=\"og:image:width\" content=\"500\" \/>\n\t<meta property=\"og:image:height\" content=\"500\" \/>\n\t<meta property=\"og:image:type\" content=\"image\/png\" \/>\n<meta name=\"twitter:card\" content=\"summary_large_image\" \/>\n<meta name=\"twitter:site\" content=\"@meeplesb\" \/>\n<meta name=\"twitter:label1\" content=\"Price\" \/>\n\t<meta name=\"twitter:data1\" content=\"&euro;17,52\" \/>\n\t<meta name=\"twitter:label2\" content=\"Availability\" \/>\n\t<meta name=\"twitter:data2\" content=\"Out of stock\" \/>\n<script type=\"application\/ld+json\" class=\"yoast-schema-graph\">{\"@context\":\"https:\/\/schema.org\",\"@graph\":[{\"@type\":\"WebPage\",\"@id\":\"https:\/\/www.meeplesdistributie.nl\/product\/de-kwakzalvers-van-kakelenburg-de-alchemisten-bordspel\/\",\"url\":\"https:\/\/www.meeplesdistributie.nl\/product\/de-kwakzalvers-van-kakelenburg-de-alchemisten-bordspel\/\",\"name\":\"De Kwakzalvers van Kakelenburg: De Alchemisten - Meeples Distributie\",\"isPartOf\":{\"@id\":\"https:\/\/www.meeplesdistributie.nl\/#website\"},\"primaryImageOfPage\":{\"@id\":\"https:\/\/www.meeplesdistributie.nl\/product\/de-kwakzalvers-van-kakelenburg-de-alchemisten-bordspel\/#primaryimage\"},\"image\":{\"@id\":\"https:\/\/www.meeplesdistributie.nl\/product\/de-kwakzalvers-van-kakelenburg-de-alchemisten-bordspel\/#primaryimage\"},\"thumbnailUrl\":\"https:\/\/www.meeplesdistributie.nl\/wp-content\/uploads\/2024\/05\/De-Kwakzalvers-van-Kakelenburg_De-Alchemisten_L.png\",\"datePublished\":\"2022-03-28T12:42:38+00:00\",\"dateModified\":\"2026-03-02T02:07:09+00:00\",\"breadcrumb\":{\"@id\":\"https:\/\/www.meeplesdistributie.nl\/product\/de-kwakzalvers-van-kakelenburg-de-alchemisten-bordspel\/#breadcrumb\"},\"inLanguage\":\"en-GB\",\"potentialAction\":[{\"@type\":\"ReadAction\",\"target\":[\"https:\/\/www.meeplesdistributie.nl\/product\/de-kwakzalvers-van-kakelenburg-de-alchemisten-bordspel\/\"]}]},{\"@type\":\"ImageObject\",\"inLanguage\":\"en-GB\",\"@id\":\"https:\/\/www.meeplesdistributie.nl\/product\/de-kwakzalvers-van-kakelenburg-de-alchemisten-bordspel\/#primaryimage\",\"url\":\"https:\/\/www.meeplesdistributie.nl\/wp-content\/uploads\/2024\/05\/De-Kwakzalvers-van-Kakelenburg_De-Alchemisten_L.png\",\"contentUrl\":\"https:\/\/www.meeplesdistributie.nl\/wp-content\/uploads\/2024\/05\/De-Kwakzalvers-van-Kakelenburg_De-Alchemisten_L.png\",\"width\":680,\"height\":680},{\"@type\":\"BreadcrumbList\",\"@id\":\"https:\/\/www.meeplesdistributie.nl\/product\/de-kwakzalvers-van-kakelenburg-de-alchemisten-bordspel\/#breadcrumb\",\"itemListElement\":[{\"@type\":\"ListItem\",\"position\":1,\"name\":\"Home\",\"item\":\"https:\/\/www.meeplesdistributie.nl\/\"},{\"@type\":\"ListItem\",\"position\":2,\"name\":\"Webshop\",\"item\":\"https:\/\/www.meeplesdistributie.nl\/webshop\/\"},{\"@type\":\"ListItem\",\"position\":3,\"name\":\"De Kwakzalvers van Kakelenburg: De Alchemisten\"}]},{\"@type\":\"WebSite\",\"@id\":\"https:\/\/www.meeplesdistributie.nl\/#website\",\"url\":\"https:\/\/www.meeplesdistributie.nl\/\",\"name\":\"Meeples Distributie - Groep\",\"description\":\"Welkom op de Meeples Distributie site | Jouw bordspellen groothandel\",\"publisher\":{\"@id\":\"https:\/\/www.meeplesdistributie.nl\/#organization\"},\"potentialAction\":[{\"@type\":\"SearchAction\",\"target\":{\"@type\":\"EntryPoint\",\"urlTemplate\":\"https:\/\/www.meeplesdistributie.nl\/?s={search_term_string}\"},\"query-input\":\"required name=search_term_string\"}],\"inLanguage\":\"en-GB\"},{\"@type\":\"Organization\",\"@id\":\"https:\/\/www.meeplesdistributie.nl\/#organization\",\"name\":\"Meeples Distributie\",\"url\":\"https:\/\/www.meeplesdistributie.nl\/\",\"logo\":{\"@type\":\"ImageObject\",\"inLanguage\":\"en-GB\",\"@id\":\"https:\/\/www.meeplesdistributie.nl\/#\/schema\/logo\/image\/\",\"url\":\"https:\/\/www.meeplesdistributie.nl\/wp-content\/uploads\/2021\/09\/2-1.png\",\"contentUrl\":\"https:\/\/www.meeplesdistributie.nl\/wp-content\/uploads\/2021\/09\/2-1.png\",\"width\":1080,\"height\":1080,\"caption\":\"Meeples Distributie\"},\"image\":{\"@id\":\"https:\/\/www.meeplesdistributie.nl\/#\/schema\/logo\/image\/\"},\"sameAs\":[\"https:\/\/www.facebook.com\/meeplesb\",\"https:\/\/x.com\/meeplesb\",\"https:\/\/www.instagram.com\/meeples_bordspellen\",\"https:\/\/www.linkedin.com\/company\/meeplesbordspellen\",\"https:\/\/nl.pinterest.com\/meeplesbordspellen\/_created\/\",\"https:\/\/www.youtube.com\/UCtRQUPN4QYmky2dvclaDh_Q\"]}]}<\/script>\n<meta property=\"product:price:amount\" content=\"17.52\" \/>\n<meta property=\"product:price:currency\" content=\"EUR\" \/>\n<meta property=\"og:availability\" content=\"out of stock\" \/>\n<meta property=\"product:availability\" content=\"out of stock\" \/>\n<meta property=\"product:retailer_item_id\" content=\"1263\" \/>\n<meta property=\"product:condition\" content=\"new\" \/>\n<!-- \/ Yoast SEO Premium plugin. -->","yoast_head_json":{"title":"De Kwakzalvers van Kakelenburg: De Alchemisten - Meeples Distributie","robots":{"index":"index","follow":"follow","max-snippet":"max-snippet:-1","max-image-preview":"max-image-preview:large","max-video-preview":"max-video-preview:-1"},"canonical":"https:\/\/www.meeplesdistributie.nl\/en\/product\/the-quacks-of-kakelenburg-the-alchemists-board-game\/","og_locale":"en_GB","og_type":"article","og_title":"De Kwakzalvers van Kakelenburg: De Alchemisten","og_description":"Uitbreiding op het populaire bagbuildingsspel \u201cDe Kwakzalvers van Kakelenburg\u201d. De spelers worden als alchemisten door pati\u00ebnten met wonderlijke ziektes bezocht. Aan het begin van het spel kiezen ze een pati\u00ebnt uit die ze gaan behandelen. Iedere pati\u00ebnt heeft als medicijn een speciale essentie nodig. De spelers bereiden deze wonderdrank in hun alchemistenketel en krijgen daar bijzondere bonussen voor!","og_url":"https:\/\/www.meeplesdistributie.nl\/en\/product\/the-quacks-of-kakelenburg-the-alchemists-board-game\/","og_site_name":"Meeples Distributie","article_publisher":"https:\/\/www.facebook.com\/meeplesb","article_modified_time":"2026-03-02T02:07:09+00:00","og_image":[{"width":500,"height":500,"url":"https:\/\/www.meeplesdistributie.nl\/wp-content\/uploads\/2021\/09\/1552653392.png","type":"image\/png"}],"twitter_card":"summary_large_image","twitter_site":"@meeplesb","twitter_misc":{"Price":"&euro;17,52","Availability":"Out of stock"},"schema":{"@context":"https:\/\/schema.org","@graph":[{"@type":"WebPage","@id":"https:\/\/www.meeplesdistributie.nl\/product\/de-kwakzalvers-van-kakelenburg-de-alchemisten-bordspel\/","url":"https:\/\/www.meeplesdistributie.nl\/product\/de-kwakzalvers-van-kakelenburg-de-alchemisten-bordspel\/","name":"De Kwakzalvers van Kakelenburg: De Alchemisten - Meeples Distributie","isPartOf":{"@id":"https:\/\/www.meeplesdistributie.nl\/#website"},"primaryImageOfPage":{"@id":"https:\/\/www.meeplesdistributie.nl\/product\/de-kwakzalvers-van-kakelenburg-de-alchemisten-bordspel\/#primaryimage"},"image":{"@id":"https:\/\/www.meeplesdistributie.nl\/product\/de-kwakzalvers-van-kakelenburg-de-alchemisten-bordspel\/#primaryimage"},"thumbnailUrl":"https:\/\/www.meeplesdistributie.nl\/wp-content\/uploads\/2024\/05\/De-Kwakzalvers-van-Kakelenburg_De-Alchemisten_L.png","datePublished":"2022-03-28T12:42:38+00:00","dateModified":"2026-03-02T02:07:09+00:00","breadcrumb":{"@id":"https:\/\/www.meeplesdistributie.nl\/product\/de-kwakzalvers-van-kakelenburg-de-alchemisten-bordspel\/#breadcrumb"},"inLanguage":"en-GB","potentialAction":[{"@type":"ReadAction","target":["https:\/\/www.meeplesdistributie.nl\/product\/de-kwakzalvers-van-kakelenburg-de-alchemisten-bordspel\/"]}]},{"@type":"ImageObject","inLanguage":"en-GB","@id":"https:\/\/www.meeplesdistributie.nl\/product\/de-kwakzalvers-van-kakelenburg-de-alchemisten-bordspel\/#primaryimage","url":"https:\/\/www.meeplesdistributie.nl\/wp-content\/uploads\/2024\/05\/De-Kwakzalvers-van-Kakelenburg_De-Alchemisten_L.png","contentUrl":"https:\/\/www.meeplesdistributie.nl\/wp-content\/uploads\/2024\/05\/De-Kwakzalvers-van-Kakelenburg_De-Alchemisten_L.png","width":680,"height":680},{"@type":"BreadcrumbList","@id":"https:\/\/www.meeplesdistributie.nl\/product\/de-kwakzalvers-van-kakelenburg-de-alchemisten-bordspel\/#breadcrumb","itemListElement":[{"@type":"ListItem","position":1,"name":"Home","item":"https:\/\/www.meeplesdistributie.nl\/"},{"@type":"ListItem","position":2,"name":"Webshop","item":"https:\/\/www.meeplesdistributie.nl\/webshop\/"},{"@type":"ListItem","position":3,"name":"De Kwakzalvers van Kakelenburg: De Alchemisten"}]},{"@type":"WebSite","@id":"https:\/\/www.meeplesdistributie.nl\/#website","url":"https:\/\/www.meeplesdistributie.nl\/","name":"Meeples Distributie - Groep","description":"Welkom op de Meeples Distributie site | Jouw bordspellen groothandel","publisher":{"@id":"https:\/\/www.meeplesdistributie.nl\/#organization"},"potentialAction":[{"@type":"SearchAction","target":{"@type":"EntryPoint","urlTemplate":"https:\/\/www.meeplesdistributie.nl\/?s={search_term_string}"},"query-input":"required name=search_term_string"}],"inLanguage":"en-GB"},{"@type":"Organization","@id":"https:\/\/www.meeplesdistributie.nl\/#organization","name":"Meeples Distributie","url":"https:\/\/www.meeplesdistributie.nl\/","logo":{"@type":"ImageObject","inLanguage":"en-GB","@id":"https:\/\/www.meeplesdistributie.nl\/#\/schema\/logo\/image\/","url":"https:\/\/www.meeplesdistributie.nl\/wp-content\/uploads\/2021\/09\/2-1.png","contentUrl":"https:\/\/www.meeplesdistributie.nl\/wp-content\/uploads\/2021\/09\/2-1.png","width":1080,"height":1080,"caption":"Meeples Distributie"},"image":{"@id":"https:\/\/www.meeplesdistributie.nl\/#\/schema\/logo\/image\/"},"sameAs":["https:\/\/www.facebook.com\/meeplesb","https:\/\/x.com\/meeplesb","https:\/\/www.instagram.com\/meeples_bordspellen","https:\/\/www.linkedin.com\/company\/meeplesbordspellen","https:\/\/nl.pinterest.com\/meeplesbordspellen\/_created\/","https:\/\/www.youtube.com\/UCtRQUPN4QYmky2dvclaDh_Q"]}]},"product_price_amount":"17.52","product_price_currency":"EUR","og_availability":"out of stock","product_availability":"out of stock","product_retailer_item_id":"1263","product_condition":"new"},"_links":{"self":[{"href":"https:\/\/www.meeplesdistributie.nl\/en\/wp-json\/wp\/v2\/product\/17298","targetHints":{"allow":["GET"]}}],"collection":[{"href":"https:\/\/www.meeplesdistributie.nl\/en\/wp-json\/wp\/v2\/product"}],"about":[{"href":"https:\/\/www.meeplesdistributie.nl\/en\/wp-json\/wp\/v2\/types\/product"}],"replies":[{"embeddable":true,"href":"https:\/\/www.meeplesdistributie.nl\/en\/wp-json\/wp\/v2\/comments?post=17298"}],"version-history":[{"count":14,"href":"https:\/\/www.meeplesdistributie.nl\/en\/wp-json\/wp\/v2\/product\/17298\/revisions"}],"predecessor-version":[{"id":56140,"href":"https:\/\/www.meeplesdistributie.nl\/en\/wp-json\/wp\/v2\/product\/17298\/revisions\/56140"}],"wp:featuredmedia":[{"embeddable":true,"href":"https:\/\/www.meeplesdistributie.nl\/en\/wp-json\/wp\/v2\/media\/56139"}],"wp:attachment":[{"href":"https:\/\/www.meeplesdistributie.nl\/en\/wp-json\/wp\/v2\/media?parent=17298"}],"wp:term":[{"taxonomy":"product_cat","embeddable":true,"href":"https:\/\/www.meeplesdistributie.nl\/en\/wp-json\/wp\/v2\/product_cat?post=17298"},{"taxonomy":"product_tag","embeddable":true,"href":"https:\/\/www.meeplesdistributie.nl\/en\/wp-json\/wp\/v2\/product_tag?post=17298"}],"curies":[{"name":"wp","href":"https:\/\/api.w.org\/{rel}","templated":true}]}}