{"id":17330,"date":"2022-03-28T14:43:00","date_gmt":"2022-03-28T12:43:00","guid":{"rendered":"https:\/\/www.meeplesdistributie.nl\/product\/dodelijke-dilemmas-trial-by-trolley\/"},"modified":"2026-03-02T03:03:40","modified_gmt":"2026-03-02T02:03:40","slug":"dodelijke-dilemmas-trial-by-trolley","status":"publish","type":"product","link":"https:\/\/www.meeplesdistributie.nl\/en\/product\/deadly-dilemmas-trial-by-trolley\/","title":{"rendered":"Deadly Dilemmas (Trial by Trolley)"},"content":{"rendered":"<p>A train track, a runaway tram and a switch in the distance. Unfortunately, both tracks are busy, and a collision is therefore inevitable. The question is: which track do you choose?<\/p>\n<p>Deadly Dilemmas is a game full of black humor for 3-13 players. One player is the conductor and must choose which direction to send his runaway, murderous tram. The other players play their cards and argue to convince the conductor to spare their lives and sentence everyone on the other track to a gruesome death sentence. At their own trail they place benign creatures such as a lonely kitten that has just been adopted. they put a devilish character on the other track. Robot Hitler, for example.<br \/>It is up to the conductor, as judge\/executioner, to pass judgment on this Deadly Dilemma and decide which track will be murdered. The team that laid the tram rails that were saved wins the round!<\/p>\n<p>The game contains 500 cards, including the guilty and innocent track parts and cards with interesting plot twists such as &quot;his ghost will always haunt you&quot; that make the dilemmas even more difficult.<br \/>Dutch speaking!<\/p>\n<p>Number of players: 3-14<br \/>Best with: 5-9<br \/>Time: 15 minutes<br \/>Age: 16+<br \/>Language: Dutch<br \/>Complexity: Simple<br \/>Dicetower Judgment: None<br \/>Legacy: No<br \/>Co-op: No<\/p>","protected":false},"excerpt":{"rendered":"<p>Party game full of moral issues and tram accidents.<\/p>","protected":false},"featured_media":3094,"comment_status":"open","ping_status":"closed","template":"","meta":{"site-sidebar-layout":"default","site-content-layout":"","ast-site-content-layout":"","site-content-style":"default","site-sidebar-style":"default","ast-global-header-display":"","ast-banner-title-visibility":"","ast-main-header-display":"","ast-hfb-above-header-display":"","ast-hfb-below-header-display":"","ast-hfb-mobile-header-display":"","site-post-title":"","ast-breadcrumbs-content":"","ast-featured-img":"","footer-sml-layout":"","theme-transparent-header-meta":"","adv-header-id-meta":"","stick-header-meta":"","header-above-stick-meta":"","header-main-stick-meta":"","header-below-stick-meta":"","astra-migrate-meta-layouts":"default","ast-page-background-enabled":"default","ast-page-background-meta":{"desktop":{"background-color":"var(--ast-global-color-4)","background-image":"","background-repeat":"repeat","background-position":"center center","background-size":"auto","background-attachment":"scroll","background-type":"","background-media":"","overlay-type":"","overlay-color":"","overlay-gradient":""},"tablet":{"background-color":"","background-image":"","background-repeat":"repeat","background-position":"center center","background-size":"auto","background-attachment":"scroll","background-type":"","background-media":"","overlay-type":"","overlay-color":"","overlay-gradient":""},"mobile":{"background-color":"","background-image":"","background-repeat":"repeat","background-position":"center center","background-size":"auto","background-attachment":"scroll","background-type":"","background-media":"","overlay-type":"","overlay-color":"","overlay-gradient":""}},"ast-content-background-meta":{"desktop":{"background-color":"var(--ast-global-color-5)","background-image":"","background-repeat":"repeat","background-position":"center center","background-size":"auto","background-attachment":"scroll","background-type":"","background-media":"","overlay-type":"","overlay-color":"","overlay-gradient":""},"tablet":{"background-color":"var(--ast-global-color-5)","background-image":"","background-repeat":"repeat","background-position":"center center","background-size":"auto","background-attachment":"scroll","background-type":"","background-media":"","overlay-type":"","overlay-color":"","overlay-gradient":""},"mobile":{"background-color":"var(--ast-global-color-5)","background-image":"","background-repeat":"repeat","background-position":"center center","background-size":"auto","background-attachment":"scroll","background-type":"","background-media":"","overlay-type":"","overlay-color":"","overlay-gradient":""}}},"product_cat":[43],"product_tag":[],"class_list":{"0":"post-17330","1":"product","2":"type-product","3":"status-publish","4":"has-post-thumbnail","6":"product_cat-bordspel","7":"desktop-align-left","8":"tablet-align-left","9":"mobile-align-left","10":"ast-product-gallery-layout-horizontal-slider","11":"ast-product-gallery-with-no-image","12":"ast-product-tabs-layout-accordion","13":"ast-qv-on-image","15":"first","16":"outofstock","17":"taxable","18":"shipping-taxable","19":"product-type-simple"},"yoast_head":"<!-- This site is optimized with the Yoast SEO Premium plugin v23.0 (Yoast SEO v23.0) - https:\/\/yoast.com\/wordpress\/plugins\/seo\/ -->\n<title>Dodelijke Dilemma&#039;s (Trial by Trolley) - Meeples Distributie<\/title>\n<meta name=\"description\" content=\"Een treinspoor, een op hol geslagen tram en in de verte een wissel. Helaas, op allebei de sporen is het druk, en een botsing is dan ook onvermijdelijk. De vraag is: welk spoor kies je. Dodelijke Dilemma\u00e2s is een spel boordevol zwarte humor voor 3-13 spelers. E\u00c3\u00a9n speler is de conducteur en moet kiezen in welke richting hij zijn op hol geslagen, moordzuchtige tram heen stuurt. De andere spelers spelen hun kaarten en ruzi\u00c3\u00abn om de conducteur te overtuigen hun leven te sparen en iedereen op het andere spoor te veroordelen tot een gruwelijke terdoodveroordeling. Bij hun eigen spoor leggen ze goedaardige schepsels zoals een eenzaam katje dat net is geadopteerd. leggen ze aan het andere spoor een duivels karakter. Robot Hitler bijvoorbeeld. Het is aan de conducteur om als rechter\/beul een oordeel te vellen over dit Dodelijke Dilemma en te beslissen welk spoor wordt vermoord. Het team dat de tramrails heeft gelegd die gespaard is, wint de ronde! Het spel bevat 500 kaarten, waaronder de schuldige en onschuldige spoordelen en kaarten met interessante plotwendingen als \u00e2zijn geest zal je altijd blijven achtervolgen\u00e2 die de dilemma\u00e2s n\u00c3\u00b3g moeilijker maken. Nederlandstalig!\" \/>\n<meta name=\"robots\" content=\"index, follow, max-snippet:-1, max-image-preview:large, max-video-preview:-1\" \/>\n<link rel=\"canonical\" href=\"https:\/\/www.meeplesdistributie.nl\/en\/product\/deadly-dilemmas-trial-by-trolley\/\" \/>\n<meta property=\"og:locale\" content=\"en_GB\" \/>\n<meta property=\"og:type\" content=\"article\" \/>\n<meta property=\"og:title\" content=\"Dodelijke Dilemma&#039;s (Trial by Trolley)\" \/>\n<meta property=\"og:description\" content=\"Een treinspoor, een op hol geslagen tram en in de verte een wissel. Helaas, op allebei de sporen is het druk, en een botsing is dan ook onvermijdelijk. De vraag is: welk spoor kies je. Dodelijke Dilemma\u00e2s is een spel boordevol zwarte humor voor 3-13 spelers. E\u00c3\u00a9n speler is de conducteur en moet kiezen in welke richting hij zijn op hol geslagen, moordzuchtige tram heen stuurt. De andere spelers spelen hun kaarten en ruzi\u00c3\u00abn om de conducteur te overtuigen hun leven te sparen en iedereen op het andere spoor te veroordelen tot een gruwelijke terdoodveroordeling. Bij hun eigen spoor leggen ze goedaardige schepsels zoals een eenzaam katje dat net is geadopteerd. leggen ze aan het andere spoor een duivels karakter. Robot Hitler bijvoorbeeld. Het is aan de conducteur om als rechter\/beul een oordeel te vellen over dit Dodelijke Dilemma en te beslissen welk spoor wordt vermoord. Het team dat de tramrails heeft gelegd die gespaard is, wint de ronde! Het spel bevat 500 kaarten, waaronder de schuldige en onschuldige spoordelen en kaarten met interessante plotwendingen als \u00e2zijn geest zal je altijd blijven achtervolgen\u00e2 die de dilemma\u00e2s n\u00c3\u00b3g moeilijker maken. Nederlandstalig!\" \/>\n<meta property=\"og:url\" content=\"https:\/\/www.meeplesdistributie.nl\/en\/product\/deadly-dilemmas-trial-by-trolley\/\" \/>\n<meta property=\"og:site_name\" content=\"Meeples Distributie\" \/>\n<meta property=\"article:publisher\" content=\"https:\/\/www.facebook.com\/meeplesb\" \/>\n<meta property=\"article:modified_time\" content=\"2026-03-02T02:03:40+00:00\" \/>\n<meta property=\"og:image\" content=\"https:\/\/www.meeplesdistributie.nl\/wp-content\/uploads\/2021\/09\/1414184956.png\" \/>\n\t<meta property=\"og:image:width\" content=\"700\" \/>\n\t<meta property=\"og:image:height\" content=\"369\" \/>\n\t<meta property=\"og:image:type\" content=\"image\/png\" \/>\n<meta name=\"twitter:card\" content=\"summary_large_image\" \/>\n<meta name=\"twitter:site\" content=\"@meeplesb\" \/>\n<meta name=\"twitter:label1\" content=\"Price\" \/>\n\t<meta name=\"twitter:data1\" content=\"&euro;17,34\" \/>\n\t<meta name=\"twitter:label2\" content=\"Availability\" \/>\n\t<meta name=\"twitter:data2\" content=\"Out of stock\" \/>\n<script type=\"application\/ld+json\" class=\"yoast-schema-graph\">{\"@context\":\"https:\/\/schema.org\",\"@graph\":[{\"@type\":\"WebPage\",\"@id\":\"https:\/\/www.meeplesdistributie.nl\/product\/dodelijke-dilemmas-trial-by-trolley\/\",\"url\":\"https:\/\/www.meeplesdistributie.nl\/product\/dodelijke-dilemmas-trial-by-trolley\/\",\"name\":\"Dodelijke Dilemma's (Trial by Trolley) - Meeples Distributie\",\"isPartOf\":{\"@id\":\"https:\/\/www.meeplesdistributie.nl\/#website\"},\"primaryImageOfPage\":{\"@id\":\"https:\/\/www.meeplesdistributie.nl\/product\/dodelijke-dilemmas-trial-by-trolley\/#primaryimage\"},\"image\":{\"@id\":\"https:\/\/www.meeplesdistributie.nl\/product\/dodelijke-dilemmas-trial-by-trolley\/#primaryimage\"},\"thumbnailUrl\":\"https:\/\/www.meeplesdistributie.nl\/wp-content\/uploads\/2021\/09\/1414184956.png\",\"datePublished\":\"2022-03-28T12:43:00+00:00\",\"dateModified\":\"2026-03-02T02:03:40+00:00\",\"description\":\"Een treinspoor, een op hol geslagen tram en in de verte een wissel. Helaas, op allebei de sporen is het druk, en een botsing is dan ook onvermijdelijk. De vraag is: welk spoor kies je. Dodelijke Dilemma\u00e2s is een spel boordevol zwarte humor voor 3-13 spelers. E\u00c3\u00a9n speler is de conducteur en moet kiezen in welke richting hij zijn op hol geslagen, moordzuchtige tram heen stuurt. De andere spelers spelen hun kaarten en ruzi\u00c3\u00abn om de conducteur te overtuigen hun leven te sparen en iedereen op het andere spoor te veroordelen tot een gruwelijke terdoodveroordeling. Bij hun eigen spoor leggen ze goedaardige schepsels zoals een eenzaam katje dat net is geadopteerd. leggen ze aan het andere spoor een duivels karakter. Robot Hitler bijvoorbeeld. Het is aan de conducteur om als rechter\/beul een oordeel te vellen over dit Dodelijke Dilemma en te beslissen welk spoor wordt vermoord. Het team dat de tramrails heeft gelegd die gespaard is, wint de ronde! Het spel bevat 500 kaarten, waaronder de schuldige en onschuldige spoordelen en kaarten met interessante plotwendingen als \u00e2zijn geest zal je altijd blijven achtervolgen\u00e2 die de dilemma\u00e2s n\u00c3\u00b3g moeilijker maken. Nederlandstalig!\",\"breadcrumb\":{\"@id\":\"https:\/\/www.meeplesdistributie.nl\/product\/dodelijke-dilemmas-trial-by-trolley\/#breadcrumb\"},\"inLanguage\":\"en-GB\",\"potentialAction\":[{\"@type\":\"ReadAction\",\"target\":[\"https:\/\/www.meeplesdistributie.nl\/product\/dodelijke-dilemmas-trial-by-trolley\/\"]}]},{\"@type\":\"ImageObject\",\"inLanguage\":\"en-GB\",\"@id\":\"https:\/\/www.meeplesdistributie.nl\/product\/dodelijke-dilemmas-trial-by-trolley\/#primaryimage\",\"url\":\"https:\/\/www.meeplesdistributie.nl\/wp-content\/uploads\/2021\/09\/1414184956.png\",\"contentUrl\":\"https:\/\/www.meeplesdistributie.nl\/wp-content\/uploads\/2021\/09\/1414184956.png\",\"width\":700,\"height\":369},{\"@type\":\"BreadcrumbList\",\"@id\":\"https:\/\/www.meeplesdistributie.nl\/product\/dodelijke-dilemmas-trial-by-trolley\/#breadcrumb\",\"itemListElement\":[{\"@type\":\"ListItem\",\"position\":1,\"name\":\"Home\",\"item\":\"https:\/\/www.meeplesdistributie.nl\/\"},{\"@type\":\"ListItem\",\"position\":2,\"name\":\"Webshop\",\"item\":\"https:\/\/www.meeplesdistributie.nl\/webshop\/\"},{\"@type\":\"ListItem\",\"position\":3,\"name\":\"Dodelijke Dilemma&#8217;s (Trial by Trolley)\"}]},{\"@type\":\"WebSite\",\"@id\":\"https:\/\/www.meeplesdistributie.nl\/#website\",\"url\":\"https:\/\/www.meeplesdistributie.nl\/\",\"name\":\"Meeples Distributie - Groep\",\"description\":\"Welkom op de Meeples Distributie site | Jouw bordspellen groothandel\",\"publisher\":{\"@id\":\"https:\/\/www.meeplesdistributie.nl\/#organization\"},\"potentialAction\":[{\"@type\":\"SearchAction\",\"target\":{\"@type\":\"EntryPoint\",\"urlTemplate\":\"https:\/\/www.meeplesdistributie.nl\/?s={search_term_string}\"},\"query-input\":\"required name=search_term_string\"}],\"inLanguage\":\"en-GB\"},{\"@type\":\"Organization\",\"@id\":\"https:\/\/www.meeplesdistributie.nl\/#organization\",\"name\":\"Meeples Distributie\",\"url\":\"https:\/\/www.meeplesdistributie.nl\/\",\"logo\":{\"@type\":\"ImageObject\",\"inLanguage\":\"en-GB\",\"@id\":\"https:\/\/www.meeplesdistributie.nl\/#\/schema\/logo\/image\/\",\"url\":\"https:\/\/www.meeplesdistributie.nl\/wp-content\/uploads\/2021\/09\/2-1.png\",\"contentUrl\":\"https:\/\/www.meeplesdistributie.nl\/wp-content\/uploads\/2021\/09\/2-1.png\",\"width\":1080,\"height\":1080,\"caption\":\"Meeples Distributie\"},\"image\":{\"@id\":\"https:\/\/www.meeplesdistributie.nl\/#\/schema\/logo\/image\/\"},\"sameAs\":[\"https:\/\/www.facebook.com\/meeplesb\",\"https:\/\/x.com\/meeplesb\",\"https:\/\/www.instagram.com\/meeples_bordspellen\",\"https:\/\/www.linkedin.com\/company\/meeplesbordspellen\",\"https:\/\/nl.pinterest.com\/meeplesbordspellen\/_created\/\",\"https:\/\/www.youtube.com\/UCtRQUPN4QYmky2dvclaDh_Q\"]}]}<\/script>\n<meta property=\"product:price:amount\" content=\"17.34\" \/>\n<meta property=\"product:price:currency\" content=\"EUR\" \/>\n<meta property=\"og:availability\" content=\"out of stock\" \/>\n<meta property=\"product:availability\" content=\"out of stock\" \/>\n<meta property=\"product:retailer_item_id\" content=\"917\" \/>\n<meta property=\"product:condition\" content=\"new\" \/>\n<!-- \/ Yoast SEO Premium plugin. -->","yoast_head_json":{"title":"Dodelijke Dilemma's (Trial by Trolley) - Meeples Distributie","description":"Een treinspoor, een op hol geslagen tram en in de verte een wissel. Helaas, op allebei de sporen is het druk, en een botsing is dan ook onvermijdelijk. De vraag is: welk spoor kies je. Dodelijke Dilemma\u00e2s is een spel boordevol zwarte humor voor 3-13 spelers. E\u00c3\u00a9n speler is de conducteur en moet kiezen in welke richting hij zijn op hol geslagen, moordzuchtige tram heen stuurt. De andere spelers spelen hun kaarten en ruzi\u00c3\u00abn om de conducteur te overtuigen hun leven te sparen en iedereen op het andere spoor te veroordelen tot een gruwelijke terdoodveroordeling. Bij hun eigen spoor leggen ze goedaardige schepsels zoals een eenzaam katje dat net is geadopteerd. leggen ze aan het andere spoor een duivels karakter. Robot Hitler bijvoorbeeld. Het is aan de conducteur om als rechter\/beul een oordeel te vellen over dit Dodelijke Dilemma en te beslissen welk spoor wordt vermoord. Het team dat de tramrails heeft gelegd die gespaard is, wint de ronde! Het spel bevat 500 kaarten, waaronder de schuldige en onschuldige spoordelen en kaarten met interessante plotwendingen als \u00e2zijn geest zal je altijd blijven achtervolgen\u00e2 die de dilemma\u00e2s n\u00c3\u00b3g moeilijker maken. Nederlandstalig!","robots":{"index":"index","follow":"follow","max-snippet":"max-snippet:-1","max-image-preview":"max-image-preview:large","max-video-preview":"max-video-preview:-1"},"canonical":"https:\/\/www.meeplesdistributie.nl\/en\/product\/deadly-dilemmas-trial-by-trolley\/","og_locale":"en_GB","og_type":"article","og_title":"Dodelijke Dilemma's (Trial by Trolley)","og_description":"Een treinspoor, een op hol geslagen tram en in de verte een wissel. Helaas, op allebei de sporen is het druk, en een botsing is dan ook onvermijdelijk. De vraag is: welk spoor kies je. Dodelijke Dilemma\u00e2s is een spel boordevol zwarte humor voor 3-13 spelers. E\u00c3\u00a9n speler is de conducteur en moet kiezen in welke richting hij zijn op hol geslagen, moordzuchtige tram heen stuurt. De andere spelers spelen hun kaarten en ruzi\u00c3\u00abn om de conducteur te overtuigen hun leven te sparen en iedereen op het andere spoor te veroordelen tot een gruwelijke terdoodveroordeling. Bij hun eigen spoor leggen ze goedaardige schepsels zoals een eenzaam katje dat net is geadopteerd. leggen ze aan het andere spoor een duivels karakter. Robot Hitler bijvoorbeeld. Het is aan de conducteur om als rechter\/beul een oordeel te vellen over dit Dodelijke Dilemma en te beslissen welk spoor wordt vermoord. Het team dat de tramrails heeft gelegd die gespaard is, wint de ronde! Het spel bevat 500 kaarten, waaronder de schuldige en onschuldige spoordelen en kaarten met interessante plotwendingen als \u00e2zijn geest zal je altijd blijven achtervolgen\u00e2 die de dilemma\u00e2s n\u00c3\u00b3g moeilijker maken. Nederlandstalig!","og_url":"https:\/\/www.meeplesdistributie.nl\/en\/product\/deadly-dilemmas-trial-by-trolley\/","og_site_name":"Meeples Distributie","article_publisher":"https:\/\/www.facebook.com\/meeplesb","article_modified_time":"2026-03-02T02:03:40+00:00","og_image":[{"width":700,"height":369,"url":"https:\/\/www.meeplesdistributie.nl\/wp-content\/uploads\/2021\/09\/1414184956.png","type":"image\/png"}],"twitter_card":"summary_large_image","twitter_site":"@meeplesb","twitter_misc":{"Price":"&euro;17,34","Availability":"Out of stock"},"schema":{"@context":"https:\/\/schema.org","@graph":[{"@type":"WebPage","@id":"https:\/\/www.meeplesdistributie.nl\/product\/dodelijke-dilemmas-trial-by-trolley\/","url":"https:\/\/www.meeplesdistributie.nl\/product\/dodelijke-dilemmas-trial-by-trolley\/","name":"Dodelijke Dilemma's (Trial by Trolley) - Meeples Distributie","isPartOf":{"@id":"https:\/\/www.meeplesdistributie.nl\/#website"},"primaryImageOfPage":{"@id":"https:\/\/www.meeplesdistributie.nl\/product\/dodelijke-dilemmas-trial-by-trolley\/#primaryimage"},"image":{"@id":"https:\/\/www.meeplesdistributie.nl\/product\/dodelijke-dilemmas-trial-by-trolley\/#primaryimage"},"thumbnailUrl":"https:\/\/www.meeplesdistributie.nl\/wp-content\/uploads\/2021\/09\/1414184956.png","datePublished":"2022-03-28T12:43:00+00:00","dateModified":"2026-03-02T02:03:40+00:00","description":"Een treinspoor, een op hol geslagen tram en in de verte een wissel. Helaas, op allebei de sporen is het druk, en een botsing is dan ook onvermijdelijk. De vraag is: welk spoor kies je. Dodelijke Dilemma\u00e2s is een spel boordevol zwarte humor voor 3-13 spelers. E\u00c3\u00a9n speler is de conducteur en moet kiezen in welke richting hij zijn op hol geslagen, moordzuchtige tram heen stuurt. De andere spelers spelen hun kaarten en ruzi\u00c3\u00abn om de conducteur te overtuigen hun leven te sparen en iedereen op het andere spoor te veroordelen tot een gruwelijke terdoodveroordeling. Bij hun eigen spoor leggen ze goedaardige schepsels zoals een eenzaam katje dat net is geadopteerd. leggen ze aan het andere spoor een duivels karakter. Robot Hitler bijvoorbeeld. Het is aan de conducteur om als rechter\/beul een oordeel te vellen over dit Dodelijke Dilemma en te beslissen welk spoor wordt vermoord. Het team dat de tramrails heeft gelegd die gespaard is, wint de ronde! Het spel bevat 500 kaarten, waaronder de schuldige en onschuldige spoordelen en kaarten met interessante plotwendingen als \u00e2zijn geest zal je altijd blijven achtervolgen\u00e2 die de dilemma\u00e2s n\u00c3\u00b3g moeilijker maken. Nederlandstalig!","breadcrumb":{"@id":"https:\/\/www.meeplesdistributie.nl\/product\/dodelijke-dilemmas-trial-by-trolley\/#breadcrumb"},"inLanguage":"en-GB","potentialAction":[{"@type":"ReadAction","target":["https:\/\/www.meeplesdistributie.nl\/product\/dodelijke-dilemmas-trial-by-trolley\/"]}]},{"@type":"ImageObject","inLanguage":"en-GB","@id":"https:\/\/www.meeplesdistributie.nl\/product\/dodelijke-dilemmas-trial-by-trolley\/#primaryimage","url":"https:\/\/www.meeplesdistributie.nl\/wp-content\/uploads\/2021\/09\/1414184956.png","contentUrl":"https:\/\/www.meeplesdistributie.nl\/wp-content\/uploads\/2021\/09\/1414184956.png","width":700,"height":369},{"@type":"BreadcrumbList","@id":"https:\/\/www.meeplesdistributie.nl\/product\/dodelijke-dilemmas-trial-by-trolley\/#breadcrumb","itemListElement":[{"@type":"ListItem","position":1,"name":"Home","item":"https:\/\/www.meeplesdistributie.nl\/"},{"@type":"ListItem","position":2,"name":"Webshop","item":"https:\/\/www.meeplesdistributie.nl\/webshop\/"},{"@type":"ListItem","position":3,"name":"Dodelijke Dilemma&#8217;s (Trial by Trolley)"}]},{"@type":"WebSite","@id":"https:\/\/www.meeplesdistributie.nl\/#website","url":"https:\/\/www.meeplesdistributie.nl\/","name":"Meeples Distributie - Groep","description":"Welkom op de Meeples Distributie site | Jouw bordspellen groothandel","publisher":{"@id":"https:\/\/www.meeplesdistributie.nl\/#organization"},"potentialAction":[{"@type":"SearchAction","target":{"@type":"EntryPoint","urlTemplate":"https:\/\/www.meeplesdistributie.nl\/?s={search_term_string}"},"query-input":"required name=search_term_string"}],"inLanguage":"en-GB"},{"@type":"Organization","@id":"https:\/\/www.meeplesdistributie.nl\/#organization","name":"Meeples Distributie","url":"https:\/\/www.meeplesdistributie.nl\/","logo":{"@type":"ImageObject","inLanguage":"en-GB","@id":"https:\/\/www.meeplesdistributie.nl\/#\/schema\/logo\/image\/","url":"https:\/\/www.meeplesdistributie.nl\/wp-content\/uploads\/2021\/09\/2-1.png","contentUrl":"https:\/\/www.meeplesdistributie.nl\/wp-content\/uploads\/2021\/09\/2-1.png","width":1080,"height":1080,"caption":"Meeples Distributie"},"image":{"@id":"https:\/\/www.meeplesdistributie.nl\/#\/schema\/logo\/image\/"},"sameAs":["https:\/\/www.facebook.com\/meeplesb","https:\/\/x.com\/meeplesb","https:\/\/www.instagram.com\/meeples_bordspellen","https:\/\/www.linkedin.com\/company\/meeplesbordspellen","https:\/\/nl.pinterest.com\/meeplesbordspellen\/_created\/","https:\/\/www.youtube.com\/UCtRQUPN4QYmky2dvclaDh_Q"]}]},"product_price_amount":"17.34","product_price_currency":"EUR","og_availability":"out of stock","product_availability":"out of stock","product_retailer_item_id":"917","product_condition":"new"},"_links":{"self":[{"href":"https:\/\/www.meeplesdistributie.nl\/en\/wp-json\/wp\/v2\/product\/17330","targetHints":{"allow":["GET"]}}],"collection":[{"href":"https:\/\/www.meeplesdistributie.nl\/en\/wp-json\/wp\/v2\/product"}],"about":[{"href":"https:\/\/www.meeplesdistributie.nl\/en\/wp-json\/wp\/v2\/types\/product"}],"replies":[{"embeddable":true,"href":"https:\/\/www.meeplesdistributie.nl\/en\/wp-json\/wp\/v2\/comments?post=17330"}],"version-history":[{"count":12,"href":"https:\/\/www.meeplesdistributie.nl\/en\/wp-json\/wp\/v2\/product\/17330\/revisions"}],"predecessor-version":[{"id":50143,"href":"https:\/\/www.meeplesdistributie.nl\/en\/wp-json\/wp\/v2\/product\/17330\/revisions\/50143"}],"wp:featuredmedia":[{"embeddable":true,"href":"https:\/\/www.meeplesdistributie.nl\/en\/wp-json\/wp\/v2\/media\/3094"}],"wp:attachment":[{"href":"https:\/\/www.meeplesdistributie.nl\/en\/wp-json\/wp\/v2\/media?parent=17330"}],"wp:term":[{"taxonomy":"product_cat","embeddable":true,"href":"https:\/\/www.meeplesdistributie.nl\/en\/wp-json\/wp\/v2\/product_cat?post=17330"},{"taxonomy":"product_tag","embeddable":true,"href":"https:\/\/www.meeplesdistributie.nl\/en\/wp-json\/wp\/v2\/product_tag?post=17330"}],"curies":[{"name":"wp","href":"https:\/\/api.w.org\/{rel}","templated":true}]}}