{"id":2076,"date":"2021-09-27T11:30:35","date_gmt":"2021-09-27T09:30:35","guid":{"rendered":"https:\/\/www.meeplesdistributie.nl\/product\/exit-de-dode-in-de-orient-express\/"},"modified":"2025-12-26T05:29:26","modified_gmt":"2025-12-26T04:29:26","slug":"exit-de-dode-in-de-orient-express","status":"publish","type":"product","link":"https:\/\/www.meeplesdistributie.nl\/en\/product\/exit-the-dead-in-the-orient-express\/","title":{"rendered":"EXIT \u2013 The Dead on the Orient Express"},"content":{"rendered":"<h2><strong>Productomschrijving EXIT &#8211; De dode in de Ori\u00ebnt Express<\/strong><\/h2>\n<p>Het uitdagende co\u00f6peratieve escape room-spel! Los een moord op in deze beroemde luxe trein. Probeer binnen anderhalf uur alle puzzels op te lossen en alle codes te breken. Alleen dan lukt het jullie om de dader succesvol te ontmaskeren. Logisch nadenken en doorzettingsvermogen zijn vereist om dit spel tot een goed einde te brengen. En komen jullie er echt niet uit, dan bevat het spel tipkaarten om jullie op het goede spoor te brengen. EXIT: De Dode in de Ori\u00ebnt Express is maar \u00e9\u00e9n keer speelbaar omdat het speelmateriaal moet worden beschreven, gevouwen of afgescheurd. Maar net als in een &#8220;echte&#8221; escape room garanderen we een zeer intense puzzel- en speelervaring! De puzzels zijn vrij pittig. Daardoor is het spel vooral geschikt voor fervente puzzelaars en escape room-liefhebbers.<\/p>\n<p>EXIT &#8211; De dode in de Ori\u00ebnt Express zal bij jouw passen als je ook enthousiast wordt van <a href=\"https:\/\/meeplesbordspellen.nl\/product\/escape-tales-low-memory\/\"><span style=\"color:#e74c3c;\">Escape Tales: Low Memory<\/span><\/a>.<\/p>","protected":false},"excerpt":{"rendered":"<p>Solve a murder in this luxury train! Try to solve all the puzzles and break all the codes in this challenging cooperative escape room game within an hour and a half. Help cards will put you on the right track. Intense gaming experience for avid puzzlers and escape room enthusiasts.<\/p>","protected":false},"featured_media":55953,"comment_status":"open","ping_status":"closed","template":"","meta":{"site-sidebar-layout":"","site-content-layout":"","ast-site-content-layout":"","site-content-style":"","site-sidebar-style":"","ast-global-header-display":"","ast-banner-title-visibility":"","ast-main-header-display":"","ast-hfb-above-header-display":"","ast-hfb-below-header-display":"","ast-hfb-mobile-header-display":"","site-post-title":"","ast-breadcrumbs-content":"","ast-featured-img":"","footer-sml-layout":"","theme-transparent-header-meta":"","adv-header-id-meta":"","stick-header-meta":"","header-above-stick-meta":"","header-main-stick-meta":"","header-below-stick-meta":"","astra-migrate-meta-layouts":"","ast-page-background-enabled":"default","ast-page-background-meta":{"desktop":{"background-color":"var(--ast-global-color-4)","background-image":"","background-repeat":"repeat","background-position":"center center","background-size":"auto","background-attachment":"scroll","background-type":"","background-media":"","overlay-type":"","overlay-color":"","overlay-gradient":""},"tablet":{"background-color":"","background-image":"","background-repeat":"repeat","background-position":"center center","background-size":"auto","background-attachment":"scroll","background-type":"","background-media":"","overlay-type":"","overlay-color":"","overlay-gradient":""},"mobile":{"background-color":"","background-image":"","background-repeat":"repeat","background-position":"center center","background-size":"auto","background-attachment":"scroll","background-type":"","background-media":"","overlay-type":"","overlay-color":"","overlay-gradient":""}},"ast-content-background-meta":{"desktop":{"background-color":"var(--ast-global-color-5)","background-image":"","background-repeat":"repeat","background-position":"center center","background-size":"auto","background-attachment":"scroll","background-type":"","background-media":"","overlay-type":"","overlay-color":"","overlay-gradient":""},"tablet":{"background-color":"var(--ast-global-color-5)","background-image":"","background-repeat":"repeat","background-position":"center center","background-size":"auto","background-attachment":"scroll","background-type":"","background-media":"","overlay-type":"","overlay-color":"","overlay-gradient":""},"mobile":{"background-color":"var(--ast-global-color-5)","background-image":"","background-repeat":"repeat","background-position":"center center","background-size":"auto","background-attachment":"scroll","background-type":"","background-media":"","overlay-type":"","overlay-color":"","overlay-gradient":""}}},"product_cat":[171],"product_tag":[],"class_list":{"0":"post-2076","1":"product","2":"type-product","3":"status-publish","4":"has-post-thumbnail","6":"product_cat-bordspellen","7":"desktop-align-left","8":"tablet-align-left","9":"mobile-align-left","10":"ast-product-gallery-layout-horizontal-slider","11":"ast-product-gallery-with-no-image","12":"ast-product-tabs-layout-accordion","13":"ast-qv-on-image","15":"first","16":"outofstock","17":"taxable","18":"shipping-taxable","19":"product-type-simple"},"yoast_head":"<!-- This site is optimized with the Yoast SEO Premium plugin v23.0 (Yoast SEO v23.0) - https:\/\/yoast.com\/wordpress\/plugins\/seo\/ -->\n<title>EXIT - De dode in de Ori\u00ebnt Express - Meeples Distributie<\/title>\n<meta name=\"robots\" content=\"index, follow, max-snippet:-1, max-image-preview:large, max-video-preview:-1\" \/>\n<link rel=\"canonical\" href=\"https:\/\/www.meeplesdistributie.nl\/en\/product\/exit-the-dead-in-the-orient-express\/\" \/>\n<meta property=\"og:locale\" content=\"en_GB\" \/>\n<meta property=\"og:type\" content=\"article\" \/>\n<meta property=\"og:title\" content=\"EXIT - De dode in de Ori\u00ebnt Express\" \/>\n<meta property=\"og:description\" content=\"Los een moord op in deze luxe trein! Probeer in dit uitdagende co\u00f6peratieve escape room-spel binnen anderhalf uur alle puzzels op te lossen en alle codes te breken. Hulpkaarten brengen jullie op het goede spoor. Intense spelervaring voor fervente puzzelaars en escape room-liefhebbers.\" \/>\n<meta property=\"og:url\" content=\"https:\/\/www.meeplesdistributie.nl\/en\/product\/exit-the-dead-in-the-orient-express\/\" \/>\n<meta property=\"og:site_name\" content=\"Meeples Distributie\" \/>\n<meta property=\"article:publisher\" content=\"https:\/\/www.facebook.com\/meeplesb\" \/>\n<meta property=\"article:modified_time\" content=\"2025-12-26T04:29:26+00:00\" \/>\n<meta property=\"og:image\" content=\"https:\/\/www.meeplesdistributie.nl\/wp-content\/uploads\/2024\/05\/EXIT-De-Dode-in-de-Orient-Express_L.png\" \/>\n\t<meta property=\"og:image:width\" content=\"680\" \/>\n\t<meta property=\"og:image:height\" content=\"680\" \/>\n\t<meta property=\"og:image:type\" content=\"image\/png\" \/>\n<meta name=\"twitter:card\" content=\"summary_large_image\" \/>\n<meta name=\"twitter:site\" content=\"@meeplesb\" \/>\n<meta name=\"twitter:label1\" content=\"Price\" \/>\n\t<meta name=\"twitter:data1\" content=\"&euro;11,55\" \/>\n\t<meta name=\"twitter:label2\" content=\"Availability\" \/>\n\t<meta name=\"twitter:data2\" content=\"Out of stock\" \/>\n<script type=\"application\/ld+json\" class=\"yoast-schema-graph\">{\"@context\":\"https:\/\/schema.org\",\"@graph\":[{\"@type\":\"WebPage\",\"@id\":\"https:\/\/www.meeplesdistributie.nl\/product\/exit-de-dode-in-de-orient-express\/\",\"url\":\"https:\/\/www.meeplesdistributie.nl\/product\/exit-de-dode-in-de-orient-express\/\",\"name\":\"EXIT - De dode in de Ori\u00ebnt Express - Meeples Distributie\",\"isPartOf\":{\"@id\":\"https:\/\/www.meeplesdistributie.nl\/#website\"},\"primaryImageOfPage\":{\"@id\":\"https:\/\/www.meeplesdistributie.nl\/product\/exit-de-dode-in-de-orient-express\/#primaryimage\"},\"image\":{\"@id\":\"https:\/\/www.meeplesdistributie.nl\/product\/exit-de-dode-in-de-orient-express\/#primaryimage\"},\"thumbnailUrl\":\"https:\/\/www.meeplesdistributie.nl\/wp-content\/uploads\/2024\/05\/EXIT-De-Dode-in-de-Orient-Express_L.png\",\"datePublished\":\"2021-09-27T09:30:35+00:00\",\"dateModified\":\"2025-12-26T04:29:26+00:00\",\"breadcrumb\":{\"@id\":\"https:\/\/www.meeplesdistributie.nl\/product\/exit-de-dode-in-de-orient-express\/#breadcrumb\"},\"inLanguage\":\"en-GB\",\"potentialAction\":[{\"@type\":\"ReadAction\",\"target\":[\"https:\/\/www.meeplesdistributie.nl\/product\/exit-de-dode-in-de-orient-express\/\"]}]},{\"@type\":\"ImageObject\",\"inLanguage\":\"en-GB\",\"@id\":\"https:\/\/www.meeplesdistributie.nl\/product\/exit-de-dode-in-de-orient-express\/#primaryimage\",\"url\":\"https:\/\/www.meeplesdistributie.nl\/wp-content\/uploads\/2024\/05\/EXIT-De-Dode-in-de-Orient-Express_L.png\",\"contentUrl\":\"https:\/\/www.meeplesdistributie.nl\/wp-content\/uploads\/2024\/05\/EXIT-De-Dode-in-de-Orient-Express_L.png\",\"width\":680,\"height\":680},{\"@type\":\"BreadcrumbList\",\"@id\":\"https:\/\/www.meeplesdistributie.nl\/product\/exit-de-dode-in-de-orient-express\/#breadcrumb\",\"itemListElement\":[{\"@type\":\"ListItem\",\"position\":1,\"name\":\"Home\",\"item\":\"https:\/\/www.meeplesdistributie.nl\/\"},{\"@type\":\"ListItem\",\"position\":2,\"name\":\"Webshop\",\"item\":\"https:\/\/www.meeplesdistributie.nl\/webshop\/\"},{\"@type\":\"ListItem\",\"position\":3,\"name\":\"EXIT &#8211; De dode in de Ori\u00ebnt Express\"}]},{\"@type\":\"WebSite\",\"@id\":\"https:\/\/www.meeplesdistributie.nl\/#website\",\"url\":\"https:\/\/www.meeplesdistributie.nl\/\",\"name\":\"Meeples Distributie - Groep\",\"description\":\"Welkom op de Meeples Distributie site | Jouw bordspellen groothandel\",\"publisher\":{\"@id\":\"https:\/\/www.meeplesdistributie.nl\/#organization\"},\"potentialAction\":[{\"@type\":\"SearchAction\",\"target\":{\"@type\":\"EntryPoint\",\"urlTemplate\":\"https:\/\/www.meeplesdistributie.nl\/?s={search_term_string}\"},\"query-input\":\"required name=search_term_string\"}],\"inLanguage\":\"en-GB\"},{\"@type\":\"Organization\",\"@id\":\"https:\/\/www.meeplesdistributie.nl\/#organization\",\"name\":\"Meeples Distributie\",\"url\":\"https:\/\/www.meeplesdistributie.nl\/\",\"logo\":{\"@type\":\"ImageObject\",\"inLanguage\":\"en-GB\",\"@id\":\"https:\/\/www.meeplesdistributie.nl\/#\/schema\/logo\/image\/\",\"url\":\"https:\/\/www.meeplesdistributie.nl\/wp-content\/uploads\/2021\/09\/2-1.png\",\"contentUrl\":\"https:\/\/www.meeplesdistributie.nl\/wp-content\/uploads\/2021\/09\/2-1.png\",\"width\":1080,\"height\":1080,\"caption\":\"Meeples Distributie\"},\"image\":{\"@id\":\"https:\/\/www.meeplesdistributie.nl\/#\/schema\/logo\/image\/\"},\"sameAs\":[\"https:\/\/www.facebook.com\/meeplesb\",\"https:\/\/x.com\/meeplesb\",\"https:\/\/www.instagram.com\/meeples_bordspellen\",\"https:\/\/www.linkedin.com\/company\/meeplesbordspellen\",\"https:\/\/nl.pinterest.com\/meeplesbordspellen\/_created\/\",\"https:\/\/www.youtube.com\/UCtRQUPN4QYmky2dvclaDh_Q\"]}]}<\/script>\n<meta property=\"product:price:amount\" content=\"11.55\" \/>\n<meta property=\"product:price:currency\" content=\"EUR\" \/>\n<meta property=\"og:availability\" content=\"out of stock\" \/>\n<meta property=\"product:availability\" content=\"out of stock\" \/>\n<meta property=\"product:retailer_item_id\" content=\"93\" \/>\n<meta property=\"product:condition\" content=\"new\" \/>\n<!-- \/ Yoast SEO Premium plugin. -->","yoast_head_json":{"title":"EXIT - De dode in de Ori\u00ebnt Express - Meeples Distributie","robots":{"index":"index","follow":"follow","max-snippet":"max-snippet:-1","max-image-preview":"max-image-preview:large","max-video-preview":"max-video-preview:-1"},"canonical":"https:\/\/www.meeplesdistributie.nl\/en\/product\/exit-the-dead-in-the-orient-express\/","og_locale":"en_GB","og_type":"article","og_title":"EXIT - De dode in de Ori\u00ebnt Express","og_description":"Los een moord op in deze luxe trein! Probeer in dit uitdagende co\u00f6peratieve escape room-spel binnen anderhalf uur alle puzzels op te lossen en alle codes te breken. Hulpkaarten brengen jullie op het goede spoor. Intense spelervaring voor fervente puzzelaars en escape room-liefhebbers.","og_url":"https:\/\/www.meeplesdistributie.nl\/en\/product\/exit-the-dead-in-the-orient-express\/","og_site_name":"Meeples Distributie","article_publisher":"https:\/\/www.facebook.com\/meeplesb","article_modified_time":"2025-12-26T04:29:26+00:00","og_image":[{"width":680,"height":680,"url":"https:\/\/www.meeplesdistributie.nl\/wp-content\/uploads\/2024\/05\/EXIT-De-Dode-in-de-Orient-Express_L.png","type":"image\/png"}],"twitter_card":"summary_large_image","twitter_site":"@meeplesb","twitter_misc":{"Price":"&euro;11,55","Availability":"Out of stock"},"schema":{"@context":"https:\/\/schema.org","@graph":[{"@type":"WebPage","@id":"https:\/\/www.meeplesdistributie.nl\/product\/exit-de-dode-in-de-orient-express\/","url":"https:\/\/www.meeplesdistributie.nl\/product\/exit-de-dode-in-de-orient-express\/","name":"EXIT - De dode in de Ori\u00ebnt Express - Meeples Distributie","isPartOf":{"@id":"https:\/\/www.meeplesdistributie.nl\/#website"},"primaryImageOfPage":{"@id":"https:\/\/www.meeplesdistributie.nl\/product\/exit-de-dode-in-de-orient-express\/#primaryimage"},"image":{"@id":"https:\/\/www.meeplesdistributie.nl\/product\/exit-de-dode-in-de-orient-express\/#primaryimage"},"thumbnailUrl":"https:\/\/www.meeplesdistributie.nl\/wp-content\/uploads\/2024\/05\/EXIT-De-Dode-in-de-Orient-Express_L.png","datePublished":"2021-09-27T09:30:35+00:00","dateModified":"2025-12-26T04:29:26+00:00","breadcrumb":{"@id":"https:\/\/www.meeplesdistributie.nl\/product\/exit-de-dode-in-de-orient-express\/#breadcrumb"},"inLanguage":"en-GB","potentialAction":[{"@type":"ReadAction","target":["https:\/\/www.meeplesdistributie.nl\/product\/exit-de-dode-in-de-orient-express\/"]}]},{"@type":"ImageObject","inLanguage":"en-GB","@id":"https:\/\/www.meeplesdistributie.nl\/product\/exit-de-dode-in-de-orient-express\/#primaryimage","url":"https:\/\/www.meeplesdistributie.nl\/wp-content\/uploads\/2024\/05\/EXIT-De-Dode-in-de-Orient-Express_L.png","contentUrl":"https:\/\/www.meeplesdistributie.nl\/wp-content\/uploads\/2024\/05\/EXIT-De-Dode-in-de-Orient-Express_L.png","width":680,"height":680},{"@type":"BreadcrumbList","@id":"https:\/\/www.meeplesdistributie.nl\/product\/exit-de-dode-in-de-orient-express\/#breadcrumb","itemListElement":[{"@type":"ListItem","position":1,"name":"Home","item":"https:\/\/www.meeplesdistributie.nl\/"},{"@type":"ListItem","position":2,"name":"Webshop","item":"https:\/\/www.meeplesdistributie.nl\/webshop\/"},{"@type":"ListItem","position":3,"name":"EXIT &#8211; De dode in de Ori\u00ebnt Express"}]},{"@type":"WebSite","@id":"https:\/\/www.meeplesdistributie.nl\/#website","url":"https:\/\/www.meeplesdistributie.nl\/","name":"Meeples Distributie - Groep","description":"Welkom op de Meeples Distributie site | Jouw bordspellen groothandel","publisher":{"@id":"https:\/\/www.meeplesdistributie.nl\/#organization"},"potentialAction":[{"@type":"SearchAction","target":{"@type":"EntryPoint","urlTemplate":"https:\/\/www.meeplesdistributie.nl\/?s={search_term_string}"},"query-input":"required name=search_term_string"}],"inLanguage":"en-GB"},{"@type":"Organization","@id":"https:\/\/www.meeplesdistributie.nl\/#organization","name":"Meeples Distributie","url":"https:\/\/www.meeplesdistributie.nl\/","logo":{"@type":"ImageObject","inLanguage":"en-GB","@id":"https:\/\/www.meeplesdistributie.nl\/#\/schema\/logo\/image\/","url":"https:\/\/www.meeplesdistributie.nl\/wp-content\/uploads\/2021\/09\/2-1.png","contentUrl":"https:\/\/www.meeplesdistributie.nl\/wp-content\/uploads\/2021\/09\/2-1.png","width":1080,"height":1080,"caption":"Meeples Distributie"},"image":{"@id":"https:\/\/www.meeplesdistributie.nl\/#\/schema\/logo\/image\/"},"sameAs":["https:\/\/www.facebook.com\/meeplesb","https:\/\/x.com\/meeplesb","https:\/\/www.instagram.com\/meeples_bordspellen","https:\/\/www.linkedin.com\/company\/meeplesbordspellen","https:\/\/nl.pinterest.com\/meeplesbordspellen\/_created\/","https:\/\/www.youtube.com\/UCtRQUPN4QYmky2dvclaDh_Q"]}]},"product_price_amount":"11.55","product_price_currency":"EUR","og_availability":"out of stock","product_availability":"out of stock","product_retailer_item_id":"93","product_condition":"new"},"_links":{"self":[{"href":"https:\/\/www.meeplesdistributie.nl\/en\/wp-json\/wp\/v2\/product\/2076","targetHints":{"allow":["GET"]}}],"collection":[{"href":"https:\/\/www.meeplesdistributie.nl\/en\/wp-json\/wp\/v2\/product"}],"about":[{"href":"https:\/\/www.meeplesdistributie.nl\/en\/wp-json\/wp\/v2\/types\/product"}],"replies":[{"embeddable":true,"href":"https:\/\/www.meeplesdistributie.nl\/en\/wp-json\/wp\/v2\/comments?post=2076"}],"version-history":[{"count":19,"href":"https:\/\/www.meeplesdistributie.nl\/en\/wp-json\/wp\/v2\/product\/2076\/revisions"}],"predecessor-version":[{"id":58603,"href":"https:\/\/www.meeplesdistributie.nl\/en\/wp-json\/wp\/v2\/product\/2076\/revisions\/58603"}],"wp:featuredmedia":[{"embeddable":true,"href":"https:\/\/www.meeplesdistributie.nl\/en\/wp-json\/wp\/v2\/media\/55953"}],"wp:attachment":[{"href":"https:\/\/www.meeplesdistributie.nl\/en\/wp-json\/wp\/v2\/media?parent=2076"}],"wp:term":[{"taxonomy":"product_cat","embeddable":true,"href":"https:\/\/www.meeplesdistributie.nl\/en\/wp-json\/wp\/v2\/product_cat?post=2076"},{"taxonomy":"product_tag","embeddable":true,"href":"https:\/\/www.meeplesdistributie.nl\/en\/wp-json\/wp\/v2\/product_tag?post=2076"}],"curies":[{"name":"wp","href":"https:\/\/api.w.org\/{rel}","templated":true}]}}