{"id":24568,"date":"2022-06-27T15:14:09","date_gmt":"2022-06-27T13:14:09","guid":{"rendered":"https:\/\/www.meeplesdistributie.nl\/product\/animalchemists\/"},"modified":"2026-04-23T17:56:37","modified_gmt":"2026-04-23T15:56:37","slug":"animalchemists","status":"publish","type":"product","link":"https:\/\/www.meeplesdistributie.nl\/en\/product\/animalchemists\/","title":{"rendered":"AnimalChemists"},"content":{"rendered":"<p>Animalchemists \u2013 Animals (players) become alchemists. Choose from a sloth, honey badger, red panda, pangolin or fennec fox and develop the best spells with it. Alchemists take turns performing one of the following actions: taking an ingredient, using ingredients to make potions, or using potions to cast spells that earn points and can affect the game in various ways. All ingredients, potions and spells have a point value and the alchemist with the highest points at the end of the game wins.<\/p>\n<p>Animalchemist has beautiful artwork and provided the cards with an extra luxurious finish. The game is suitable for every game player from family to expert and small and light enough to take with you when traveling.<\/p>\n<p>Number of players: 2-5<br \/>Best with: 3-5<br \/>Time: 10-20 minutes<br \/>Age: 8+<br \/>Language: English<br \/>Complexity: Simple<br \/>Dicetower Judgment: None<br \/>Legacy: No<br \/>Co-op: No<\/p>","protected":false},"excerpt":{"rendered":"<p>Animalchemists \u2013 Animals (players) become alchemists. Choose from a sloth, honey badger, red panda, pangolin or fennec fox and develop the best spells with it. Alchemists take turns performing &amp;eacu\u2026<\/p>","protected":false},"featured_media":19712,"comment_status":"open","ping_status":"closed","template":"","meta":{"site-sidebar-layout":"default","site-content-layout":"","ast-site-content-layout":"","site-content-style":"default","site-sidebar-style":"default","ast-global-header-display":"","ast-banner-title-visibility":"","ast-main-header-display":"","ast-hfb-above-header-display":"","ast-hfb-below-header-display":"","ast-hfb-mobile-header-display":"","site-post-title":"","ast-breadcrumbs-content":"","ast-featured-img":"","footer-sml-layout":"","theme-transparent-header-meta":"","adv-header-id-meta":"","stick-header-meta":"","header-above-stick-meta":"","header-main-stick-meta":"","header-below-stick-meta":"","astra-migrate-meta-layouts":"default","ast-page-background-enabled":"default","ast-page-background-meta":{"desktop":{"background-color":"var(--ast-global-color-4)","background-image":"","background-repeat":"repeat","background-position":"center center","background-size":"auto","background-attachment":"scroll","background-type":"","background-media":"","overlay-type":"","overlay-color":"","overlay-gradient":""},"tablet":{"background-color":"","background-image":"","background-repeat":"repeat","background-position":"center center","background-size":"auto","background-attachment":"scroll","background-type":"","background-media":"","overlay-type":"","overlay-color":"","overlay-gradient":""},"mobile":{"background-color":"","background-image":"","background-repeat":"repeat","background-position":"center center","background-size":"auto","background-attachment":"scroll","background-type":"","background-media":"","overlay-type":"","overlay-color":"","overlay-gradient":""}},"ast-content-background-meta":{"desktop":{"background-color":"var(--ast-global-color-5)","background-image":"","background-repeat":"repeat","background-position":"center center","background-size":"auto","background-attachment":"scroll","background-type":"","background-media":"","overlay-type":"","overlay-color":"","overlay-gradient":""},"tablet":{"background-color":"var(--ast-global-color-5)","background-image":"","background-repeat":"repeat","background-position":"center center","background-size":"auto","background-attachment":"scroll","background-type":"","background-media":"","overlay-type":"","overlay-color":"","overlay-gradient":""},"mobile":{"background-color":"var(--ast-global-color-5)","background-image":"","background-repeat":"repeat","background-position":"center center","background-size":"auto","background-attachment":"scroll","background-type":"","background-media":"","overlay-type":"","overlay-color":"","overlay-gradient":""}}},"product_cat":[43],"product_tag":[],"class_list":{"0":"post-24568","1":"product","2":"type-product","3":"status-publish","4":"has-post-thumbnail","6":"product_cat-bordspel","7":"desktop-align-left","8":"tablet-align-left","9":"mobile-align-left","10":"ast-product-gallery-layout-horizontal-slider","11":"ast-product-gallery-with-no-image","12":"ast-product-tabs-layout-accordion","13":"ast-qv-on-image","15":"first","16":"instock","17":"taxable","18":"shipping-taxable","19":"product-type-simple"},"yoast_head":"<!-- This site is optimized with the Yoast SEO Premium plugin v23.0 (Yoast SEO v23.0) - https:\/\/yoast.com\/wordpress\/plugins\/seo\/ -->\n<title>AnimalChemists - Meeples Distributie<\/title>\n<meta name=\"description\" content=\"Animalchemists - Dieren (spelers) worden alchemisten. Kies uit een luiaard, honingdas, rode panda, pangolin of fennecvos en de beste spreuken mee te ontwikkelen. Omstebeurt voeren alchemisten \u00e9\u00e9n van de volgende actie uit: een ingredi\u00ebnt nemen, ingredi\u00ebnten gebruiken om drankjes te maken of drankjes gebruiken om spreuken uit te spreken waarmee je punten verdient en het spel op verschillende manieren kan be\u00efnvloeden. Alle ingredi\u00ebnten, drankjes en spreuken hebben een puntenwaarde en de alchemist met de hoogste punten aan het einde van het spel wint. Animalchemist heeft prachtig artwork en de kaarten voorzien van extra luxe afwerking. Het spel is geschikt voor elke spellenspeler van familie tot expert en klein en licht genoeg om mee te nemen op reis.\" \/>\n<meta name=\"robots\" content=\"index, follow, max-snippet:-1, max-image-preview:large, max-video-preview:-1\" \/>\n<link rel=\"canonical\" href=\"https:\/\/www.meeplesdistributie.nl\/en\/product\/animalchemists\/\" \/>\n<meta property=\"og:locale\" content=\"en_GB\" \/>\n<meta property=\"og:type\" content=\"article\" \/>\n<meta property=\"og:title\" content=\"AnimalChemists\" \/>\n<meta property=\"og:description\" content=\"Animalchemists - Dieren (spelers) worden alchemisten. Kies uit een luiaard, honingdas, rode panda, pangolin of fennecvos en de beste spreuken mee te ontwikkelen. Omstebeurt voeren alchemisten \u00e9\u00e9n van de volgende actie uit: een ingredi\u00ebnt nemen, ingredi\u00ebnten gebruiken om drankjes te maken of drankjes gebruiken om spreuken uit te spreken waarmee je punten verdient en het spel op verschillende manieren kan be\u00efnvloeden. Alle ingredi\u00ebnten, drankjes en spreuken hebben een puntenwaarde en de alchemist met de hoogste punten aan het einde van het spel wint. Animalchemist heeft prachtig artwork en de kaarten voorzien van extra luxe afwerking. Het spel is geschikt voor elke spellenspeler van familie tot expert en klein en licht genoeg om mee te nemen op reis.\" \/>\n<meta property=\"og:url\" content=\"https:\/\/www.meeplesdistributie.nl\/en\/product\/animalchemists\/\" \/>\n<meta property=\"og:site_name\" content=\"Meeples Distributie\" \/>\n<meta property=\"article:publisher\" content=\"https:\/\/www.facebook.com\/meeplesb\" \/>\n<meta property=\"article:modified_time\" content=\"2026-04-23T15:56:37+00:00\" \/>\n<meta property=\"og:image\" content=\"https:\/\/www.meeplesdistributie.nl\/wp-content\/uploads\/2022\/06\/1888007223.png\" \/>\n\t<meta property=\"og:image:width\" content=\"348\" \/>\n\t<meta property=\"og:image:height\" content=\"500\" \/>\n\t<meta property=\"og:image:type\" content=\"image\/png\" \/>\n<meta name=\"twitter:card\" content=\"summary_large_image\" \/>\n<meta name=\"twitter:site\" content=\"@meeplesb\" \/>\n<meta name=\"twitter:label1\" content=\"Price\" \/>\n\t<meta name=\"twitter:data1\" content=\"&euro;18,45\" \/>\n\t<meta name=\"twitter:label2\" content=\"Availability\" \/>\n\t<meta name=\"twitter:data2\" content=\"In stock\" \/>\n<script type=\"application\/ld+json\" class=\"yoast-schema-graph\">{\"@context\":\"https:\/\/schema.org\",\"@graph\":[{\"@type\":\"WebPage\",\"@id\":\"https:\/\/www.meeplesdistributie.nl\/product\/animalchemists\/\",\"url\":\"https:\/\/www.meeplesdistributie.nl\/product\/animalchemists\/\",\"name\":\"AnimalChemists - Meeples Distributie\",\"isPartOf\":{\"@id\":\"https:\/\/www.meeplesdistributie.nl\/#website\"},\"primaryImageOfPage\":{\"@id\":\"https:\/\/www.meeplesdistributie.nl\/product\/animalchemists\/#primaryimage\"},\"image\":{\"@id\":\"https:\/\/www.meeplesdistributie.nl\/product\/animalchemists\/#primaryimage\"},\"thumbnailUrl\":\"https:\/\/www.meeplesdistributie.nl\/wp-content\/uploads\/2022\/06\/1888007223.png\",\"datePublished\":\"2022-06-27T13:14:09+00:00\",\"dateModified\":\"2026-04-23T15:56:37+00:00\",\"description\":\"Animalchemists - Dieren (spelers) worden alchemisten. Kies uit een luiaard, honingdas, rode panda, pangolin of fennecvos en de beste spreuken mee te ontwikkelen. Omstebeurt voeren alchemisten \u00e9\u00e9n van de volgende actie uit: een ingredi\u00ebnt nemen, ingredi\u00ebnten gebruiken om drankjes te maken of drankjes gebruiken om spreuken uit te spreken waarmee je punten verdient en het spel op verschillende manieren kan be\u00efnvloeden. Alle ingredi\u00ebnten, drankjes en spreuken hebben een puntenwaarde en de alchemist met de hoogste punten aan het einde van het spel wint. Animalchemist heeft prachtig artwork en de kaarten voorzien van extra luxe afwerking. Het spel is geschikt voor elke spellenspeler van familie tot expert en klein en licht genoeg om mee te nemen op reis.\",\"breadcrumb\":{\"@id\":\"https:\/\/www.meeplesdistributie.nl\/product\/animalchemists\/#breadcrumb\"},\"inLanguage\":\"en-GB\",\"potentialAction\":[{\"@type\":\"ReadAction\",\"target\":[\"https:\/\/www.meeplesdistributie.nl\/product\/animalchemists\/\"]}]},{\"@type\":\"ImageObject\",\"inLanguage\":\"en-GB\",\"@id\":\"https:\/\/www.meeplesdistributie.nl\/product\/animalchemists\/#primaryimage\",\"url\":\"https:\/\/www.meeplesdistributie.nl\/wp-content\/uploads\/2022\/06\/1888007223.png\",\"contentUrl\":\"https:\/\/www.meeplesdistributie.nl\/wp-content\/uploads\/2022\/06\/1888007223.png\",\"width\":348,\"height\":500},{\"@type\":\"BreadcrumbList\",\"@id\":\"https:\/\/www.meeplesdistributie.nl\/product\/animalchemists\/#breadcrumb\",\"itemListElement\":[{\"@type\":\"ListItem\",\"position\":1,\"name\":\"Home\",\"item\":\"https:\/\/www.meeplesdistributie.nl\/\"},{\"@type\":\"ListItem\",\"position\":2,\"name\":\"Webshop\",\"item\":\"https:\/\/www.meeplesdistributie.nl\/webshop\/\"},{\"@type\":\"ListItem\",\"position\":3,\"name\":\"AnimalChemists\"}]},{\"@type\":\"WebSite\",\"@id\":\"https:\/\/www.meeplesdistributie.nl\/#website\",\"url\":\"https:\/\/www.meeplesdistributie.nl\/\",\"name\":\"Meeples Distributie - Groep\",\"description\":\"Welkom op de Meeples Distributie site | Jouw bordspellen groothandel\",\"publisher\":{\"@id\":\"https:\/\/www.meeplesdistributie.nl\/#organization\"},\"potentialAction\":[{\"@type\":\"SearchAction\",\"target\":{\"@type\":\"EntryPoint\",\"urlTemplate\":\"https:\/\/www.meeplesdistributie.nl\/?s={search_term_string}\"},\"query-input\":\"required name=search_term_string\"}],\"inLanguage\":\"en-GB\"},{\"@type\":\"Organization\",\"@id\":\"https:\/\/www.meeplesdistributie.nl\/#organization\",\"name\":\"Meeples Distributie\",\"url\":\"https:\/\/www.meeplesdistributie.nl\/\",\"logo\":{\"@type\":\"ImageObject\",\"inLanguage\":\"en-GB\",\"@id\":\"https:\/\/www.meeplesdistributie.nl\/#\/schema\/logo\/image\/\",\"url\":\"https:\/\/www.meeplesdistributie.nl\/wp-content\/uploads\/2021\/09\/2-1.png\",\"contentUrl\":\"https:\/\/www.meeplesdistributie.nl\/wp-content\/uploads\/2021\/09\/2-1.png\",\"width\":1080,\"height\":1080,\"caption\":\"Meeples Distributie\"},\"image\":{\"@id\":\"https:\/\/www.meeplesdistributie.nl\/#\/schema\/logo\/image\/\"},\"sameAs\":[\"https:\/\/www.facebook.com\/meeplesb\",\"https:\/\/x.com\/meeplesb\",\"https:\/\/www.instagram.com\/meeples_bordspellen\",\"https:\/\/www.linkedin.com\/company\/meeplesbordspellen\",\"https:\/\/nl.pinterest.com\/meeplesbordspellen\/_created\/\",\"https:\/\/www.youtube.com\/UCtRQUPN4QYmky2dvclaDh_Q\"]}]}<\/script>\n<meta property=\"product:price:amount\" content=\"18.45\" \/>\n<meta property=\"product:price:currency\" content=\"EUR\" \/>\n<meta property=\"og:availability\" content=\"instock\" \/>\n<meta property=\"product:availability\" content=\"instock\" \/>\n<meta property=\"product:retailer_item_id\" content=\"2173\" \/>\n<meta property=\"product:condition\" content=\"new\" \/>\n<!-- \/ Yoast SEO Premium plugin. -->","yoast_head_json":{"title":"AnimalChemists - Meeples Distributie","description":"Animalchemists - Dieren (spelers) worden alchemisten. Kies uit een luiaard, honingdas, rode panda, pangolin of fennecvos en de beste spreuken mee te ontwikkelen. Omstebeurt voeren alchemisten \u00e9\u00e9n van de volgende actie uit: een ingredi\u00ebnt nemen, ingredi\u00ebnten gebruiken om drankjes te maken of drankjes gebruiken om spreuken uit te spreken waarmee je punten verdient en het spel op verschillende manieren kan be\u00efnvloeden. Alle ingredi\u00ebnten, drankjes en spreuken hebben een puntenwaarde en de alchemist met de hoogste punten aan het einde van het spel wint. Animalchemist heeft prachtig artwork en de kaarten voorzien van extra luxe afwerking. Het spel is geschikt voor elke spellenspeler van familie tot expert en klein en licht genoeg om mee te nemen op reis.","robots":{"index":"index","follow":"follow","max-snippet":"max-snippet:-1","max-image-preview":"max-image-preview:large","max-video-preview":"max-video-preview:-1"},"canonical":"https:\/\/www.meeplesdistributie.nl\/en\/product\/animalchemists\/","og_locale":"en_GB","og_type":"article","og_title":"AnimalChemists","og_description":"Animalchemists - Dieren (spelers) worden alchemisten. Kies uit een luiaard, honingdas, rode panda, pangolin of fennecvos en de beste spreuken mee te ontwikkelen. Omstebeurt voeren alchemisten \u00e9\u00e9n van de volgende actie uit: een ingredi\u00ebnt nemen, ingredi\u00ebnten gebruiken om drankjes te maken of drankjes gebruiken om spreuken uit te spreken waarmee je punten verdient en het spel op verschillende manieren kan be\u00efnvloeden. Alle ingredi\u00ebnten, drankjes en spreuken hebben een puntenwaarde en de alchemist met de hoogste punten aan het einde van het spel wint. Animalchemist heeft prachtig artwork en de kaarten voorzien van extra luxe afwerking. Het spel is geschikt voor elke spellenspeler van familie tot expert en klein en licht genoeg om mee te nemen op reis.","og_url":"https:\/\/www.meeplesdistributie.nl\/en\/product\/animalchemists\/","og_site_name":"Meeples Distributie","article_publisher":"https:\/\/www.facebook.com\/meeplesb","article_modified_time":"2026-04-23T15:56:37+00:00","og_image":[{"width":348,"height":500,"url":"https:\/\/www.meeplesdistributie.nl\/wp-content\/uploads\/2022\/06\/1888007223.png","type":"image\/png"}],"twitter_card":"summary_large_image","twitter_site":"@meeplesb","twitter_misc":{"Price":"&euro;18,45","Availability":"In stock"},"schema":{"@context":"https:\/\/schema.org","@graph":[{"@type":"WebPage","@id":"https:\/\/www.meeplesdistributie.nl\/product\/animalchemists\/","url":"https:\/\/www.meeplesdistributie.nl\/product\/animalchemists\/","name":"AnimalChemists - Meeples Distributie","isPartOf":{"@id":"https:\/\/www.meeplesdistributie.nl\/#website"},"primaryImageOfPage":{"@id":"https:\/\/www.meeplesdistributie.nl\/product\/animalchemists\/#primaryimage"},"image":{"@id":"https:\/\/www.meeplesdistributie.nl\/product\/animalchemists\/#primaryimage"},"thumbnailUrl":"https:\/\/www.meeplesdistributie.nl\/wp-content\/uploads\/2022\/06\/1888007223.png","datePublished":"2022-06-27T13:14:09+00:00","dateModified":"2026-04-23T15:56:37+00:00","description":"Animalchemists - Dieren (spelers) worden alchemisten. Kies uit een luiaard, honingdas, rode panda, pangolin of fennecvos en de beste spreuken mee te ontwikkelen. Omstebeurt voeren alchemisten \u00e9\u00e9n van de volgende actie uit: een ingredi\u00ebnt nemen, ingredi\u00ebnten gebruiken om drankjes te maken of drankjes gebruiken om spreuken uit te spreken waarmee je punten verdient en het spel op verschillende manieren kan be\u00efnvloeden. Alle ingredi\u00ebnten, drankjes en spreuken hebben een puntenwaarde en de alchemist met de hoogste punten aan het einde van het spel wint. Animalchemist heeft prachtig artwork en de kaarten voorzien van extra luxe afwerking. Het spel is geschikt voor elke spellenspeler van familie tot expert en klein en licht genoeg om mee te nemen op reis.","breadcrumb":{"@id":"https:\/\/www.meeplesdistributie.nl\/product\/animalchemists\/#breadcrumb"},"inLanguage":"en-GB","potentialAction":[{"@type":"ReadAction","target":["https:\/\/www.meeplesdistributie.nl\/product\/animalchemists\/"]}]},{"@type":"ImageObject","inLanguage":"en-GB","@id":"https:\/\/www.meeplesdistributie.nl\/product\/animalchemists\/#primaryimage","url":"https:\/\/www.meeplesdistributie.nl\/wp-content\/uploads\/2022\/06\/1888007223.png","contentUrl":"https:\/\/www.meeplesdistributie.nl\/wp-content\/uploads\/2022\/06\/1888007223.png","width":348,"height":500},{"@type":"BreadcrumbList","@id":"https:\/\/www.meeplesdistributie.nl\/product\/animalchemists\/#breadcrumb","itemListElement":[{"@type":"ListItem","position":1,"name":"Home","item":"https:\/\/www.meeplesdistributie.nl\/"},{"@type":"ListItem","position":2,"name":"Webshop","item":"https:\/\/www.meeplesdistributie.nl\/webshop\/"},{"@type":"ListItem","position":3,"name":"AnimalChemists"}]},{"@type":"WebSite","@id":"https:\/\/www.meeplesdistributie.nl\/#website","url":"https:\/\/www.meeplesdistributie.nl\/","name":"Meeples Distributie - Groep","description":"Welkom op de Meeples Distributie site | Jouw bordspellen groothandel","publisher":{"@id":"https:\/\/www.meeplesdistributie.nl\/#organization"},"potentialAction":[{"@type":"SearchAction","target":{"@type":"EntryPoint","urlTemplate":"https:\/\/www.meeplesdistributie.nl\/?s={search_term_string}"},"query-input":"required name=search_term_string"}],"inLanguage":"en-GB"},{"@type":"Organization","@id":"https:\/\/www.meeplesdistributie.nl\/#organization","name":"Meeples Distributie","url":"https:\/\/www.meeplesdistributie.nl\/","logo":{"@type":"ImageObject","inLanguage":"en-GB","@id":"https:\/\/www.meeplesdistributie.nl\/#\/schema\/logo\/image\/","url":"https:\/\/www.meeplesdistributie.nl\/wp-content\/uploads\/2021\/09\/2-1.png","contentUrl":"https:\/\/www.meeplesdistributie.nl\/wp-content\/uploads\/2021\/09\/2-1.png","width":1080,"height":1080,"caption":"Meeples Distributie"},"image":{"@id":"https:\/\/www.meeplesdistributie.nl\/#\/schema\/logo\/image\/"},"sameAs":["https:\/\/www.facebook.com\/meeplesb","https:\/\/x.com\/meeplesb","https:\/\/www.instagram.com\/meeples_bordspellen","https:\/\/www.linkedin.com\/company\/meeplesbordspellen","https:\/\/nl.pinterest.com\/meeplesbordspellen\/_created\/","https:\/\/www.youtube.com\/UCtRQUPN4QYmky2dvclaDh_Q"]}]},"product_price_amount":"18.45","product_price_currency":"EUR","og_availability":"instock","product_availability":"instock","product_retailer_item_id":"2173","product_condition":"new"},"_links":{"self":[{"href":"https:\/\/www.meeplesdistributie.nl\/en\/wp-json\/wp\/v2\/product\/24568","targetHints":{"allow":["GET"]}}],"collection":[{"href":"https:\/\/www.meeplesdistributie.nl\/en\/wp-json\/wp\/v2\/product"}],"about":[{"href":"https:\/\/www.meeplesdistributie.nl\/en\/wp-json\/wp\/v2\/types\/product"}],"replies":[{"embeddable":true,"href":"https:\/\/www.meeplesdistributie.nl\/en\/wp-json\/wp\/v2\/comments?post=24568"}],"version-history":[{"count":9,"href":"https:\/\/www.meeplesdistributie.nl\/en\/wp-json\/wp\/v2\/product\/24568\/revisions"}],"predecessor-version":[{"id":51065,"href":"https:\/\/www.meeplesdistributie.nl\/en\/wp-json\/wp\/v2\/product\/24568\/revisions\/51065"}],"wp:featuredmedia":[{"embeddable":true,"href":"https:\/\/www.meeplesdistributie.nl\/en\/wp-json\/wp\/v2\/media\/19712"}],"wp:attachment":[{"href":"https:\/\/www.meeplesdistributie.nl\/en\/wp-json\/wp\/v2\/media?parent=24568"}],"wp:term":[{"taxonomy":"product_cat","embeddable":true,"href":"https:\/\/www.meeplesdistributie.nl\/en\/wp-json\/wp\/v2\/product_cat?post=24568"},{"taxonomy":"product_tag","embeddable":true,"href":"https:\/\/www.meeplesdistributie.nl\/en\/wp-json\/wp\/v2\/product_tag?post=24568"}],"curies":[{"name":"wp","href":"https:\/\/api.w.org\/{rel}","templated":true}]}}