{"id":24600,"date":"2022-06-27T15:14:24","date_gmt":"2022-06-27T13:14:24","guid":{"rendered":"https:\/\/www.meeplesdistributie.nl\/product\/coatl-2\/"},"modified":"2026-03-02T02:41:07","modified_gmt":"2026-03-02T01:41:07","slug":"coatl-2","status":"publish","type":"product","link":"https:\/\/www.meeplesdistributie.nl\/en\/product\/coatl-2\/","title":{"rendered":"Coatl"},"content":{"rendered":"<p>In the board game C\u00f3atl, the appointment of the new Aztec high priest is approaching. Contenders for the position participate in a prestigious tournament to impress the gods. Create the most complex and elegant C\u00f3atl sculptures (a C\u00f3atl is a feathered serpent) to win and obtain the coveted title of Aztec High Priest.<\/p>\n<p>During the game, players create C\u00f3atls by connecting head, body, and tail pieces that meet the conditions of the prediction cards they wish to fulfill. The more prediction cards a C\u00f3atl fulfills, the more points it scores. A C\u00f3atl can also earn bonus points by fulfilling the conditions of one of the temple cards. The game is over when a player has completed their 3rd C\u00f3atl, or when the supply of hull parts is exhausted.<\/p>\n<p>The players compete to score as many points as possible by creating valuable C\u00f3atl sculptures. At the end of the game, the player with the most points is declared the winner.<\/p>\n<p>Contents: 150 C\u00f3atl pieces, 54 Prediction cards, 15 Temple cards, 1 Supply board, 4 Player boards, 12 Sacrifice tokens, 3 Supply bags, 1 Starting player pawn, 1 set of rules, 1 set of solo rules.<\/p>\n<p>Number of players: 1-4<br \/>Best with: 3<br \/>Time: 30-60 minutes<br \/>Age: 10+<br \/>Language: English<br \/>Complexity: Below average<br \/>Dicetower Judgment: Excellence<br \/>Legacy: No<br \/>Co-op: No<\/p>","protected":false},"excerpt":{"rendered":"<p>In the board game C\u00f3atl, the appointment of the new Aztec high priest is approaching. Contenders for the position participate in a prestigious tournament to impress the gods. Make th\u2026<\/p>","protected":false},"featured_media":24599,"comment_status":"open","ping_status":"closed","template":"","meta":{"site-sidebar-layout":"default","site-content-layout":"","ast-site-content-layout":"","site-content-style":"default","site-sidebar-style":"default","ast-global-header-display":"","ast-banner-title-visibility":"","ast-main-header-display":"","ast-hfb-above-header-display":"","ast-hfb-below-header-display":"","ast-hfb-mobile-header-display":"","site-post-title":"","ast-breadcrumbs-content":"","ast-featured-img":"","footer-sml-layout":"","theme-transparent-header-meta":"","adv-header-id-meta":"","stick-header-meta":"","header-above-stick-meta":"","header-main-stick-meta":"","header-below-stick-meta":"","astra-migrate-meta-layouts":"default","ast-page-background-enabled":"default","ast-page-background-meta":{"desktop":{"background-color":"var(--ast-global-color-4)","background-image":"","background-repeat":"repeat","background-position":"center center","background-size":"auto","background-attachment":"scroll","background-type":"","background-media":"","overlay-type":"","overlay-color":"","overlay-gradient":""},"tablet":{"background-color":"","background-image":"","background-repeat":"repeat","background-position":"center center","background-size":"auto","background-attachment":"scroll","background-type":"","background-media":"","overlay-type":"","overlay-color":"","overlay-gradient":""},"mobile":{"background-color":"","background-image":"","background-repeat":"repeat","background-position":"center center","background-size":"auto","background-attachment":"scroll","background-type":"","background-media":"","overlay-type":"","overlay-color":"","overlay-gradient":""}},"ast-content-background-meta":{"desktop":{"background-color":"var(--ast-global-color-5)","background-image":"","background-repeat":"repeat","background-position":"center center","background-size":"auto","background-attachment":"scroll","background-type":"","background-media":"","overlay-type":"","overlay-color":"","overlay-gradient":""},"tablet":{"background-color":"var(--ast-global-color-5)","background-image":"","background-repeat":"repeat","background-position":"center center","background-size":"auto","background-attachment":"scroll","background-type":"","background-media":"","overlay-type":"","overlay-color":"","overlay-gradient":""},"mobile":{"background-color":"var(--ast-global-color-5)","background-image":"","background-repeat":"repeat","background-position":"center center","background-size":"auto","background-attachment":"scroll","background-type":"","background-media":"","overlay-type":"","overlay-color":"","overlay-gradient":""}}},"product_cat":[43],"product_tag":[],"class_list":{"0":"post-24600","1":"product","2":"type-product","3":"status-publish","4":"has-post-thumbnail","6":"product_cat-bordspel","7":"desktop-align-left","8":"tablet-align-left","9":"mobile-align-left","10":"ast-product-gallery-layout-horizontal-slider","11":"ast-product-gallery-with-no-image","12":"ast-product-tabs-layout-accordion","13":"ast-qv-on-image","15":"first","16":"outofstock","17":"taxable","18":"shipping-taxable","19":"product-type-simple"},"yoast_head":"<!-- This site is optimized with the Yoast SEO Premium plugin v23.0 (Yoast SEO v23.0) - https:\/\/yoast.com\/wordpress\/plugins\/seo\/ -->\n<title>Coatl - Meeples Distributie<\/title>\n<meta name=\"description\" content=\"Bij het bordspel C\u00f3atl nadert de benoeming van de nieuwe Azteekse hogepriester. Kanshebbers voor de positie nemen deel aan een een prestigieus toernooi om indruk te maken op de goden. Maak de meest complexe en elegante C\u00f3atl-sculpturen (een C\u00f3atl is een gevederde slang) om te winnen en de felbegeerde titel van Azteekse hogepriester te verkrijgen. Tijdens het spel cre\u00ebren spelers C\u00f3atls door kop-, romp- en staartdelen met elkaar te verbinden die voldoen aan de voorwaarden van de voorspellingskaarten die ze wensen te vervullen. Hoe meer voorspellingskaarten een C\u00f3atl vervult, hoe meer punten deze scoort. Een C\u00f3atl kan ook bonuspunten opleveren door te voldoen aan de voorwaarden van \u00e9\u00e9n van de tempelkaarten. Het spel is voorbij wanneer een speler zijn 3e C\u00f3atl heeft voltooid, of wanneer de voorraad rompdelen uitgeput is. De spelers strijden om zoveel mogelijk punten te scoren door waardevolle C\u00f3atlsculpturen te maken. Aan het einde van het spel, wordt de speler met de meeste punten tot winnaar uitgeroepen. Inhoud: 150 C\u00f3atl delen, 54 Voorspellingskaarten, 15 Tempelkaarten, 1 Voorraadbord, 4 Spelersborden, 12 Offerfiches, 3 Voorraadzakken, 1 Startspelerpion, 1 set spelregels, 1 set solo-spelregels.\" \/>\n<meta name=\"robots\" content=\"index, follow, max-snippet:-1, max-image-preview:large, max-video-preview:-1\" \/>\n<link rel=\"canonical\" href=\"https:\/\/www.meeplesdistributie.nl\/en\/product\/coatl-2\/\" \/>\n<meta property=\"og:locale\" content=\"en_GB\" \/>\n<meta property=\"og:type\" content=\"article\" \/>\n<meta property=\"og:title\" content=\"Coatl\" \/>\n<meta property=\"og:description\" content=\"Bij het bordspel C\u00f3atl nadert de benoeming van de nieuwe Azteekse hogepriester. Kanshebbers voor de positie nemen deel aan een een prestigieus toernooi om indruk te maken op de goden. Maak de meest complexe en elegante C\u00f3atl-sculpturen (een C\u00f3atl is een gevederde slang) om te winnen en de felbegeerde titel van Azteekse hogepriester te verkrijgen. Tijdens het spel cre\u00ebren spelers C\u00f3atls door kop-, romp- en staartdelen met elkaar te verbinden die voldoen aan de voorwaarden van de voorspellingskaarten die ze wensen te vervullen. Hoe meer voorspellingskaarten een C\u00f3atl vervult, hoe meer punten deze scoort. Een C\u00f3atl kan ook bonuspunten opleveren door te voldoen aan de voorwaarden van \u00e9\u00e9n van de tempelkaarten. Het spel is voorbij wanneer een speler zijn 3e C\u00f3atl heeft voltooid, of wanneer de voorraad rompdelen uitgeput is. De spelers strijden om zoveel mogelijk punten te scoren door waardevolle C\u00f3atlsculpturen te maken. Aan het einde van het spel, wordt de speler met de meeste punten tot winnaar uitgeroepen. Inhoud: 150 C\u00f3atl delen, 54 Voorspellingskaarten, 15 Tempelkaarten, 1 Voorraadbord, 4 Spelersborden, 12 Offerfiches, 3 Voorraadzakken, 1 Startspelerpion, 1 set spelregels, 1 set solo-spelregels.\" \/>\n<meta property=\"og:url\" content=\"https:\/\/www.meeplesdistributie.nl\/en\/product\/coatl-2\/\" \/>\n<meta property=\"og:site_name\" content=\"Meeples Distributie\" \/>\n<meta property=\"article:publisher\" content=\"https:\/\/www.facebook.com\/meeplesb\" \/>\n<meta property=\"article:modified_time\" content=\"2026-03-02T01:41:07+00:00\" \/>\n<meta property=\"og:image\" content=\"https:\/\/www.meeplesdistributie.nl\/wp-content\/uploads\/2022\/06\/1873373061.jpg\" \/>\n\t<meta property=\"og:image:width\" content=\"350\" \/>\n\t<meta property=\"og:image:height\" content=\"350\" \/>\n\t<meta property=\"og:image:type\" content=\"image\/jpeg\" \/>\n<meta name=\"twitter:card\" content=\"summary_large_image\" \/>\n<meta name=\"twitter:site\" content=\"@meeplesb\" \/>\n<meta name=\"twitter:label1\" content=\"Price\" \/>\n\t<meta name=\"twitter:data1\" content=\"&euro;21,99\" \/>\n\t<meta name=\"twitter:label2\" content=\"Availability\" \/>\n\t<meta name=\"twitter:data2\" content=\"Out of stock\" \/>\n<script type=\"application\/ld+json\" class=\"yoast-schema-graph\">{\"@context\":\"https:\/\/schema.org\",\"@graph\":[{\"@type\":\"WebPage\",\"@id\":\"https:\/\/www.meeplesdistributie.nl\/product\/coatl-2\/\",\"url\":\"https:\/\/www.meeplesdistributie.nl\/product\/coatl-2\/\",\"name\":\"Coatl - Meeples Distributie\",\"isPartOf\":{\"@id\":\"https:\/\/www.meeplesdistributie.nl\/#website\"},\"primaryImageOfPage\":{\"@id\":\"https:\/\/www.meeplesdistributie.nl\/product\/coatl-2\/#primaryimage\"},\"image\":{\"@id\":\"https:\/\/www.meeplesdistributie.nl\/product\/coatl-2\/#primaryimage\"},\"thumbnailUrl\":\"https:\/\/www.meeplesdistributie.nl\/wp-content\/uploads\/2022\/06\/1873373061.jpg\",\"datePublished\":\"2022-06-27T13:14:24+00:00\",\"dateModified\":\"2026-03-02T01:41:07+00:00\",\"description\":\"Bij het bordspel C\u00f3atl nadert de benoeming van de nieuwe Azteekse hogepriester. Kanshebbers voor de positie nemen deel aan een een prestigieus toernooi om indruk te maken op de goden. Maak de meest complexe en elegante C\u00f3atl-sculpturen (een C\u00f3atl is een gevederde slang) om te winnen en de felbegeerde titel van Azteekse hogepriester te verkrijgen. Tijdens het spel cre\u00ebren spelers C\u00f3atls door kop-, romp- en staartdelen met elkaar te verbinden die voldoen aan de voorwaarden van de voorspellingskaarten die ze wensen te vervullen. Hoe meer voorspellingskaarten een C\u00f3atl vervult, hoe meer punten deze scoort. Een C\u00f3atl kan ook bonuspunten opleveren door te voldoen aan de voorwaarden van \u00e9\u00e9n van de tempelkaarten. Het spel is voorbij wanneer een speler zijn 3e C\u00f3atl heeft voltooid, of wanneer de voorraad rompdelen uitgeput is. De spelers strijden om zoveel mogelijk punten te scoren door waardevolle C\u00f3atlsculpturen te maken. Aan het einde van het spel, wordt de speler met de meeste punten tot winnaar uitgeroepen. Inhoud: 150 C\u00f3atl delen, 54 Voorspellingskaarten, 15 Tempelkaarten, 1 Voorraadbord, 4 Spelersborden, 12 Offerfiches, 3 Voorraadzakken, 1 Startspelerpion, 1 set spelregels, 1 set solo-spelregels.\",\"breadcrumb\":{\"@id\":\"https:\/\/www.meeplesdistributie.nl\/product\/coatl-2\/#breadcrumb\"},\"inLanguage\":\"en-GB\",\"potentialAction\":[{\"@type\":\"ReadAction\",\"target\":[\"https:\/\/www.meeplesdistributie.nl\/product\/coatl-2\/\"]}]},{\"@type\":\"ImageObject\",\"inLanguage\":\"en-GB\",\"@id\":\"https:\/\/www.meeplesdistributie.nl\/product\/coatl-2\/#primaryimage\",\"url\":\"https:\/\/www.meeplesdistributie.nl\/wp-content\/uploads\/2022\/06\/1873373061.jpg\",\"contentUrl\":\"https:\/\/www.meeplesdistributie.nl\/wp-content\/uploads\/2022\/06\/1873373061.jpg\",\"width\":350,\"height\":350},{\"@type\":\"BreadcrumbList\",\"@id\":\"https:\/\/www.meeplesdistributie.nl\/product\/coatl-2\/#breadcrumb\",\"itemListElement\":[{\"@type\":\"ListItem\",\"position\":1,\"name\":\"Home\",\"item\":\"https:\/\/www.meeplesdistributie.nl\/\"},{\"@type\":\"ListItem\",\"position\":2,\"name\":\"Webshop\",\"item\":\"https:\/\/www.meeplesdistributie.nl\/webshop\/\"},{\"@type\":\"ListItem\",\"position\":3,\"name\":\"Coatl\"}]},{\"@type\":\"WebSite\",\"@id\":\"https:\/\/www.meeplesdistributie.nl\/#website\",\"url\":\"https:\/\/www.meeplesdistributie.nl\/\",\"name\":\"Meeples Distributie - Groep\",\"description\":\"Welkom op de Meeples Distributie site | Jouw bordspellen groothandel\",\"publisher\":{\"@id\":\"https:\/\/www.meeplesdistributie.nl\/#organization\"},\"potentialAction\":[{\"@type\":\"SearchAction\",\"target\":{\"@type\":\"EntryPoint\",\"urlTemplate\":\"https:\/\/www.meeplesdistributie.nl\/?s={search_term_string}\"},\"query-input\":\"required name=search_term_string\"}],\"inLanguage\":\"en-GB\"},{\"@type\":\"Organization\",\"@id\":\"https:\/\/www.meeplesdistributie.nl\/#organization\",\"name\":\"Meeples Distributie\",\"url\":\"https:\/\/www.meeplesdistributie.nl\/\",\"logo\":{\"@type\":\"ImageObject\",\"inLanguage\":\"en-GB\",\"@id\":\"https:\/\/www.meeplesdistributie.nl\/#\/schema\/logo\/image\/\",\"url\":\"https:\/\/www.meeplesdistributie.nl\/wp-content\/uploads\/2021\/09\/2-1.png\",\"contentUrl\":\"https:\/\/www.meeplesdistributie.nl\/wp-content\/uploads\/2021\/09\/2-1.png\",\"width\":1080,\"height\":1080,\"caption\":\"Meeples Distributie\"},\"image\":{\"@id\":\"https:\/\/www.meeplesdistributie.nl\/#\/schema\/logo\/image\/\"},\"sameAs\":[\"https:\/\/www.facebook.com\/meeplesb\",\"https:\/\/x.com\/meeplesb\",\"https:\/\/www.instagram.com\/meeples_bordspellen\",\"https:\/\/www.linkedin.com\/company\/meeplesbordspellen\",\"https:\/\/nl.pinterest.com\/meeplesbordspellen\/_created\/\",\"https:\/\/www.youtube.com\/UCtRQUPN4QYmky2dvclaDh_Q\"]}]}<\/script>\n<meta property=\"product:price:amount\" content=\"21.99\" \/>\n<meta property=\"product:price:currency\" content=\"EUR\" \/>\n<meta property=\"og:availability\" content=\"out of stock\" \/>\n<meta property=\"product:availability\" content=\"out of stock\" \/>\n<meta property=\"product:retailer_item_id\" content=\"2102\" \/>\n<meta property=\"product:condition\" content=\"new\" \/>\n<!-- \/ Yoast SEO Premium plugin. -->","yoast_head_json":{"title":"Coatl - Meeples Distributie","description":"Bij het bordspel C\u00f3atl nadert de benoeming van de nieuwe Azteekse hogepriester. Kanshebbers voor de positie nemen deel aan een een prestigieus toernooi om indruk te maken op de goden. Maak de meest complexe en elegante C\u00f3atl-sculpturen (een C\u00f3atl is een gevederde slang) om te winnen en de felbegeerde titel van Azteekse hogepriester te verkrijgen. Tijdens het spel cre\u00ebren spelers C\u00f3atls door kop-, romp- en staartdelen met elkaar te verbinden die voldoen aan de voorwaarden van de voorspellingskaarten die ze wensen te vervullen. Hoe meer voorspellingskaarten een C\u00f3atl vervult, hoe meer punten deze scoort. Een C\u00f3atl kan ook bonuspunten opleveren door te voldoen aan de voorwaarden van \u00e9\u00e9n van de tempelkaarten. Het spel is voorbij wanneer een speler zijn 3e C\u00f3atl heeft voltooid, of wanneer de voorraad rompdelen uitgeput is. De spelers strijden om zoveel mogelijk punten te scoren door waardevolle C\u00f3atlsculpturen te maken. Aan het einde van het spel, wordt de speler met de meeste punten tot winnaar uitgeroepen. Inhoud: 150 C\u00f3atl delen, 54 Voorspellingskaarten, 15 Tempelkaarten, 1 Voorraadbord, 4 Spelersborden, 12 Offerfiches, 3 Voorraadzakken, 1 Startspelerpion, 1 set spelregels, 1 set solo-spelregels.","robots":{"index":"index","follow":"follow","max-snippet":"max-snippet:-1","max-image-preview":"max-image-preview:large","max-video-preview":"max-video-preview:-1"},"canonical":"https:\/\/www.meeplesdistributie.nl\/en\/product\/coatl-2\/","og_locale":"en_GB","og_type":"article","og_title":"Coatl","og_description":"Bij het bordspel C\u00f3atl nadert de benoeming van de nieuwe Azteekse hogepriester. Kanshebbers voor de positie nemen deel aan een een prestigieus toernooi om indruk te maken op de goden. Maak de meest complexe en elegante C\u00f3atl-sculpturen (een C\u00f3atl is een gevederde slang) om te winnen en de felbegeerde titel van Azteekse hogepriester te verkrijgen. Tijdens het spel cre\u00ebren spelers C\u00f3atls door kop-, romp- en staartdelen met elkaar te verbinden die voldoen aan de voorwaarden van de voorspellingskaarten die ze wensen te vervullen. Hoe meer voorspellingskaarten een C\u00f3atl vervult, hoe meer punten deze scoort. Een C\u00f3atl kan ook bonuspunten opleveren door te voldoen aan de voorwaarden van \u00e9\u00e9n van de tempelkaarten. Het spel is voorbij wanneer een speler zijn 3e C\u00f3atl heeft voltooid, of wanneer de voorraad rompdelen uitgeput is. De spelers strijden om zoveel mogelijk punten te scoren door waardevolle C\u00f3atlsculpturen te maken. Aan het einde van het spel, wordt de speler met de meeste punten tot winnaar uitgeroepen. Inhoud: 150 C\u00f3atl delen, 54 Voorspellingskaarten, 15 Tempelkaarten, 1 Voorraadbord, 4 Spelersborden, 12 Offerfiches, 3 Voorraadzakken, 1 Startspelerpion, 1 set spelregels, 1 set solo-spelregels.","og_url":"https:\/\/www.meeplesdistributie.nl\/en\/product\/coatl-2\/","og_site_name":"Meeples Distributie","article_publisher":"https:\/\/www.facebook.com\/meeplesb","article_modified_time":"2026-03-02T01:41:07+00:00","og_image":[{"width":350,"height":350,"url":"https:\/\/www.meeplesdistributie.nl\/wp-content\/uploads\/2022\/06\/1873373061.jpg","type":"image\/jpeg"}],"twitter_card":"summary_large_image","twitter_site":"@meeplesb","twitter_misc":{"Price":"&euro;21,99","Availability":"Out of stock"},"schema":{"@context":"https:\/\/schema.org","@graph":[{"@type":"WebPage","@id":"https:\/\/www.meeplesdistributie.nl\/product\/coatl-2\/","url":"https:\/\/www.meeplesdistributie.nl\/product\/coatl-2\/","name":"Coatl - Meeples Distributie","isPartOf":{"@id":"https:\/\/www.meeplesdistributie.nl\/#website"},"primaryImageOfPage":{"@id":"https:\/\/www.meeplesdistributie.nl\/product\/coatl-2\/#primaryimage"},"image":{"@id":"https:\/\/www.meeplesdistributie.nl\/product\/coatl-2\/#primaryimage"},"thumbnailUrl":"https:\/\/www.meeplesdistributie.nl\/wp-content\/uploads\/2022\/06\/1873373061.jpg","datePublished":"2022-06-27T13:14:24+00:00","dateModified":"2026-03-02T01:41:07+00:00","description":"Bij het bordspel C\u00f3atl nadert de benoeming van de nieuwe Azteekse hogepriester. Kanshebbers voor de positie nemen deel aan een een prestigieus toernooi om indruk te maken op de goden. Maak de meest complexe en elegante C\u00f3atl-sculpturen (een C\u00f3atl is een gevederde slang) om te winnen en de felbegeerde titel van Azteekse hogepriester te verkrijgen. Tijdens het spel cre\u00ebren spelers C\u00f3atls door kop-, romp- en staartdelen met elkaar te verbinden die voldoen aan de voorwaarden van de voorspellingskaarten die ze wensen te vervullen. Hoe meer voorspellingskaarten een C\u00f3atl vervult, hoe meer punten deze scoort. Een C\u00f3atl kan ook bonuspunten opleveren door te voldoen aan de voorwaarden van \u00e9\u00e9n van de tempelkaarten. Het spel is voorbij wanneer een speler zijn 3e C\u00f3atl heeft voltooid, of wanneer de voorraad rompdelen uitgeput is. De spelers strijden om zoveel mogelijk punten te scoren door waardevolle C\u00f3atlsculpturen te maken. Aan het einde van het spel, wordt de speler met de meeste punten tot winnaar uitgeroepen. Inhoud: 150 C\u00f3atl delen, 54 Voorspellingskaarten, 15 Tempelkaarten, 1 Voorraadbord, 4 Spelersborden, 12 Offerfiches, 3 Voorraadzakken, 1 Startspelerpion, 1 set spelregels, 1 set solo-spelregels.","breadcrumb":{"@id":"https:\/\/www.meeplesdistributie.nl\/product\/coatl-2\/#breadcrumb"},"inLanguage":"en-GB","potentialAction":[{"@type":"ReadAction","target":["https:\/\/www.meeplesdistributie.nl\/product\/coatl-2\/"]}]},{"@type":"ImageObject","inLanguage":"en-GB","@id":"https:\/\/www.meeplesdistributie.nl\/product\/coatl-2\/#primaryimage","url":"https:\/\/www.meeplesdistributie.nl\/wp-content\/uploads\/2022\/06\/1873373061.jpg","contentUrl":"https:\/\/www.meeplesdistributie.nl\/wp-content\/uploads\/2022\/06\/1873373061.jpg","width":350,"height":350},{"@type":"BreadcrumbList","@id":"https:\/\/www.meeplesdistributie.nl\/product\/coatl-2\/#breadcrumb","itemListElement":[{"@type":"ListItem","position":1,"name":"Home","item":"https:\/\/www.meeplesdistributie.nl\/"},{"@type":"ListItem","position":2,"name":"Webshop","item":"https:\/\/www.meeplesdistributie.nl\/webshop\/"},{"@type":"ListItem","position":3,"name":"Coatl"}]},{"@type":"WebSite","@id":"https:\/\/www.meeplesdistributie.nl\/#website","url":"https:\/\/www.meeplesdistributie.nl\/","name":"Meeples Distributie - Groep","description":"Welkom op de Meeples Distributie site | Jouw bordspellen groothandel","publisher":{"@id":"https:\/\/www.meeplesdistributie.nl\/#organization"},"potentialAction":[{"@type":"SearchAction","target":{"@type":"EntryPoint","urlTemplate":"https:\/\/www.meeplesdistributie.nl\/?s={search_term_string}"},"query-input":"required name=search_term_string"}],"inLanguage":"en-GB"},{"@type":"Organization","@id":"https:\/\/www.meeplesdistributie.nl\/#organization","name":"Meeples Distributie","url":"https:\/\/www.meeplesdistributie.nl\/","logo":{"@type":"ImageObject","inLanguage":"en-GB","@id":"https:\/\/www.meeplesdistributie.nl\/#\/schema\/logo\/image\/","url":"https:\/\/www.meeplesdistributie.nl\/wp-content\/uploads\/2021\/09\/2-1.png","contentUrl":"https:\/\/www.meeplesdistributie.nl\/wp-content\/uploads\/2021\/09\/2-1.png","width":1080,"height":1080,"caption":"Meeples Distributie"},"image":{"@id":"https:\/\/www.meeplesdistributie.nl\/#\/schema\/logo\/image\/"},"sameAs":["https:\/\/www.facebook.com\/meeplesb","https:\/\/x.com\/meeplesb","https:\/\/www.instagram.com\/meeples_bordspellen","https:\/\/www.linkedin.com\/company\/meeplesbordspellen","https:\/\/nl.pinterest.com\/meeplesbordspellen\/_created\/","https:\/\/www.youtube.com\/UCtRQUPN4QYmky2dvclaDh_Q"]}]},"product_price_amount":"21.99","product_price_currency":"EUR","og_availability":"out of stock","product_availability":"out of stock","product_retailer_item_id":"2102","product_condition":"new"},"_links":{"self":[{"href":"https:\/\/www.meeplesdistributie.nl\/en\/wp-json\/wp\/v2\/product\/24600","targetHints":{"allow":["GET"]}}],"collection":[{"href":"https:\/\/www.meeplesdistributie.nl\/en\/wp-json\/wp\/v2\/product"}],"about":[{"href":"https:\/\/www.meeplesdistributie.nl\/en\/wp-json\/wp\/v2\/types\/product"}],"replies":[{"embeddable":true,"href":"https:\/\/www.meeplesdistributie.nl\/en\/wp-json\/wp\/v2\/comments?post=24600"}],"version-history":[{"count":9,"href":"https:\/\/www.meeplesdistributie.nl\/en\/wp-json\/wp\/v2\/product\/24600\/revisions"}],"predecessor-version":[{"id":51003,"href":"https:\/\/www.meeplesdistributie.nl\/en\/wp-json\/wp\/v2\/product\/24600\/revisions\/51003"}],"wp:featuredmedia":[{"embeddable":true,"href":"https:\/\/www.meeplesdistributie.nl\/en\/wp-json\/wp\/v2\/media\/24599"}],"wp:attachment":[{"href":"https:\/\/www.meeplesdistributie.nl\/en\/wp-json\/wp\/v2\/media?parent=24600"}],"wp:term":[{"taxonomy":"product_cat","embeddable":true,"href":"https:\/\/www.meeplesdistributie.nl\/en\/wp-json\/wp\/v2\/product_cat?post=24600"},{"taxonomy":"product_tag","embeddable":true,"href":"https:\/\/www.meeplesdistributie.nl\/en\/wp-json\/wp\/v2\/product_tag?post=24600"}],"curies":[{"name":"wp","href":"https:\/\/api.w.org\/{rel}","templated":true}]}}