{"id":26593,"date":"2022-08-23T17:28:34","date_gmt":"2022-08-23T15:28:34","guid":{"rendered":"https:\/\/www.meeplesdistributie.nl\/product\/exploding-kittens-voor-2-spelers\/"},"modified":"2026-03-02T02:29:25","modified_gmt":"2026-03-02T01:29:25","slug":"exploding-kittens-voor-2-spelers","status":"publish","type":"product","link":"https:\/\/www.meeplesdistributie.nl\/en\/product\/exploding-kittens-for-2-players-2\/","title":{"rendered":"Exploding Kittens for 2 players"},"content":{"rendered":"<h2><strong>Productomschrijving Exploding Kittens voor 2 spelers<\/strong><\/h2>\n<p>Exploding Kittens voor 2 spelers is een compacte editie van Exploding Kittens speciaal voor 2 spelers. Je kunt het altijd en overal opnemen in een heerlijk \u00e9\u00e9n tegen \u00e9\u00e9n gevecht. In Exploding Kittens komen  schittige  kittens samen met strategie en russische roulette. Trek een Exploding Kitten en het is afgelopen met je. Speel en gebruik andere kaarten om je tegenstander de Exploding Kitten te laten trekken, vier te overwinning en het verlies van je tegenstander natuurlijk.<\/p>\n<p>&#8211; De Exploding Kittens zijn dezelfde kittens als waar je in het orgineel verliefd op bent geworden, maar gemaakt voor slechts twee spelers.<br \/>&#8211; Kleinere, reisvriendelijke, compacte doos voor explosies onderweg.<br \/>&#8211;  Het is net UNO, behalve dat er geiten, magische enchilada&#39;s en kittens zijn die je kunnen doden.  &#8211; CNN<br \/>&#8211; Dit gezinsvriendelijke gezelschapsspel kan ook worden gecombineerd met het originele spel Exploding Kittens.<\/p>\n<p>Illustraties van de maker van The Oatmeal.<\/p>\n<p>Exploding Kittens voor 2 spelers zal bij jouw passen als je ook enthousiast wordt van <a href= \"https:\/\/www.meeplesbordspellen.nl\/Uno\" ><span style= \"color:#e74c3c;\" >Uno<\/span><\/a>. <\/p>\n<h2><strong>Speleigenschappen Exploding Kittens voor 2 spelers<\/strong><\/h2>\n<p>Number of players: 2<br \/>Best with: 2<br \/>Time: 20 minutes<br \/>Age: 7+<br \/>Language: Dutch<br \/>Complexity: Simple<br \/>Dicetower Judgment: None<br \/>Legacy: No<br \/>Co-op: No<\/p>\n<h2><strong>About the publisher Exploding Kittens<\/strong><\/h2>\n<p>Exploding Kittens is a leading gaming and entertainment company on a mission to inspire people to connect, laugh and play fun games in the physical world. Exploding Kittens focuses on party games for the whole family for a game night full of humorous and fun personal experiences. Exploding Kittens is known for games such as: <a href= \"https:\/\/www.meeplesbordspellen.nl\/Catan\" ><span style= \"color:#e74c3c;\" > Catan <\/span><\/a> and <a href= \"https:\/\/www.meeplesbordspellen.nl\/Throw-Throw-Burrito\" ><span style= \"color:#e74c3c;\" > Throw Throw Burrito <\/span><\/a><br \/>Exploding Kittens is best known for their game of the same name Exploding Kittens, which raised 8.7 million in 30 days from 219,000 backers with their Kickstarter campaign $. To date, Exploding Kittens is the #1 most backed project in Kickstarter history, having sold over 11 million copies.<\/p>\n<p>Exploding Kittens was founded by former Xbox game designer Elan Lee and The Oatmeal founder Matt Inman. <\/p>\n<h2><strong>Product information<\/strong><\/h2>\n<p>EAN: 810083041407<br \/>SKU: EKIEK09NL<\/p>","protected":false},"excerpt":{"rendered":"<p>Exploding Kittens for two. Finally!<\/p>","protected":false},"featured_media":26592,"comment_status":"open","ping_status":"closed","template":"","meta":{"site-sidebar-layout":"default","site-content-layout":"","ast-site-content-layout":"","site-content-style":"default","site-sidebar-style":"default","ast-global-header-display":"","ast-banner-title-visibility":"","ast-main-header-display":"","ast-hfb-above-header-display":"","ast-hfb-below-header-display":"","ast-hfb-mobile-header-display":"","site-post-title":"","ast-breadcrumbs-content":"","ast-featured-img":"","footer-sml-layout":"","theme-transparent-header-meta":"","adv-header-id-meta":"","stick-header-meta":"","header-above-stick-meta":"","header-main-stick-meta":"","header-below-stick-meta":"","astra-migrate-meta-layouts":"default","ast-page-background-enabled":"default","ast-page-background-meta":{"desktop":{"background-color":"var(--ast-global-color-4)","background-image":"","background-repeat":"repeat","background-position":"center center","background-size":"auto","background-attachment":"scroll","background-type":"","background-media":"","overlay-type":"","overlay-color":"","overlay-gradient":""},"tablet":{"background-color":"","background-image":"","background-repeat":"repeat","background-position":"center center","background-size":"auto","background-attachment":"scroll","background-type":"","background-media":"","overlay-type":"","overlay-color":"","overlay-gradient":""},"mobile":{"background-color":"","background-image":"","background-repeat":"repeat","background-position":"center center","background-size":"auto","background-attachment":"scroll","background-type":"","background-media":"","overlay-type":"","overlay-color":"","overlay-gradient":""}},"ast-content-background-meta":{"desktop":{"background-color":"var(--ast-global-color-5)","background-image":"","background-repeat":"repeat","background-position":"center center","background-size":"auto","background-attachment":"scroll","background-type":"","background-media":"","overlay-type":"","overlay-color":"","overlay-gradient":""},"tablet":{"background-color":"var(--ast-global-color-5)","background-image":"","background-repeat":"repeat","background-position":"center center","background-size":"auto","background-attachment":"scroll","background-type":"","background-media":"","overlay-type":"","overlay-color":"","overlay-gradient":""},"mobile":{"background-color":"var(--ast-global-color-5)","background-image":"","background-repeat":"repeat","background-position":"center center","background-size":"auto","background-attachment":"scroll","background-type":"","background-media":"","overlay-type":"","overlay-color":"","overlay-gradient":""}}},"product_cat":[43],"product_tag":[],"class_list":{"0":"post-26593","1":"product","2":"type-product","3":"status-publish","4":"has-post-thumbnail","6":"product_cat-bordspel","7":"desktop-align-left","8":"tablet-align-left","9":"mobile-align-left","10":"ast-product-gallery-layout-horizontal-slider","11":"ast-product-gallery-with-no-image","12":"ast-product-tabs-layout-accordion","13":"ast-qv-on-image","15":"first","16":"outofstock","17":"taxable","18":"shipping-taxable","19":"product-type-simple"},"yoast_head":"<!-- This site is optimized with the Yoast SEO Premium plugin v23.0 (Yoast SEO v23.0) - https:\/\/yoast.com\/wordpress\/plugins\/seo\/ -->\n<title>Exploding Kittens voor 2 spelers - Meeples Distributie<\/title>\n<meta name=\"description\" content=\"Exploding Kittens met zijn twee\u00ebn. Eindlijk!\" \/>\n<meta name=\"robots\" content=\"index, follow, max-snippet:-1, max-image-preview:large, max-video-preview:-1\" \/>\n<link rel=\"canonical\" href=\"https:\/\/www.meeplesdistributie.nl\/en\/product\/exploding-kittens-for-2-players-2\/\" \/>\n<meta property=\"og:locale\" content=\"en_GB\" \/>\n<meta property=\"og:type\" content=\"article\" \/>\n<meta property=\"og:title\" content=\"Exploding Kittens voor 2 spelers\" \/>\n<meta property=\"og:description\" content=\"Exploding Kittens met zijn twee\u00ebn. Eindlijk!\" \/>\n<meta property=\"og:url\" content=\"https:\/\/www.meeplesdistributie.nl\/en\/product\/exploding-kittens-for-2-players-2\/\" \/>\n<meta property=\"og:site_name\" content=\"Meeples Distributie\" \/>\n<meta property=\"article:publisher\" content=\"https:\/\/www.facebook.com\/meeplesb\" \/>\n<meta property=\"article:modified_time\" content=\"2026-03-02T01:29:25+00:00\" \/>\n<meta property=\"og:image\" content=\"https:\/\/www.meeplesdistributie.nl\/wp-content\/uploads\/2022\/08\/1897789281.png\" \/>\n\t<meta property=\"og:image:width\" content=\"1024\" \/>\n\t<meta property=\"og:image:height\" content=\"1024\" \/>\n\t<meta property=\"og:image:type\" content=\"image\/png\" \/>\n<meta name=\"twitter:card\" content=\"summary_large_image\" \/>\n<meta name=\"twitter:site\" content=\"@meeplesb\" \/>\n<meta name=\"twitter:label1\" content=\"Price\" \/>\n\t<meta name=\"twitter:data1\" content=\"&euro;7,60\" \/>\n\t<meta name=\"twitter:label2\" content=\"Availability\" \/>\n\t<meta name=\"twitter:data2\" content=\"Out of stock\" \/>\n<script type=\"application\/ld+json\" class=\"yoast-schema-graph\">{\"@context\":\"https:\/\/schema.org\",\"@graph\":[{\"@type\":\"WebPage\",\"@id\":\"https:\/\/www.meeplesdistributie.nl\/product\/exploding-kittens-voor-2-spelers\/\",\"url\":\"https:\/\/www.meeplesdistributie.nl\/product\/exploding-kittens-voor-2-spelers\/\",\"name\":\"Exploding Kittens voor 2 spelers - Meeples Distributie\",\"isPartOf\":{\"@id\":\"https:\/\/www.meeplesdistributie.nl\/#website\"},\"primaryImageOfPage\":{\"@id\":\"https:\/\/www.meeplesdistributie.nl\/product\/exploding-kittens-voor-2-spelers\/#primaryimage\"},\"image\":{\"@id\":\"https:\/\/www.meeplesdistributie.nl\/product\/exploding-kittens-voor-2-spelers\/#primaryimage\"},\"thumbnailUrl\":\"https:\/\/www.meeplesdistributie.nl\/wp-content\/uploads\/2022\/08\/1897789281.png\",\"datePublished\":\"2022-08-23T15:28:34+00:00\",\"dateModified\":\"2026-03-02T01:29:25+00:00\",\"description\":\"Exploding Kittens met zijn twee\u00ebn. Eindlijk!\",\"breadcrumb\":{\"@id\":\"https:\/\/www.meeplesdistributie.nl\/product\/exploding-kittens-voor-2-spelers\/#breadcrumb\"},\"inLanguage\":\"en-GB\",\"potentialAction\":[{\"@type\":\"ReadAction\",\"target\":[\"https:\/\/www.meeplesdistributie.nl\/product\/exploding-kittens-voor-2-spelers\/\"]}]},{\"@type\":\"ImageObject\",\"inLanguage\":\"en-GB\",\"@id\":\"https:\/\/www.meeplesdistributie.nl\/product\/exploding-kittens-voor-2-spelers\/#primaryimage\",\"url\":\"https:\/\/www.meeplesdistributie.nl\/wp-content\/uploads\/2022\/08\/1897789281.png\",\"contentUrl\":\"https:\/\/www.meeplesdistributie.nl\/wp-content\/uploads\/2022\/08\/1897789281.png\",\"width\":1024,\"height\":1024},{\"@type\":\"BreadcrumbList\",\"@id\":\"https:\/\/www.meeplesdistributie.nl\/product\/exploding-kittens-voor-2-spelers\/#breadcrumb\",\"itemListElement\":[{\"@type\":\"ListItem\",\"position\":1,\"name\":\"Home\",\"item\":\"https:\/\/www.meeplesdistributie.nl\/\"},{\"@type\":\"ListItem\",\"position\":2,\"name\":\"Webshop\",\"item\":\"https:\/\/www.meeplesdistributie.nl\/webshop\/\"},{\"@type\":\"ListItem\",\"position\":3,\"name\":\"Exploding Kittens voor 2 spelers\"}]},{\"@type\":\"WebSite\",\"@id\":\"https:\/\/www.meeplesdistributie.nl\/#website\",\"url\":\"https:\/\/www.meeplesdistributie.nl\/\",\"name\":\"Meeples Distributie - Groep\",\"description\":\"Welkom op de Meeples Distributie site | Jouw bordspellen groothandel\",\"publisher\":{\"@id\":\"https:\/\/www.meeplesdistributie.nl\/#organization\"},\"potentialAction\":[{\"@type\":\"SearchAction\",\"target\":{\"@type\":\"EntryPoint\",\"urlTemplate\":\"https:\/\/www.meeplesdistributie.nl\/?s={search_term_string}\"},\"query-input\":\"required name=search_term_string\"}],\"inLanguage\":\"en-GB\"},{\"@type\":\"Organization\",\"@id\":\"https:\/\/www.meeplesdistributie.nl\/#organization\",\"name\":\"Meeples Distributie\",\"url\":\"https:\/\/www.meeplesdistributie.nl\/\",\"logo\":{\"@type\":\"ImageObject\",\"inLanguage\":\"en-GB\",\"@id\":\"https:\/\/www.meeplesdistributie.nl\/#\/schema\/logo\/image\/\",\"url\":\"https:\/\/www.meeplesdistributie.nl\/wp-content\/uploads\/2021\/09\/2-1.png\",\"contentUrl\":\"https:\/\/www.meeplesdistributie.nl\/wp-content\/uploads\/2021\/09\/2-1.png\",\"width\":1080,\"height\":1080,\"caption\":\"Meeples Distributie\"},\"image\":{\"@id\":\"https:\/\/www.meeplesdistributie.nl\/#\/schema\/logo\/image\/\"},\"sameAs\":[\"https:\/\/www.facebook.com\/meeplesb\",\"https:\/\/x.com\/meeplesb\",\"https:\/\/www.instagram.com\/meeples_bordspellen\",\"https:\/\/www.linkedin.com\/company\/meeplesbordspellen\",\"https:\/\/nl.pinterest.com\/meeplesbordspellen\/_created\/\",\"https:\/\/www.youtube.com\/UCtRQUPN4QYmky2dvclaDh_Q\"]}]}<\/script>\n<meta property=\"product:price:amount\" content=\"7.60\" \/>\n<meta property=\"product:price:currency\" content=\"EUR\" \/>\n<meta property=\"og:availability\" content=\"out of stock\" \/>\n<meta property=\"product:availability\" content=\"out of stock\" \/>\n<meta property=\"product:retailer_item_id\" content=\"2175\" \/>\n<meta property=\"product:condition\" content=\"new\" \/>\n<!-- \/ Yoast SEO Premium plugin. -->","yoast_head_json":{"title":"Exploding Kittens voor 2 spelers - Meeples Distributie","description":"Exploding Kittens met zijn twee\u00ebn. Eindlijk!","robots":{"index":"index","follow":"follow","max-snippet":"max-snippet:-1","max-image-preview":"max-image-preview:large","max-video-preview":"max-video-preview:-1"},"canonical":"https:\/\/www.meeplesdistributie.nl\/en\/product\/exploding-kittens-for-2-players-2\/","og_locale":"en_GB","og_type":"article","og_title":"Exploding Kittens voor 2 spelers","og_description":"Exploding Kittens met zijn twee\u00ebn. Eindlijk!","og_url":"https:\/\/www.meeplesdistributie.nl\/en\/product\/exploding-kittens-for-2-players-2\/","og_site_name":"Meeples Distributie","article_publisher":"https:\/\/www.facebook.com\/meeplesb","article_modified_time":"2026-03-02T01:29:25+00:00","og_image":[{"width":1024,"height":1024,"url":"https:\/\/www.meeplesdistributie.nl\/wp-content\/uploads\/2022\/08\/1897789281.png","type":"image\/png"}],"twitter_card":"summary_large_image","twitter_site":"@meeplesb","twitter_misc":{"Price":"&euro;7,60","Availability":"Out of stock"},"schema":{"@context":"https:\/\/schema.org","@graph":[{"@type":"WebPage","@id":"https:\/\/www.meeplesdistributie.nl\/product\/exploding-kittens-voor-2-spelers\/","url":"https:\/\/www.meeplesdistributie.nl\/product\/exploding-kittens-voor-2-spelers\/","name":"Exploding Kittens voor 2 spelers - Meeples Distributie","isPartOf":{"@id":"https:\/\/www.meeplesdistributie.nl\/#website"},"primaryImageOfPage":{"@id":"https:\/\/www.meeplesdistributie.nl\/product\/exploding-kittens-voor-2-spelers\/#primaryimage"},"image":{"@id":"https:\/\/www.meeplesdistributie.nl\/product\/exploding-kittens-voor-2-spelers\/#primaryimage"},"thumbnailUrl":"https:\/\/www.meeplesdistributie.nl\/wp-content\/uploads\/2022\/08\/1897789281.png","datePublished":"2022-08-23T15:28:34+00:00","dateModified":"2026-03-02T01:29:25+00:00","description":"Exploding Kittens met zijn twee\u00ebn. Eindlijk!","breadcrumb":{"@id":"https:\/\/www.meeplesdistributie.nl\/product\/exploding-kittens-voor-2-spelers\/#breadcrumb"},"inLanguage":"en-GB","potentialAction":[{"@type":"ReadAction","target":["https:\/\/www.meeplesdistributie.nl\/product\/exploding-kittens-voor-2-spelers\/"]}]},{"@type":"ImageObject","inLanguage":"en-GB","@id":"https:\/\/www.meeplesdistributie.nl\/product\/exploding-kittens-voor-2-spelers\/#primaryimage","url":"https:\/\/www.meeplesdistributie.nl\/wp-content\/uploads\/2022\/08\/1897789281.png","contentUrl":"https:\/\/www.meeplesdistributie.nl\/wp-content\/uploads\/2022\/08\/1897789281.png","width":1024,"height":1024},{"@type":"BreadcrumbList","@id":"https:\/\/www.meeplesdistributie.nl\/product\/exploding-kittens-voor-2-spelers\/#breadcrumb","itemListElement":[{"@type":"ListItem","position":1,"name":"Home","item":"https:\/\/www.meeplesdistributie.nl\/"},{"@type":"ListItem","position":2,"name":"Webshop","item":"https:\/\/www.meeplesdistributie.nl\/webshop\/"},{"@type":"ListItem","position":3,"name":"Exploding Kittens voor 2 spelers"}]},{"@type":"WebSite","@id":"https:\/\/www.meeplesdistributie.nl\/#website","url":"https:\/\/www.meeplesdistributie.nl\/","name":"Meeples Distributie - Groep","description":"Welkom op de Meeples Distributie site | Jouw bordspellen groothandel","publisher":{"@id":"https:\/\/www.meeplesdistributie.nl\/#organization"},"potentialAction":[{"@type":"SearchAction","target":{"@type":"EntryPoint","urlTemplate":"https:\/\/www.meeplesdistributie.nl\/?s={search_term_string}"},"query-input":"required name=search_term_string"}],"inLanguage":"en-GB"},{"@type":"Organization","@id":"https:\/\/www.meeplesdistributie.nl\/#organization","name":"Meeples Distributie","url":"https:\/\/www.meeplesdistributie.nl\/","logo":{"@type":"ImageObject","inLanguage":"en-GB","@id":"https:\/\/www.meeplesdistributie.nl\/#\/schema\/logo\/image\/","url":"https:\/\/www.meeplesdistributie.nl\/wp-content\/uploads\/2021\/09\/2-1.png","contentUrl":"https:\/\/www.meeplesdistributie.nl\/wp-content\/uploads\/2021\/09\/2-1.png","width":1080,"height":1080,"caption":"Meeples Distributie"},"image":{"@id":"https:\/\/www.meeplesdistributie.nl\/#\/schema\/logo\/image\/"},"sameAs":["https:\/\/www.facebook.com\/meeplesb","https:\/\/x.com\/meeplesb","https:\/\/www.instagram.com\/meeples_bordspellen","https:\/\/www.linkedin.com\/company\/meeplesbordspellen","https:\/\/nl.pinterest.com\/meeplesbordspellen\/_created\/","https:\/\/www.youtube.com\/UCtRQUPN4QYmky2dvclaDh_Q"]}]},"product_price_amount":"7.60","product_price_currency":"EUR","og_availability":"out of stock","product_availability":"out of stock","product_retailer_item_id":"2175","product_condition":"new"},"_links":{"self":[{"href":"https:\/\/www.meeplesdistributie.nl\/en\/wp-json\/wp\/v2\/product\/26593","targetHints":{"allow":["GET"]}}],"collection":[{"href":"https:\/\/www.meeplesdistributie.nl\/en\/wp-json\/wp\/v2\/product"}],"about":[{"href":"https:\/\/www.meeplesdistributie.nl\/en\/wp-json\/wp\/v2\/types\/product"}],"replies":[{"embeddable":true,"href":"https:\/\/www.meeplesdistributie.nl\/en\/wp-json\/wp\/v2\/comments?post=26593"}],"version-history":[{"count":9,"href":"https:\/\/www.meeplesdistributie.nl\/en\/wp-json\/wp\/v2\/product\/26593\/revisions"}],"predecessor-version":[{"id":52205,"href":"https:\/\/www.meeplesdistributie.nl\/en\/wp-json\/wp\/v2\/product\/26593\/revisions\/52205"}],"wp:featuredmedia":[{"embeddable":true,"href":"https:\/\/www.meeplesdistributie.nl\/en\/wp-json\/wp\/v2\/media\/26592"}],"wp:attachment":[{"href":"https:\/\/www.meeplesdistributie.nl\/en\/wp-json\/wp\/v2\/media?parent=26593"}],"wp:term":[{"taxonomy":"product_cat","embeddable":true,"href":"https:\/\/www.meeplesdistributie.nl\/en\/wp-json\/wp\/v2\/product_cat?post=26593"},{"taxonomy":"product_tag","embeddable":true,"href":"https:\/\/www.meeplesdistributie.nl\/en\/wp-json\/wp\/v2\/product_tag?post=26593"}],"curies":[{"name":"wp","href":"https:\/\/api.w.org\/{rel}","templated":true}]}}