{"id":2852,"date":"2021-09-27T11:59:48","date_gmt":"2021-09-27T09:59:48","guid":{"rendered":"https:\/\/www.meeplesdistributie.nl\/product\/wingspan-oceanie-nl\/"},"modified":"2025-12-26T04:58:23","modified_gmt":"2025-12-26T03:58:23","slug":"wingspan-oceanie-nl","status":"publish","type":"product","link":"https:\/\/www.meeplesdistributie.nl\/en\/product\/wingspan-oceanie-nl\/","title":{"rendered":"Wingspan: Oceania"},"content":{"rendered":"<h2><strong>Productomschrijving Wingspan: Oceanie<\/strong><\/h2>\n<p>Als fanatieke vogelaar heb je inmiddels al de nodige ervaring opgedaan met de vele vogelsoorten in Wingspan. Met de Wingspan: Oceani\u00eb-uitbreiding gaat de tocht verder. Reis naar \u201cDown Under\u201d en ontdek 95 nieuwe vogelsoorten en hun leefgebieden van Australi\u00eb, Nieuw-Zeeland en de vele eilanden in de buurt. Deze uitbreiding kent een nieuwe voedselsoort en een nieuwe kleur eieren, zodat je voor de nieuwkomers ook de juiste leefomstandigheden kunt cre\u00ebren. <\/p>\n<p>Oceani\u00eb heeft een unieke biodiversiteit en overvloed aan plantaardige suikers. Om het ecosysteem op de juiste wijze te integreren, wordt in deze uitbreiding nectar als nieuwe voedselbron toegevoegd. Ook zitten er vogels bij die niet kunnen vliegen. Voor elke vogeleigenschap of bonuskaart die betrekking heeft op vleugelwijdte gelden deze vogels als jokers. En de nieuwe \u2018gele\u2019 vogelkaarten geven je een sterke actie die aan het eind van het spel wordt uitgevoerd.<\/p>\n<p>Deze uitbreiding bevat daarnaast nieuwe spelertableaus, bonuskaarten en meer \u201ceinde ronde\u201d doelen. Zorg dat jij aan het einde van het spel de beste combinatie vogels hebt en sluit het spel \u201czo trots als een pauw\u201d winnend af. <\/p>\n<p>The base game is required to play this expansion.<\/p>\n<p>Wingspan: Oceanie zal bij jouw passen als je ook enthousiast wordt van <a href=\"https:\/\/meeplesbordspellen.nl\/product\/earth\/\"><span style=\"color:#e74c3c;\">Earth<\/span><\/a>.<\/p>","protected":false},"excerpt":{"rendered":"<p>With this second Wingspan expansion, we spread our wings across Oceania and discover the many colorful bird species of Australia, New Zealand, and the surrounding islands. The 95 new bird cards bring new features and challenges, and are designed to be mixed with the bird cards from the base game and other expansions. This expansion also includes a new food type (nectar), new player boards, and new dice.<\/p>","protected":false},"featured_media":56127,"comment_status":"open","ping_status":"closed","template":"","meta":{"site-sidebar-layout":"","site-content-layout":"","ast-site-content-layout":"","site-content-style":"","site-sidebar-style":"","ast-global-header-display":"","ast-banner-title-visibility":"","ast-main-header-display":"","ast-hfb-above-header-display":"","ast-hfb-below-header-display":"","ast-hfb-mobile-header-display":"","site-post-title":"","ast-breadcrumbs-content":"","ast-featured-img":"","footer-sml-layout":"","theme-transparent-header-meta":"","adv-header-id-meta":"","stick-header-meta":"","header-above-stick-meta":"","header-main-stick-meta":"","header-below-stick-meta":"","astra-migrate-meta-layouts":"","ast-page-background-enabled":"default","ast-page-background-meta":{"desktop":{"background-color":"var(--ast-global-color-4)","background-image":"","background-repeat":"repeat","background-position":"center center","background-size":"auto","background-attachment":"scroll","background-type":"","background-media":"","overlay-type":"","overlay-color":"","overlay-gradient":""},"tablet":{"background-color":"","background-image":"","background-repeat":"repeat","background-position":"center center","background-size":"auto","background-attachment":"scroll","background-type":"","background-media":"","overlay-type":"","overlay-color":"","overlay-gradient":""},"mobile":{"background-color":"","background-image":"","background-repeat":"repeat","background-position":"center center","background-size":"auto","background-attachment":"scroll","background-type":"","background-media":"","overlay-type":"","overlay-color":"","overlay-gradient":""}},"ast-content-background-meta":{"desktop":{"background-color":"var(--ast-global-color-5)","background-image":"","background-repeat":"repeat","background-position":"center center","background-size":"auto","background-attachment":"scroll","background-type":"","background-media":"","overlay-type":"","overlay-color":"","overlay-gradient":""},"tablet":{"background-color":"var(--ast-global-color-5)","background-image":"","background-repeat":"repeat","background-position":"center center","background-size":"auto","background-attachment":"scroll","background-type":"","background-media":"","overlay-type":"","overlay-color":"","overlay-gradient":""},"mobile":{"background-color":"var(--ast-global-color-5)","background-image":"","background-repeat":"repeat","background-position":"center center","background-size":"auto","background-attachment":"scroll","background-type":"","background-media":"","overlay-type":"","overlay-color":"","overlay-gradient":""}}},"product_cat":[171],"product_tag":[],"class_list":{"0":"post-2852","1":"product","2":"type-product","3":"status-publish","4":"has-post-thumbnail","6":"product_cat-bordspellen","7":"desktop-align-left","8":"tablet-align-left","9":"mobile-align-left","10":"ast-product-gallery-layout-horizontal-slider","11":"ast-product-gallery-with-no-image","12":"ast-product-tabs-layout-accordion","13":"ast-qv-on-image","15":"first","16":"instock","17":"taxable","18":"shipping-taxable","19":"product-type-simple"},"yoast_head":"<!-- This site is optimized with the Yoast SEO Premium plugin v23.0 (Yoast SEO v23.0) - https:\/\/yoast.com\/wordpress\/plugins\/seo\/ -->\n<title>Wingspan: Oceanie - Meeples Distributie<\/title>\n<meta name=\"robots\" content=\"index, follow, max-snippet:-1, max-image-preview:large, max-video-preview:-1\" \/>\n<link rel=\"canonical\" href=\"https:\/\/www.meeplesdistributie.nl\/en\/product\/wingspan-oceanie-nl\/\" \/>\n<meta property=\"og:locale\" content=\"en_GB\" \/>\n<meta property=\"og:type\" content=\"article\" \/>\n<meta property=\"og:title\" content=\"Wingspan: Oceanie\" \/>\n<meta property=\"og:description\" content=\"Met deze tweede uitbreiding op Wingspan slaan we de vleugels uit over Oceani\u00eb en ontdekken de vele, kleurrijke vogelsoorten van Australi\u00eb, Nieuw-Zeeland en de eilanden daaromheen. De 95 nieuwe vogelkaarten brengen andere eigenschappen \u00e9n uitdagingen met zich mee, en zijn zo ontworpen dat zij door de vogelkaarten van het basisspel en andere uitbreidingen kunnen worden geschud. Deze uitbreiding komt bovendien met een nieuw soort voedsel (nectar), nieuwe spelerstableaus en nieuwe dobbelstenen.\" \/>\n<meta property=\"og:url\" content=\"https:\/\/www.meeplesdistributie.nl\/en\/product\/wingspan-oceanie-nl\/\" \/>\n<meta property=\"og:site_name\" content=\"Meeples Distributie\" \/>\n<meta property=\"article:publisher\" content=\"https:\/\/www.facebook.com\/meeplesb\" \/>\n<meta property=\"article:modified_time\" content=\"2025-12-26T03:58:23+00:00\" \/>\n<meta property=\"og:image\" content=\"https:\/\/www.meeplesdistributie.nl\/wp-content\/uploads\/2024\/05\/Wingspan-Oceani-L.png\" \/>\n\t<meta property=\"og:image:width\" content=\"680\" \/>\n\t<meta property=\"og:image:height\" content=\"680\" \/>\n\t<meta property=\"og:image:type\" content=\"image\/png\" \/>\n<meta name=\"twitter:card\" content=\"summary_large_image\" \/>\n<meta name=\"twitter:site\" content=\"@meeplesb\" \/>\n<meta name=\"twitter:label1\" content=\"Price\" \/>\n\t<meta name=\"twitter:data1\" content=\"&euro;20,83\" \/>\n\t<meta name=\"twitter:label2\" content=\"Availability\" \/>\n\t<meta name=\"twitter:data2\" content=\"In stock\" \/>\n<script type=\"application\/ld+json\" class=\"yoast-schema-graph\">{\"@context\":\"https:\/\/schema.org\",\"@graph\":[{\"@type\":\"WebPage\",\"@id\":\"https:\/\/www.meeplesdistributie.nl\/product\/wingspan-oceanie-nl\/\",\"url\":\"https:\/\/www.meeplesdistributie.nl\/product\/wingspan-oceanie-nl\/\",\"name\":\"Wingspan: Oceanie - Meeples Distributie\",\"isPartOf\":{\"@id\":\"https:\/\/www.meeplesdistributie.nl\/#website\"},\"primaryImageOfPage\":{\"@id\":\"https:\/\/www.meeplesdistributie.nl\/product\/wingspan-oceanie-nl\/#primaryimage\"},\"image\":{\"@id\":\"https:\/\/www.meeplesdistributie.nl\/product\/wingspan-oceanie-nl\/#primaryimage\"},\"thumbnailUrl\":\"https:\/\/www.meeplesdistributie.nl\/wp-content\/uploads\/2024\/05\/Wingspan-Oceani-L.png\",\"datePublished\":\"2021-09-27T09:59:48+00:00\",\"dateModified\":\"2025-12-26T03:58:23+00:00\",\"breadcrumb\":{\"@id\":\"https:\/\/www.meeplesdistributie.nl\/product\/wingspan-oceanie-nl\/#breadcrumb\"},\"inLanguage\":\"en-GB\",\"potentialAction\":[{\"@type\":\"ReadAction\",\"target\":[\"https:\/\/www.meeplesdistributie.nl\/product\/wingspan-oceanie-nl\/\"]}]},{\"@type\":\"ImageObject\",\"inLanguage\":\"en-GB\",\"@id\":\"https:\/\/www.meeplesdistributie.nl\/product\/wingspan-oceanie-nl\/#primaryimage\",\"url\":\"https:\/\/www.meeplesdistributie.nl\/wp-content\/uploads\/2024\/05\/Wingspan-Oceani-L.png\",\"contentUrl\":\"https:\/\/www.meeplesdistributie.nl\/wp-content\/uploads\/2024\/05\/Wingspan-Oceani-L.png\",\"width\":680,\"height\":680},{\"@type\":\"BreadcrumbList\",\"@id\":\"https:\/\/www.meeplesdistributie.nl\/product\/wingspan-oceanie-nl\/#breadcrumb\",\"itemListElement\":[{\"@type\":\"ListItem\",\"position\":1,\"name\":\"Home\",\"item\":\"https:\/\/www.meeplesdistributie.nl\/\"},{\"@type\":\"ListItem\",\"position\":2,\"name\":\"Webshop\",\"item\":\"https:\/\/www.meeplesdistributie.nl\/webshop\/\"},{\"@type\":\"ListItem\",\"position\":3,\"name\":\"Wingspan: Oceanie\"}]},{\"@type\":\"WebSite\",\"@id\":\"https:\/\/www.meeplesdistributie.nl\/#website\",\"url\":\"https:\/\/www.meeplesdistributie.nl\/\",\"name\":\"Meeples Distributie - Groep\",\"description\":\"Welkom op de Meeples Distributie site | Jouw bordspellen groothandel\",\"publisher\":{\"@id\":\"https:\/\/www.meeplesdistributie.nl\/#organization\"},\"potentialAction\":[{\"@type\":\"SearchAction\",\"target\":{\"@type\":\"EntryPoint\",\"urlTemplate\":\"https:\/\/www.meeplesdistributie.nl\/?s={search_term_string}\"},\"query-input\":\"required name=search_term_string\"}],\"inLanguage\":\"en-GB\"},{\"@type\":\"Organization\",\"@id\":\"https:\/\/www.meeplesdistributie.nl\/#organization\",\"name\":\"Meeples Distributie\",\"url\":\"https:\/\/www.meeplesdistributie.nl\/\",\"logo\":{\"@type\":\"ImageObject\",\"inLanguage\":\"en-GB\",\"@id\":\"https:\/\/www.meeplesdistributie.nl\/#\/schema\/logo\/image\/\",\"url\":\"https:\/\/www.meeplesdistributie.nl\/wp-content\/uploads\/2021\/09\/2-1.png\",\"contentUrl\":\"https:\/\/www.meeplesdistributie.nl\/wp-content\/uploads\/2021\/09\/2-1.png\",\"width\":1080,\"height\":1080,\"caption\":\"Meeples Distributie\"},\"image\":{\"@id\":\"https:\/\/www.meeplesdistributie.nl\/#\/schema\/logo\/image\/\"},\"sameAs\":[\"https:\/\/www.facebook.com\/meeplesb\",\"https:\/\/x.com\/meeplesb\",\"https:\/\/www.instagram.com\/meeples_bordspellen\",\"https:\/\/www.linkedin.com\/company\/meeplesbordspellen\",\"https:\/\/nl.pinterest.com\/meeplesbordspellen\/_created\/\",\"https:\/\/www.youtube.com\/UCtRQUPN4QYmky2dvclaDh_Q\"]}]}<\/script>\n<meta property=\"product:price:amount\" content=\"20.83\" \/>\n<meta property=\"product:price:currency\" content=\"EUR\" \/>\n<meta property=\"og:availability\" content=\"instock\" \/>\n<meta property=\"product:availability\" content=\"instock\" \/>\n<meta property=\"product:retailer_item_id\" content=\"1075\" \/>\n<meta property=\"product:condition\" content=\"new\" \/>\n<!-- \/ Yoast SEO Premium plugin. -->","yoast_head_json":{"title":"Wingspan: Oceanie - Meeples Distributie","robots":{"index":"index","follow":"follow","max-snippet":"max-snippet:-1","max-image-preview":"max-image-preview:large","max-video-preview":"max-video-preview:-1"},"canonical":"https:\/\/www.meeplesdistributie.nl\/en\/product\/wingspan-oceanie-nl\/","og_locale":"en_GB","og_type":"article","og_title":"Wingspan: Oceanie","og_description":"Met deze tweede uitbreiding op Wingspan slaan we de vleugels uit over Oceani\u00eb en ontdekken de vele, kleurrijke vogelsoorten van Australi\u00eb, Nieuw-Zeeland en de eilanden daaromheen. De 95 nieuwe vogelkaarten brengen andere eigenschappen \u00e9n uitdagingen met zich mee, en zijn zo ontworpen dat zij door de vogelkaarten van het basisspel en andere uitbreidingen kunnen worden geschud. Deze uitbreiding komt bovendien met een nieuw soort voedsel (nectar), nieuwe spelerstableaus en nieuwe dobbelstenen.","og_url":"https:\/\/www.meeplesdistributie.nl\/en\/product\/wingspan-oceanie-nl\/","og_site_name":"Meeples Distributie","article_publisher":"https:\/\/www.facebook.com\/meeplesb","article_modified_time":"2025-12-26T03:58:23+00:00","og_image":[{"width":680,"height":680,"url":"https:\/\/www.meeplesdistributie.nl\/wp-content\/uploads\/2024\/05\/Wingspan-Oceani-L.png","type":"image\/png"}],"twitter_card":"summary_large_image","twitter_site":"@meeplesb","twitter_misc":{"Price":"&euro;20,83","Availability":"In stock"},"schema":{"@context":"https:\/\/schema.org","@graph":[{"@type":"WebPage","@id":"https:\/\/www.meeplesdistributie.nl\/product\/wingspan-oceanie-nl\/","url":"https:\/\/www.meeplesdistributie.nl\/product\/wingspan-oceanie-nl\/","name":"Wingspan: Oceanie - Meeples Distributie","isPartOf":{"@id":"https:\/\/www.meeplesdistributie.nl\/#website"},"primaryImageOfPage":{"@id":"https:\/\/www.meeplesdistributie.nl\/product\/wingspan-oceanie-nl\/#primaryimage"},"image":{"@id":"https:\/\/www.meeplesdistributie.nl\/product\/wingspan-oceanie-nl\/#primaryimage"},"thumbnailUrl":"https:\/\/www.meeplesdistributie.nl\/wp-content\/uploads\/2024\/05\/Wingspan-Oceani-L.png","datePublished":"2021-09-27T09:59:48+00:00","dateModified":"2025-12-26T03:58:23+00:00","breadcrumb":{"@id":"https:\/\/www.meeplesdistributie.nl\/product\/wingspan-oceanie-nl\/#breadcrumb"},"inLanguage":"en-GB","potentialAction":[{"@type":"ReadAction","target":["https:\/\/www.meeplesdistributie.nl\/product\/wingspan-oceanie-nl\/"]}]},{"@type":"ImageObject","inLanguage":"en-GB","@id":"https:\/\/www.meeplesdistributie.nl\/product\/wingspan-oceanie-nl\/#primaryimage","url":"https:\/\/www.meeplesdistributie.nl\/wp-content\/uploads\/2024\/05\/Wingspan-Oceani-L.png","contentUrl":"https:\/\/www.meeplesdistributie.nl\/wp-content\/uploads\/2024\/05\/Wingspan-Oceani-L.png","width":680,"height":680},{"@type":"BreadcrumbList","@id":"https:\/\/www.meeplesdistributie.nl\/product\/wingspan-oceanie-nl\/#breadcrumb","itemListElement":[{"@type":"ListItem","position":1,"name":"Home","item":"https:\/\/www.meeplesdistributie.nl\/"},{"@type":"ListItem","position":2,"name":"Webshop","item":"https:\/\/www.meeplesdistributie.nl\/webshop\/"},{"@type":"ListItem","position":3,"name":"Wingspan: Oceanie"}]},{"@type":"WebSite","@id":"https:\/\/www.meeplesdistributie.nl\/#website","url":"https:\/\/www.meeplesdistributie.nl\/","name":"Meeples Distributie - Groep","description":"Welkom op de Meeples Distributie site | Jouw bordspellen groothandel","publisher":{"@id":"https:\/\/www.meeplesdistributie.nl\/#organization"},"potentialAction":[{"@type":"SearchAction","target":{"@type":"EntryPoint","urlTemplate":"https:\/\/www.meeplesdistributie.nl\/?s={search_term_string}"},"query-input":"required name=search_term_string"}],"inLanguage":"en-GB"},{"@type":"Organization","@id":"https:\/\/www.meeplesdistributie.nl\/#organization","name":"Meeples Distributie","url":"https:\/\/www.meeplesdistributie.nl\/","logo":{"@type":"ImageObject","inLanguage":"en-GB","@id":"https:\/\/www.meeplesdistributie.nl\/#\/schema\/logo\/image\/","url":"https:\/\/www.meeplesdistributie.nl\/wp-content\/uploads\/2021\/09\/2-1.png","contentUrl":"https:\/\/www.meeplesdistributie.nl\/wp-content\/uploads\/2021\/09\/2-1.png","width":1080,"height":1080,"caption":"Meeples Distributie"},"image":{"@id":"https:\/\/www.meeplesdistributie.nl\/#\/schema\/logo\/image\/"},"sameAs":["https:\/\/www.facebook.com\/meeplesb","https:\/\/x.com\/meeplesb","https:\/\/www.instagram.com\/meeples_bordspellen","https:\/\/www.linkedin.com\/company\/meeplesbordspellen","https:\/\/nl.pinterest.com\/meeplesbordspellen\/_created\/","https:\/\/www.youtube.com\/UCtRQUPN4QYmky2dvclaDh_Q"]}]},"product_price_amount":"20.83","product_price_currency":"EUR","og_availability":"instock","product_availability":"instock","product_retailer_item_id":"1075","product_condition":"new"},"_links":{"self":[{"href":"https:\/\/www.meeplesdistributie.nl\/en\/wp-json\/wp\/v2\/product\/2852","targetHints":{"allow":["GET"]}}],"collection":[{"href":"https:\/\/www.meeplesdistributie.nl\/en\/wp-json\/wp\/v2\/product"}],"about":[{"href":"https:\/\/www.meeplesdistributie.nl\/en\/wp-json\/wp\/v2\/types\/product"}],"replies":[{"embeddable":true,"href":"https:\/\/www.meeplesdistributie.nl\/en\/wp-json\/wp\/v2\/comments?post=2852"}],"version-history":[{"count":17,"href":"https:\/\/www.meeplesdistributie.nl\/en\/wp-json\/wp\/v2\/product\/2852\/revisions"}],"predecessor-version":[{"id":58685,"href":"https:\/\/www.meeplesdistributie.nl\/en\/wp-json\/wp\/v2\/product\/2852\/revisions\/58685"}],"wp:featuredmedia":[{"embeddable":true,"href":"https:\/\/www.meeplesdistributie.nl\/en\/wp-json\/wp\/v2\/media\/56127"}],"wp:attachment":[{"href":"https:\/\/www.meeplesdistributie.nl\/en\/wp-json\/wp\/v2\/media?parent=2852"}],"wp:term":[{"taxonomy":"product_cat","embeddable":true,"href":"https:\/\/www.meeplesdistributie.nl\/en\/wp-json\/wp\/v2\/product_cat?post=2852"},{"taxonomy":"product_tag","embeddable":true,"href":"https:\/\/www.meeplesdistributie.nl\/en\/wp-json\/wp\/v2\/product_tag?post=2852"}],"curies":[{"name":"wp","href":"https:\/\/api.w.org\/{rel}","templated":true}]}}