{"id":31727,"date":"2022-10-27T12:57:58","date_gmt":"2022-10-27T10:57:58","guid":{"rendered":"https:\/\/www.meeplesdistributie.nl\/product\/power-plants\/"},"modified":"2026-03-02T02:19:20","modified_gmt":"2026-03-02T01:19:20","slug":"power-plants","status":"publish","type":"product","link":"https:\/\/www.meeplesdistributie.nl\/en\/product\/power-plants\/","title":{"rendered":"Power Plants"},"content":{"rendered":"<h2><strong>Product description Power Plants<\/strong><\/h2>\n<p>Power plants is a game for 1 \u2013 5 players. Every wizard knows that the best ingredients for spells are freshly grown.<br \/>Unfortunately, there is only one patch of land in the area that is really suitable for growing magical plants. Everyone agrees to share the garden, but you have a plan. Your faithful fairies use the powers of the plants to infiltrate the garden as it grows. Then when everything is in bloom, the best spots will be yours!<\/p>\n<h2><strong>Game Features Power Plants<\/strong><\/h2>\n<p>Number of players: 1-5<br \/>Best with: 1-5<br \/>Time: 30 minutes<br \/>Age: 8+<br \/>Language: Dutch<br \/>Complexity: Medium<br \/>Dicetower Judgment: None<br \/>Legacy: No<br \/>Co-op: No<\/p>\n<p><\/p>\n<h2><strong>Product information<\/strong><\/h2>\n<p>EAN: 5419980166487<br \/>SKU: HMG-2202<\/p>","protected":false},"excerpt":{"rendered":"<p>Product description Power PlantsPower plants is a game for 1 \u2013 5 players. Every wizard knows that the best ingredients for spells are freshly grown. Unfortunately, there is only one patch of land in the\u2026<\/p>","protected":false},"featured_media":31726,"comment_status":"open","ping_status":"closed","template":"","meta":{"site-sidebar-layout":"default","site-content-layout":"","ast-site-content-layout":"","site-content-style":"default","site-sidebar-style":"default","ast-global-header-display":"","ast-banner-title-visibility":"","ast-main-header-display":"","ast-hfb-above-header-display":"","ast-hfb-below-header-display":"","ast-hfb-mobile-header-display":"","site-post-title":"","ast-breadcrumbs-content":"","ast-featured-img":"","footer-sml-layout":"","theme-transparent-header-meta":"","adv-header-id-meta":"","stick-header-meta":"","header-above-stick-meta":"","header-main-stick-meta":"","header-below-stick-meta":"","astra-migrate-meta-layouts":"default","ast-page-background-enabled":"default","ast-page-background-meta":{"desktop":{"background-color":"var(--ast-global-color-4)","background-image":"","background-repeat":"repeat","background-position":"center center","background-size":"auto","background-attachment":"scroll","background-type":"","background-media":"","overlay-type":"","overlay-color":"","overlay-gradient":""},"tablet":{"background-color":"","background-image":"","background-repeat":"repeat","background-position":"center center","background-size":"auto","background-attachment":"scroll","background-type":"","background-media":"","overlay-type":"","overlay-color":"","overlay-gradient":""},"mobile":{"background-color":"","background-image":"","background-repeat":"repeat","background-position":"center center","background-size":"auto","background-attachment":"scroll","background-type":"","background-media":"","overlay-type":"","overlay-color":"","overlay-gradient":""}},"ast-content-background-meta":{"desktop":{"background-color":"var(--ast-global-color-5)","background-image":"","background-repeat":"repeat","background-position":"center center","background-size":"auto","background-attachment":"scroll","background-type":"","background-media":"","overlay-type":"","overlay-color":"","overlay-gradient":""},"tablet":{"background-color":"var(--ast-global-color-5)","background-image":"","background-repeat":"repeat","background-position":"center center","background-size":"auto","background-attachment":"scroll","background-type":"","background-media":"","overlay-type":"","overlay-color":"","overlay-gradient":""},"mobile":{"background-color":"var(--ast-global-color-5)","background-image":"","background-repeat":"repeat","background-position":"center center","background-size":"auto","background-attachment":"scroll","background-type":"","background-media":"","overlay-type":"","overlay-color":"","overlay-gradient":""}}},"product_cat":[43],"product_tag":[],"class_list":{"0":"post-31727","1":"product","2":"type-product","3":"status-publish","4":"has-post-thumbnail","6":"product_cat-bordspel","7":"desktop-align-left","8":"tablet-align-left","9":"mobile-align-left","10":"ast-product-gallery-layout-horizontal-slider","11":"ast-product-gallery-with-no-image","12":"ast-product-tabs-layout-accordion","13":"ast-qv-on-image","15":"first","16":"instock","17":"taxable","18":"shipping-taxable","19":"product-type-simple"},"yoast_head":"<!-- This site is optimized with the Yoast SEO Premium plugin v23.0 (Yoast SEO v23.0) - https:\/\/yoast.com\/wordpress\/plugins\/seo\/ -->\n<title>Power Plants - Meeples Distributie<\/title>\n<meta name=\"description\" content=\"Power plants is een spel voor 1 - 5 spelers. Elke tovenaar weet dat de beste ingredi\u00ebnten voor spreuken vers worden gekweekt. Helaas is er maar \u00e9\u00e9n lapje grond in de buurt dat echt geschikt is om magische planten te kweken. Iedereen stemt ermee in om de tuin te delen, maar je hebt een plan. Jouw trouwe fee\u00ebn gebruiken de krachten van de planten om de tuin te infiltreren terwijl deze groeit. Wanneer dan alles in bloei staat, zullen de beste plekjes de jouwe zijn!\" \/>\n<meta name=\"robots\" content=\"index, follow, max-snippet:-1, max-image-preview:large, max-video-preview:-1\" \/>\n<link rel=\"canonical\" href=\"https:\/\/www.meeplesdistributie.nl\/en\/product\/power-plants\/\" \/>\n<meta property=\"og:locale\" content=\"en_GB\" \/>\n<meta property=\"og:type\" content=\"article\" \/>\n<meta property=\"og:title\" content=\"Power Plants\" \/>\n<meta property=\"og:description\" content=\"Power plants is een spel voor 1 - 5 spelers. Elke tovenaar weet dat de beste ingredi\u00ebnten voor spreuken vers worden gekweekt. Helaas is er maar \u00e9\u00e9n lapje grond in de buurt dat echt geschikt is om magische planten te kweken. Iedereen stemt ermee in om de tuin te delen, maar je hebt een plan. Jouw trouwe fee\u00ebn gebruiken de krachten van de planten om de tuin te infiltreren terwijl deze groeit. Wanneer dan alles in bloei staat, zullen de beste plekjes de jouwe zijn!\" \/>\n<meta property=\"og:url\" content=\"https:\/\/www.meeplesdistributie.nl\/en\/product\/power-plants\/\" \/>\n<meta property=\"og:site_name\" content=\"Meeples Distributie\" \/>\n<meta property=\"article:publisher\" content=\"https:\/\/www.facebook.com\/meeplesb\" \/>\n<meta property=\"article:modified_time\" content=\"2026-03-02T01:19:20+00:00\" \/>\n<meta property=\"og:image\" content=\"https:\/\/www.meeplesdistributie.nl\/wp-content\/uploads\/2022\/10\/1921129311.png\" \/>\n\t<meta property=\"og:image:width\" content=\"466\" \/>\n\t<meta property=\"og:image:height\" content=\"670\" \/>\n\t<meta property=\"og:image:type\" content=\"image\/png\" \/>\n<meta name=\"twitter:card\" content=\"summary_large_image\" \/>\n<meta name=\"twitter:site\" content=\"@meeplesb\" \/>\n<meta name=\"twitter:label1\" content=\"Price\" \/>\n\t<meta name=\"twitter:data1\" content=\"&euro;27,49\" \/>\n\t<meta name=\"twitter:label2\" content=\"Availability\" \/>\n\t<meta name=\"twitter:data2\" content=\"In stock\" \/>\n<script type=\"application\/ld+json\" class=\"yoast-schema-graph\">{\"@context\":\"https:\/\/schema.org\",\"@graph\":[{\"@type\":\"WebPage\",\"@id\":\"https:\/\/www.meeplesdistributie.nl\/product\/power-plants\/\",\"url\":\"https:\/\/www.meeplesdistributie.nl\/product\/power-plants\/\",\"name\":\"Power Plants - Meeples Distributie\",\"isPartOf\":{\"@id\":\"https:\/\/www.meeplesdistributie.nl\/#website\"},\"primaryImageOfPage\":{\"@id\":\"https:\/\/www.meeplesdistributie.nl\/product\/power-plants\/#primaryimage\"},\"image\":{\"@id\":\"https:\/\/www.meeplesdistributie.nl\/product\/power-plants\/#primaryimage\"},\"thumbnailUrl\":\"https:\/\/www.meeplesdistributie.nl\/wp-content\/uploads\/2022\/10\/1921129311.png\",\"datePublished\":\"2022-10-27T10:57:58+00:00\",\"dateModified\":\"2026-03-02T01:19:20+00:00\",\"description\":\"Power plants is een spel voor 1 - 5 spelers. Elke tovenaar weet dat de beste ingredi\u00ebnten voor spreuken vers worden gekweekt. Helaas is er maar \u00e9\u00e9n lapje grond in de buurt dat echt geschikt is om magische planten te kweken. Iedereen stemt ermee in om de tuin te delen, maar je hebt een plan. Jouw trouwe fee\u00ebn gebruiken de krachten van de planten om de tuin te infiltreren terwijl deze groeit. Wanneer dan alles in bloei staat, zullen de beste plekjes de jouwe zijn!\",\"breadcrumb\":{\"@id\":\"https:\/\/www.meeplesdistributie.nl\/product\/power-plants\/#breadcrumb\"},\"inLanguage\":\"en-GB\",\"potentialAction\":[{\"@type\":\"ReadAction\",\"target\":[\"https:\/\/www.meeplesdistributie.nl\/product\/power-plants\/\"]}]},{\"@type\":\"ImageObject\",\"inLanguage\":\"en-GB\",\"@id\":\"https:\/\/www.meeplesdistributie.nl\/product\/power-plants\/#primaryimage\",\"url\":\"https:\/\/www.meeplesdistributie.nl\/wp-content\/uploads\/2022\/10\/1921129311.png\",\"contentUrl\":\"https:\/\/www.meeplesdistributie.nl\/wp-content\/uploads\/2022\/10\/1921129311.png\",\"width\":466,\"height\":670},{\"@type\":\"BreadcrumbList\",\"@id\":\"https:\/\/www.meeplesdistributie.nl\/product\/power-plants\/#breadcrumb\",\"itemListElement\":[{\"@type\":\"ListItem\",\"position\":1,\"name\":\"Home\",\"item\":\"https:\/\/www.meeplesdistributie.nl\/\"},{\"@type\":\"ListItem\",\"position\":2,\"name\":\"Webshop\",\"item\":\"https:\/\/www.meeplesdistributie.nl\/webshop\/\"},{\"@type\":\"ListItem\",\"position\":3,\"name\":\"Power Plants\"}]},{\"@type\":\"WebSite\",\"@id\":\"https:\/\/www.meeplesdistributie.nl\/#website\",\"url\":\"https:\/\/www.meeplesdistributie.nl\/\",\"name\":\"Meeples Distributie - Groep\",\"description\":\"Welkom op de Meeples Distributie site | Jouw bordspellen groothandel\",\"publisher\":{\"@id\":\"https:\/\/www.meeplesdistributie.nl\/#organization\"},\"potentialAction\":[{\"@type\":\"SearchAction\",\"target\":{\"@type\":\"EntryPoint\",\"urlTemplate\":\"https:\/\/www.meeplesdistributie.nl\/?s={search_term_string}\"},\"query-input\":\"required name=search_term_string\"}],\"inLanguage\":\"en-GB\"},{\"@type\":\"Organization\",\"@id\":\"https:\/\/www.meeplesdistributie.nl\/#organization\",\"name\":\"Meeples Distributie\",\"url\":\"https:\/\/www.meeplesdistributie.nl\/\",\"logo\":{\"@type\":\"ImageObject\",\"inLanguage\":\"en-GB\",\"@id\":\"https:\/\/www.meeplesdistributie.nl\/#\/schema\/logo\/image\/\",\"url\":\"https:\/\/www.meeplesdistributie.nl\/wp-content\/uploads\/2021\/09\/2-1.png\",\"contentUrl\":\"https:\/\/www.meeplesdistributie.nl\/wp-content\/uploads\/2021\/09\/2-1.png\",\"width\":1080,\"height\":1080,\"caption\":\"Meeples Distributie\"},\"image\":{\"@id\":\"https:\/\/www.meeplesdistributie.nl\/#\/schema\/logo\/image\/\"},\"sameAs\":[\"https:\/\/www.facebook.com\/meeplesb\",\"https:\/\/x.com\/meeplesb\",\"https:\/\/www.instagram.com\/meeples_bordspellen\",\"https:\/\/www.linkedin.com\/company\/meeplesbordspellen\",\"https:\/\/nl.pinterest.com\/meeplesbordspellen\/_created\/\",\"https:\/\/www.youtube.com\/UCtRQUPN4QYmky2dvclaDh_Q\"]}]}<\/script>\n<meta property=\"product:price:amount\" content=\"27.49\" \/>\n<meta property=\"product:price:currency\" content=\"EUR\" \/>\n<meta property=\"og:availability\" content=\"instock\" \/>\n<meta property=\"product:availability\" content=\"instock\" \/>\n<meta property=\"product:retailer_item_id\" content=\"2314\" \/>\n<meta property=\"product:condition\" content=\"new\" \/>\n<!-- \/ Yoast SEO Premium plugin. -->","yoast_head_json":{"title":"Power Plants - Meeples Distributie","description":"Power plants is een spel voor 1 - 5 spelers. Elke tovenaar weet dat de beste ingredi\u00ebnten voor spreuken vers worden gekweekt. Helaas is er maar \u00e9\u00e9n lapje grond in de buurt dat echt geschikt is om magische planten te kweken. Iedereen stemt ermee in om de tuin te delen, maar je hebt een plan. Jouw trouwe fee\u00ebn gebruiken de krachten van de planten om de tuin te infiltreren terwijl deze groeit. Wanneer dan alles in bloei staat, zullen de beste plekjes de jouwe zijn!","robots":{"index":"index","follow":"follow","max-snippet":"max-snippet:-1","max-image-preview":"max-image-preview:large","max-video-preview":"max-video-preview:-1"},"canonical":"https:\/\/www.meeplesdistributie.nl\/en\/product\/power-plants\/","og_locale":"en_GB","og_type":"article","og_title":"Power Plants","og_description":"Power plants is een spel voor 1 - 5 spelers. Elke tovenaar weet dat de beste ingredi\u00ebnten voor spreuken vers worden gekweekt. Helaas is er maar \u00e9\u00e9n lapje grond in de buurt dat echt geschikt is om magische planten te kweken. Iedereen stemt ermee in om de tuin te delen, maar je hebt een plan. Jouw trouwe fee\u00ebn gebruiken de krachten van de planten om de tuin te infiltreren terwijl deze groeit. Wanneer dan alles in bloei staat, zullen de beste plekjes de jouwe zijn!","og_url":"https:\/\/www.meeplesdistributie.nl\/en\/product\/power-plants\/","og_site_name":"Meeples Distributie","article_publisher":"https:\/\/www.facebook.com\/meeplesb","article_modified_time":"2026-03-02T01:19:20+00:00","og_image":[{"width":466,"height":670,"url":"https:\/\/www.meeplesdistributie.nl\/wp-content\/uploads\/2022\/10\/1921129311.png","type":"image\/png"}],"twitter_card":"summary_large_image","twitter_site":"@meeplesb","twitter_misc":{"Price":"&euro;27,49","Availability":"In stock"},"schema":{"@context":"https:\/\/schema.org","@graph":[{"@type":"WebPage","@id":"https:\/\/www.meeplesdistributie.nl\/product\/power-plants\/","url":"https:\/\/www.meeplesdistributie.nl\/product\/power-plants\/","name":"Power Plants - Meeples Distributie","isPartOf":{"@id":"https:\/\/www.meeplesdistributie.nl\/#website"},"primaryImageOfPage":{"@id":"https:\/\/www.meeplesdistributie.nl\/product\/power-plants\/#primaryimage"},"image":{"@id":"https:\/\/www.meeplesdistributie.nl\/product\/power-plants\/#primaryimage"},"thumbnailUrl":"https:\/\/www.meeplesdistributie.nl\/wp-content\/uploads\/2022\/10\/1921129311.png","datePublished":"2022-10-27T10:57:58+00:00","dateModified":"2026-03-02T01:19:20+00:00","description":"Power plants is een spel voor 1 - 5 spelers. Elke tovenaar weet dat de beste ingredi\u00ebnten voor spreuken vers worden gekweekt. Helaas is er maar \u00e9\u00e9n lapje grond in de buurt dat echt geschikt is om magische planten te kweken. Iedereen stemt ermee in om de tuin te delen, maar je hebt een plan. Jouw trouwe fee\u00ebn gebruiken de krachten van de planten om de tuin te infiltreren terwijl deze groeit. Wanneer dan alles in bloei staat, zullen de beste plekjes de jouwe zijn!","breadcrumb":{"@id":"https:\/\/www.meeplesdistributie.nl\/product\/power-plants\/#breadcrumb"},"inLanguage":"en-GB","potentialAction":[{"@type":"ReadAction","target":["https:\/\/www.meeplesdistributie.nl\/product\/power-plants\/"]}]},{"@type":"ImageObject","inLanguage":"en-GB","@id":"https:\/\/www.meeplesdistributie.nl\/product\/power-plants\/#primaryimage","url":"https:\/\/www.meeplesdistributie.nl\/wp-content\/uploads\/2022\/10\/1921129311.png","contentUrl":"https:\/\/www.meeplesdistributie.nl\/wp-content\/uploads\/2022\/10\/1921129311.png","width":466,"height":670},{"@type":"BreadcrumbList","@id":"https:\/\/www.meeplesdistributie.nl\/product\/power-plants\/#breadcrumb","itemListElement":[{"@type":"ListItem","position":1,"name":"Home","item":"https:\/\/www.meeplesdistributie.nl\/"},{"@type":"ListItem","position":2,"name":"Webshop","item":"https:\/\/www.meeplesdistributie.nl\/webshop\/"},{"@type":"ListItem","position":3,"name":"Power Plants"}]},{"@type":"WebSite","@id":"https:\/\/www.meeplesdistributie.nl\/#website","url":"https:\/\/www.meeplesdistributie.nl\/","name":"Meeples Distributie - Groep","description":"Welkom op de Meeples Distributie site | Jouw bordspellen groothandel","publisher":{"@id":"https:\/\/www.meeplesdistributie.nl\/#organization"},"potentialAction":[{"@type":"SearchAction","target":{"@type":"EntryPoint","urlTemplate":"https:\/\/www.meeplesdistributie.nl\/?s={search_term_string}"},"query-input":"required name=search_term_string"}],"inLanguage":"en-GB"},{"@type":"Organization","@id":"https:\/\/www.meeplesdistributie.nl\/#organization","name":"Meeples Distributie","url":"https:\/\/www.meeplesdistributie.nl\/","logo":{"@type":"ImageObject","inLanguage":"en-GB","@id":"https:\/\/www.meeplesdistributie.nl\/#\/schema\/logo\/image\/","url":"https:\/\/www.meeplesdistributie.nl\/wp-content\/uploads\/2021\/09\/2-1.png","contentUrl":"https:\/\/www.meeplesdistributie.nl\/wp-content\/uploads\/2021\/09\/2-1.png","width":1080,"height":1080,"caption":"Meeples Distributie"},"image":{"@id":"https:\/\/www.meeplesdistributie.nl\/#\/schema\/logo\/image\/"},"sameAs":["https:\/\/www.facebook.com\/meeplesb","https:\/\/x.com\/meeplesb","https:\/\/www.instagram.com\/meeples_bordspellen","https:\/\/www.linkedin.com\/company\/meeplesbordspellen","https:\/\/nl.pinterest.com\/meeplesbordspellen\/_created\/","https:\/\/www.youtube.com\/UCtRQUPN4QYmky2dvclaDh_Q"]}]},"product_price_amount":"27.49","product_price_currency":"EUR","og_availability":"instock","product_availability":"instock","product_retailer_item_id":"2314","product_condition":"new"},"_links":{"self":[{"href":"https:\/\/www.meeplesdistributie.nl\/en\/wp-json\/wp\/v2\/product\/31727","targetHints":{"allow":["GET"]}}],"collection":[{"href":"https:\/\/www.meeplesdistributie.nl\/en\/wp-json\/wp\/v2\/product"}],"about":[{"href":"https:\/\/www.meeplesdistributie.nl\/en\/wp-json\/wp\/v2\/types\/product"}],"replies":[{"embeddable":true,"href":"https:\/\/www.meeplesdistributie.nl\/en\/wp-json\/wp\/v2\/comments?post=31727"}],"version-history":[{"count":9,"href":"https:\/\/www.meeplesdistributie.nl\/en\/wp-json\/wp\/v2\/product\/31727\/revisions"}],"predecessor-version":[{"id":51167,"href":"https:\/\/www.meeplesdistributie.nl\/en\/wp-json\/wp\/v2\/product\/31727\/revisions\/51167"}],"wp:featuredmedia":[{"embeddable":true,"href":"https:\/\/www.meeplesdistributie.nl\/en\/wp-json\/wp\/v2\/media\/31726"}],"wp:attachment":[{"href":"https:\/\/www.meeplesdistributie.nl\/en\/wp-json\/wp\/v2\/media?parent=31727"}],"wp:term":[{"taxonomy":"product_cat","embeddable":true,"href":"https:\/\/www.meeplesdistributie.nl\/en\/wp-json\/wp\/v2\/product_cat?post=31727"},{"taxonomy":"product_tag","embeddable":true,"href":"https:\/\/www.meeplesdistributie.nl\/en\/wp-json\/wp\/v2\/product_tag?post=31727"}],"curies":[{"name":"wp","href":"https:\/\/api.w.org\/{rel}","templated":true}]}}