{"id":31731,"date":"2022-10-27T12:58:01","date_gmt":"2022-10-27T10:58:01","guid":{"rendered":"https:\/\/www.meeplesdistributie.nl\/product\/detecteam-familie\/"},"modified":"2026-03-02T02:19:11","modified_gmt":"2026-03-02T01:19:11","slug":"detecteam-familie","status":"publish","type":"product","link":"https:\/\/www.meeplesdistributie.nl\/en\/product\/detective-team-family\/","title":{"rendered":"Detecteam: Family"},"content":{"rendered":"<h2><strong>Product description Detecteam: Family<\/strong><\/h2>\n<p>A collection of 3 Detecteam family games!<br \/>Detecteam: Family is a collection of 3 Detecteam family games (One egg too many; the cake is lost; and sneaky champions) in one box!<br \/>In the box you will find 3 fun mysteries for children and their parents with sweet animal characters.<br \/>In each cooperative adventure you put cards with important information together like a puzzle to determine what really happened. Get to work as detectives and solve the 3 cases.<\/p>\n<p>Detecteam: Family will suit you if you are also enthusiastic about it <a href= \"https:\/\/www.meeplesbordspellen.nl\/unlock\" ><span style= \"color:#e74c3c;\" >Unlock<\/span><\/a>. <\/p>\n<h2><strong>Game features Detecteam: Family<\/strong><\/h2>\n<p>Number of players: 2-4<br \/>Best with: 2-4<br \/>Time: 20 minutes<br \/>Age: 8+<br \/>Language: Dutch<br \/>Complexity: Below average<br \/>Dicetower Judgment: None<br \/>Legacy: No<br \/>Co-op: Yes<\/p>\n<h2><strong>Product information<\/strong><\/h2>\n<p>EAN: 4650000323720<br \/>SKU: HMG-2201<\/p>","protected":false},"excerpt":{"rendered":"<p>Detecteam: Family is a collection of 3 Detecteam family games!<\/p>","protected":false},"featured_media":31730,"comment_status":"open","ping_status":"closed","template":"","meta":{"site-sidebar-layout":"default","site-content-layout":"","ast-site-content-layout":"","site-content-style":"default","site-sidebar-style":"default","ast-global-header-display":"","ast-banner-title-visibility":"","ast-main-header-display":"","ast-hfb-above-header-display":"","ast-hfb-below-header-display":"","ast-hfb-mobile-header-display":"","site-post-title":"","ast-breadcrumbs-content":"","ast-featured-img":"","footer-sml-layout":"","theme-transparent-header-meta":"","adv-header-id-meta":"","stick-header-meta":"","header-above-stick-meta":"","header-main-stick-meta":"","header-below-stick-meta":"","astra-migrate-meta-layouts":"default","ast-page-background-enabled":"default","ast-page-background-meta":{"desktop":{"background-color":"var(--ast-global-color-4)","background-image":"","background-repeat":"repeat","background-position":"center center","background-size":"auto","background-attachment":"scroll","background-type":"","background-media":"","overlay-type":"","overlay-color":"","overlay-gradient":""},"tablet":{"background-color":"","background-image":"","background-repeat":"repeat","background-position":"center center","background-size":"auto","background-attachment":"scroll","background-type":"","background-media":"","overlay-type":"","overlay-color":"","overlay-gradient":""},"mobile":{"background-color":"","background-image":"","background-repeat":"repeat","background-position":"center center","background-size":"auto","background-attachment":"scroll","background-type":"","background-media":"","overlay-type":"","overlay-color":"","overlay-gradient":""}},"ast-content-background-meta":{"desktop":{"background-color":"var(--ast-global-color-5)","background-image":"","background-repeat":"repeat","background-position":"center center","background-size":"auto","background-attachment":"scroll","background-type":"","background-media":"","overlay-type":"","overlay-color":"","overlay-gradient":""},"tablet":{"background-color":"var(--ast-global-color-5)","background-image":"","background-repeat":"repeat","background-position":"center center","background-size":"auto","background-attachment":"scroll","background-type":"","background-media":"","overlay-type":"","overlay-color":"","overlay-gradient":""},"mobile":{"background-color":"var(--ast-global-color-5)","background-image":"","background-repeat":"repeat","background-position":"center center","background-size":"auto","background-attachment":"scroll","background-type":"","background-media":"","overlay-type":"","overlay-color":"","overlay-gradient":""}}},"product_cat":[43],"product_tag":[],"class_list":{"0":"post-31731","1":"product","2":"type-product","3":"status-publish","4":"has-post-thumbnail","6":"product_cat-bordspel","7":"desktop-align-left","8":"tablet-align-left","9":"mobile-align-left","10":"ast-product-gallery-layout-horizontal-slider","11":"ast-product-gallery-with-no-image","12":"ast-product-tabs-layout-accordion","13":"ast-qv-on-image","15":"first","16":"instock","17":"taxable","18":"shipping-taxable","19":"product-type-simple"},"yoast_head":"<!-- This site is optimized with the Yoast SEO Premium plugin v23.0 (Yoast SEO v23.0) - https:\/\/yoast.com\/wordpress\/plugins\/seo\/ -->\n<title>Detecteam: Familie - Meeples Distributie<\/title>\n<meta name=\"description\" content=\"Een verzameling van 3 Detecteam-familiespellen! Detecteam: Familie is een verzameling van 3 Detecteam-familiespellen (E\u00e9n ei te veel; de taart is zoek; en geniepige kampioenen) in \u00e9\u00e9n doos! In de doos vind je 3 leuke mysteries voor kinderen en hun ouders met lieve dierlijke personages. In elk co\u00f6peratief avontuur leg je kaarten met belangrijke informatie zoals een puzzel bij elkaar om te bepalen wat er echt gebeurd is. Ga aan de slag als detectives en los de 3 zaken op.\" \/>\n<meta name=\"robots\" content=\"index, follow, max-snippet:-1, max-image-preview:large, max-video-preview:-1\" \/>\n<link rel=\"canonical\" href=\"https:\/\/www.meeplesdistributie.nl\/en\/product\/detective-team-family\/\" \/>\n<meta property=\"og:locale\" content=\"en_GB\" \/>\n<meta property=\"og:type\" content=\"article\" \/>\n<meta property=\"og:title\" content=\"Detecteam: Familie\" \/>\n<meta property=\"og:description\" content=\"Een verzameling van 3 Detecteam-familiespellen! Detecteam: Familie is een verzameling van 3 Detecteam-familiespellen (E\u00e9n ei te veel; de taart is zoek; en geniepige kampioenen) in \u00e9\u00e9n doos! In de doos vind je 3 leuke mysteries voor kinderen en hun ouders met lieve dierlijke personages. In elk co\u00f6peratief avontuur leg je kaarten met belangrijke informatie zoals een puzzel bij elkaar om te bepalen wat er echt gebeurd is. Ga aan de slag als detectives en los de 3 zaken op.\" \/>\n<meta property=\"og:url\" content=\"https:\/\/www.meeplesdistributie.nl\/en\/product\/detective-team-family\/\" \/>\n<meta property=\"og:site_name\" content=\"Meeples Distributie\" \/>\n<meta property=\"article:publisher\" content=\"https:\/\/www.facebook.com\/meeplesb\" \/>\n<meta property=\"article:modified_time\" content=\"2026-03-02T01:19:11+00:00\" \/>\n<meta property=\"og:image\" content=\"https:\/\/www.meeplesdistributie.nl\/wp-content\/uploads\/2022\/10\/1921129320.png\" \/>\n\t<meta property=\"og:image:width\" content=\"1151\" \/>\n\t<meta property=\"og:image:height\" content=\"1280\" \/>\n\t<meta property=\"og:image:type\" content=\"image\/png\" \/>\n<meta name=\"twitter:card\" content=\"summary_large_image\" \/>\n<meta name=\"twitter:site\" content=\"@meeplesb\" \/>\n<meta name=\"twitter:label1\" content=\"Price\" \/>\n\t<meta name=\"twitter:data1\" content=\"&euro;17,92\" \/>\n\t<meta name=\"twitter:label2\" content=\"Availability\" \/>\n\t<meta name=\"twitter:data2\" content=\"In stock\" \/>\n<script type=\"application\/ld+json\" class=\"yoast-schema-graph\">{\"@context\":\"https:\/\/schema.org\",\"@graph\":[{\"@type\":\"WebPage\",\"@id\":\"https:\/\/www.meeplesdistributie.nl\/product\/detecteam-familie\/\",\"url\":\"https:\/\/www.meeplesdistributie.nl\/product\/detecteam-familie\/\",\"name\":\"Detecteam: Familie - Meeples Distributie\",\"isPartOf\":{\"@id\":\"https:\/\/www.meeplesdistributie.nl\/#website\"},\"primaryImageOfPage\":{\"@id\":\"https:\/\/www.meeplesdistributie.nl\/product\/detecteam-familie\/#primaryimage\"},\"image\":{\"@id\":\"https:\/\/www.meeplesdistributie.nl\/product\/detecteam-familie\/#primaryimage\"},\"thumbnailUrl\":\"https:\/\/www.meeplesdistributie.nl\/wp-content\/uploads\/2022\/10\/1921129320.png\",\"datePublished\":\"2022-10-27T10:58:01+00:00\",\"dateModified\":\"2026-03-02T01:19:11+00:00\",\"description\":\"Een verzameling van 3 Detecteam-familiespellen! Detecteam: Familie is een verzameling van 3 Detecteam-familiespellen (E\u00e9n ei te veel; de taart is zoek; en geniepige kampioenen) in \u00e9\u00e9n doos! In de doos vind je 3 leuke mysteries voor kinderen en hun ouders met lieve dierlijke personages. In elk co\u00f6peratief avontuur leg je kaarten met belangrijke informatie zoals een puzzel bij elkaar om te bepalen wat er echt gebeurd is. Ga aan de slag als detectives en los de 3 zaken op.\",\"breadcrumb\":{\"@id\":\"https:\/\/www.meeplesdistributie.nl\/product\/detecteam-familie\/#breadcrumb\"},\"inLanguage\":\"en-GB\",\"potentialAction\":[{\"@type\":\"ReadAction\",\"target\":[\"https:\/\/www.meeplesdistributie.nl\/product\/detecteam-familie\/\"]}]},{\"@type\":\"ImageObject\",\"inLanguage\":\"en-GB\",\"@id\":\"https:\/\/www.meeplesdistributie.nl\/product\/detecteam-familie\/#primaryimage\",\"url\":\"https:\/\/www.meeplesdistributie.nl\/wp-content\/uploads\/2022\/10\/1921129320.png\",\"contentUrl\":\"https:\/\/www.meeplesdistributie.nl\/wp-content\/uploads\/2022\/10\/1921129320.png\",\"width\":1151,\"height\":1280},{\"@type\":\"BreadcrumbList\",\"@id\":\"https:\/\/www.meeplesdistributie.nl\/product\/detecteam-familie\/#breadcrumb\",\"itemListElement\":[{\"@type\":\"ListItem\",\"position\":1,\"name\":\"Home\",\"item\":\"https:\/\/www.meeplesdistributie.nl\/\"},{\"@type\":\"ListItem\",\"position\":2,\"name\":\"Webshop\",\"item\":\"https:\/\/www.meeplesdistributie.nl\/webshop\/\"},{\"@type\":\"ListItem\",\"position\":3,\"name\":\"Detecteam: Familie\"}]},{\"@type\":\"WebSite\",\"@id\":\"https:\/\/www.meeplesdistributie.nl\/#website\",\"url\":\"https:\/\/www.meeplesdistributie.nl\/\",\"name\":\"Meeples Distributie - Groep\",\"description\":\"Welkom op de Meeples Distributie site | Jouw bordspellen groothandel\",\"publisher\":{\"@id\":\"https:\/\/www.meeplesdistributie.nl\/#organization\"},\"potentialAction\":[{\"@type\":\"SearchAction\",\"target\":{\"@type\":\"EntryPoint\",\"urlTemplate\":\"https:\/\/www.meeplesdistributie.nl\/?s={search_term_string}\"},\"query-input\":\"required name=search_term_string\"}],\"inLanguage\":\"en-GB\"},{\"@type\":\"Organization\",\"@id\":\"https:\/\/www.meeplesdistributie.nl\/#organization\",\"name\":\"Meeples Distributie\",\"url\":\"https:\/\/www.meeplesdistributie.nl\/\",\"logo\":{\"@type\":\"ImageObject\",\"inLanguage\":\"en-GB\",\"@id\":\"https:\/\/www.meeplesdistributie.nl\/#\/schema\/logo\/image\/\",\"url\":\"https:\/\/www.meeplesdistributie.nl\/wp-content\/uploads\/2021\/09\/2-1.png\",\"contentUrl\":\"https:\/\/www.meeplesdistributie.nl\/wp-content\/uploads\/2021\/09\/2-1.png\",\"width\":1080,\"height\":1080,\"caption\":\"Meeples Distributie\"},\"image\":{\"@id\":\"https:\/\/www.meeplesdistributie.nl\/#\/schema\/logo\/image\/\"},\"sameAs\":[\"https:\/\/www.facebook.com\/meeplesb\",\"https:\/\/x.com\/meeplesb\",\"https:\/\/www.instagram.com\/meeples_bordspellen\",\"https:\/\/www.linkedin.com\/company\/meeplesbordspellen\",\"https:\/\/nl.pinterest.com\/meeplesbordspellen\/_created\/\",\"https:\/\/www.youtube.com\/UCtRQUPN4QYmky2dvclaDh_Q\"]}]}<\/script>\n<meta property=\"product:price:amount\" content=\"17.92\" \/>\n<meta property=\"product:price:currency\" content=\"EUR\" \/>\n<meta property=\"og:availability\" content=\"instock\" \/>\n<meta property=\"product:availability\" content=\"instock\" \/>\n<meta property=\"product:retailer_item_id\" content=\"2318\" \/>\n<meta property=\"product:condition\" content=\"new\" \/>\n<!-- \/ Yoast SEO Premium plugin. -->","yoast_head_json":{"title":"Detecteam: Familie - Meeples Distributie","description":"Een verzameling van 3 Detecteam-familiespellen! Detecteam: Familie is een verzameling van 3 Detecteam-familiespellen (E\u00e9n ei te veel; de taart is zoek; en geniepige kampioenen) in \u00e9\u00e9n doos! In de doos vind je 3 leuke mysteries voor kinderen en hun ouders met lieve dierlijke personages. In elk co\u00f6peratief avontuur leg je kaarten met belangrijke informatie zoals een puzzel bij elkaar om te bepalen wat er echt gebeurd is. Ga aan de slag als detectives en los de 3 zaken op.","robots":{"index":"index","follow":"follow","max-snippet":"max-snippet:-1","max-image-preview":"max-image-preview:large","max-video-preview":"max-video-preview:-1"},"canonical":"https:\/\/www.meeplesdistributie.nl\/en\/product\/detective-team-family\/","og_locale":"en_GB","og_type":"article","og_title":"Detecteam: Familie","og_description":"Een verzameling van 3 Detecteam-familiespellen! Detecteam: Familie is een verzameling van 3 Detecteam-familiespellen (E\u00e9n ei te veel; de taart is zoek; en geniepige kampioenen) in \u00e9\u00e9n doos! In de doos vind je 3 leuke mysteries voor kinderen en hun ouders met lieve dierlijke personages. In elk co\u00f6peratief avontuur leg je kaarten met belangrijke informatie zoals een puzzel bij elkaar om te bepalen wat er echt gebeurd is. Ga aan de slag als detectives en los de 3 zaken op.","og_url":"https:\/\/www.meeplesdistributie.nl\/en\/product\/detective-team-family\/","og_site_name":"Meeples Distributie","article_publisher":"https:\/\/www.facebook.com\/meeplesb","article_modified_time":"2026-03-02T01:19:11+00:00","og_image":[{"width":1151,"height":1280,"url":"https:\/\/www.meeplesdistributie.nl\/wp-content\/uploads\/2022\/10\/1921129320.png","type":"image\/png"}],"twitter_card":"summary_large_image","twitter_site":"@meeplesb","twitter_misc":{"Price":"&euro;17,92","Availability":"In stock"},"schema":{"@context":"https:\/\/schema.org","@graph":[{"@type":"WebPage","@id":"https:\/\/www.meeplesdistributie.nl\/product\/detecteam-familie\/","url":"https:\/\/www.meeplesdistributie.nl\/product\/detecteam-familie\/","name":"Detecteam: Familie - Meeples Distributie","isPartOf":{"@id":"https:\/\/www.meeplesdistributie.nl\/#website"},"primaryImageOfPage":{"@id":"https:\/\/www.meeplesdistributie.nl\/product\/detecteam-familie\/#primaryimage"},"image":{"@id":"https:\/\/www.meeplesdistributie.nl\/product\/detecteam-familie\/#primaryimage"},"thumbnailUrl":"https:\/\/www.meeplesdistributie.nl\/wp-content\/uploads\/2022\/10\/1921129320.png","datePublished":"2022-10-27T10:58:01+00:00","dateModified":"2026-03-02T01:19:11+00:00","description":"Een verzameling van 3 Detecteam-familiespellen! Detecteam: Familie is een verzameling van 3 Detecteam-familiespellen (E\u00e9n ei te veel; de taart is zoek; en geniepige kampioenen) in \u00e9\u00e9n doos! In de doos vind je 3 leuke mysteries voor kinderen en hun ouders met lieve dierlijke personages. In elk co\u00f6peratief avontuur leg je kaarten met belangrijke informatie zoals een puzzel bij elkaar om te bepalen wat er echt gebeurd is. Ga aan de slag als detectives en los de 3 zaken op.","breadcrumb":{"@id":"https:\/\/www.meeplesdistributie.nl\/product\/detecteam-familie\/#breadcrumb"},"inLanguage":"en-GB","potentialAction":[{"@type":"ReadAction","target":["https:\/\/www.meeplesdistributie.nl\/product\/detecteam-familie\/"]}]},{"@type":"ImageObject","inLanguage":"en-GB","@id":"https:\/\/www.meeplesdistributie.nl\/product\/detecteam-familie\/#primaryimage","url":"https:\/\/www.meeplesdistributie.nl\/wp-content\/uploads\/2022\/10\/1921129320.png","contentUrl":"https:\/\/www.meeplesdistributie.nl\/wp-content\/uploads\/2022\/10\/1921129320.png","width":1151,"height":1280},{"@type":"BreadcrumbList","@id":"https:\/\/www.meeplesdistributie.nl\/product\/detecteam-familie\/#breadcrumb","itemListElement":[{"@type":"ListItem","position":1,"name":"Home","item":"https:\/\/www.meeplesdistributie.nl\/"},{"@type":"ListItem","position":2,"name":"Webshop","item":"https:\/\/www.meeplesdistributie.nl\/webshop\/"},{"@type":"ListItem","position":3,"name":"Detecteam: Familie"}]},{"@type":"WebSite","@id":"https:\/\/www.meeplesdistributie.nl\/#website","url":"https:\/\/www.meeplesdistributie.nl\/","name":"Meeples Distributie - Groep","description":"Welkom op de Meeples Distributie site | Jouw bordspellen groothandel","publisher":{"@id":"https:\/\/www.meeplesdistributie.nl\/#organization"},"potentialAction":[{"@type":"SearchAction","target":{"@type":"EntryPoint","urlTemplate":"https:\/\/www.meeplesdistributie.nl\/?s={search_term_string}"},"query-input":"required name=search_term_string"}],"inLanguage":"en-GB"},{"@type":"Organization","@id":"https:\/\/www.meeplesdistributie.nl\/#organization","name":"Meeples Distributie","url":"https:\/\/www.meeplesdistributie.nl\/","logo":{"@type":"ImageObject","inLanguage":"en-GB","@id":"https:\/\/www.meeplesdistributie.nl\/#\/schema\/logo\/image\/","url":"https:\/\/www.meeplesdistributie.nl\/wp-content\/uploads\/2021\/09\/2-1.png","contentUrl":"https:\/\/www.meeplesdistributie.nl\/wp-content\/uploads\/2021\/09\/2-1.png","width":1080,"height":1080,"caption":"Meeples Distributie"},"image":{"@id":"https:\/\/www.meeplesdistributie.nl\/#\/schema\/logo\/image\/"},"sameAs":["https:\/\/www.facebook.com\/meeplesb","https:\/\/x.com\/meeplesb","https:\/\/www.instagram.com\/meeples_bordspellen","https:\/\/www.linkedin.com\/company\/meeplesbordspellen","https:\/\/nl.pinterest.com\/meeplesbordspellen\/_created\/","https:\/\/www.youtube.com\/UCtRQUPN4QYmky2dvclaDh_Q"]}]},"product_price_amount":"17.92","product_price_currency":"EUR","og_availability":"instock","product_availability":"instock","product_retailer_item_id":"2318","product_condition":"new"},"_links":{"self":[{"href":"https:\/\/www.meeplesdistributie.nl\/en\/wp-json\/wp\/v2\/product\/31731","targetHints":{"allow":["GET"]}}],"collection":[{"href":"https:\/\/www.meeplesdistributie.nl\/en\/wp-json\/wp\/v2\/product"}],"about":[{"href":"https:\/\/www.meeplesdistributie.nl\/en\/wp-json\/wp\/v2\/types\/product"}],"replies":[{"embeddable":true,"href":"https:\/\/www.meeplesdistributie.nl\/en\/wp-json\/wp\/v2\/comments?post=31731"}],"version-history":[{"count":9,"href":"https:\/\/www.meeplesdistributie.nl\/en\/wp-json\/wp\/v2\/product\/31731\/revisions"}],"predecessor-version":[{"id":52542,"href":"https:\/\/www.meeplesdistributie.nl\/en\/wp-json\/wp\/v2\/product\/31731\/revisions\/52542"}],"wp:featuredmedia":[{"embeddable":true,"href":"https:\/\/www.meeplesdistributie.nl\/en\/wp-json\/wp\/v2\/media\/31730"}],"wp:attachment":[{"href":"https:\/\/www.meeplesdistributie.nl\/en\/wp-json\/wp\/v2\/media?parent=31731"}],"wp:term":[{"taxonomy":"product_cat","embeddable":true,"href":"https:\/\/www.meeplesdistributie.nl\/en\/wp-json\/wp\/v2\/product_cat?post=31731"},{"taxonomy":"product_tag","embeddable":true,"href":"https:\/\/www.meeplesdistributie.nl\/en\/wp-json\/wp\/v2\/product_tag?post=31731"}],"curies":[{"name":"wp","href":"https:\/\/api.w.org\/{rel}","templated":true}]}}