{"id":3766,"date":"2021-09-27T12:51:41","date_gmt":"2021-09-27T10:51:41","guid":{"rendered":"https:\/\/www.meeplesdistributie.nl\/product\/catan-het-duel-rivals-for-catan\/"},"modified":"2026-03-11T15:30:20","modified_gmt":"2026-03-11T14:30:20","slug":"catan-het-duel-rivals-for-catan","status":"publish","type":"product","link":"https:\/\/www.meeplesdistributie.nl\/en\/product\/catan-the-duel-rivals-for-catan\/","title":{"rendered":"Catan The Duel \/ Rivals for Catan"},"content":{"rendered":"<p>Reprint of Princes of Catan with card holders and new packaging. Build your kingdom and endure the hardships and golden times that the colonists of Catan encountered on their path. The basic game The First Inhabitants of Catan familiarizes you with the game. Furthermore, this box contains 3 theme sets with extra cards, which offer many possibilities for variable strategies. In this way you take a journey through 3 eras, as it were: The Golden Age, A Time of Conflict and The Great Progress. Ultimately, all cards can also be used together in the ultimate version of the game, the Duel of the Princes. Relive Catan with this exciting game for 2!<\/p>\n<p>Number of players: 2<br \/>Best with: 2<br \/>Time: 30-60 minutes<br \/>Age: 10+<br \/>Language: Dutch<br \/>Complexity: Medium<br \/>Dicetower Judgment: Excellence<br \/>Legacy: No<br \/>Co-op: No<\/p>","protected":false},"excerpt":{"rendered":"<p>One principality against another, experience the hardships and golden ages that the colonists of Catan encountered in this head-to-head game.<\/p>","protected":false},"featured_media":4177,"comment_status":"open","ping_status":"closed","template":"","meta":{"site-sidebar-layout":"default","site-content-layout":"","ast-site-content-layout":"","site-content-style":"default","site-sidebar-style":"default","ast-global-header-display":"","ast-banner-title-visibility":"","ast-main-header-display":"","ast-hfb-above-header-display":"","ast-hfb-below-header-display":"","ast-hfb-mobile-header-display":"","site-post-title":"","ast-breadcrumbs-content":"","ast-featured-img":"","footer-sml-layout":"","theme-transparent-header-meta":"","adv-header-id-meta":"","stick-header-meta":"","header-above-stick-meta":"","header-main-stick-meta":"","header-below-stick-meta":"","astra-migrate-meta-layouts":"default","ast-page-background-enabled":"default","ast-page-background-meta":{"desktop":{"background-color":"var(--ast-global-color-4)","background-image":"","background-repeat":"repeat","background-position":"center center","background-size":"auto","background-attachment":"scroll","background-type":"","background-media":"","overlay-type":"","overlay-color":"","overlay-gradient":""},"tablet":{"background-color":"","background-image":"","background-repeat":"repeat","background-position":"center center","background-size":"auto","background-attachment":"scroll","background-type":"","background-media":"","overlay-type":"","overlay-color":"","overlay-gradient":""},"mobile":{"background-color":"","background-image":"","background-repeat":"repeat","background-position":"center center","background-size":"auto","background-attachment":"scroll","background-type":"","background-media":"","overlay-type":"","overlay-color":"","overlay-gradient":""}},"ast-content-background-meta":{"desktop":{"background-color":"var(--ast-global-color-5)","background-image":"","background-repeat":"repeat","background-position":"center center","background-size":"auto","background-attachment":"scroll","background-type":"","background-media":"","overlay-type":"","overlay-color":"","overlay-gradient":""},"tablet":{"background-color":"var(--ast-global-color-5)","background-image":"","background-repeat":"repeat","background-position":"center center","background-size":"auto","background-attachment":"scroll","background-type":"","background-media":"","overlay-type":"","overlay-color":"","overlay-gradient":""},"mobile":{"background-color":"var(--ast-global-color-5)","background-image":"","background-repeat":"repeat","background-position":"center center","background-size":"auto","background-attachment":"scroll","background-type":"","background-media":"","overlay-type":"","overlay-color":"","overlay-gradient":""}}},"product_cat":[43],"product_tag":[],"class_list":{"0":"post-3766","1":"product","2":"type-product","3":"status-publish","4":"has-post-thumbnail","6":"product_cat-bordspel","7":"desktop-align-left","8":"tablet-align-left","9":"mobile-align-left","10":"ast-product-gallery-layout-horizontal-slider","11":"ast-product-gallery-with-no-image","12":"ast-product-tabs-layout-accordion","13":"ast-qv-on-image","15":"first","16":"outofstock","17":"taxable","18":"shipping-taxable","19":"product-type-simple"},"yoast_head":"<!-- This site is optimized with the Yoast SEO Premium plugin v23.0 (Yoast SEO v23.0) - https:\/\/yoast.com\/wordpress\/plugins\/seo\/ -->\n<title>Catan Het duel\/ Rivals for Catan - Meeples Distributie<\/title>\n<meta name=\"description\" content=\"E\u00e9n vorstendom tegen het andere, onderga de ontberingen en gouden tijden die de kolonisten van Catan op hun pad tegenkwamen in dit \u00e9\u00e9n tegen \u00e9\u00e9n spel.\" \/>\n<meta name=\"robots\" content=\"index, follow, max-snippet:-1, max-image-preview:large, max-video-preview:-1\" \/>\n<link rel=\"canonical\" href=\"https:\/\/www.meeplesdistributie.nl\/en\/product\/catan-the-duel-rivals-for-catan\/\" \/>\n<meta property=\"og:locale\" content=\"en_GB\" \/>\n<meta property=\"og:type\" content=\"article\" \/>\n<meta property=\"og:title\" content=\"Catan Het duel\/ Rivals for Catan\" \/>\n<meta property=\"og:description\" content=\"E\u00e9n vorstendom tegen het andere, onderga de ontberingen en gouden tijden die de kolonisten van Catan op hun pad tegenkwamen in dit \u00e9\u00e9n tegen \u00e9\u00e9n spel.\" \/>\n<meta property=\"og:url\" content=\"https:\/\/www.meeplesdistributie.nl\/en\/product\/catan-the-duel-rivals-for-catan\/\" \/>\n<meta property=\"og:site_name\" content=\"Meeples Distributie\" \/>\n<meta property=\"article:publisher\" content=\"https:\/\/www.facebook.com\/meeplesb\" \/>\n<meta property=\"article:modified_time\" content=\"2026-03-11T14:30:20+00:00\" \/>\n<meta property=\"og:image\" content=\"https:\/\/www.meeplesdistributie.nl\/wp-content\/uploads\/2021\/09\/546618569.png\" \/>\n\t<meta property=\"og:image:width\" content=\"550\" \/>\n\t<meta property=\"og:image:height\" content=\"801\" \/>\n\t<meta property=\"og:image:type\" content=\"image\/png\" \/>\n<meta name=\"twitter:card\" content=\"summary_large_image\" \/>\n<meta name=\"twitter:site\" content=\"@meeplesb\" \/>\n<meta name=\"twitter:label1\" content=\"Price\" \/>\n\t<meta name=\"twitter:data1\" content=\"&euro;17,34\" \/>\n\t<meta name=\"twitter:label2\" content=\"Availability\" \/>\n\t<meta name=\"twitter:data2\" content=\"Out of stock\" \/>\n<script type=\"application\/ld+json\" class=\"yoast-schema-graph\">{\"@context\":\"https:\/\/schema.org\",\"@graph\":[{\"@type\":\"WebPage\",\"@id\":\"https:\/\/www.meeplesdistributie.nl\/product\/catan-het-duel-rivals-for-catan\/\",\"url\":\"https:\/\/www.meeplesdistributie.nl\/product\/catan-het-duel-rivals-for-catan\/\",\"name\":\"Catan Het duel\/ Rivals for Catan - Meeples Distributie\",\"isPartOf\":{\"@id\":\"https:\/\/www.meeplesdistributie.nl\/#website\"},\"primaryImageOfPage\":{\"@id\":\"https:\/\/www.meeplesdistributie.nl\/product\/catan-het-duel-rivals-for-catan\/#primaryimage\"},\"image\":{\"@id\":\"https:\/\/www.meeplesdistributie.nl\/product\/catan-het-duel-rivals-for-catan\/#primaryimage\"},\"thumbnailUrl\":\"https:\/\/www.meeplesdistributie.nl\/wp-content\/uploads\/2021\/09\/546618569.png\",\"datePublished\":\"2021-09-27T10:51:41+00:00\",\"dateModified\":\"2026-03-11T14:30:20+00:00\",\"description\":\"E\u00e9n vorstendom tegen het andere, onderga de ontberingen en gouden tijden die de kolonisten van Catan op hun pad tegenkwamen in dit \u00e9\u00e9n tegen \u00e9\u00e9n spel.\",\"breadcrumb\":{\"@id\":\"https:\/\/www.meeplesdistributie.nl\/product\/catan-het-duel-rivals-for-catan\/#breadcrumb\"},\"inLanguage\":\"en-GB\",\"potentialAction\":[{\"@type\":\"ReadAction\",\"target\":[\"https:\/\/www.meeplesdistributie.nl\/product\/catan-het-duel-rivals-for-catan\/\"]}]},{\"@type\":\"ImageObject\",\"inLanguage\":\"en-GB\",\"@id\":\"https:\/\/www.meeplesdistributie.nl\/product\/catan-het-duel-rivals-for-catan\/#primaryimage\",\"url\":\"https:\/\/www.meeplesdistributie.nl\/wp-content\/uploads\/2021\/09\/546618569.png\",\"contentUrl\":\"https:\/\/www.meeplesdistributie.nl\/wp-content\/uploads\/2021\/09\/546618569.png\",\"width\":550,\"height\":801},{\"@type\":\"BreadcrumbList\",\"@id\":\"https:\/\/www.meeplesdistributie.nl\/product\/catan-het-duel-rivals-for-catan\/#breadcrumb\",\"itemListElement\":[{\"@type\":\"ListItem\",\"position\":1,\"name\":\"Home\",\"item\":\"https:\/\/www.meeplesdistributie.nl\/\"},{\"@type\":\"ListItem\",\"position\":2,\"name\":\"Webshop\",\"item\":\"https:\/\/www.meeplesdistributie.nl\/webshop\/\"},{\"@type\":\"ListItem\",\"position\":3,\"name\":\"Catan Het duel\/ Rivals for Catan\"}]},{\"@type\":\"WebSite\",\"@id\":\"https:\/\/www.meeplesdistributie.nl\/#website\",\"url\":\"https:\/\/www.meeplesdistributie.nl\/\",\"name\":\"Meeples Distributie - Groep\",\"description\":\"Welkom op de Meeples Distributie site | Jouw bordspellen groothandel\",\"publisher\":{\"@id\":\"https:\/\/www.meeplesdistributie.nl\/#organization\"},\"potentialAction\":[{\"@type\":\"SearchAction\",\"target\":{\"@type\":\"EntryPoint\",\"urlTemplate\":\"https:\/\/www.meeplesdistributie.nl\/?s={search_term_string}\"},\"query-input\":\"required name=search_term_string\"}],\"inLanguage\":\"en-GB\"},{\"@type\":\"Organization\",\"@id\":\"https:\/\/www.meeplesdistributie.nl\/#organization\",\"name\":\"Meeples Distributie\",\"url\":\"https:\/\/www.meeplesdistributie.nl\/\",\"logo\":{\"@type\":\"ImageObject\",\"inLanguage\":\"en-GB\",\"@id\":\"https:\/\/www.meeplesdistributie.nl\/#\/schema\/logo\/image\/\",\"url\":\"https:\/\/www.meeplesdistributie.nl\/wp-content\/uploads\/2021\/09\/2-1.png\",\"contentUrl\":\"https:\/\/www.meeplesdistributie.nl\/wp-content\/uploads\/2021\/09\/2-1.png\",\"width\":1080,\"height\":1080,\"caption\":\"Meeples Distributie\"},\"image\":{\"@id\":\"https:\/\/www.meeplesdistributie.nl\/#\/schema\/logo\/image\/\"},\"sameAs\":[\"https:\/\/www.facebook.com\/meeplesb\",\"https:\/\/x.com\/meeplesb\",\"https:\/\/www.instagram.com\/meeples_bordspellen\",\"https:\/\/www.linkedin.com\/company\/meeplesbordspellen\",\"https:\/\/nl.pinterest.com\/meeplesbordspellen\/_created\/\",\"https:\/\/www.youtube.com\/UCtRQUPN4QYmky2dvclaDh_Q\"]}]}<\/script>\n<meta property=\"product:price:amount\" content=\"17.34\" \/>\n<meta property=\"product:price:currency\" content=\"EUR\" \/>\n<meta property=\"og:availability\" content=\"out of stock\" \/>\n<meta property=\"product:availability\" content=\"out of stock\" \/>\n<meta property=\"product:retailer_item_id\" content=\"87\" \/>\n<meta property=\"product:condition\" content=\"new\" \/>\n<!-- \/ Yoast SEO Premium plugin. -->","yoast_head_json":{"title":"Catan Het duel\/ Rivals for Catan - Meeples Distributie","description":"E\u00e9n vorstendom tegen het andere, onderga de ontberingen en gouden tijden die de kolonisten van Catan op hun pad tegenkwamen in dit \u00e9\u00e9n tegen \u00e9\u00e9n spel.","robots":{"index":"index","follow":"follow","max-snippet":"max-snippet:-1","max-image-preview":"max-image-preview:large","max-video-preview":"max-video-preview:-1"},"canonical":"https:\/\/www.meeplesdistributie.nl\/en\/product\/catan-the-duel-rivals-for-catan\/","og_locale":"en_GB","og_type":"article","og_title":"Catan Het duel\/ Rivals for Catan","og_description":"E\u00e9n vorstendom tegen het andere, onderga de ontberingen en gouden tijden die de kolonisten van Catan op hun pad tegenkwamen in dit \u00e9\u00e9n tegen \u00e9\u00e9n spel.","og_url":"https:\/\/www.meeplesdistributie.nl\/en\/product\/catan-the-duel-rivals-for-catan\/","og_site_name":"Meeples Distributie","article_publisher":"https:\/\/www.facebook.com\/meeplesb","article_modified_time":"2026-03-11T14:30:20+00:00","og_image":[{"width":550,"height":801,"url":"https:\/\/www.meeplesdistributie.nl\/wp-content\/uploads\/2021\/09\/546618569.png","type":"image\/png"}],"twitter_card":"summary_large_image","twitter_site":"@meeplesb","twitter_misc":{"Price":"&euro;17,34","Availability":"Out of stock"},"schema":{"@context":"https:\/\/schema.org","@graph":[{"@type":"WebPage","@id":"https:\/\/www.meeplesdistributie.nl\/product\/catan-het-duel-rivals-for-catan\/","url":"https:\/\/www.meeplesdistributie.nl\/product\/catan-het-duel-rivals-for-catan\/","name":"Catan Het duel\/ Rivals for Catan - Meeples Distributie","isPartOf":{"@id":"https:\/\/www.meeplesdistributie.nl\/#website"},"primaryImageOfPage":{"@id":"https:\/\/www.meeplesdistributie.nl\/product\/catan-het-duel-rivals-for-catan\/#primaryimage"},"image":{"@id":"https:\/\/www.meeplesdistributie.nl\/product\/catan-het-duel-rivals-for-catan\/#primaryimage"},"thumbnailUrl":"https:\/\/www.meeplesdistributie.nl\/wp-content\/uploads\/2021\/09\/546618569.png","datePublished":"2021-09-27T10:51:41+00:00","dateModified":"2026-03-11T14:30:20+00:00","description":"E\u00e9n vorstendom tegen het andere, onderga de ontberingen en gouden tijden die de kolonisten van Catan op hun pad tegenkwamen in dit \u00e9\u00e9n tegen \u00e9\u00e9n spel.","breadcrumb":{"@id":"https:\/\/www.meeplesdistributie.nl\/product\/catan-het-duel-rivals-for-catan\/#breadcrumb"},"inLanguage":"en-GB","potentialAction":[{"@type":"ReadAction","target":["https:\/\/www.meeplesdistributie.nl\/product\/catan-het-duel-rivals-for-catan\/"]}]},{"@type":"ImageObject","inLanguage":"en-GB","@id":"https:\/\/www.meeplesdistributie.nl\/product\/catan-het-duel-rivals-for-catan\/#primaryimage","url":"https:\/\/www.meeplesdistributie.nl\/wp-content\/uploads\/2021\/09\/546618569.png","contentUrl":"https:\/\/www.meeplesdistributie.nl\/wp-content\/uploads\/2021\/09\/546618569.png","width":550,"height":801},{"@type":"BreadcrumbList","@id":"https:\/\/www.meeplesdistributie.nl\/product\/catan-het-duel-rivals-for-catan\/#breadcrumb","itemListElement":[{"@type":"ListItem","position":1,"name":"Home","item":"https:\/\/www.meeplesdistributie.nl\/"},{"@type":"ListItem","position":2,"name":"Webshop","item":"https:\/\/www.meeplesdistributie.nl\/webshop\/"},{"@type":"ListItem","position":3,"name":"Catan Het duel\/ Rivals for Catan"}]},{"@type":"WebSite","@id":"https:\/\/www.meeplesdistributie.nl\/#website","url":"https:\/\/www.meeplesdistributie.nl\/","name":"Meeples Distributie - Groep","description":"Welkom op de Meeples Distributie site | Jouw bordspellen groothandel","publisher":{"@id":"https:\/\/www.meeplesdistributie.nl\/#organization"},"potentialAction":[{"@type":"SearchAction","target":{"@type":"EntryPoint","urlTemplate":"https:\/\/www.meeplesdistributie.nl\/?s={search_term_string}"},"query-input":"required name=search_term_string"}],"inLanguage":"en-GB"},{"@type":"Organization","@id":"https:\/\/www.meeplesdistributie.nl\/#organization","name":"Meeples Distributie","url":"https:\/\/www.meeplesdistributie.nl\/","logo":{"@type":"ImageObject","inLanguage":"en-GB","@id":"https:\/\/www.meeplesdistributie.nl\/#\/schema\/logo\/image\/","url":"https:\/\/www.meeplesdistributie.nl\/wp-content\/uploads\/2021\/09\/2-1.png","contentUrl":"https:\/\/www.meeplesdistributie.nl\/wp-content\/uploads\/2021\/09\/2-1.png","width":1080,"height":1080,"caption":"Meeples Distributie"},"image":{"@id":"https:\/\/www.meeplesdistributie.nl\/#\/schema\/logo\/image\/"},"sameAs":["https:\/\/www.facebook.com\/meeplesb","https:\/\/x.com\/meeplesb","https:\/\/www.instagram.com\/meeples_bordspellen","https:\/\/www.linkedin.com\/company\/meeplesbordspellen","https:\/\/nl.pinterest.com\/meeplesbordspellen\/_created\/","https:\/\/www.youtube.com\/UCtRQUPN4QYmky2dvclaDh_Q"]}]},"product_price_amount":"17.34","product_price_currency":"EUR","og_availability":"out of stock","product_availability":"out of stock","product_retailer_item_id":"87","product_condition":"new"},"_links":{"self":[{"href":"https:\/\/www.meeplesdistributie.nl\/en\/wp-json\/wp\/v2\/product\/3766","targetHints":{"allow":["GET"]}}],"collection":[{"href":"https:\/\/www.meeplesdistributie.nl\/en\/wp-json\/wp\/v2\/product"}],"about":[{"href":"https:\/\/www.meeplesdistributie.nl\/en\/wp-json\/wp\/v2\/types\/product"}],"replies":[{"embeddable":true,"href":"https:\/\/www.meeplesdistributie.nl\/en\/wp-json\/wp\/v2\/comments?post=3766"}],"version-history":[{"count":16,"href":"https:\/\/www.meeplesdistributie.nl\/en\/wp-json\/wp\/v2\/product\/3766\/revisions"}],"predecessor-version":[{"id":51761,"href":"https:\/\/www.meeplesdistributie.nl\/en\/wp-json\/wp\/v2\/product\/3766\/revisions\/51761"}],"wp:featuredmedia":[{"embeddable":true,"href":"https:\/\/www.meeplesdistributie.nl\/en\/wp-json\/wp\/v2\/media\/4177"}],"wp:attachment":[{"href":"https:\/\/www.meeplesdistributie.nl\/en\/wp-json\/wp\/v2\/media?parent=3766"}],"wp:term":[{"taxonomy":"product_cat","embeddable":true,"href":"https:\/\/www.meeplesdistributie.nl\/en\/wp-json\/wp\/v2\/product_cat?post=3766"},{"taxonomy":"product_tag","embeddable":true,"href":"https:\/\/www.meeplesdistributie.nl\/en\/wp-json\/wp\/v2\/product_tag?post=3766"}],"curies":[{"name":"wp","href":"https:\/\/api.w.org\/{rel}","templated":true}]}}