{"id":55701,"date":"2024-05-15T16:41:02","date_gmt":"2024-05-15T14:41:02","guid":{"rendered":"https:\/\/www.meeplesdistributie.nl\/product\/domino\/"},"modified":"2026-03-03T01:00:47","modified_gmt":"2026-03-03T00:00:47","slug":"domino","status":"publish","type":"product","link":"https:\/\/www.meeplesdistributie.nl\/en\/product\/domino\/","title":{"rendered":"Domino"},"content":{"rendered":"<h2><strong>Productomschrijving Domino<\/strong><\/h2>\n<p>Deze domino set in blik bevat 28 stenen met gekleurde ogen. De kleurtjes geven het spel een vrolijke touch. De dominostenen hebben een afmeting van 50 x 25 x 7 mm. Het blik zorgt ervoor dat de stenen niet kunnen rondslingeren. Daarbij kun je \u2018m makkelijk overal mee naartoe nemen. Naast Domino Double 6 is er ook een Double 12 variant met ruim 91 stenen beschikbaar.<\/p>\n<p>Een ware klassieker<br \/>\nHet legspelletje domino wordt gezien als een ware klassieker omdat het al eeuwen gespeeld wordt. De oudste gevonden dominostenen lagen in het graf van Toetanchamon; de meest bekende farao uit het Oude Egypte. In de loop van de jaren zijn meerdere variaties op het spel bedacht, maar over het algemeen zijn de basics hetzelfde.<\/p>\n<p>Rules of the game<br \/>\nBij het klassieke Domino spel draai het niet om het cre\u00ebren van een spectaculair domino-effect. Het een legspel voor 2 tot 4 spelers dat met 28 speciale dominostenen gespeeld wordt. Het doel van Domino is om als eerste al je stenen kwijt te raken.<\/p>\n<p>Domino spelregels<br \/>\nDomino is zo\u2019n spelletje waarbij meerdere variaties bedacht zijn, maar over het algemeen zijn de basics hetzelfde. The Game Room zal daarom ingaan op de basis spelregels van Domino zodat je snel aan de slag kunt met jouw eerste potje!<\/p>\n<p>Voorbereiding<br \/>\nLeg alle 28 dominostenen met de ogen naar beneden neer en hussel deze vervolgens goed door elkaar. Speel je het spel met 2 personen? Dan krijgt ieder 7 stenen. Bij 3 tot 4 spelers zijn dit er 5. Zorg dat de tegenspelers niet kunnen zien welke dominostenen je hebt. Degene met de hoogste dubbele dominosteen (bijvoorbeeld 2\u00d75) mag het spel beginnen en legt deze steen op tafel. Deze dominosteen vormt nu als het ware het uitgangspunt voor het spel. Het kan voorkomen dat niemand een dubbele steen heeft. In dit geval kun je ervoor kiezen om degene met het hoogste aantal ogen te laten beginnen.<\/p>\n<p>Het spelverloop<br \/>\nNadat de startspeler de allereerste steen heeft neergelegd, wordt met de klok mee gespeeld. De speler die aan de beurt is, moet proberen om een steen met hetzelfde aantal ogen aan \u00e9\u00e9n van de uiteinden van de eerste steen aan te leggen. Als de speler geen passende steen heeft, pakt hij \u00e9\u00e9n steen uit de voorraad en gaat de beurt naar de volgende speler. Kun je w\u00e9l een passende dominosteen leggen? Dan moet je je houden aan de volgende regels<\/p>\n<p>Je mag niet passen (bijvoorbeeld uit strategische redenen). Heb je een passende steen, dan ben je verplicht om deze neer te leggen.<br \/>\nDubbele stenen worden niet horizontaal, maar dwars gelegd.<br \/>\nHet spel afronden<br \/>\nHet speelronde kan op twee verschillende manieren tot zijn einde komen.<\/p>\n<p>De ronde is klaar wanneer niemand meer een steen aan een van de uiteinden van de keten kan aanleggen. In dit geval telt iedereen het aantal ogen van zijn eigen dominostenen die hij nog in de hand heeft. De speler met het laagste aantal ogen wint \u2018\u2019de hand\u2019\u2019 en krijgt een score welke gelijk is aan het totaal aantal punten op de ongespeelde dominostenen van zijn tegenstanders.<br \/>\nDe speelronde is ook klaar indien het een speler lukt om al zijn stenen kwijt te raken. De verliezende spelers tellen nu alle ogen van hun resterende stenen. Het totaal aantal ogen van de niet-gespeelde dominostenen is de score van de winnende speler.<br \/>\nHet gehele spel komt ten einde indien een speler 100 punten heeft behaald.<\/p>","protected":false},"excerpt":{"rendered":"<p>Dominoes is a classic tile-laying game for 2 to 4 players played with 28 special domino tiles. Who will be the first to get rid of all their tiles?<\/p>","protected":false},"featured_media":55700,"comment_status":"open","ping_status":"closed","template":"","meta":{"site-sidebar-layout":"","site-content-layout":"","ast-site-content-layout":"","site-content-style":"","site-sidebar-style":"","ast-global-header-display":"","ast-banner-title-visibility":"","ast-main-header-display":"","ast-hfb-above-header-display":"","ast-hfb-below-header-display":"","ast-hfb-mobile-header-display":"","site-post-title":"","ast-breadcrumbs-content":"","ast-featured-img":"","footer-sml-layout":"","theme-transparent-header-meta":"","adv-header-id-meta":"","stick-header-meta":"","header-above-stick-meta":"","header-main-stick-meta":"","header-below-stick-meta":"","astra-migrate-meta-layouts":"","ast-page-background-enabled":"default","ast-page-background-meta":{"desktop":{"background-color":"var(--ast-global-color-4)","background-image":"","background-repeat":"repeat","background-position":"center center","background-size":"auto","background-attachment":"scroll","background-type":"","background-media":"","overlay-type":"","overlay-color":"","overlay-gradient":""},"tablet":{"background-color":"","background-image":"","background-repeat":"repeat","background-position":"center center","background-size":"auto","background-attachment":"scroll","background-type":"","background-media":"","overlay-type":"","overlay-color":"","overlay-gradient":""},"mobile":{"background-color":"","background-image":"","background-repeat":"repeat","background-position":"center center","background-size":"auto","background-attachment":"scroll","background-type":"","background-media":"","overlay-type":"","overlay-color":"","overlay-gradient":""}},"ast-content-background-meta":{"desktop":{"background-color":"var(--ast-global-color-5)","background-image":"","background-repeat":"repeat","background-position":"center center","background-size":"auto","background-attachment":"scroll","background-type":"","background-media":"","overlay-type":"","overlay-color":"","overlay-gradient":""},"tablet":{"background-color":"var(--ast-global-color-5)","background-image":"","background-repeat":"repeat","background-position":"center center","background-size":"auto","background-attachment":"scroll","background-type":"","background-media":"","overlay-type":"","overlay-color":"","overlay-gradient":""},"mobile":{"background-color":"var(--ast-global-color-5)","background-image":"","background-repeat":"repeat","background-position":"center center","background-size":"auto","background-attachment":"scroll","background-type":"","background-media":"","overlay-type":"","overlay-color":"","overlay-gradient":""}}},"product_cat":[171],"product_tag":[],"class_list":{"0":"post-55701","1":"product","2":"type-product","3":"status-publish","4":"has-post-thumbnail","6":"product_cat-bordspellen","7":"desktop-align-left","8":"tablet-align-left","9":"mobile-align-left","10":"ast-product-gallery-layout-horizontal-slider","11":"ast-product-gallery-with-no-image","12":"ast-product-tabs-layout-accordion","13":"ast-qv-on-image","15":"first","16":"outofstock","17":"taxable","18":"shipping-taxable","19":"product-type-simple"},"yoast_head":"<!-- This site is optimized with the Yoast SEO Premium plugin v23.0 (Yoast SEO v23.0) - https:\/\/yoast.com\/wordpress\/plugins\/seo\/ -->\n<title>Domino - Meeples Distributie<\/title>\n<meta name=\"robots\" content=\"index, follow, max-snippet:-1, max-image-preview:large, max-video-preview:-1\" \/>\n<link rel=\"canonical\" href=\"https:\/\/www.meeplesdistributie.nl\/en\/product\/domino\/\" \/>\n<meta property=\"og:locale\" content=\"en_GB\" \/>\n<meta property=\"og:type\" content=\"article\" \/>\n<meta property=\"og:title\" content=\"Domino\" \/>\n<meta property=\"og:description\" content=\"Domino is een klassiek legspel voor 2 tot 4 spelers dat met 28 speciale dominostenen gespeeld wordt. Wie raakt als eerst al zijn stenen kwijt?\" \/>\n<meta property=\"og:url\" content=\"https:\/\/www.meeplesdistributie.nl\/en\/product\/domino\/\" \/>\n<meta property=\"og:site_name\" content=\"Meeples Distributie\" \/>\n<meta property=\"article:publisher\" content=\"https:\/\/www.facebook.com\/meeplesb\" \/>\n<meta property=\"article:modified_time\" content=\"2026-03-03T00:00:47+00:00\" \/>\n<meta property=\"og:image\" content=\"https:\/\/www.meeplesdistributie.nl\/wp-content\/uploads\/2024\/05\/Domino_dubbel-1.webp\" \/>\n\t<meta property=\"og:image:width\" content=\"500\" \/>\n\t<meta property=\"og:image:height\" content=\"500\" \/>\n\t<meta property=\"og:image:type\" content=\"image\/webp\" \/>\n<meta name=\"twitter:card\" content=\"summary_large_image\" \/>\n<meta name=\"twitter:site\" content=\"@meeplesb\" \/>\n<meta name=\"twitter:label1\" content=\"Price\" \/>\n\t<meta name=\"twitter:data1\" content=\"&euro;4,94\" \/>\n\t<meta name=\"twitter:label2\" content=\"Availability\" \/>\n\t<meta name=\"twitter:data2\" content=\"Out of stock\" \/>\n<script type=\"application\/ld+json\" class=\"yoast-schema-graph\">{\"@context\":\"https:\/\/schema.org\",\"@graph\":[{\"@type\":\"WebPage\",\"@id\":\"https:\/\/www.meeplesdistributie.nl\/product\/domino\/\",\"url\":\"https:\/\/www.meeplesdistributie.nl\/product\/domino\/\",\"name\":\"Domino - Meeples Distributie\",\"isPartOf\":{\"@id\":\"https:\/\/www.meeplesdistributie.nl\/#website\"},\"primaryImageOfPage\":{\"@id\":\"https:\/\/www.meeplesdistributie.nl\/product\/domino\/#primaryimage\"},\"image\":{\"@id\":\"https:\/\/www.meeplesdistributie.nl\/product\/domino\/#primaryimage\"},\"thumbnailUrl\":\"https:\/\/www.meeplesdistributie.nl\/wp-content\/uploads\/2024\/05\/Domino_dubbel-1.webp\",\"datePublished\":\"2024-05-15T14:41:02+00:00\",\"dateModified\":\"2026-03-03T00:00:47+00:00\",\"breadcrumb\":{\"@id\":\"https:\/\/www.meeplesdistributie.nl\/product\/domino\/#breadcrumb\"},\"inLanguage\":\"en-GB\",\"potentialAction\":[{\"@type\":\"ReadAction\",\"target\":[\"https:\/\/www.meeplesdistributie.nl\/product\/domino\/\"]}]},{\"@type\":\"ImageObject\",\"inLanguage\":\"en-GB\",\"@id\":\"https:\/\/www.meeplesdistributie.nl\/product\/domino\/#primaryimage\",\"url\":\"https:\/\/www.meeplesdistributie.nl\/wp-content\/uploads\/2024\/05\/Domino_dubbel-1.webp\",\"contentUrl\":\"https:\/\/www.meeplesdistributie.nl\/wp-content\/uploads\/2024\/05\/Domino_dubbel-1.webp\",\"width\":500,\"height\":500},{\"@type\":\"BreadcrumbList\",\"@id\":\"https:\/\/www.meeplesdistributie.nl\/product\/domino\/#breadcrumb\",\"itemListElement\":[{\"@type\":\"ListItem\",\"position\":1,\"name\":\"Home\",\"item\":\"https:\/\/www.meeplesdistributie.nl\/\"},{\"@type\":\"ListItem\",\"position\":2,\"name\":\"Webshop\",\"item\":\"https:\/\/www.meeplesdistributie.nl\/webshop\/\"},{\"@type\":\"ListItem\",\"position\":3,\"name\":\"Domino\"}]},{\"@type\":\"WebSite\",\"@id\":\"https:\/\/www.meeplesdistributie.nl\/#website\",\"url\":\"https:\/\/www.meeplesdistributie.nl\/\",\"name\":\"Meeples Distributie - Groep\",\"description\":\"Welkom op de Meeples Distributie site | Jouw bordspellen groothandel\",\"publisher\":{\"@id\":\"https:\/\/www.meeplesdistributie.nl\/#organization\"},\"potentialAction\":[{\"@type\":\"SearchAction\",\"target\":{\"@type\":\"EntryPoint\",\"urlTemplate\":\"https:\/\/www.meeplesdistributie.nl\/?s={search_term_string}\"},\"query-input\":\"required name=search_term_string\"}],\"inLanguage\":\"en-GB\"},{\"@type\":\"Organization\",\"@id\":\"https:\/\/www.meeplesdistributie.nl\/#organization\",\"name\":\"Meeples Distributie\",\"url\":\"https:\/\/www.meeplesdistributie.nl\/\",\"logo\":{\"@type\":\"ImageObject\",\"inLanguage\":\"en-GB\",\"@id\":\"https:\/\/www.meeplesdistributie.nl\/#\/schema\/logo\/image\/\",\"url\":\"https:\/\/www.meeplesdistributie.nl\/wp-content\/uploads\/2021\/09\/2-1.png\",\"contentUrl\":\"https:\/\/www.meeplesdistributie.nl\/wp-content\/uploads\/2021\/09\/2-1.png\",\"width\":1080,\"height\":1080,\"caption\":\"Meeples Distributie\"},\"image\":{\"@id\":\"https:\/\/www.meeplesdistributie.nl\/#\/schema\/logo\/image\/\"},\"sameAs\":[\"https:\/\/www.facebook.com\/meeplesb\",\"https:\/\/x.com\/meeplesb\",\"https:\/\/www.instagram.com\/meeples_bordspellen\",\"https:\/\/www.linkedin.com\/company\/meeplesbordspellen\",\"https:\/\/nl.pinterest.com\/meeplesbordspellen\/_created\/\",\"https:\/\/www.youtube.com\/UCtRQUPN4QYmky2dvclaDh_Q\"]}]}<\/script>\n<meta property=\"product:price:amount\" content=\"4.94\" \/>\n<meta property=\"product:price:currency\" content=\"EUR\" \/>\n<meta property=\"og:availability\" content=\"out of stock\" \/>\n<meta property=\"product:availability\" content=\"out of stock\" \/>\n<meta property=\"product:retailer_item_id\" content=\"192213592\" \/>\n<meta property=\"product:condition\" content=\"new\" \/>\n<!-- \/ Yoast SEO Premium plugin. -->","yoast_head_json":{"title":"Domino - Meeples Distributie","robots":{"index":"index","follow":"follow","max-snippet":"max-snippet:-1","max-image-preview":"max-image-preview:large","max-video-preview":"max-video-preview:-1"},"canonical":"https:\/\/www.meeplesdistributie.nl\/en\/product\/domino\/","og_locale":"en_GB","og_type":"article","og_title":"Domino","og_description":"Domino is een klassiek legspel voor 2 tot 4 spelers dat met 28 speciale dominostenen gespeeld wordt. Wie raakt als eerst al zijn stenen kwijt?","og_url":"https:\/\/www.meeplesdistributie.nl\/en\/product\/domino\/","og_site_name":"Meeples Distributie","article_publisher":"https:\/\/www.facebook.com\/meeplesb","article_modified_time":"2026-03-03T00:00:47+00:00","og_image":[{"width":500,"height":500,"url":"https:\/\/www.meeplesdistributie.nl\/wp-content\/uploads\/2024\/05\/Domino_dubbel-1.webp","type":"image\/webp"}],"twitter_card":"summary_large_image","twitter_site":"@meeplesb","twitter_misc":{"Price":"&euro;4,94","Availability":"Out of stock"},"schema":{"@context":"https:\/\/schema.org","@graph":[{"@type":"WebPage","@id":"https:\/\/www.meeplesdistributie.nl\/product\/domino\/","url":"https:\/\/www.meeplesdistributie.nl\/product\/domino\/","name":"Domino - Meeples Distributie","isPartOf":{"@id":"https:\/\/www.meeplesdistributie.nl\/#website"},"primaryImageOfPage":{"@id":"https:\/\/www.meeplesdistributie.nl\/product\/domino\/#primaryimage"},"image":{"@id":"https:\/\/www.meeplesdistributie.nl\/product\/domino\/#primaryimage"},"thumbnailUrl":"https:\/\/www.meeplesdistributie.nl\/wp-content\/uploads\/2024\/05\/Domino_dubbel-1.webp","datePublished":"2024-05-15T14:41:02+00:00","dateModified":"2026-03-03T00:00:47+00:00","breadcrumb":{"@id":"https:\/\/www.meeplesdistributie.nl\/product\/domino\/#breadcrumb"},"inLanguage":"en-GB","potentialAction":[{"@type":"ReadAction","target":["https:\/\/www.meeplesdistributie.nl\/product\/domino\/"]}]},{"@type":"ImageObject","inLanguage":"en-GB","@id":"https:\/\/www.meeplesdistributie.nl\/product\/domino\/#primaryimage","url":"https:\/\/www.meeplesdistributie.nl\/wp-content\/uploads\/2024\/05\/Domino_dubbel-1.webp","contentUrl":"https:\/\/www.meeplesdistributie.nl\/wp-content\/uploads\/2024\/05\/Domino_dubbel-1.webp","width":500,"height":500},{"@type":"BreadcrumbList","@id":"https:\/\/www.meeplesdistributie.nl\/product\/domino\/#breadcrumb","itemListElement":[{"@type":"ListItem","position":1,"name":"Home","item":"https:\/\/www.meeplesdistributie.nl\/"},{"@type":"ListItem","position":2,"name":"Webshop","item":"https:\/\/www.meeplesdistributie.nl\/webshop\/"},{"@type":"ListItem","position":3,"name":"Domino"}]},{"@type":"WebSite","@id":"https:\/\/www.meeplesdistributie.nl\/#website","url":"https:\/\/www.meeplesdistributie.nl\/","name":"Meeples Distributie - Groep","description":"Welkom op de Meeples Distributie site | Jouw bordspellen groothandel","publisher":{"@id":"https:\/\/www.meeplesdistributie.nl\/#organization"},"potentialAction":[{"@type":"SearchAction","target":{"@type":"EntryPoint","urlTemplate":"https:\/\/www.meeplesdistributie.nl\/?s={search_term_string}"},"query-input":"required name=search_term_string"}],"inLanguage":"en-GB"},{"@type":"Organization","@id":"https:\/\/www.meeplesdistributie.nl\/#organization","name":"Meeples Distributie","url":"https:\/\/www.meeplesdistributie.nl\/","logo":{"@type":"ImageObject","inLanguage":"en-GB","@id":"https:\/\/www.meeplesdistributie.nl\/#\/schema\/logo\/image\/","url":"https:\/\/www.meeplesdistributie.nl\/wp-content\/uploads\/2021\/09\/2-1.png","contentUrl":"https:\/\/www.meeplesdistributie.nl\/wp-content\/uploads\/2021\/09\/2-1.png","width":1080,"height":1080,"caption":"Meeples Distributie"},"image":{"@id":"https:\/\/www.meeplesdistributie.nl\/#\/schema\/logo\/image\/"},"sameAs":["https:\/\/www.facebook.com\/meeplesb","https:\/\/x.com\/meeplesb","https:\/\/www.instagram.com\/meeples_bordspellen","https:\/\/www.linkedin.com\/company\/meeplesbordspellen","https:\/\/nl.pinterest.com\/meeplesbordspellen\/_created\/","https:\/\/www.youtube.com\/UCtRQUPN4QYmky2dvclaDh_Q"]}]},"product_price_amount":"4.94","product_price_currency":"EUR","og_availability":"out of stock","product_availability":"out of stock","product_retailer_item_id":"192213592","product_condition":"new"},"_links":{"self":[{"href":"https:\/\/www.meeplesdistributie.nl\/en\/wp-json\/wp\/v2\/product\/55701","targetHints":{"allow":["GET"]}}],"collection":[{"href":"https:\/\/www.meeplesdistributie.nl\/en\/wp-json\/wp\/v2\/product"}],"about":[{"href":"https:\/\/www.meeplesdistributie.nl\/en\/wp-json\/wp\/v2\/types\/product"}],"replies":[{"embeddable":true,"href":"https:\/\/www.meeplesdistributie.nl\/en\/wp-json\/wp\/v2\/comments?post=55701"}],"version-history":[{"count":0,"href":"https:\/\/www.meeplesdistributie.nl\/en\/wp-json\/wp\/v2\/product\/55701\/revisions"}],"wp:featuredmedia":[{"embeddable":true,"href":"https:\/\/www.meeplesdistributie.nl\/en\/wp-json\/wp\/v2\/media\/55700"}],"wp:attachment":[{"href":"https:\/\/www.meeplesdistributie.nl\/en\/wp-json\/wp\/v2\/media?parent=55701"}],"wp:term":[{"taxonomy":"product_cat","embeddable":true,"href":"https:\/\/www.meeplesdistributie.nl\/en\/wp-json\/wp\/v2\/product_cat?post=55701"},{"taxonomy":"product_tag","embeddable":true,"href":"https:\/\/www.meeplesdistributie.nl\/en\/wp-json\/wp\/v2\/product_tag?post=55701"}],"curies":[{"name":"wp","href":"https:\/\/api.w.org\/{rel}","templated":true}]}}