{"id":55746,"date":"2024-05-15T16:41:52","date_gmt":"2024-05-15T14:41:52","guid":{"rendered":"https:\/\/www.meeplesdistributie.nl\/product\/monuments-deluxe\/"},"modified":"2026-04-18T12:46:48","modified_gmt":"2026-04-18T10:46:48","slug":"monuments-deluxe","status":"publish","type":"product","link":"https:\/\/www.meeplesdistributie.nl\/en\/product\/monument-deluxe\/","title":{"rendered":"Monuments Deluxe"},"content":{"rendered":"<h2><strong>Productomschrijving Monuments Deluxe<\/strong><\/h2>\n<p>Speel als een van de oude civilisaties en start met het bouwen van je Monument! In Monuments speel je als een van de oude civilisaties; de Grieken, Egyptenaren, Maya\u2019s en Inca\u2019s. Het is jouw taak om je Monument zo snel mogelijk te bouwen, maar je kunt je rijk en haar inwoners niet verwaarlozen. Het spel eindigt na de ronde waarin een speler zijn Monument afbouwt, maar alleen de speler met de meeste overwinningspunten wint het spel!Monuments heeft een andere kijk op het civilisatie genre.  Er zijn geen tijdperken, tech trees, voortuitgang tracks, geen lange wachttijden tussen beurten, geen spel dat 4 uur duurt en ook geen regelboek van 40 pagina\u2019s heeft. In Monuments ligt de focus op het bouwen van je Monument. Elke speler heeft dezelfde 10 actiekaarten. Als je aan de beurt bent doe je slechts \u00e9\u00e9n ding. Of je speelt een van je 10 actiekaarten uit je hand, voert de simpele actie die er op staat uit, en legt hem af. Of, je neemt alle kaarten die je eerder hebt afgelegd terug op hand. Dit zorgt voor heel weinig downtime tussen de beurten van de spelers. Een spel duurt ongeveer 60-120 minuten; 30 minuten per speler afhankelijk van of spelers Monuments al eerder hebben gespeeld en hoeveel competitie er op het einde van het spel is.E\u00e9n van je actiekaarten is \u2018Bouw een laag van je Monument\u2019. Elk Monument heeft 5 lagen nodig om volledig gebouwd te worden. Er zijn drie vereisten om een laag te mogen bouwen. Ten eerste moet je een aantal (land)gebieden controleren. Daarnaast moet je een aantal grondstoffen inleveren. En tenslotte moet je ook een aantal werkers opgeven. Met de \u2018Productie\u2019 en \u2018Populatie\u2019 acties is het niet moeilijk om de grondstoffen en werkers te krijgen die je nodig hebt. Maar om laag 5 te bouwen, en zo het spel te be\u00ebindigen, heb je 12 landgebieden nodig. En je hebt er maar 9 op je thuiscontinent, en 2 op nabijgelegen eilanden. Dan moet je dus je 12e gebied elders zoeken, en dat is nog maar aangenomen dat je tegenstanders niet jouw continent gaan aanvallen\u2026<br \/>\nDan heb je nog drie andere actiekaarten. Met \u2018Ruilen\u2019 kun je grondstoffen ruilen met de bank. Met \u2018Neem Doelkaarten\u2019 kun je een aantal doelkaarten trekken en er tenminste \u00e9\u00e9n houden.  Op deze kaart staan 1, 2 of drie doelen. Behaal je alle doelen op een kaart voor het einde van het spel dan krijg je hiervoor een aantal overwinningspunten. Maar let op, voor elke doelkaart die je niet hebt voltooid krijg je mogelijk een aantal minpunten! En tenslotte kun je met \u2018Upgrade een actiekaart\u2019 een van je 10 actiekaarten upgraden. Elke actiekaart heeft twee zijdes, een groene en een rode. Je begint het spel met de rode zijdes naar boven. Voor twee grondstoffen kun je een kaart upgraden naar de groene zijde. Vanaf nu doet heeft deze actiekaart een sterkere actie! Zo kun je met de \u2018Beweging\u2019 kaart bijvoorbeeld 2 units bewegen als de kaart op de rode zijde ligt, en 3 units als deze op de groene zijde ligt. En met \u2018Productie\u2019 kun je op 2 gebieden produceren met de rode zijde, en op 3 gebieden met de groene zijde.<br \/>\nDaarnaast is er nog een aantal zaken om rekening mee te houden. Elke civilisatie start het spel met een unieke uitgangspositie op het bord, een unieke eigenschap, een andere scorekaart en een persoonlijk bonusdeck. Deze zorgen ervoor dat elk spel weer helemaal anders is! Zodra iemand zijn vijfde Monumentlaag bouwt eindigt het spel na de huidige ronde. Elke civilisatie scoort iets beter op \u00e9\u00e9n eigenschap en iets slechter op \u00e9\u00e9n andere eigenschap, maar in de basis is dit waar je punten voor scoort:<\/p>\n<p>6 OP per laag gebouwd Monument<br \/>\n1 OP per 2 werkers op het bord<br \/>\n1 OP per 3 grondstoffen die je controleert<br \/>\n1 OP per 3 militaire kracht<br \/>\n1 OP per landgebied dat je controleert<br \/>\n1 OP per actiekaart die je hebt geupgraded<br \/>\n1\/2\/3 OP per doel kaart die succesvol afgerond is<br \/>\n0\/-1\/-2 OP per doelkaart die niet afgerond is<br \/>\nOP bonus voor spelers die de 5e laag van hun Monument hebben gebouwd<br \/>\nDe speler met de meeste OP wint Monuments!<\/p>\n<p>Monuments Deluxe zal bij jouw passen als je ook enthousiast wordt van <a href=\"\"><span style=\"color:#e74c3c;\">Tapestry<\/span><\/a>.<\/p>","protected":false},"excerpt":{"rendered":"<p>Play as one of the ancient civilizations and start building your Monument!<\/p>","protected":false},"featured_media":55744,"comment_status":"open","ping_status":"closed","template":"","meta":{"site-sidebar-layout":"","site-content-layout":"","ast-site-content-layout":"","site-content-style":"","site-sidebar-style":"","ast-global-header-display":"","ast-banner-title-visibility":"","ast-main-header-display":"","ast-hfb-above-header-display":"","ast-hfb-below-header-display":"","ast-hfb-mobile-header-display":"","site-post-title":"","ast-breadcrumbs-content":"","ast-featured-img":"","footer-sml-layout":"","theme-transparent-header-meta":"","adv-header-id-meta":"","stick-header-meta":"","header-above-stick-meta":"","header-main-stick-meta":"","header-below-stick-meta":"","astra-migrate-meta-layouts":"","ast-page-background-enabled":"default","ast-page-background-meta":{"desktop":{"background-color":"var(--ast-global-color-4)","background-image":"","background-repeat":"repeat","background-position":"center center","background-size":"auto","background-attachment":"scroll","background-type":"","background-media":"","overlay-type":"","overlay-color":"","overlay-gradient":""},"tablet":{"background-color":"","background-image":"","background-repeat":"repeat","background-position":"center center","background-size":"auto","background-attachment":"scroll","background-type":"","background-media":"","overlay-type":"","overlay-color":"","overlay-gradient":""},"mobile":{"background-color":"","background-image":"","background-repeat":"repeat","background-position":"center center","background-size":"auto","background-attachment":"scroll","background-type":"","background-media":"","overlay-type":"","overlay-color":"","overlay-gradient":""}},"ast-content-background-meta":{"desktop":{"background-color":"var(--ast-global-color-5)","background-image":"","background-repeat":"repeat","background-position":"center center","background-size":"auto","background-attachment":"scroll","background-type":"","background-media":"","overlay-type":"","overlay-color":"","overlay-gradient":""},"tablet":{"background-color":"var(--ast-global-color-5)","background-image":"","background-repeat":"repeat","background-position":"center center","background-size":"auto","background-attachment":"scroll","background-type":"","background-media":"","overlay-type":"","overlay-color":"","overlay-gradient":""},"mobile":{"background-color":"var(--ast-global-color-5)","background-image":"","background-repeat":"repeat","background-position":"center center","background-size":"auto","background-attachment":"scroll","background-type":"","background-media":"","overlay-type":"","overlay-color":"","overlay-gradient":""}}},"product_cat":[171,168],"product_tag":[],"class_list":{"0":"post-55746","1":"product","2":"type-product","3":"status-publish","4":"has-post-thumbnail","6":"product_cat-bordspellen","7":"product_cat-partnerproduct","8":"desktop-align-left","9":"tablet-align-left","10":"mobile-align-left","11":"ast-product-gallery-layout-horizontal-slider","12":"ast-product-gallery-with-no-image","13":"ast-product-tabs-layout-accordion","14":"ast-qv-on-image","16":"first","17":"instock","18":"taxable","19":"shipping-taxable","20":"product-type-simple"},"yoast_head":"<!-- This site is optimized with the Yoast SEO Premium plugin v23.0 (Yoast SEO v23.0) - https:\/\/yoast.com\/wordpress\/plugins\/seo\/ -->\n<title>Monuments Deluxe - Meeples Distributie<\/title>\n<meta name=\"robots\" content=\"index, follow, max-snippet:-1, max-image-preview:large, max-video-preview:-1\" \/>\n<link rel=\"canonical\" href=\"https:\/\/www.meeplesdistributie.nl\/en\/product\/monument-deluxe\/\" \/>\n<meta property=\"og:locale\" content=\"en_GB\" \/>\n<meta property=\"og:type\" content=\"article\" \/>\n<meta property=\"og:title\" content=\"Monuments Deluxe\" \/>\n<meta property=\"og:description\" content=\"Speel als een van de oude civilisaties en start met het bouwen van je Monument!\" \/>\n<meta property=\"og:url\" content=\"https:\/\/www.meeplesdistributie.nl\/en\/product\/monument-deluxe\/\" \/>\n<meta property=\"og:site_name\" content=\"Meeples Distributie\" \/>\n<meta property=\"article:publisher\" content=\"https:\/\/www.facebook.com\/meeplesb\" \/>\n<meta property=\"article:modified_time\" content=\"2026-04-18T10:46:48+00:00\" \/>\n<meta property=\"og:image\" content=\"https:\/\/www.meeplesdistributie.nl\/wp-content\/uploads\/2024\/05\/english-deluxe-scaled-1-scaled.jpg\" \/>\n\t<meta property=\"og:image:width\" content=\"2048\" \/>\n\t<meta property=\"og:image:height\" content=\"1686\" \/>\n\t<meta property=\"og:image:type\" content=\"image\/jpeg\" \/>\n<meta name=\"twitter:card\" content=\"summary_large_image\" \/>\n<meta name=\"twitter:site\" content=\"@meeplesb\" \/>\n<meta name=\"twitter:label1\" content=\"Price\" \/>\n\t<meta name=\"twitter:data1\" content=\"&euro;54,99\" \/>\n\t<meta name=\"twitter:label2\" content=\"Availability\" \/>\n\t<meta name=\"twitter:data2\" content=\"In stock\" \/>\n<script type=\"application\/ld+json\" class=\"yoast-schema-graph\">{\"@context\":\"https:\/\/schema.org\",\"@graph\":[{\"@type\":\"WebPage\",\"@id\":\"https:\/\/www.meeplesdistributie.nl\/product\/monuments-deluxe\/\",\"url\":\"https:\/\/www.meeplesdistributie.nl\/product\/monuments-deluxe\/\",\"name\":\"Monuments Deluxe - Meeples Distributie\",\"isPartOf\":{\"@id\":\"https:\/\/www.meeplesdistributie.nl\/#website\"},\"primaryImageOfPage\":{\"@id\":\"https:\/\/www.meeplesdistributie.nl\/product\/monuments-deluxe\/#primaryimage\"},\"image\":{\"@id\":\"https:\/\/www.meeplesdistributie.nl\/product\/monuments-deluxe\/#primaryimage\"},\"thumbnailUrl\":\"https:\/\/www.meeplesdistributie.nl\/wp-content\/uploads\/2024\/05\/english-deluxe-scaled-1-scaled.jpg\",\"datePublished\":\"2024-05-15T14:41:52+00:00\",\"dateModified\":\"2026-04-18T10:46:48+00:00\",\"breadcrumb\":{\"@id\":\"https:\/\/www.meeplesdistributie.nl\/product\/monuments-deluxe\/#breadcrumb\"},\"inLanguage\":\"en-GB\",\"potentialAction\":[{\"@type\":\"ReadAction\",\"target\":[\"https:\/\/www.meeplesdistributie.nl\/product\/monuments-deluxe\/\"]}]},{\"@type\":\"ImageObject\",\"inLanguage\":\"en-GB\",\"@id\":\"https:\/\/www.meeplesdistributie.nl\/product\/monuments-deluxe\/#primaryimage\",\"url\":\"https:\/\/www.meeplesdistributie.nl\/wp-content\/uploads\/2024\/05\/english-deluxe-scaled-1-scaled.jpg\",\"contentUrl\":\"https:\/\/www.meeplesdistributie.nl\/wp-content\/uploads\/2024\/05\/english-deluxe-scaled-1-scaled.jpg\",\"width\":2048,\"height\":1686},{\"@type\":\"BreadcrumbList\",\"@id\":\"https:\/\/www.meeplesdistributie.nl\/product\/monuments-deluxe\/#breadcrumb\",\"itemListElement\":[{\"@type\":\"ListItem\",\"position\":1,\"name\":\"Home\",\"item\":\"https:\/\/www.meeplesdistributie.nl\/\"},{\"@type\":\"ListItem\",\"position\":2,\"name\":\"Webshop\",\"item\":\"https:\/\/www.meeplesdistributie.nl\/webshop\/\"},{\"@type\":\"ListItem\",\"position\":3,\"name\":\"Monuments Deluxe\"}]},{\"@type\":\"WebSite\",\"@id\":\"https:\/\/www.meeplesdistributie.nl\/#website\",\"url\":\"https:\/\/www.meeplesdistributie.nl\/\",\"name\":\"Meeples Distributie - Groep\",\"description\":\"Welkom op de Meeples Distributie site | Jouw bordspellen groothandel\",\"publisher\":{\"@id\":\"https:\/\/www.meeplesdistributie.nl\/#organization\"},\"potentialAction\":[{\"@type\":\"SearchAction\",\"target\":{\"@type\":\"EntryPoint\",\"urlTemplate\":\"https:\/\/www.meeplesdistributie.nl\/?s={search_term_string}\"},\"query-input\":\"required name=search_term_string\"}],\"inLanguage\":\"en-GB\"},{\"@type\":\"Organization\",\"@id\":\"https:\/\/www.meeplesdistributie.nl\/#organization\",\"name\":\"Meeples Distributie\",\"url\":\"https:\/\/www.meeplesdistributie.nl\/\",\"logo\":{\"@type\":\"ImageObject\",\"inLanguage\":\"en-GB\",\"@id\":\"https:\/\/www.meeplesdistributie.nl\/#\/schema\/logo\/image\/\",\"url\":\"https:\/\/www.meeplesdistributie.nl\/wp-content\/uploads\/2021\/09\/2-1.png\",\"contentUrl\":\"https:\/\/www.meeplesdistributie.nl\/wp-content\/uploads\/2021\/09\/2-1.png\",\"width\":1080,\"height\":1080,\"caption\":\"Meeples Distributie\"},\"image\":{\"@id\":\"https:\/\/www.meeplesdistributie.nl\/#\/schema\/logo\/image\/\"},\"sameAs\":[\"https:\/\/www.facebook.com\/meeplesb\",\"https:\/\/x.com\/meeplesb\",\"https:\/\/www.instagram.com\/meeples_bordspellen\",\"https:\/\/www.linkedin.com\/company\/meeplesbordspellen\",\"https:\/\/nl.pinterest.com\/meeplesbordspellen\/_created\/\",\"https:\/\/www.youtube.com\/UCtRQUPN4QYmky2dvclaDh_Q\"]}]}<\/script>\n<meta property=\"product:price:amount\" content=\"54.99\" \/>\n<meta property=\"product:price:currency\" content=\"EUR\" \/>\n<meta property=\"og:availability\" content=\"instock\" \/>\n<meta property=\"product:availability\" content=\"instock\" \/>\n<meta property=\"product:retailer_item_id\" content=\"192213615\" \/>\n<meta property=\"product:condition\" content=\"new\" \/>\n<!-- \/ Yoast SEO Premium plugin. -->","yoast_head_json":{"title":"Monuments Deluxe - Meeples Distributie","robots":{"index":"index","follow":"follow","max-snippet":"max-snippet:-1","max-image-preview":"max-image-preview:large","max-video-preview":"max-video-preview:-1"},"canonical":"https:\/\/www.meeplesdistributie.nl\/en\/product\/monument-deluxe\/","og_locale":"en_GB","og_type":"article","og_title":"Monuments Deluxe","og_description":"Speel als een van de oude civilisaties en start met het bouwen van je Monument!","og_url":"https:\/\/www.meeplesdistributie.nl\/en\/product\/monument-deluxe\/","og_site_name":"Meeples Distributie","article_publisher":"https:\/\/www.facebook.com\/meeplesb","article_modified_time":"2026-04-18T10:46:48+00:00","og_image":[{"width":2048,"height":1686,"url":"https:\/\/www.meeplesdistributie.nl\/wp-content\/uploads\/2024\/05\/english-deluxe-scaled-1-scaled.jpg","type":"image\/jpeg"}],"twitter_card":"summary_large_image","twitter_site":"@meeplesb","twitter_misc":{"Price":"&euro;54,99","Availability":"In stock"},"schema":{"@context":"https:\/\/schema.org","@graph":[{"@type":"WebPage","@id":"https:\/\/www.meeplesdistributie.nl\/product\/monuments-deluxe\/","url":"https:\/\/www.meeplesdistributie.nl\/product\/monuments-deluxe\/","name":"Monuments Deluxe - Meeples Distributie","isPartOf":{"@id":"https:\/\/www.meeplesdistributie.nl\/#website"},"primaryImageOfPage":{"@id":"https:\/\/www.meeplesdistributie.nl\/product\/monuments-deluxe\/#primaryimage"},"image":{"@id":"https:\/\/www.meeplesdistributie.nl\/product\/monuments-deluxe\/#primaryimage"},"thumbnailUrl":"https:\/\/www.meeplesdistributie.nl\/wp-content\/uploads\/2024\/05\/english-deluxe-scaled-1-scaled.jpg","datePublished":"2024-05-15T14:41:52+00:00","dateModified":"2026-04-18T10:46:48+00:00","breadcrumb":{"@id":"https:\/\/www.meeplesdistributie.nl\/product\/monuments-deluxe\/#breadcrumb"},"inLanguage":"en-GB","potentialAction":[{"@type":"ReadAction","target":["https:\/\/www.meeplesdistributie.nl\/product\/monuments-deluxe\/"]}]},{"@type":"ImageObject","inLanguage":"en-GB","@id":"https:\/\/www.meeplesdistributie.nl\/product\/monuments-deluxe\/#primaryimage","url":"https:\/\/www.meeplesdistributie.nl\/wp-content\/uploads\/2024\/05\/english-deluxe-scaled-1-scaled.jpg","contentUrl":"https:\/\/www.meeplesdistributie.nl\/wp-content\/uploads\/2024\/05\/english-deluxe-scaled-1-scaled.jpg","width":2048,"height":1686},{"@type":"BreadcrumbList","@id":"https:\/\/www.meeplesdistributie.nl\/product\/monuments-deluxe\/#breadcrumb","itemListElement":[{"@type":"ListItem","position":1,"name":"Home","item":"https:\/\/www.meeplesdistributie.nl\/"},{"@type":"ListItem","position":2,"name":"Webshop","item":"https:\/\/www.meeplesdistributie.nl\/webshop\/"},{"@type":"ListItem","position":3,"name":"Monuments Deluxe"}]},{"@type":"WebSite","@id":"https:\/\/www.meeplesdistributie.nl\/#website","url":"https:\/\/www.meeplesdistributie.nl\/","name":"Meeples Distributie - Groep","description":"Welkom op de Meeples Distributie site | Jouw bordspellen groothandel","publisher":{"@id":"https:\/\/www.meeplesdistributie.nl\/#organization"},"potentialAction":[{"@type":"SearchAction","target":{"@type":"EntryPoint","urlTemplate":"https:\/\/www.meeplesdistributie.nl\/?s={search_term_string}"},"query-input":"required name=search_term_string"}],"inLanguage":"en-GB"},{"@type":"Organization","@id":"https:\/\/www.meeplesdistributie.nl\/#organization","name":"Meeples Distributie","url":"https:\/\/www.meeplesdistributie.nl\/","logo":{"@type":"ImageObject","inLanguage":"en-GB","@id":"https:\/\/www.meeplesdistributie.nl\/#\/schema\/logo\/image\/","url":"https:\/\/www.meeplesdistributie.nl\/wp-content\/uploads\/2021\/09\/2-1.png","contentUrl":"https:\/\/www.meeplesdistributie.nl\/wp-content\/uploads\/2021\/09\/2-1.png","width":1080,"height":1080,"caption":"Meeples Distributie"},"image":{"@id":"https:\/\/www.meeplesdistributie.nl\/#\/schema\/logo\/image\/"},"sameAs":["https:\/\/www.facebook.com\/meeplesb","https:\/\/x.com\/meeplesb","https:\/\/www.instagram.com\/meeples_bordspellen","https:\/\/www.linkedin.com\/company\/meeplesbordspellen","https:\/\/nl.pinterest.com\/meeplesbordspellen\/_created\/","https:\/\/www.youtube.com\/UCtRQUPN4QYmky2dvclaDh_Q"]}]},"product_price_amount":"54.99","product_price_currency":"EUR","og_availability":"instock","product_availability":"instock","product_retailer_item_id":"192213615","product_condition":"new"},"_links":{"self":[{"href":"https:\/\/www.meeplesdistributie.nl\/en\/wp-json\/wp\/v2\/product\/55746","targetHints":{"allow":["GET"]}}],"collection":[{"href":"https:\/\/www.meeplesdistributie.nl\/en\/wp-json\/wp\/v2\/product"}],"about":[{"href":"https:\/\/www.meeplesdistributie.nl\/en\/wp-json\/wp\/v2\/types\/product"}],"replies":[{"embeddable":true,"href":"https:\/\/www.meeplesdistributie.nl\/en\/wp-json\/wp\/v2\/comments?post=55746"}],"version-history":[{"count":0,"href":"https:\/\/www.meeplesdistributie.nl\/en\/wp-json\/wp\/v2\/product\/55746\/revisions"}],"wp:featuredmedia":[{"embeddable":true,"href":"https:\/\/www.meeplesdistributie.nl\/en\/wp-json\/wp\/v2\/media\/55744"}],"wp:attachment":[{"href":"https:\/\/www.meeplesdistributie.nl\/en\/wp-json\/wp\/v2\/media?parent=55746"}],"wp:term":[{"taxonomy":"product_cat","embeddable":true,"href":"https:\/\/www.meeplesdistributie.nl\/en\/wp-json\/wp\/v2\/product_cat?post=55746"},{"taxonomy":"product_tag","embeddable":true,"href":"https:\/\/www.meeplesdistributie.nl\/en\/wp-json\/wp\/v2\/product_tag?post=55746"}],"curies":[{"name":"wp","href":"https:\/\/api.w.org\/{rel}","templated":true}]}}