{"id":58358,"date":"2025-03-21T09:12:54","date_gmt":"2025-03-21T08:12:54","guid":{"rendered":"https:\/\/www.meeplesdistributie.nl\/product\/scarlet-and-violet-roaring-moon-and-iron-valiant-9-pocket-portfolio\/"},"modified":"2026-03-03T00:14:09","modified_gmt":"2026-03-02T23:14:09","slug":"scarlet-and-violet-roaring-moon-and-iron-valiant-9-pocket-portfolio","status":"publish","type":"product","link":"https:\/\/www.meeplesdistributie.nl\/en\/product\/scarlet-and-violet-roaring-moon-and-iron-valiant-9-pocket-portfolio\/","title":{"rendered":"Scarlet and Violet Roaring Moon and Iron Valiant 9-Pocket Portfolio"},"content":{"rendered":"<h2><strong>Productomschrijving Scarlet and Violet Roaring Moon and Iron Valiant 9-Pocket Portfolio<\/strong><\/h2>\n<p>9-Pocket Portfolios for Pok\u00e9mon hebben een levendige, full-art cover van Roaring Moon en Iron Valiant uit Pok\u00e9mon Violet en Pok\u00e9mon Scarlet. Elke portfolio biedt ruimte en bescherming voor 126 kaarten van standaardformaat met enkele lader en 252 kaarten met dubbele lader in archiefveilige polypropyleen pagina&#8217;s. Gemaakt in Californi\u00eb, VS. <\/p>\n<p>&#8211; Officieel gelicentieerde Pok\u00e9mon Trading Card Game 9-Pocket Portfolio met Roaring Moon en Iron Valiant uit Pok\u00e9mon Violet en Pok\u00e9mon Scarlet<br \/>\n&#8211; Biedt plaats aan 126 kaarten van standaardformaat enkelgeladen en 252 kaarten dubbelgeladen<br \/>\n&#8211; 14 pagina&#8217;s met hoge helderheid<br \/>\n&#8211; Gemaakt van archiefveilige, zuurvrije, niet-pvc-materialen<br \/>\n&#8211; Gemaakt in Californi\u00eb, VS<\/p>","protected":false},"excerpt":{"rendered":"<p>Portfolio die ruimte en bescherming biedt voor maximaal 126 kaarten van standaardformaat enkelgeladen en 252 kaarten dubbelgeladen<\/p>","protected":false},"featured_media":58357,"comment_status":"open","ping_status":"closed","template":"","meta":{"site-sidebar-layout":"","site-content-layout":"","ast-site-content-layout":"","site-content-style":"","site-sidebar-style":"","ast-global-header-display":"","ast-banner-title-visibility":"","ast-main-header-display":"","ast-hfb-above-header-display":"","ast-hfb-below-header-display":"","ast-hfb-mobile-header-display":"","site-post-title":"","ast-breadcrumbs-content":"","ast-featured-img":"","footer-sml-layout":"","theme-transparent-header-meta":"","adv-header-id-meta":"","stick-header-meta":"","header-above-stick-meta":"","header-main-stick-meta":"","header-below-stick-meta":"","astra-migrate-meta-layouts":"","ast-page-background-enabled":"default","ast-page-background-meta":{"desktop":{"background-color":"var(--ast-global-color-4)","background-image":"","background-repeat":"repeat","background-position":"center center","background-size":"auto","background-attachment":"scroll","background-type":"","background-media":"","overlay-type":"","overlay-color":"","overlay-gradient":""},"tablet":{"background-color":"","background-image":"","background-repeat":"repeat","background-position":"center center","background-size":"auto","background-attachment":"scroll","background-type":"","background-media":"","overlay-type":"","overlay-color":"","overlay-gradient":""},"mobile":{"background-color":"","background-image":"","background-repeat":"repeat","background-position":"center center","background-size":"auto","background-attachment":"scroll","background-type":"","background-media":"","overlay-type":"","overlay-color":"","overlay-gradient":""}},"ast-content-background-meta":{"desktop":{"background-color":"var(--ast-global-color-5)","background-image":"","background-repeat":"repeat","background-position":"center center","background-size":"auto","background-attachment":"scroll","background-type":"","background-media":"","overlay-type":"","overlay-color":"","overlay-gradient":""},"tablet":{"background-color":"var(--ast-global-color-5)","background-image":"","background-repeat":"repeat","background-position":"center center","background-size":"auto","background-attachment":"scroll","background-type":"","background-media":"","overlay-type":"","overlay-color":"","overlay-gradient":""},"mobile":{"background-color":"var(--ast-global-color-5)","background-image":"","background-repeat":"repeat","background-position":"center center","background-size":"auto","background-attachment":"scroll","background-type":"","background-media":"","overlay-type":"","overlay-color":"","overlay-gradient":""}}},"product_cat":[54],"product_tag":[],"class_list":{"0":"post-58358","1":"product","2":"type-product","3":"status-publish","4":"has-post-thumbnail","6":"product_cat-accessoires","7":"desktop-align-left","8":"tablet-align-left","9":"mobile-align-left","10":"ast-product-gallery-layout-horizontal-slider","11":"ast-product-gallery-with-no-image","12":"ast-product-tabs-layout-accordion","13":"ast-qv-on-image","15":"first","16":"outofstock","17":"taxable","18":"shipping-taxable","19":"product-type-simple"},"yoast_head":"<!-- This site is optimized with the Yoast SEO Premium plugin v23.0 (Yoast SEO v23.0) - https:\/\/yoast.com\/wordpress\/plugins\/seo\/ -->\n<title>Scarlet and Violet Roaring Moon and Iron Valiant 9-Pocket Portfolio - Meeples Distributie<\/title>\n<meta name=\"robots\" content=\"index, follow, max-snippet:-1, max-image-preview:large, max-video-preview:-1\" \/>\n<link rel=\"canonical\" href=\"https:\/\/www.meeplesdistributie.nl\/en\/product\/scarlet-and-violet-roaring-moon-and-iron-valiant-9-pocket-portfolio\/\" \/>\n<meta property=\"og:locale\" content=\"en_GB\" \/>\n<meta property=\"og:type\" content=\"article\" \/>\n<meta property=\"og:title\" content=\"Scarlet and Violet Roaring Moon and Iron Valiant 9-Pocket Portfolio\" \/>\n<meta property=\"og:description\" content=\"Portfolio die ruimte en bescherming biedt voor maximaal 126 kaarten van standaardformaat enkelgeladen en 252 kaarten dubbelgeladen\" \/>\n<meta property=\"og:url\" content=\"https:\/\/www.meeplesdistributie.nl\/en\/product\/scarlet-and-violet-roaring-moon-and-iron-valiant-9-pocket-portfolio\/\" \/>\n<meta property=\"og:site_name\" content=\"Meeples Distributie\" \/>\n<meta property=\"article:publisher\" content=\"https:\/\/www.facebook.com\/meeplesb\" \/>\n<meta property=\"article:modified_time\" content=\"2026-03-02T23:14:09+00:00\" \/>\n<meta property=\"og:image\" content=\"https:\/\/www.meeplesdistributie.nl\/wp-content\/uploads\/2025\/03\/16072_Port_9Pkt_PKM_SV4_600x.png\" \/>\n\t<meta property=\"og:image:width\" content=\"600\" \/>\n\t<meta property=\"og:image:height\" content=\"600\" \/>\n\t<meta property=\"og:image:type\" content=\"image\/png\" \/>\n<meta name=\"twitter:card\" content=\"summary_large_image\" \/>\n<meta name=\"twitter:site\" content=\"@meeplesb\" \/>\n<meta name=\"twitter:label1\" content=\"Price\" \/>\n\t<meta name=\"twitter:data1\" content=\"&euro;7,39\" \/>\n\t<meta name=\"twitter:label2\" content=\"Availability\" \/>\n\t<meta name=\"twitter:data2\" content=\"Out of stock\" \/>\n<script type=\"application\/ld+json\" class=\"yoast-schema-graph\">{\"@context\":\"https:\/\/schema.org\",\"@graph\":[{\"@type\":\"WebPage\",\"@id\":\"https:\/\/www.meeplesdistributie.nl\/product\/scarlet-and-violet-roaring-moon-and-iron-valiant-9-pocket-portfolio\/\",\"url\":\"https:\/\/www.meeplesdistributie.nl\/product\/scarlet-and-violet-roaring-moon-and-iron-valiant-9-pocket-portfolio\/\",\"name\":\"Scarlet and Violet Roaring Moon and Iron Valiant 9-Pocket Portfolio - Meeples Distributie\",\"isPartOf\":{\"@id\":\"https:\/\/www.meeplesdistributie.nl\/#website\"},\"primaryImageOfPage\":{\"@id\":\"https:\/\/www.meeplesdistributie.nl\/product\/scarlet-and-violet-roaring-moon-and-iron-valiant-9-pocket-portfolio\/#primaryimage\"},\"image\":{\"@id\":\"https:\/\/www.meeplesdistributie.nl\/product\/scarlet-and-violet-roaring-moon-and-iron-valiant-9-pocket-portfolio\/#primaryimage\"},\"thumbnailUrl\":\"https:\/\/www.meeplesdistributie.nl\/wp-content\/uploads\/2025\/03\/16072_Port_9Pkt_PKM_SV4_600x.png\",\"datePublished\":\"2025-03-21T08:12:54+00:00\",\"dateModified\":\"2026-03-02T23:14:09+00:00\",\"breadcrumb\":{\"@id\":\"https:\/\/www.meeplesdistributie.nl\/product\/scarlet-and-violet-roaring-moon-and-iron-valiant-9-pocket-portfolio\/#breadcrumb\"},\"inLanguage\":\"en-GB\",\"potentialAction\":[{\"@type\":\"ReadAction\",\"target\":[\"https:\/\/www.meeplesdistributie.nl\/product\/scarlet-and-violet-roaring-moon-and-iron-valiant-9-pocket-portfolio\/\"]}]},{\"@type\":\"ImageObject\",\"inLanguage\":\"en-GB\",\"@id\":\"https:\/\/www.meeplesdistributie.nl\/product\/scarlet-and-violet-roaring-moon-and-iron-valiant-9-pocket-portfolio\/#primaryimage\",\"url\":\"https:\/\/www.meeplesdistributie.nl\/wp-content\/uploads\/2025\/03\/16072_Port_9Pkt_PKM_SV4_600x.png\",\"contentUrl\":\"https:\/\/www.meeplesdistributie.nl\/wp-content\/uploads\/2025\/03\/16072_Port_9Pkt_PKM_SV4_600x.png\",\"width\":600,\"height\":600},{\"@type\":\"BreadcrumbList\",\"@id\":\"https:\/\/www.meeplesdistributie.nl\/product\/scarlet-and-violet-roaring-moon-and-iron-valiant-9-pocket-portfolio\/#breadcrumb\",\"itemListElement\":[{\"@type\":\"ListItem\",\"position\":1,\"name\":\"Home\",\"item\":\"https:\/\/www.meeplesdistributie.nl\/\"},{\"@type\":\"ListItem\",\"position\":2,\"name\":\"Webshop\",\"item\":\"https:\/\/www.meeplesdistributie.nl\/webshop\/\"},{\"@type\":\"ListItem\",\"position\":3,\"name\":\"Scarlet and Violet Roaring Moon and Iron Valiant 9-Pocket Portfolio\"}]},{\"@type\":\"WebSite\",\"@id\":\"https:\/\/www.meeplesdistributie.nl\/#website\",\"url\":\"https:\/\/www.meeplesdistributie.nl\/\",\"name\":\"Meeples Distributie - Groep\",\"description\":\"Welkom op de Meeples Distributie site | Jouw bordspellen groothandel\",\"publisher\":{\"@id\":\"https:\/\/www.meeplesdistributie.nl\/#organization\"},\"potentialAction\":[{\"@type\":\"SearchAction\",\"target\":{\"@type\":\"EntryPoint\",\"urlTemplate\":\"https:\/\/www.meeplesdistributie.nl\/?s={search_term_string}\"},\"query-input\":\"required name=search_term_string\"}],\"inLanguage\":\"en-GB\"},{\"@type\":\"Organization\",\"@id\":\"https:\/\/www.meeplesdistributie.nl\/#organization\",\"name\":\"Meeples Distributie\",\"url\":\"https:\/\/www.meeplesdistributie.nl\/\",\"logo\":{\"@type\":\"ImageObject\",\"inLanguage\":\"en-GB\",\"@id\":\"https:\/\/www.meeplesdistributie.nl\/#\/schema\/logo\/image\/\",\"url\":\"https:\/\/www.meeplesdistributie.nl\/wp-content\/uploads\/2021\/09\/2-1.png\",\"contentUrl\":\"https:\/\/www.meeplesdistributie.nl\/wp-content\/uploads\/2021\/09\/2-1.png\",\"width\":1080,\"height\":1080,\"caption\":\"Meeples Distributie\"},\"image\":{\"@id\":\"https:\/\/www.meeplesdistributie.nl\/#\/schema\/logo\/image\/\"},\"sameAs\":[\"https:\/\/www.facebook.com\/meeplesb\",\"https:\/\/x.com\/meeplesb\",\"https:\/\/www.instagram.com\/meeples_bordspellen\",\"https:\/\/www.linkedin.com\/company\/meeplesbordspellen\",\"https:\/\/nl.pinterest.com\/meeplesbordspellen\/_created\/\",\"https:\/\/www.youtube.com\/UCtRQUPN4QYmky2dvclaDh_Q\"]}]}<\/script>\n<meta property=\"product:price:amount\" content=\"7.39\" \/>\n<meta property=\"product:price:currency\" content=\"EUR\" \/>\n<meta property=\"og:availability\" content=\"out of stock\" \/>\n<meta property=\"product:availability\" content=\"out of stock\" \/>\n<meta property=\"product:retailer_item_id\" content=\"192214029\" \/>\n<meta property=\"product:condition\" content=\"new\" \/>\n<!-- \/ Yoast SEO Premium plugin. -->","yoast_head_json":{"title":"Scarlet and Violet Roaring Moon and Iron Valiant 9-Pocket Portfolio - Meeples Distributie","robots":{"index":"index","follow":"follow","max-snippet":"max-snippet:-1","max-image-preview":"max-image-preview:large","max-video-preview":"max-video-preview:-1"},"canonical":"https:\/\/www.meeplesdistributie.nl\/en\/product\/scarlet-and-violet-roaring-moon-and-iron-valiant-9-pocket-portfolio\/","og_locale":"en_GB","og_type":"article","og_title":"Scarlet and Violet Roaring Moon and Iron Valiant 9-Pocket Portfolio","og_description":"Portfolio die ruimte en bescherming biedt voor maximaal 126 kaarten van standaardformaat enkelgeladen en 252 kaarten dubbelgeladen","og_url":"https:\/\/www.meeplesdistributie.nl\/en\/product\/scarlet-and-violet-roaring-moon-and-iron-valiant-9-pocket-portfolio\/","og_site_name":"Meeples Distributie","article_publisher":"https:\/\/www.facebook.com\/meeplesb","article_modified_time":"2026-03-02T23:14:09+00:00","og_image":[{"width":600,"height":600,"url":"https:\/\/www.meeplesdistributie.nl\/wp-content\/uploads\/2025\/03\/16072_Port_9Pkt_PKM_SV4_600x.png","type":"image\/png"}],"twitter_card":"summary_large_image","twitter_site":"@meeplesb","twitter_misc":{"Price":"&euro;7,39","Availability":"Out of stock"},"schema":{"@context":"https:\/\/schema.org","@graph":[{"@type":"WebPage","@id":"https:\/\/www.meeplesdistributie.nl\/product\/scarlet-and-violet-roaring-moon-and-iron-valiant-9-pocket-portfolio\/","url":"https:\/\/www.meeplesdistributie.nl\/product\/scarlet-and-violet-roaring-moon-and-iron-valiant-9-pocket-portfolio\/","name":"Scarlet and Violet Roaring Moon and Iron Valiant 9-Pocket Portfolio - Meeples Distributie","isPartOf":{"@id":"https:\/\/www.meeplesdistributie.nl\/#website"},"primaryImageOfPage":{"@id":"https:\/\/www.meeplesdistributie.nl\/product\/scarlet-and-violet-roaring-moon-and-iron-valiant-9-pocket-portfolio\/#primaryimage"},"image":{"@id":"https:\/\/www.meeplesdistributie.nl\/product\/scarlet-and-violet-roaring-moon-and-iron-valiant-9-pocket-portfolio\/#primaryimage"},"thumbnailUrl":"https:\/\/www.meeplesdistributie.nl\/wp-content\/uploads\/2025\/03\/16072_Port_9Pkt_PKM_SV4_600x.png","datePublished":"2025-03-21T08:12:54+00:00","dateModified":"2026-03-02T23:14:09+00:00","breadcrumb":{"@id":"https:\/\/www.meeplesdistributie.nl\/product\/scarlet-and-violet-roaring-moon-and-iron-valiant-9-pocket-portfolio\/#breadcrumb"},"inLanguage":"en-GB","potentialAction":[{"@type":"ReadAction","target":["https:\/\/www.meeplesdistributie.nl\/product\/scarlet-and-violet-roaring-moon-and-iron-valiant-9-pocket-portfolio\/"]}]},{"@type":"ImageObject","inLanguage":"en-GB","@id":"https:\/\/www.meeplesdistributie.nl\/product\/scarlet-and-violet-roaring-moon-and-iron-valiant-9-pocket-portfolio\/#primaryimage","url":"https:\/\/www.meeplesdistributie.nl\/wp-content\/uploads\/2025\/03\/16072_Port_9Pkt_PKM_SV4_600x.png","contentUrl":"https:\/\/www.meeplesdistributie.nl\/wp-content\/uploads\/2025\/03\/16072_Port_9Pkt_PKM_SV4_600x.png","width":600,"height":600},{"@type":"BreadcrumbList","@id":"https:\/\/www.meeplesdistributie.nl\/product\/scarlet-and-violet-roaring-moon-and-iron-valiant-9-pocket-portfolio\/#breadcrumb","itemListElement":[{"@type":"ListItem","position":1,"name":"Home","item":"https:\/\/www.meeplesdistributie.nl\/"},{"@type":"ListItem","position":2,"name":"Webshop","item":"https:\/\/www.meeplesdistributie.nl\/webshop\/"},{"@type":"ListItem","position":3,"name":"Scarlet and Violet Roaring Moon and Iron Valiant 9-Pocket Portfolio"}]},{"@type":"WebSite","@id":"https:\/\/www.meeplesdistributie.nl\/#website","url":"https:\/\/www.meeplesdistributie.nl\/","name":"Meeples Distributie - Groep","description":"Welkom op de Meeples Distributie site | Jouw bordspellen groothandel","publisher":{"@id":"https:\/\/www.meeplesdistributie.nl\/#organization"},"potentialAction":[{"@type":"SearchAction","target":{"@type":"EntryPoint","urlTemplate":"https:\/\/www.meeplesdistributie.nl\/?s={search_term_string}"},"query-input":"required name=search_term_string"}],"inLanguage":"en-GB"},{"@type":"Organization","@id":"https:\/\/www.meeplesdistributie.nl\/#organization","name":"Meeples Distributie","url":"https:\/\/www.meeplesdistributie.nl\/","logo":{"@type":"ImageObject","inLanguage":"en-GB","@id":"https:\/\/www.meeplesdistributie.nl\/#\/schema\/logo\/image\/","url":"https:\/\/www.meeplesdistributie.nl\/wp-content\/uploads\/2021\/09\/2-1.png","contentUrl":"https:\/\/www.meeplesdistributie.nl\/wp-content\/uploads\/2021\/09\/2-1.png","width":1080,"height":1080,"caption":"Meeples Distributie"},"image":{"@id":"https:\/\/www.meeplesdistributie.nl\/#\/schema\/logo\/image\/"},"sameAs":["https:\/\/www.facebook.com\/meeplesb","https:\/\/x.com\/meeplesb","https:\/\/www.instagram.com\/meeples_bordspellen","https:\/\/www.linkedin.com\/company\/meeplesbordspellen","https:\/\/nl.pinterest.com\/meeplesbordspellen\/_created\/","https:\/\/www.youtube.com\/UCtRQUPN4QYmky2dvclaDh_Q"]}]},"product_price_amount":"7.39","product_price_currency":"EUR","og_availability":"out of stock","product_availability":"out of stock","product_retailer_item_id":"192214029","product_condition":"new"},"_links":{"self":[{"href":"https:\/\/www.meeplesdistributie.nl\/en\/wp-json\/wp\/v2\/product\/58358","targetHints":{"allow":["GET"]}}],"collection":[{"href":"https:\/\/www.meeplesdistributie.nl\/en\/wp-json\/wp\/v2\/product"}],"about":[{"href":"https:\/\/www.meeplesdistributie.nl\/en\/wp-json\/wp\/v2\/types\/product"}],"replies":[{"embeddable":true,"href":"https:\/\/www.meeplesdistributie.nl\/en\/wp-json\/wp\/v2\/comments?post=58358"}],"version-history":[{"count":0,"href":"https:\/\/www.meeplesdistributie.nl\/en\/wp-json\/wp\/v2\/product\/58358\/revisions"}],"wp:featuredmedia":[{"embeddable":true,"href":"https:\/\/www.meeplesdistributie.nl\/en\/wp-json\/wp\/v2\/media\/58357"}],"wp:attachment":[{"href":"https:\/\/www.meeplesdistributie.nl\/en\/wp-json\/wp\/v2\/media?parent=58358"}],"wp:term":[{"taxonomy":"product_cat","embeddable":true,"href":"https:\/\/www.meeplesdistributie.nl\/en\/wp-json\/wp\/v2\/product_cat?post=58358"},{"taxonomy":"product_tag","embeddable":true,"href":"https:\/\/www.meeplesdistributie.nl\/en\/wp-json\/wp\/v2\/product_tag?post=58358"}],"curies":[{"name":"wp","href":"https:\/\/api.w.org\/{rel}","templated":true}]}}