{"id":58388,"date":"2025-03-21T09:13:59","date_gmt":"2025-03-21T08:13:59","guid":{"rendered":"https:\/\/www.meeplesdistributie.nl\/product\/pokemon-tcg-sv07-stellar-crown-elite-trainer-box\/"},"modified":"2026-03-03T00:12:47","modified_gmt":"2026-03-02T23:12:47","slug":"pokemon-tcg-sv07-stellar-crown-elite-trainer-box","status":"publish","type":"product","link":"https:\/\/www.meeplesdistributie.nl\/en\/product\/pokemon-tcg-sv07-stellar-crown-elite-trainer-box\/","title":{"rendered":"Pok\u00e9mon TCG: SV07 Stellar Crown Elite Trainer Box"},"content":{"rendered":"<h2><strong>Productomschrijving Pok\u00e9mon TCG: SV07 Stellar Crown Elite Trainer Box<\/strong><\/h2>\n<p>An adventure to awaken the power within yourself!<\/p>\n<p>Daal af in een wereld onder de oppervlakte en ontdek de ware potentie van het Terastal fenomeen! De Legendarische Pok\u00e9mon Terapagos bestijgt samen met Cinderace ex, Lapras ex en Galvantula ex de troon. Ze beschikken allemaal over briljante nieuwe krachten als Stellar Tera Pok\u00e9mon ex. De pas ontdekte Hydrapple ex leidt nog meer Pok\u00e9mon ex de strijd in en ACE SPEC-kaarten blijven het spel opschudden in de uitbreiding Pok\u00e9mon TCG: Scarlet &#038; Violet &#8211; Stellar Crown!<\/p>\n<p>De POK TCG SV07 Stellar Crown ETB bevat:<br \/>\n9 Pok\u00e9mon TCG: Scarlet &#038; Violet &#8211; Stellar Crown booster packs<br \/>\n1 Full-art foil promo kaart met Noctowl<br \/>\n65 Sleeves met de Stellar vorm van Terapagos<br \/>\n45 Pok\u00e9mon TCG Energy cards<br \/>\nEen handleiding voor de Scarlet &#038; Violet &#8211; Stellar Crown uitbreiding<br \/>\n6 damage counter dice<br \/>\n1 competition-legal coin-flip die<br \/>\n2 plastic condition markers<br \/>\nA collector&#039;s box to store everything in, with 4 dividers<br \/>\nA code card for Pok\u00e9mon Trading Card Game Live<\/p>","protected":false},"excerpt":{"rendered":"<p>Descend into a world beneath the surface and discover the true potential of the Terastal phenomenon!<\/p>","protected":false},"featured_media":58387,"comment_status":"open","ping_status":"closed","template":"","meta":{"site-sidebar-layout":"","site-content-layout":"","ast-site-content-layout":"","site-content-style":"","site-sidebar-style":"","ast-global-header-display":"","ast-banner-title-visibility":"","ast-main-header-display":"","ast-hfb-above-header-display":"","ast-hfb-below-header-display":"","ast-hfb-mobile-header-display":"","site-post-title":"","ast-breadcrumbs-content":"","ast-featured-img":"","footer-sml-layout":"","theme-transparent-header-meta":"","adv-header-id-meta":"","stick-header-meta":"","header-above-stick-meta":"","header-main-stick-meta":"","header-below-stick-meta":"","astra-migrate-meta-layouts":"","ast-page-background-enabled":"default","ast-page-background-meta":{"desktop":{"background-color":"var(--ast-global-color-4)","background-image":"","background-repeat":"repeat","background-position":"center center","background-size":"auto","background-attachment":"scroll","background-type":"","background-media":"","overlay-type":"","overlay-color":"","overlay-gradient":""},"tablet":{"background-color":"","background-image":"","background-repeat":"repeat","background-position":"center center","background-size":"auto","background-attachment":"scroll","background-type":"","background-media":"","overlay-type":"","overlay-color":"","overlay-gradient":""},"mobile":{"background-color":"","background-image":"","background-repeat":"repeat","background-position":"center center","background-size":"auto","background-attachment":"scroll","background-type":"","background-media":"","overlay-type":"","overlay-color":"","overlay-gradient":""}},"ast-content-background-meta":{"desktop":{"background-color":"var(--ast-global-color-5)","background-image":"","background-repeat":"repeat","background-position":"center center","background-size":"auto","background-attachment":"scroll","background-type":"","background-media":"","overlay-type":"","overlay-color":"","overlay-gradient":""},"tablet":{"background-color":"var(--ast-global-color-5)","background-image":"","background-repeat":"repeat","background-position":"center center","background-size":"auto","background-attachment":"scroll","background-type":"","background-media":"","overlay-type":"","overlay-color":"","overlay-gradient":""},"mobile":{"background-color":"var(--ast-global-color-5)","background-image":"","background-repeat":"repeat","background-position":"center center","background-size":"auto","background-attachment":"scroll","background-type":"","background-media":"","overlay-type":"","overlay-color":"","overlay-gradient":""}}},"product_cat":[173],"product_tag":[],"class_list":{"0":"post-58388","1":"product","2":"type-product","3":"status-publish","4":"has-post-thumbnail","6":"product_cat-tcg","7":"desktop-align-left","8":"tablet-align-left","9":"mobile-align-left","10":"ast-product-gallery-layout-horizontal-slider","11":"ast-product-gallery-with-no-image","12":"ast-product-tabs-layout-accordion","13":"ast-qv-on-image","15":"first","16":"outofstock","17":"taxable","18":"shipping-taxable","19":"product-type-simple"},"yoast_head":"<!-- This site is optimized with the Yoast SEO Premium plugin v23.0 (Yoast SEO v23.0) - https:\/\/yoast.com\/wordpress\/plugins\/seo\/ -->\n<title>Pok\u00e9mon TCG: SV07 Stellar Crown Elite Trainer Box - Meeples Distributie<\/title>\n<meta name=\"robots\" content=\"index, follow, max-snippet:-1, max-image-preview:large, max-video-preview:-1\" \/>\n<link rel=\"canonical\" href=\"https:\/\/www.meeplesdistributie.nl\/en\/product\/pokemon-tcg-sv07-stellar-crown-elite-trainer-box\/\" \/>\n<meta property=\"og:locale\" content=\"en_GB\" \/>\n<meta property=\"og:type\" content=\"article\" \/>\n<meta property=\"og:title\" content=\"Pok\u00e9mon TCG: SV07 Stellar Crown Elite Trainer Box\" \/>\n<meta property=\"og:description\" content=\"Daal af in een wereld onder de oppervlakte en ontdek de ware potentie van het Terastal fenomeen!\" \/>\n<meta property=\"og:url\" content=\"https:\/\/www.meeplesdistributie.nl\/en\/product\/pokemon-tcg-sv07-stellar-crown-elite-trainer-box\/\" \/>\n<meta property=\"og:site_name\" content=\"Meeples Distributie\" \/>\n<meta property=\"article:publisher\" content=\"https:\/\/www.facebook.com\/meeplesb\" \/>\n<meta property=\"article:modified_time\" content=\"2026-03-02T23:12:47+00:00\" \/>\n<meta property=\"og:image\" content=\"https:\/\/www.meeplesdistributie.nl\/wp-content\/uploads\/2025\/03\/poc1099_1.png\" \/>\n\t<meta property=\"og:image:width\" content=\"1024\" \/>\n\t<meta property=\"og:image:height\" content=\"975\" \/>\n\t<meta property=\"og:image:type\" content=\"image\/png\" \/>\n<meta name=\"twitter:card\" content=\"summary_large_image\" \/>\n<meta name=\"twitter:site\" content=\"@meeplesb\" \/>\n<meta name=\"twitter:label1\" content=\"Price\" \/>\n\t<meta name=\"twitter:data1\" content=\"&euro;38,71\" \/>\n\t<meta name=\"twitter:label2\" content=\"Availability\" \/>\n\t<meta name=\"twitter:data2\" content=\"Out of stock\" \/>\n<script type=\"application\/ld+json\" class=\"yoast-schema-graph\">{\"@context\":\"https:\/\/schema.org\",\"@graph\":[{\"@type\":\"WebPage\",\"@id\":\"https:\/\/www.meeplesdistributie.nl\/product\/pokemon-tcg-sv07-stellar-crown-elite-trainer-box\/\",\"url\":\"https:\/\/www.meeplesdistributie.nl\/product\/pokemon-tcg-sv07-stellar-crown-elite-trainer-box\/\",\"name\":\"Pok\u00e9mon TCG: SV07 Stellar Crown Elite Trainer Box - Meeples Distributie\",\"isPartOf\":{\"@id\":\"https:\/\/www.meeplesdistributie.nl\/#website\"},\"primaryImageOfPage\":{\"@id\":\"https:\/\/www.meeplesdistributie.nl\/product\/pokemon-tcg-sv07-stellar-crown-elite-trainer-box\/#primaryimage\"},\"image\":{\"@id\":\"https:\/\/www.meeplesdistributie.nl\/product\/pokemon-tcg-sv07-stellar-crown-elite-trainer-box\/#primaryimage\"},\"thumbnailUrl\":\"https:\/\/www.meeplesdistributie.nl\/wp-content\/uploads\/2025\/03\/poc1099_1.png\",\"datePublished\":\"2025-03-21T08:13:59+00:00\",\"dateModified\":\"2026-03-02T23:12:47+00:00\",\"breadcrumb\":{\"@id\":\"https:\/\/www.meeplesdistributie.nl\/product\/pokemon-tcg-sv07-stellar-crown-elite-trainer-box\/#breadcrumb\"},\"inLanguage\":\"en-GB\",\"potentialAction\":[{\"@type\":\"ReadAction\",\"target\":[\"https:\/\/www.meeplesdistributie.nl\/product\/pokemon-tcg-sv07-stellar-crown-elite-trainer-box\/\"]}]},{\"@type\":\"ImageObject\",\"inLanguage\":\"en-GB\",\"@id\":\"https:\/\/www.meeplesdistributie.nl\/product\/pokemon-tcg-sv07-stellar-crown-elite-trainer-box\/#primaryimage\",\"url\":\"https:\/\/www.meeplesdistributie.nl\/wp-content\/uploads\/2025\/03\/poc1099_1.png\",\"contentUrl\":\"https:\/\/www.meeplesdistributie.nl\/wp-content\/uploads\/2025\/03\/poc1099_1.png\",\"width\":1024,\"height\":975},{\"@type\":\"BreadcrumbList\",\"@id\":\"https:\/\/www.meeplesdistributie.nl\/product\/pokemon-tcg-sv07-stellar-crown-elite-trainer-box\/#breadcrumb\",\"itemListElement\":[{\"@type\":\"ListItem\",\"position\":1,\"name\":\"Home\",\"item\":\"https:\/\/www.meeplesdistributie.nl\/\"},{\"@type\":\"ListItem\",\"position\":2,\"name\":\"Webshop\",\"item\":\"https:\/\/www.meeplesdistributie.nl\/webshop\/\"},{\"@type\":\"ListItem\",\"position\":3,\"name\":\"Pok\u00e9mon TCG: SV07 Stellar Crown Elite Trainer Box\"}]},{\"@type\":\"WebSite\",\"@id\":\"https:\/\/www.meeplesdistributie.nl\/#website\",\"url\":\"https:\/\/www.meeplesdistributie.nl\/\",\"name\":\"Meeples Distributie - Groep\",\"description\":\"Welkom op de Meeples Distributie site | Jouw bordspellen groothandel\",\"publisher\":{\"@id\":\"https:\/\/www.meeplesdistributie.nl\/#organization\"},\"potentialAction\":[{\"@type\":\"SearchAction\",\"target\":{\"@type\":\"EntryPoint\",\"urlTemplate\":\"https:\/\/www.meeplesdistributie.nl\/?s={search_term_string}\"},\"query-input\":\"required name=search_term_string\"}],\"inLanguage\":\"en-GB\"},{\"@type\":\"Organization\",\"@id\":\"https:\/\/www.meeplesdistributie.nl\/#organization\",\"name\":\"Meeples Distributie\",\"url\":\"https:\/\/www.meeplesdistributie.nl\/\",\"logo\":{\"@type\":\"ImageObject\",\"inLanguage\":\"en-GB\",\"@id\":\"https:\/\/www.meeplesdistributie.nl\/#\/schema\/logo\/image\/\",\"url\":\"https:\/\/www.meeplesdistributie.nl\/wp-content\/uploads\/2021\/09\/2-1.png\",\"contentUrl\":\"https:\/\/www.meeplesdistributie.nl\/wp-content\/uploads\/2021\/09\/2-1.png\",\"width\":1080,\"height\":1080,\"caption\":\"Meeples Distributie\"},\"image\":{\"@id\":\"https:\/\/www.meeplesdistributie.nl\/#\/schema\/logo\/image\/\"},\"sameAs\":[\"https:\/\/www.facebook.com\/meeplesb\",\"https:\/\/x.com\/meeplesb\",\"https:\/\/www.instagram.com\/meeples_bordspellen\",\"https:\/\/www.linkedin.com\/company\/meeplesbordspellen\",\"https:\/\/nl.pinterest.com\/meeplesbordspellen\/_created\/\",\"https:\/\/www.youtube.com\/UCtRQUPN4QYmky2dvclaDh_Q\"]}]}<\/script>\n<meta property=\"product:price:amount\" content=\"38.71\" \/>\n<meta property=\"product:price:currency\" content=\"EUR\" \/>\n<meta property=\"og:availability\" content=\"out of stock\" \/>\n<meta property=\"product:availability\" content=\"out of stock\" \/>\n<meta property=\"product:retailer_item_id\" content=\"192214044\" \/>\n<meta property=\"product:condition\" content=\"new\" \/>\n<!-- \/ Yoast SEO Premium plugin. -->","yoast_head_json":{"title":"Pok\u00e9mon TCG: SV07 Stellar Crown Elite Trainer Box - Meeples Distributie","robots":{"index":"index","follow":"follow","max-snippet":"max-snippet:-1","max-image-preview":"max-image-preview:large","max-video-preview":"max-video-preview:-1"},"canonical":"https:\/\/www.meeplesdistributie.nl\/en\/product\/pokemon-tcg-sv07-stellar-crown-elite-trainer-box\/","og_locale":"en_GB","og_type":"article","og_title":"Pok\u00e9mon TCG: SV07 Stellar Crown Elite Trainer Box","og_description":"Daal af in een wereld onder de oppervlakte en ontdek de ware potentie van het Terastal fenomeen!","og_url":"https:\/\/www.meeplesdistributie.nl\/en\/product\/pokemon-tcg-sv07-stellar-crown-elite-trainer-box\/","og_site_name":"Meeples Distributie","article_publisher":"https:\/\/www.facebook.com\/meeplesb","article_modified_time":"2026-03-02T23:12:47+00:00","og_image":[{"width":1024,"height":975,"url":"https:\/\/www.meeplesdistributie.nl\/wp-content\/uploads\/2025\/03\/poc1099_1.png","type":"image\/png"}],"twitter_card":"summary_large_image","twitter_site":"@meeplesb","twitter_misc":{"Price":"&euro;38,71","Availability":"Out of stock"},"schema":{"@context":"https:\/\/schema.org","@graph":[{"@type":"WebPage","@id":"https:\/\/www.meeplesdistributie.nl\/product\/pokemon-tcg-sv07-stellar-crown-elite-trainer-box\/","url":"https:\/\/www.meeplesdistributie.nl\/product\/pokemon-tcg-sv07-stellar-crown-elite-trainer-box\/","name":"Pok\u00e9mon TCG: SV07 Stellar Crown Elite Trainer Box - Meeples Distributie","isPartOf":{"@id":"https:\/\/www.meeplesdistributie.nl\/#website"},"primaryImageOfPage":{"@id":"https:\/\/www.meeplesdistributie.nl\/product\/pokemon-tcg-sv07-stellar-crown-elite-trainer-box\/#primaryimage"},"image":{"@id":"https:\/\/www.meeplesdistributie.nl\/product\/pokemon-tcg-sv07-stellar-crown-elite-trainer-box\/#primaryimage"},"thumbnailUrl":"https:\/\/www.meeplesdistributie.nl\/wp-content\/uploads\/2025\/03\/poc1099_1.png","datePublished":"2025-03-21T08:13:59+00:00","dateModified":"2026-03-02T23:12:47+00:00","breadcrumb":{"@id":"https:\/\/www.meeplesdistributie.nl\/product\/pokemon-tcg-sv07-stellar-crown-elite-trainer-box\/#breadcrumb"},"inLanguage":"en-GB","potentialAction":[{"@type":"ReadAction","target":["https:\/\/www.meeplesdistributie.nl\/product\/pokemon-tcg-sv07-stellar-crown-elite-trainer-box\/"]}]},{"@type":"ImageObject","inLanguage":"en-GB","@id":"https:\/\/www.meeplesdistributie.nl\/product\/pokemon-tcg-sv07-stellar-crown-elite-trainer-box\/#primaryimage","url":"https:\/\/www.meeplesdistributie.nl\/wp-content\/uploads\/2025\/03\/poc1099_1.png","contentUrl":"https:\/\/www.meeplesdistributie.nl\/wp-content\/uploads\/2025\/03\/poc1099_1.png","width":1024,"height":975},{"@type":"BreadcrumbList","@id":"https:\/\/www.meeplesdistributie.nl\/product\/pokemon-tcg-sv07-stellar-crown-elite-trainer-box\/#breadcrumb","itemListElement":[{"@type":"ListItem","position":1,"name":"Home","item":"https:\/\/www.meeplesdistributie.nl\/"},{"@type":"ListItem","position":2,"name":"Webshop","item":"https:\/\/www.meeplesdistributie.nl\/webshop\/"},{"@type":"ListItem","position":3,"name":"Pok\u00e9mon TCG: SV07 Stellar Crown Elite Trainer Box"}]},{"@type":"WebSite","@id":"https:\/\/www.meeplesdistributie.nl\/#website","url":"https:\/\/www.meeplesdistributie.nl\/","name":"Meeples Distributie - Groep","description":"Welkom op de Meeples Distributie site | Jouw bordspellen groothandel","publisher":{"@id":"https:\/\/www.meeplesdistributie.nl\/#organization"},"potentialAction":[{"@type":"SearchAction","target":{"@type":"EntryPoint","urlTemplate":"https:\/\/www.meeplesdistributie.nl\/?s={search_term_string}"},"query-input":"required name=search_term_string"}],"inLanguage":"en-GB"},{"@type":"Organization","@id":"https:\/\/www.meeplesdistributie.nl\/#organization","name":"Meeples Distributie","url":"https:\/\/www.meeplesdistributie.nl\/","logo":{"@type":"ImageObject","inLanguage":"en-GB","@id":"https:\/\/www.meeplesdistributie.nl\/#\/schema\/logo\/image\/","url":"https:\/\/www.meeplesdistributie.nl\/wp-content\/uploads\/2021\/09\/2-1.png","contentUrl":"https:\/\/www.meeplesdistributie.nl\/wp-content\/uploads\/2021\/09\/2-1.png","width":1080,"height":1080,"caption":"Meeples Distributie"},"image":{"@id":"https:\/\/www.meeplesdistributie.nl\/#\/schema\/logo\/image\/"},"sameAs":["https:\/\/www.facebook.com\/meeplesb","https:\/\/x.com\/meeplesb","https:\/\/www.instagram.com\/meeples_bordspellen","https:\/\/www.linkedin.com\/company\/meeplesbordspellen","https:\/\/nl.pinterest.com\/meeplesbordspellen\/_created\/","https:\/\/www.youtube.com\/UCtRQUPN4QYmky2dvclaDh_Q"]}]},"product_price_amount":"38.71","product_price_currency":"EUR","og_availability":"out of stock","product_availability":"out of stock","product_retailer_item_id":"192214044","product_condition":"new"},"_links":{"self":[{"href":"https:\/\/www.meeplesdistributie.nl\/en\/wp-json\/wp\/v2\/product\/58388","targetHints":{"allow":["GET"]}}],"collection":[{"href":"https:\/\/www.meeplesdistributie.nl\/en\/wp-json\/wp\/v2\/product"}],"about":[{"href":"https:\/\/www.meeplesdistributie.nl\/en\/wp-json\/wp\/v2\/types\/product"}],"replies":[{"embeddable":true,"href":"https:\/\/www.meeplesdistributie.nl\/en\/wp-json\/wp\/v2\/comments?post=58388"}],"version-history":[{"count":0,"href":"https:\/\/www.meeplesdistributie.nl\/en\/wp-json\/wp\/v2\/product\/58388\/revisions"}],"wp:featuredmedia":[{"embeddable":true,"href":"https:\/\/www.meeplesdistributie.nl\/en\/wp-json\/wp\/v2\/media\/58387"}],"wp:attachment":[{"href":"https:\/\/www.meeplesdistributie.nl\/en\/wp-json\/wp\/v2\/media?parent=58388"}],"wp:term":[{"taxonomy":"product_cat","embeddable":true,"href":"https:\/\/www.meeplesdistributie.nl\/en\/wp-json\/wp\/v2\/product_cat?post=58388"},{"taxonomy":"product_tag","embeddable":true,"href":"https:\/\/www.meeplesdistributie.nl\/en\/wp-json\/wp\/v2\/product_tag?post=58388"}],"curies":[{"name":"wp","href":"https:\/\/api.w.org\/{rel}","templated":true}]}}