{"id":58476,"date":"2025-03-21T09:18:00","date_gmt":"2025-03-21T08:18:00","guid":{"rendered":"https:\/\/www.meeplesdistributie.nl\/product\/exit-kids-raadselplezier-met-monsters\/"},"modified":"2026-04-17T13:42:47","modified_gmt":"2026-04-17T11:42:47","slug":"exit-kids-raadselplezier-met-monsters","status":"publish","type":"product","link":"https:\/\/www.meeplesdistributie.nl\/en\/product\/exit-kids-puzzle-fun-with-monsters\/","title":{"rendered":"EXIT &#8211; Kids Raadselplezier met Monsters"},"content":{"rendered":"<h2><strong>Productomschrijving EXIT &#8211; Kids Raadselplezier met Monsters<\/strong><\/h2>\n<p>Reis naar Monsterland en win de gestolen koekblikken terug!<\/p>\n<p>Pas op! De koekjesmonsters zijn op pad en hebben enorme honger! Ze hebben 10 koektrommels uit jullie buurt buitgemaakt! Dapper volgen jullie hen naar het chaotische Monsterland. De monsters willen je moed belonen en stellen je voor lastige raadsels, waarmee je de koektrommels terug kunt halen. Waar wacht je nog op? Los de monsterlijke raadsels gezamenlijk op!<\/p>\n<p>Wie speelt er EXIT Kids: Raadselplezier met Monsters?<br \/>\nDeze variant van EXIT voor kids is leuk voor kinderen en hun ouders. De verschillende raadsels zijn snel uitgelegd en kinderen kunnen na \u00e9\u00e9n keer spelen ook zonder begeleiding aan de slag. Omdat de raadselkaarten te combineren zijn, blijft het spel uitdagend.<\/p>\n<p>Hoe speel je EXIT Kids: Raadselplezier met Monsters?<br \/>\nEr zijn 6 verschillende soorten raadselkaarten. Trek er van elke soort 1 en leg die op tafel. Kies dan \u00e9\u00e9n voor \u00e9\u00e9n een raadselkaart en los het zoekraadsel dat erop staat op. Heb je het goed, dan neem je \u00e9\u00e9n van de door de monsters gestolen koektrommels terug. Nadat je alle 6 raadsels hebt gedaan, mag je kijken wat er in de teruggewonnen koektrommels zit!<\/p>\n<p>Waarom kies je voor EXIT Kids: Raadselplezier met Monsters van 999 Games?<br \/>\nIs het basisspel EXIT nog te moeilijk voor een kind, dan is EXIT Kids de juiste oplossing. De raadsels zijn uitstekend geschikt voor kinderen vanaf 5 jaar en heel leerzaam!<br \/>\n999 Games weet wat leuke spellen zijn, geen saaie beurten tot je eindelijk uit de put komt, eeuwig durende strijd om continenten of eindeloos dobbelen om de laatste straat te kunnen kopen. Ons bedrijf heeft de beste spellen met voor elk wat wils. Van snelle kaartspellen zoals Beverbende, uitdagende dobbelspellen zoals Keer op Keer of Clever tot moderne klassiekers zoals Catan, 30 Seconds, Wingspan en Carcassonne. Bovendien kun je altijd bij ons terecht voor spelregelvragen of als je na aankoop een onderdeel mist. Je krijgt gegarandeerd een antwoord vol speelplezier.<\/p>\n<p>Why do you want to play this?<br \/>\n\u2022 Kinderversie uit de EXIT-serie<br \/>\n\u2022 Can be played multiple times<br \/>\n\u2022 De raadsels zijn heel leerzaam<\/p>\n<p>EXIT &#8211; Kids Raadselplezier met Monsters zal bij jouw passen als je ook enthousiast wordt van <a href=\"https:\/\/meeplesbordspellen.nl\/product\/unlock-kids-avonturen-van-detectives-nl\/\"><span style=\"color:#e74c3c;\">Unlock! Kids Adventures of Detectives NL<\/span><\/a>.<\/p>","protected":false},"excerpt":{"rendered":"<p>Reis naar Monsterland en win de gestolen koekblikken terug!<\/p>","protected":false},"featured_media":58475,"comment_status":"open","ping_status":"closed","template":"","meta":{"site-sidebar-layout":"","site-content-layout":"","ast-site-content-layout":"","site-content-style":"","site-sidebar-style":"","ast-global-header-display":"","ast-banner-title-visibility":"","ast-main-header-display":"","ast-hfb-above-header-display":"","ast-hfb-below-header-display":"","ast-hfb-mobile-header-display":"","site-post-title":"","ast-breadcrumbs-content":"","ast-featured-img":"","footer-sml-layout":"","theme-transparent-header-meta":"","adv-header-id-meta":"","stick-header-meta":"","header-above-stick-meta":"","header-main-stick-meta":"","header-below-stick-meta":"","astra-migrate-meta-layouts":"","ast-page-background-enabled":"default","ast-page-background-meta":{"desktop":{"background-color":"var(--ast-global-color-4)","background-image":"","background-repeat":"repeat","background-position":"center center","background-size":"auto","background-attachment":"scroll","background-type":"","background-media":"","overlay-type":"","overlay-color":"","overlay-gradient":""},"tablet":{"background-color":"","background-image":"","background-repeat":"repeat","background-position":"center center","background-size":"auto","background-attachment":"scroll","background-type":"","background-media":"","overlay-type":"","overlay-color":"","overlay-gradient":""},"mobile":{"background-color":"","background-image":"","background-repeat":"repeat","background-position":"center center","background-size":"auto","background-attachment":"scroll","background-type":"","background-media":"","overlay-type":"","overlay-color":"","overlay-gradient":""}},"ast-content-background-meta":{"desktop":{"background-color":"var(--ast-global-color-5)","background-image":"","background-repeat":"repeat","background-position":"center center","background-size":"auto","background-attachment":"scroll","background-type":"","background-media":"","overlay-type":"","overlay-color":"","overlay-gradient":""},"tablet":{"background-color":"var(--ast-global-color-5)","background-image":"","background-repeat":"repeat","background-position":"center center","background-size":"auto","background-attachment":"scroll","background-type":"","background-media":"","overlay-type":"","overlay-color":"","overlay-gradient":""},"mobile":{"background-color":"var(--ast-global-color-5)","background-image":"","background-repeat":"repeat","background-position":"center center","background-size":"auto","background-attachment":"scroll","background-type":"","background-media":"","overlay-type":"","overlay-color":"","overlay-gradient":""}}},"product_cat":[171],"product_tag":[],"class_list":{"0":"post-58476","1":"product","2":"type-product","3":"status-publish","4":"has-post-thumbnail","6":"product_cat-bordspellen","7":"desktop-align-left","8":"tablet-align-left","9":"mobile-align-left","10":"ast-product-gallery-layout-horizontal-slider","11":"ast-product-gallery-with-no-image","12":"ast-product-tabs-layout-accordion","13":"ast-qv-on-image","15":"first","16":"instock","17":"taxable","18":"shipping-taxable","19":"product-type-simple"},"yoast_head":"<!-- This site is optimized with the Yoast SEO Premium plugin v23.0 (Yoast SEO v23.0) - https:\/\/yoast.com\/wordpress\/plugins\/seo\/ -->\n<title>EXIT - Kids Raadselplezier met Monsters - Meeples Distributie<\/title>\n<meta name=\"robots\" content=\"index, follow, max-snippet:-1, max-image-preview:large, max-video-preview:-1\" \/>\n<link rel=\"canonical\" href=\"https:\/\/www.meeplesdistributie.nl\/en\/product\/exit-kids-puzzle-fun-with-monsters\/\" \/>\n<meta property=\"og:locale\" content=\"en_GB\" \/>\n<meta property=\"og:type\" content=\"article\" \/>\n<meta property=\"og:title\" content=\"EXIT - Kids Raadselplezier met Monsters\" \/>\n<meta property=\"og:description\" content=\"Reis naar Monsterland en win de gestolen koekblikken terug!\" \/>\n<meta property=\"og:url\" content=\"https:\/\/www.meeplesdistributie.nl\/en\/product\/exit-kids-puzzle-fun-with-monsters\/\" \/>\n<meta property=\"og:site_name\" content=\"Meeples Distributie\" \/>\n<meta property=\"article:publisher\" content=\"https:\/\/www.facebook.com\/meeplesb\" \/>\n<meta property=\"article:modified_time\" content=\"2026-04-17T11:42:47+00:00\" \/>\n<meta property=\"og:image\" content=\"https:\/\/www.meeplesdistributie.nl\/wp-content\/uploads\/2025\/03\/EXIT-Kids-Monster_L.png\" \/>\n\t<meta property=\"og:image:width\" content=\"680\" \/>\n\t<meta property=\"og:image:height\" content=\"680\" \/>\n\t<meta property=\"og:image:type\" content=\"image\/png\" \/>\n<meta name=\"twitter:card\" content=\"summary_large_image\" \/>\n<meta name=\"twitter:site\" content=\"@meeplesb\" \/>\n<meta name=\"twitter:label1\" content=\"Price\" \/>\n\t<meta name=\"twitter:data1\" content=\"&euro;11,55\" \/>\n\t<meta name=\"twitter:label2\" content=\"Availability\" \/>\n\t<meta name=\"twitter:data2\" content=\"In stock\" \/>\n<script type=\"application\/ld+json\" class=\"yoast-schema-graph\">{\"@context\":\"https:\/\/schema.org\",\"@graph\":[{\"@type\":\"WebPage\",\"@id\":\"https:\/\/www.meeplesdistributie.nl\/product\/exit-kids-raadselplezier-met-monsters\/\",\"url\":\"https:\/\/www.meeplesdistributie.nl\/product\/exit-kids-raadselplezier-met-monsters\/\",\"name\":\"EXIT - Kids Raadselplezier met Monsters - Meeples Distributie\",\"isPartOf\":{\"@id\":\"https:\/\/www.meeplesdistributie.nl\/#website\"},\"primaryImageOfPage\":{\"@id\":\"https:\/\/www.meeplesdistributie.nl\/product\/exit-kids-raadselplezier-met-monsters\/#primaryimage\"},\"image\":{\"@id\":\"https:\/\/www.meeplesdistributie.nl\/product\/exit-kids-raadselplezier-met-monsters\/#primaryimage\"},\"thumbnailUrl\":\"https:\/\/www.meeplesdistributie.nl\/wp-content\/uploads\/2025\/03\/EXIT-Kids-Monster_L.png\",\"datePublished\":\"2025-03-21T08:18:00+00:00\",\"dateModified\":\"2026-04-17T11:42:47+00:00\",\"breadcrumb\":{\"@id\":\"https:\/\/www.meeplesdistributie.nl\/product\/exit-kids-raadselplezier-met-monsters\/#breadcrumb\"},\"inLanguage\":\"en-GB\",\"potentialAction\":[{\"@type\":\"ReadAction\",\"target\":[\"https:\/\/www.meeplesdistributie.nl\/product\/exit-kids-raadselplezier-met-monsters\/\"]}]},{\"@type\":\"ImageObject\",\"inLanguage\":\"en-GB\",\"@id\":\"https:\/\/www.meeplesdistributie.nl\/product\/exit-kids-raadselplezier-met-monsters\/#primaryimage\",\"url\":\"https:\/\/www.meeplesdistributie.nl\/wp-content\/uploads\/2025\/03\/EXIT-Kids-Monster_L.png\",\"contentUrl\":\"https:\/\/www.meeplesdistributie.nl\/wp-content\/uploads\/2025\/03\/EXIT-Kids-Monster_L.png\",\"width\":680,\"height\":680},{\"@type\":\"BreadcrumbList\",\"@id\":\"https:\/\/www.meeplesdistributie.nl\/product\/exit-kids-raadselplezier-met-monsters\/#breadcrumb\",\"itemListElement\":[{\"@type\":\"ListItem\",\"position\":1,\"name\":\"Home\",\"item\":\"https:\/\/www.meeplesdistributie.nl\/\"},{\"@type\":\"ListItem\",\"position\":2,\"name\":\"Webshop\",\"item\":\"https:\/\/www.meeplesdistributie.nl\/webshop\/\"},{\"@type\":\"ListItem\",\"position\":3,\"name\":\"EXIT &#8211; Kids Raadselplezier met Monsters\"}]},{\"@type\":\"WebSite\",\"@id\":\"https:\/\/www.meeplesdistributie.nl\/#website\",\"url\":\"https:\/\/www.meeplesdistributie.nl\/\",\"name\":\"Meeples Distributie - Groep\",\"description\":\"Welkom op de Meeples Distributie site | Jouw bordspellen groothandel\",\"publisher\":{\"@id\":\"https:\/\/www.meeplesdistributie.nl\/#organization\"},\"potentialAction\":[{\"@type\":\"SearchAction\",\"target\":{\"@type\":\"EntryPoint\",\"urlTemplate\":\"https:\/\/www.meeplesdistributie.nl\/?s={search_term_string}\"},\"query-input\":\"required name=search_term_string\"}],\"inLanguage\":\"en-GB\"},{\"@type\":\"Organization\",\"@id\":\"https:\/\/www.meeplesdistributie.nl\/#organization\",\"name\":\"Meeples Distributie\",\"url\":\"https:\/\/www.meeplesdistributie.nl\/\",\"logo\":{\"@type\":\"ImageObject\",\"inLanguage\":\"en-GB\",\"@id\":\"https:\/\/www.meeplesdistributie.nl\/#\/schema\/logo\/image\/\",\"url\":\"https:\/\/www.meeplesdistributie.nl\/wp-content\/uploads\/2021\/09\/2-1.png\",\"contentUrl\":\"https:\/\/www.meeplesdistributie.nl\/wp-content\/uploads\/2021\/09\/2-1.png\",\"width\":1080,\"height\":1080,\"caption\":\"Meeples Distributie\"},\"image\":{\"@id\":\"https:\/\/www.meeplesdistributie.nl\/#\/schema\/logo\/image\/\"},\"sameAs\":[\"https:\/\/www.facebook.com\/meeplesb\",\"https:\/\/x.com\/meeplesb\",\"https:\/\/www.instagram.com\/meeples_bordspellen\",\"https:\/\/www.linkedin.com\/company\/meeplesbordspellen\",\"https:\/\/nl.pinterest.com\/meeplesbordspellen\/_created\/\",\"https:\/\/www.youtube.com\/UCtRQUPN4QYmky2dvclaDh_Q\"]}]}<\/script>\n<meta property=\"product:price:amount\" content=\"11.55\" \/>\n<meta property=\"product:price:currency\" content=\"EUR\" \/>\n<meta property=\"og:availability\" content=\"instock\" \/>\n<meta property=\"product:availability\" content=\"instock\" \/>\n<meta property=\"product:retailer_item_id\" content=\"192214101\" \/>\n<meta property=\"product:condition\" content=\"new\" \/>\n<!-- \/ Yoast SEO Premium plugin. -->","yoast_head_json":{"title":"EXIT - Kids Raadselplezier met Monsters - Meeples Distributie","robots":{"index":"index","follow":"follow","max-snippet":"max-snippet:-1","max-image-preview":"max-image-preview:large","max-video-preview":"max-video-preview:-1"},"canonical":"https:\/\/www.meeplesdistributie.nl\/en\/product\/exit-kids-puzzle-fun-with-monsters\/","og_locale":"en_GB","og_type":"article","og_title":"EXIT - Kids Raadselplezier met Monsters","og_description":"Reis naar Monsterland en win de gestolen koekblikken terug!","og_url":"https:\/\/www.meeplesdistributie.nl\/en\/product\/exit-kids-puzzle-fun-with-monsters\/","og_site_name":"Meeples Distributie","article_publisher":"https:\/\/www.facebook.com\/meeplesb","article_modified_time":"2026-04-17T11:42:47+00:00","og_image":[{"width":680,"height":680,"url":"https:\/\/www.meeplesdistributie.nl\/wp-content\/uploads\/2025\/03\/EXIT-Kids-Monster_L.png","type":"image\/png"}],"twitter_card":"summary_large_image","twitter_site":"@meeplesb","twitter_misc":{"Price":"&euro;11,55","Availability":"In stock"},"schema":{"@context":"https:\/\/schema.org","@graph":[{"@type":"WebPage","@id":"https:\/\/www.meeplesdistributie.nl\/product\/exit-kids-raadselplezier-met-monsters\/","url":"https:\/\/www.meeplesdistributie.nl\/product\/exit-kids-raadselplezier-met-monsters\/","name":"EXIT - Kids Raadselplezier met Monsters - Meeples Distributie","isPartOf":{"@id":"https:\/\/www.meeplesdistributie.nl\/#website"},"primaryImageOfPage":{"@id":"https:\/\/www.meeplesdistributie.nl\/product\/exit-kids-raadselplezier-met-monsters\/#primaryimage"},"image":{"@id":"https:\/\/www.meeplesdistributie.nl\/product\/exit-kids-raadselplezier-met-monsters\/#primaryimage"},"thumbnailUrl":"https:\/\/www.meeplesdistributie.nl\/wp-content\/uploads\/2025\/03\/EXIT-Kids-Monster_L.png","datePublished":"2025-03-21T08:18:00+00:00","dateModified":"2026-04-17T11:42:47+00:00","breadcrumb":{"@id":"https:\/\/www.meeplesdistributie.nl\/product\/exit-kids-raadselplezier-met-monsters\/#breadcrumb"},"inLanguage":"en-GB","potentialAction":[{"@type":"ReadAction","target":["https:\/\/www.meeplesdistributie.nl\/product\/exit-kids-raadselplezier-met-monsters\/"]}]},{"@type":"ImageObject","inLanguage":"en-GB","@id":"https:\/\/www.meeplesdistributie.nl\/product\/exit-kids-raadselplezier-met-monsters\/#primaryimage","url":"https:\/\/www.meeplesdistributie.nl\/wp-content\/uploads\/2025\/03\/EXIT-Kids-Monster_L.png","contentUrl":"https:\/\/www.meeplesdistributie.nl\/wp-content\/uploads\/2025\/03\/EXIT-Kids-Monster_L.png","width":680,"height":680},{"@type":"BreadcrumbList","@id":"https:\/\/www.meeplesdistributie.nl\/product\/exit-kids-raadselplezier-met-monsters\/#breadcrumb","itemListElement":[{"@type":"ListItem","position":1,"name":"Home","item":"https:\/\/www.meeplesdistributie.nl\/"},{"@type":"ListItem","position":2,"name":"Webshop","item":"https:\/\/www.meeplesdistributie.nl\/webshop\/"},{"@type":"ListItem","position":3,"name":"EXIT &#8211; Kids Raadselplezier met Monsters"}]},{"@type":"WebSite","@id":"https:\/\/www.meeplesdistributie.nl\/#website","url":"https:\/\/www.meeplesdistributie.nl\/","name":"Meeples Distributie - Groep","description":"Welkom op de Meeples Distributie site | Jouw bordspellen groothandel","publisher":{"@id":"https:\/\/www.meeplesdistributie.nl\/#organization"},"potentialAction":[{"@type":"SearchAction","target":{"@type":"EntryPoint","urlTemplate":"https:\/\/www.meeplesdistributie.nl\/?s={search_term_string}"},"query-input":"required name=search_term_string"}],"inLanguage":"en-GB"},{"@type":"Organization","@id":"https:\/\/www.meeplesdistributie.nl\/#organization","name":"Meeples Distributie","url":"https:\/\/www.meeplesdistributie.nl\/","logo":{"@type":"ImageObject","inLanguage":"en-GB","@id":"https:\/\/www.meeplesdistributie.nl\/#\/schema\/logo\/image\/","url":"https:\/\/www.meeplesdistributie.nl\/wp-content\/uploads\/2021\/09\/2-1.png","contentUrl":"https:\/\/www.meeplesdistributie.nl\/wp-content\/uploads\/2021\/09\/2-1.png","width":1080,"height":1080,"caption":"Meeples Distributie"},"image":{"@id":"https:\/\/www.meeplesdistributie.nl\/#\/schema\/logo\/image\/"},"sameAs":["https:\/\/www.facebook.com\/meeplesb","https:\/\/x.com\/meeplesb","https:\/\/www.instagram.com\/meeples_bordspellen","https:\/\/www.linkedin.com\/company\/meeplesbordspellen","https:\/\/nl.pinterest.com\/meeplesbordspellen\/_created\/","https:\/\/www.youtube.com\/UCtRQUPN4QYmky2dvclaDh_Q"]}]},"product_price_amount":"11.55","product_price_currency":"EUR","og_availability":"instock","product_availability":"instock","product_retailer_item_id":"192214101","product_condition":"new"},"_links":{"self":[{"href":"https:\/\/www.meeplesdistributie.nl\/en\/wp-json\/wp\/v2\/product\/58476","targetHints":{"allow":["GET"]}}],"collection":[{"href":"https:\/\/www.meeplesdistributie.nl\/en\/wp-json\/wp\/v2\/product"}],"about":[{"href":"https:\/\/www.meeplesdistributie.nl\/en\/wp-json\/wp\/v2\/types\/product"}],"replies":[{"embeddable":true,"href":"https:\/\/www.meeplesdistributie.nl\/en\/wp-json\/wp\/v2\/comments?post=58476"}],"version-history":[{"count":0,"href":"https:\/\/www.meeplesdistributie.nl\/en\/wp-json\/wp\/v2\/product\/58476\/revisions"}],"wp:featuredmedia":[{"embeddable":true,"href":"https:\/\/www.meeplesdistributie.nl\/en\/wp-json\/wp\/v2\/media\/58475"}],"wp:attachment":[{"href":"https:\/\/www.meeplesdistributie.nl\/en\/wp-json\/wp\/v2\/media?parent=58476"}],"wp:term":[{"taxonomy":"product_cat","embeddable":true,"href":"https:\/\/www.meeplesdistributie.nl\/en\/wp-json\/wp\/v2\/product_cat?post=58476"},{"taxonomy":"product_tag","embeddable":true,"href":"https:\/\/www.meeplesdistributie.nl\/en\/wp-json\/wp\/v2\/product_tag?post=58476"}],"curies":[{"name":"wp","href":"https:\/\/api.w.org\/{rel}","templated":true}]}}