{"id":58544,"date":"2025-03-21T09:21:37","date_gmt":"2025-03-21T08:21:37","guid":{"rendered":"https:\/\/www.meeplesdistributie.nl\/product\/pokemon-tcg-scarlet-violet-prismatic-evolutions-elite-trainer-box\/"},"modified":"2026-03-03T00:04:05","modified_gmt":"2026-03-02T23:04:05","slug":"pokemon-tcg-scarlet-violet-prismatic-evolutions-elite-trainer-box","status":"publish","type":"product","link":"https:\/\/www.meeplesdistributie.nl\/en\/product\/pokemon-tcg-scarlet-violet-prismatic-evolutions-elite-trainer-box\/","title":{"rendered":"Pok\u00e9mon TCG: Scarlet &amp; Violet Prismatic Evolutions \u2013 Elite Trainer Box"},"content":{"rendered":"<h2><strong>Productomschrijving Pok\u00e9mon TCG: Scarlet &#038; Violet Prismatic Evolutions &#8211; Elite Trainer Box<\/strong><\/h2>\n<p>Eevee &amp; Friends light up with brilliant colors!<\/p>\n<p>Van pluizig en vurig tot ijskoud en fantasierijk: Eevee en zijn vele Evolutions hebben een speciaal plekje in de harten van Pok\u00e9mon Trainers in het hele land! Ontdek hun unieke nieuwe krachten als Stellar Tera Pok\u00e9mon ex en ga op zoek naar je eigen schatten in een grote verzameling Pok\u00e9mon ex van Paldea en daarbuiten. Fonkelende edelstenen en verborgen patronen wachten op het einde van de regenboog in de uitbreiding Pok\u00e9mon TCG: Scarlet &#038; Violet-Prismatic Evolutions!<\/p>\n<p>De Pok\u00e9mon TCG: Scarlet &#038; Violet-Prismatic Evolutions Pok\u00e9mon Center Elite Trainer Box bevat:<\/p>\n<p>&#8211; 11 Pok\u00e9mon TCG: Scarlet &#038; Violet-Prismatic Evolutions boosterpacks (Elk boosterpack bevat 10 kaarten en 1 Basic Energy.<br \/>\nKaarten verschillen per pak)<br \/>\n&#8211; 1 full-art promotiekaart met Eevee en Pok\u00e9mon Center-logo<br \/>\n&#8211; 1 full-art promotiekaart in folie met Eevee<br \/>\n&#8211; 65 sleeces met Eevee als Stellar Tera Pok\u00e9mon<br \/>\n&#8211; 45 Pok\u00e9mon TCG Energy-kaarten<br \/>\n&#8211; Spelershandleiding bij de uitbreiding Scarlet &#038; Violet-Prismatic Evolutions<br \/>\n&#8211; 6 dobbelstenen met schadeteller<br \/>\n&#8211; 1 competitie-legale munt-flip dobbelsteen<br \/>\n&#8211; 2 plastic conditiemarkers<br \/>\n&#8211; Een doos om alles in te bewaren, met 4 verdelers om het overzichtelijk te houden<br \/>\n&#8211; Een codekaart voor Pok\u00e9mon Trading Card Game Live<\/p>","protected":false},"excerpt":{"rendered":"<p>Eevee &amp; Friends light up with brilliant colors!<\/p>","protected":false},"featured_media":58543,"comment_status":"open","ping_status":"closed","template":"","meta":{"site-sidebar-layout":"","site-content-layout":"","ast-site-content-layout":"","site-content-style":"","site-sidebar-style":"","ast-global-header-display":"","ast-banner-title-visibility":"","ast-main-header-display":"","ast-hfb-above-header-display":"","ast-hfb-below-header-display":"","ast-hfb-mobile-header-display":"","site-post-title":"","ast-breadcrumbs-content":"","ast-featured-img":"","footer-sml-layout":"","theme-transparent-header-meta":"","adv-header-id-meta":"","stick-header-meta":"","header-above-stick-meta":"","header-main-stick-meta":"","header-below-stick-meta":"","astra-migrate-meta-layouts":"","ast-page-background-enabled":"default","ast-page-background-meta":{"desktop":{"background-color":"var(--ast-global-color-4)","background-image":"","background-repeat":"repeat","background-position":"center center","background-size":"auto","background-attachment":"scroll","background-type":"","background-media":"","overlay-type":"","overlay-color":"","overlay-gradient":""},"tablet":{"background-color":"","background-image":"","background-repeat":"repeat","background-position":"center center","background-size":"auto","background-attachment":"scroll","background-type":"","background-media":"","overlay-type":"","overlay-color":"","overlay-gradient":""},"mobile":{"background-color":"","background-image":"","background-repeat":"repeat","background-position":"center center","background-size":"auto","background-attachment":"scroll","background-type":"","background-media":"","overlay-type":"","overlay-color":"","overlay-gradient":""}},"ast-content-background-meta":{"desktop":{"background-color":"var(--ast-global-color-5)","background-image":"","background-repeat":"repeat","background-position":"center center","background-size":"auto","background-attachment":"scroll","background-type":"","background-media":"","overlay-type":"","overlay-color":"","overlay-gradient":""},"tablet":{"background-color":"var(--ast-global-color-5)","background-image":"","background-repeat":"repeat","background-position":"center center","background-size":"auto","background-attachment":"scroll","background-type":"","background-media":"","overlay-type":"","overlay-color":"","overlay-gradient":""},"mobile":{"background-color":"var(--ast-global-color-5)","background-image":"","background-repeat":"repeat","background-position":"center center","background-size":"auto","background-attachment":"scroll","background-type":"","background-media":"","overlay-type":"","overlay-color":"","overlay-gradient":""}}},"product_cat":[173],"product_tag":[],"class_list":{"0":"post-58544","1":"product","2":"type-product","3":"status-publish","4":"has-post-thumbnail","6":"product_cat-tcg","7":"desktop-align-left","8":"tablet-align-left","9":"mobile-align-left","10":"ast-product-gallery-layout-horizontal-slider","11":"ast-product-gallery-with-no-image","12":"ast-product-tabs-layout-accordion","13":"ast-qv-on-image","15":"first","16":"outofstock","17":"taxable","18":"shipping-taxable","19":"product-type-simple"},"yoast_head":"<!-- This site is optimized with the Yoast SEO Premium plugin v23.0 (Yoast SEO v23.0) - https:\/\/yoast.com\/wordpress\/plugins\/seo\/ -->\n<title>Pok\u00e9mon TCG: Scarlet &amp; Violet Prismatic Evolutions - Elite Trainer Box - Meeples Distributie<\/title>\n<meta name=\"robots\" content=\"index, follow, max-snippet:-1, max-image-preview:large, max-video-preview:-1\" \/>\n<link rel=\"canonical\" href=\"https:\/\/www.meeplesdistributie.nl\/en\/product\/pokemon-tcg-scarlet-violet-prismatic-evolutions-elite-trainer-box\/\" \/>\n<meta property=\"og:locale\" content=\"en_GB\" \/>\n<meta property=\"og:type\" content=\"article\" \/>\n<meta property=\"og:title\" content=\"Pok\u00e9mon TCG: Scarlet &amp; Violet Prismatic Evolutions - Elite Trainer Box\" \/>\n<meta property=\"og:description\" content=\"Eevee &amp; Friends lichten op met schitterende kleuren!\" \/>\n<meta property=\"og:url\" content=\"https:\/\/www.meeplesdistributie.nl\/en\/product\/pokemon-tcg-scarlet-violet-prismatic-evolutions-elite-trainer-box\/\" \/>\n<meta property=\"og:site_name\" content=\"Meeples Distributie\" \/>\n<meta property=\"article:publisher\" content=\"https:\/\/www.facebook.com\/meeplesb\" \/>\n<meta property=\"article:modified_time\" content=\"2026-03-02T23:04:05+00:00\" \/>\n<meta property=\"og:image\" content=\"https:\/\/www.meeplesdistributie.nl\/wp-content\/uploads\/2025\/03\/P10343_100-10019_01.jpg\" \/>\n\t<meta property=\"og:image:width\" content=\"1200\" \/>\n\t<meta property=\"og:image:height\" content=\"1200\" \/>\n\t<meta property=\"og:image:type\" content=\"image\/jpeg\" \/>\n<meta name=\"twitter:card\" content=\"summary_large_image\" \/>\n<meta name=\"twitter:site\" content=\"@meeplesb\" \/>\n<meta name=\"twitter:label1\" content=\"Price\" \/>\n\t<meta name=\"twitter:data1\" content=\"&euro;38,71\" \/>\n\t<meta name=\"twitter:label2\" content=\"Availability\" \/>\n\t<meta name=\"twitter:data2\" content=\"Out of stock\" \/>\n<script type=\"application\/ld+json\" class=\"yoast-schema-graph\">{\"@context\":\"https:\/\/schema.org\",\"@graph\":[{\"@type\":\"WebPage\",\"@id\":\"https:\/\/www.meeplesdistributie.nl\/product\/pokemon-tcg-scarlet-violet-prismatic-evolutions-elite-trainer-box\/\",\"url\":\"https:\/\/www.meeplesdistributie.nl\/product\/pokemon-tcg-scarlet-violet-prismatic-evolutions-elite-trainer-box\/\",\"name\":\"Pok\u00e9mon TCG: Scarlet & Violet Prismatic Evolutions - Elite Trainer Box - Meeples Distributie\",\"isPartOf\":{\"@id\":\"https:\/\/www.meeplesdistributie.nl\/#website\"},\"primaryImageOfPage\":{\"@id\":\"https:\/\/www.meeplesdistributie.nl\/product\/pokemon-tcg-scarlet-violet-prismatic-evolutions-elite-trainer-box\/#primaryimage\"},\"image\":{\"@id\":\"https:\/\/www.meeplesdistributie.nl\/product\/pokemon-tcg-scarlet-violet-prismatic-evolutions-elite-trainer-box\/#primaryimage\"},\"thumbnailUrl\":\"https:\/\/www.meeplesdistributie.nl\/wp-content\/uploads\/2025\/03\/P10343_100-10019_01.jpg\",\"datePublished\":\"2025-03-21T08:21:37+00:00\",\"dateModified\":\"2026-03-02T23:04:05+00:00\",\"breadcrumb\":{\"@id\":\"https:\/\/www.meeplesdistributie.nl\/product\/pokemon-tcg-scarlet-violet-prismatic-evolutions-elite-trainer-box\/#breadcrumb\"},\"inLanguage\":\"en-GB\",\"potentialAction\":[{\"@type\":\"ReadAction\",\"target\":[\"https:\/\/www.meeplesdistributie.nl\/product\/pokemon-tcg-scarlet-violet-prismatic-evolutions-elite-trainer-box\/\"]}]},{\"@type\":\"ImageObject\",\"inLanguage\":\"en-GB\",\"@id\":\"https:\/\/www.meeplesdistributie.nl\/product\/pokemon-tcg-scarlet-violet-prismatic-evolutions-elite-trainer-box\/#primaryimage\",\"url\":\"https:\/\/www.meeplesdistributie.nl\/wp-content\/uploads\/2025\/03\/P10343_100-10019_01.jpg\",\"contentUrl\":\"https:\/\/www.meeplesdistributie.nl\/wp-content\/uploads\/2025\/03\/P10343_100-10019_01.jpg\",\"width\":1200,\"height\":1200},{\"@type\":\"BreadcrumbList\",\"@id\":\"https:\/\/www.meeplesdistributie.nl\/product\/pokemon-tcg-scarlet-violet-prismatic-evolutions-elite-trainer-box\/#breadcrumb\",\"itemListElement\":[{\"@type\":\"ListItem\",\"position\":1,\"name\":\"Home\",\"item\":\"https:\/\/www.meeplesdistributie.nl\/\"},{\"@type\":\"ListItem\",\"position\":2,\"name\":\"Webshop\",\"item\":\"https:\/\/www.meeplesdistributie.nl\/webshop\/\"},{\"@type\":\"ListItem\",\"position\":3,\"name\":\"Pok\u00e9mon TCG: Scarlet &#038; Violet Prismatic Evolutions &#8211; Elite Trainer Box\"}]},{\"@type\":\"WebSite\",\"@id\":\"https:\/\/www.meeplesdistributie.nl\/#website\",\"url\":\"https:\/\/www.meeplesdistributie.nl\/\",\"name\":\"Meeples Distributie - Groep\",\"description\":\"Welkom op de Meeples Distributie site | Jouw bordspellen groothandel\",\"publisher\":{\"@id\":\"https:\/\/www.meeplesdistributie.nl\/#organization\"},\"potentialAction\":[{\"@type\":\"SearchAction\",\"target\":{\"@type\":\"EntryPoint\",\"urlTemplate\":\"https:\/\/www.meeplesdistributie.nl\/?s={search_term_string}\"},\"query-input\":\"required name=search_term_string\"}],\"inLanguage\":\"en-GB\"},{\"@type\":\"Organization\",\"@id\":\"https:\/\/www.meeplesdistributie.nl\/#organization\",\"name\":\"Meeples Distributie\",\"url\":\"https:\/\/www.meeplesdistributie.nl\/\",\"logo\":{\"@type\":\"ImageObject\",\"inLanguage\":\"en-GB\",\"@id\":\"https:\/\/www.meeplesdistributie.nl\/#\/schema\/logo\/image\/\",\"url\":\"https:\/\/www.meeplesdistributie.nl\/wp-content\/uploads\/2021\/09\/2-1.png\",\"contentUrl\":\"https:\/\/www.meeplesdistributie.nl\/wp-content\/uploads\/2021\/09\/2-1.png\",\"width\":1080,\"height\":1080,\"caption\":\"Meeples Distributie\"},\"image\":{\"@id\":\"https:\/\/www.meeplesdistributie.nl\/#\/schema\/logo\/image\/\"},\"sameAs\":[\"https:\/\/www.facebook.com\/meeplesb\",\"https:\/\/x.com\/meeplesb\",\"https:\/\/www.instagram.com\/meeples_bordspellen\",\"https:\/\/www.linkedin.com\/company\/meeplesbordspellen\",\"https:\/\/nl.pinterest.com\/meeplesbordspellen\/_created\/\",\"https:\/\/www.youtube.com\/UCtRQUPN4QYmky2dvclaDh_Q\"]}]}<\/script>\n<meta property=\"product:price:amount\" content=\"38.71\" \/>\n<meta property=\"product:price:currency\" content=\"EUR\" \/>\n<meta property=\"og:availability\" content=\"out of stock\" \/>\n<meta property=\"product:availability\" content=\"out of stock\" \/>\n<meta property=\"product:retailer_item_id\" content=\"192214136\" \/>\n<meta property=\"product:condition\" content=\"new\" \/>\n<!-- \/ Yoast SEO Premium plugin. -->","yoast_head_json":{"title":"Pok\u00e9mon TCG: Scarlet & Violet Prismatic Evolutions - Elite Trainer Box - Meeples Distributie","robots":{"index":"index","follow":"follow","max-snippet":"max-snippet:-1","max-image-preview":"max-image-preview:large","max-video-preview":"max-video-preview:-1"},"canonical":"https:\/\/www.meeplesdistributie.nl\/en\/product\/pokemon-tcg-scarlet-violet-prismatic-evolutions-elite-trainer-box\/","og_locale":"en_GB","og_type":"article","og_title":"Pok\u00e9mon TCG: Scarlet & Violet Prismatic Evolutions - Elite Trainer Box","og_description":"Eevee & Friends lichten op met schitterende kleuren!","og_url":"https:\/\/www.meeplesdistributie.nl\/en\/product\/pokemon-tcg-scarlet-violet-prismatic-evolutions-elite-trainer-box\/","og_site_name":"Meeples Distributie","article_publisher":"https:\/\/www.facebook.com\/meeplesb","article_modified_time":"2026-03-02T23:04:05+00:00","og_image":[{"width":1200,"height":1200,"url":"https:\/\/www.meeplesdistributie.nl\/wp-content\/uploads\/2025\/03\/P10343_100-10019_01.jpg","type":"image\/jpeg"}],"twitter_card":"summary_large_image","twitter_site":"@meeplesb","twitter_misc":{"Price":"&euro;38,71","Availability":"Out of stock"},"schema":{"@context":"https:\/\/schema.org","@graph":[{"@type":"WebPage","@id":"https:\/\/www.meeplesdistributie.nl\/product\/pokemon-tcg-scarlet-violet-prismatic-evolutions-elite-trainer-box\/","url":"https:\/\/www.meeplesdistributie.nl\/product\/pokemon-tcg-scarlet-violet-prismatic-evolutions-elite-trainer-box\/","name":"Pok\u00e9mon TCG: Scarlet & Violet Prismatic Evolutions - Elite Trainer Box - Meeples Distributie","isPartOf":{"@id":"https:\/\/www.meeplesdistributie.nl\/#website"},"primaryImageOfPage":{"@id":"https:\/\/www.meeplesdistributie.nl\/product\/pokemon-tcg-scarlet-violet-prismatic-evolutions-elite-trainer-box\/#primaryimage"},"image":{"@id":"https:\/\/www.meeplesdistributie.nl\/product\/pokemon-tcg-scarlet-violet-prismatic-evolutions-elite-trainer-box\/#primaryimage"},"thumbnailUrl":"https:\/\/www.meeplesdistributie.nl\/wp-content\/uploads\/2025\/03\/P10343_100-10019_01.jpg","datePublished":"2025-03-21T08:21:37+00:00","dateModified":"2026-03-02T23:04:05+00:00","breadcrumb":{"@id":"https:\/\/www.meeplesdistributie.nl\/product\/pokemon-tcg-scarlet-violet-prismatic-evolutions-elite-trainer-box\/#breadcrumb"},"inLanguage":"en-GB","potentialAction":[{"@type":"ReadAction","target":["https:\/\/www.meeplesdistributie.nl\/product\/pokemon-tcg-scarlet-violet-prismatic-evolutions-elite-trainer-box\/"]}]},{"@type":"ImageObject","inLanguage":"en-GB","@id":"https:\/\/www.meeplesdistributie.nl\/product\/pokemon-tcg-scarlet-violet-prismatic-evolutions-elite-trainer-box\/#primaryimage","url":"https:\/\/www.meeplesdistributie.nl\/wp-content\/uploads\/2025\/03\/P10343_100-10019_01.jpg","contentUrl":"https:\/\/www.meeplesdistributie.nl\/wp-content\/uploads\/2025\/03\/P10343_100-10019_01.jpg","width":1200,"height":1200},{"@type":"BreadcrumbList","@id":"https:\/\/www.meeplesdistributie.nl\/product\/pokemon-tcg-scarlet-violet-prismatic-evolutions-elite-trainer-box\/#breadcrumb","itemListElement":[{"@type":"ListItem","position":1,"name":"Home","item":"https:\/\/www.meeplesdistributie.nl\/"},{"@type":"ListItem","position":2,"name":"Webshop","item":"https:\/\/www.meeplesdistributie.nl\/webshop\/"},{"@type":"ListItem","position":3,"name":"Pok\u00e9mon TCG: Scarlet &#038; Violet Prismatic Evolutions &#8211; Elite Trainer Box"}]},{"@type":"WebSite","@id":"https:\/\/www.meeplesdistributie.nl\/#website","url":"https:\/\/www.meeplesdistributie.nl\/","name":"Meeples Distributie - Groep","description":"Welkom op de Meeples Distributie site | Jouw bordspellen groothandel","publisher":{"@id":"https:\/\/www.meeplesdistributie.nl\/#organization"},"potentialAction":[{"@type":"SearchAction","target":{"@type":"EntryPoint","urlTemplate":"https:\/\/www.meeplesdistributie.nl\/?s={search_term_string}"},"query-input":"required name=search_term_string"}],"inLanguage":"en-GB"},{"@type":"Organization","@id":"https:\/\/www.meeplesdistributie.nl\/#organization","name":"Meeples Distributie","url":"https:\/\/www.meeplesdistributie.nl\/","logo":{"@type":"ImageObject","inLanguage":"en-GB","@id":"https:\/\/www.meeplesdistributie.nl\/#\/schema\/logo\/image\/","url":"https:\/\/www.meeplesdistributie.nl\/wp-content\/uploads\/2021\/09\/2-1.png","contentUrl":"https:\/\/www.meeplesdistributie.nl\/wp-content\/uploads\/2021\/09\/2-1.png","width":1080,"height":1080,"caption":"Meeples Distributie"},"image":{"@id":"https:\/\/www.meeplesdistributie.nl\/#\/schema\/logo\/image\/"},"sameAs":["https:\/\/www.facebook.com\/meeplesb","https:\/\/x.com\/meeplesb","https:\/\/www.instagram.com\/meeples_bordspellen","https:\/\/www.linkedin.com\/company\/meeplesbordspellen","https:\/\/nl.pinterest.com\/meeplesbordspellen\/_created\/","https:\/\/www.youtube.com\/UCtRQUPN4QYmky2dvclaDh_Q"]}]},"product_price_amount":"38.71","product_price_currency":"EUR","og_availability":"out of stock","product_availability":"out of stock","product_retailer_item_id":"192214136","product_condition":"new"},"_links":{"self":[{"href":"https:\/\/www.meeplesdistributie.nl\/en\/wp-json\/wp\/v2\/product\/58544","targetHints":{"allow":["GET"]}}],"collection":[{"href":"https:\/\/www.meeplesdistributie.nl\/en\/wp-json\/wp\/v2\/product"}],"about":[{"href":"https:\/\/www.meeplesdistributie.nl\/en\/wp-json\/wp\/v2\/types\/product"}],"replies":[{"embeddable":true,"href":"https:\/\/www.meeplesdistributie.nl\/en\/wp-json\/wp\/v2\/comments?post=58544"}],"version-history":[{"count":0,"href":"https:\/\/www.meeplesdistributie.nl\/en\/wp-json\/wp\/v2\/product\/58544\/revisions"}],"wp:featuredmedia":[{"embeddable":true,"href":"https:\/\/www.meeplesdistributie.nl\/en\/wp-json\/wp\/v2\/media\/58543"}],"wp:attachment":[{"href":"https:\/\/www.meeplesdistributie.nl\/en\/wp-json\/wp\/v2\/media?parent=58544"}],"wp:term":[{"taxonomy":"product_cat","embeddable":true,"href":"https:\/\/www.meeplesdistributie.nl\/en\/wp-json\/wp\/v2\/product_cat?post=58544"},{"taxonomy":"product_tag","embeddable":true,"href":"https:\/\/www.meeplesdistributie.nl\/en\/wp-json\/wp\/v2\/product_tag?post=58544"}],"curies":[{"name":"wp","href":"https:\/\/api.w.org\/{rel}","templated":true}]}}