{"id":7376,"date":"2021-10-04T14:35:39","date_gmt":"2021-10-04T12:35:39","guid":{"rendered":"https:\/\/www.meeplesdistributie.nl\/product\/scythe-fenris-and-wind-gambit-insert\/"},"modified":"2025-12-26T04:13:11","modified_gmt":"2025-12-26T03:13:11","slug":"scythe-fenris-and-wind-gambit-insert","status":"publish","type":"product","link":"https:\/\/www.meeplesdistributie.nl\/en\/product\/scythe-fenris-and-wind-gambit-insert\/","title":{"rendered":"Scythe Fenris And Wind Gambit Insert"},"content":{"rendered":"<h2><strong>Productomschrijving Scythe Fenris And Wind Gambit Insert<\/strong><\/h2>\n<p>Insert compatibel met Scythe Fenris, de uitbreidingen Wind Gambit en Scythe Encounters. Het ontwerp zorgt voor zowel effici\u00ebnte opslag als een beter spelverloop. De bakjes kunnen tijdens het spel worden gebruikt en helpen enorm bij het opzetten en opruimen. De spelregels en borden fungeren als een deksel op de bakjes.   Deze insert kan gecombineerd worden met onze FS-SCY insert in de Legendary doos, zoals hieronder beschreven.<\/p>\n<p>De insert is georganiseerd met de miniaturen op het onderste niveau en de rest van de componenten bovenop. <\/p>\n<p>Er zijn drie bakjes met kaarten voor de luchtschip- en resolutietegels en andere grote kaarten, met voldoende ruimte om alle kaarten in te pakken met kwaliteitsvolle sleeves. Er zijn twee lange bakjes voor andere speeltegels, waaronder \u00e9\u00e9n vakje voor het Tesla-miniatuurtje met \u00e9\u00e9n wiel. Er zijn twee aparte bakjes voor de factiestukken. <\/p>\n<p>Er zijn bakjes voor de twee mechs en leidersminiaturen van de facties en twee grote bakjes voor de luchtschepen. In de bakjes voor de luchtschepen kunnen de miniaturen netjes van kop tot teen worden opgeborgen. Het laatste luchtschipvak wordt gebruikt voor de basis van de schepen. Aan het einde van elk bakje zitten bakjes voor het verticaal opbergen van de infrastructuur en mech-mods.<\/p>\n<p>De doos kan verticaal worden opgeborgen.<\/p>\n<p>Deze insert kan ook worden gecombineerd met de FS-SCY insert voor Scythe in de Legendary Box, met de bordverlenging, zoals hier te zien is. De beste manier om dit te doen is om de FS-SCY insert toe te voegen aan de doos met de borden erop, en dan gewoon de Fenris doos, met FS-SCY+ erin, erop te plaatsen. Dit vult de doos en houdt de onderste bakjes op hun plaats.<\/p>\n<p>Als alternatief kunnen de FS-SCY+ bakjes ook apart worden toegevoegd aan de Legendary Box.<\/p>\n<p>Dit product bestaat uit een flat-pack van 6 Evacore platen. De bakjes moeten snel en eenvoudig in elkaar gezet worden met gewone PVA-lijm. In de verpakking vind je gedetailleerde instructies.<br \/>\n*** Vertaald met www.DeepL.com\/Translator (gratis versie) ***<\/p>\n<p><\/p>","protected":false},"excerpt":{"rendered":"<p>Insert compatibel met Scythe Fenris, de uitbreidingen Wind Gambit en Scythe Encounters.<\/p>","protected":false},"featured_media":58645,"comment_status":"open","ping_status":"closed","template":"","meta":{"site-sidebar-layout":"","site-content-layout":"","ast-site-content-layout":"","site-content-style":"","site-sidebar-style":"","ast-global-header-display":"","ast-banner-title-visibility":"","ast-main-header-display":"","ast-hfb-above-header-display":"","ast-hfb-below-header-display":"","ast-hfb-mobile-header-display":"","site-post-title":"","ast-breadcrumbs-content":"","ast-featured-img":"","footer-sml-layout":"","theme-transparent-header-meta":"","adv-header-id-meta":"","stick-header-meta":"","header-above-stick-meta":"","header-main-stick-meta":"","header-below-stick-meta":"","astra-migrate-meta-layouts":"","ast-page-background-enabled":"default","ast-page-background-meta":{"desktop":{"background-color":"var(--ast-global-color-4)","background-image":"","background-repeat":"repeat","background-position":"center center","background-size":"auto","background-attachment":"scroll","background-type":"","background-media":"","overlay-type":"","overlay-color":"","overlay-gradient":""},"tablet":{"background-color":"","background-image":"","background-repeat":"repeat","background-position":"center center","background-size":"auto","background-attachment":"scroll","background-type":"","background-media":"","overlay-type":"","overlay-color":"","overlay-gradient":""},"mobile":{"background-color":"","background-image":"","background-repeat":"repeat","background-position":"center center","background-size":"auto","background-attachment":"scroll","background-type":"","background-media":"","overlay-type":"","overlay-color":"","overlay-gradient":""}},"ast-content-background-meta":{"desktop":{"background-color":"var(--ast-global-color-5)","background-image":"","background-repeat":"repeat","background-position":"center center","background-size":"auto","background-attachment":"scroll","background-type":"","background-media":"","overlay-type":"","overlay-color":"","overlay-gradient":""},"tablet":{"background-color":"var(--ast-global-color-5)","background-image":"","background-repeat":"repeat","background-position":"center center","background-size":"auto","background-attachment":"scroll","background-type":"","background-media":"","overlay-type":"","overlay-color":"","overlay-gradient":""},"mobile":{"background-color":"var(--ast-global-color-5)","background-image":"","background-repeat":"repeat","background-position":"center center","background-size":"auto","background-attachment":"scroll","background-type":"","background-media":"","overlay-type":"","overlay-color":"","overlay-gradient":""}}},"product_cat":[54],"product_tag":[],"class_list":{"0":"post-7376","1":"product","2":"type-product","3":"status-publish","4":"has-post-thumbnail","6":"product_cat-accessoires","7":"desktop-align-left","8":"tablet-align-left","9":"mobile-align-left","10":"ast-product-gallery-layout-horizontal-slider","11":"ast-product-gallery-with-no-image","12":"ast-product-tabs-layout-accordion","13":"ast-qv-on-image","15":"first","16":"instock","17":"taxable","18":"shipping-taxable","19":"product-type-simple"},"yoast_head":"<!-- This site is optimized with the Yoast SEO Premium plugin v23.0 (Yoast SEO v23.0) - https:\/\/yoast.com\/wordpress\/plugins\/seo\/ -->\n<title>Scythe Fenris And Wind Gambit Insert - Meeples Distributie<\/title>\n<meta name=\"robots\" content=\"index, follow, max-snippet:-1, max-image-preview:large, max-video-preview:-1\" \/>\n<link rel=\"canonical\" href=\"https:\/\/www.meeplesdistributie.nl\/en\/product\/scythe-fenris-and-wind-gambit-insert\/\" \/>\n<meta property=\"og:locale\" content=\"en_GB\" \/>\n<meta property=\"og:type\" content=\"article\" \/>\n<meta property=\"og:title\" content=\"Scythe Fenris And Wind Gambit Insert\" \/>\n<meta property=\"og:description\" content=\"Insert compatibel met Scythe Fenris, de uitbreidingen Wind Gambit en Scythe Encounters.\" \/>\n<meta property=\"og:url\" content=\"https:\/\/www.meeplesdistributie.nl\/en\/product\/scythe-fenris-and-wind-gambit-insert\/\" \/>\n<meta property=\"og:site_name\" content=\"Meeples Distributie\" \/>\n<meta property=\"article:publisher\" content=\"https:\/\/www.facebook.com\/meeplesb\" \/>\n<meta property=\"article:modified_time\" content=\"2025-12-26T03:13:11+00:00\" \/>\n<meta property=\"og:image\" content=\"https:\/\/www.meeplesdistributie.nl\/wp-content\/uploads\/2025\/03\/image.jpg\" \/>\n\t<meta property=\"og:image:width\" content=\"1000\" \/>\n\t<meta property=\"og:image:height\" content=\"750\" \/>\n\t<meta property=\"og:image:type\" content=\"image\/jpeg\" \/>\n<meta name=\"twitter:card\" content=\"summary_large_image\" \/>\n<meta name=\"twitter:site\" content=\"@meeplesb\" \/>\n<meta name=\"twitter:label1\" content=\"Price\" \/>\n\t<meta name=\"twitter:data1\" content=\"&euro;16,69\" \/>\n\t<meta name=\"twitter:label2\" content=\"Availability\" \/>\n\t<meta name=\"twitter:data2\" content=\"In stock\" \/>\n<script type=\"application\/ld+json\" class=\"yoast-schema-graph\">{\"@context\":\"https:\/\/schema.org\",\"@graph\":[{\"@type\":\"WebPage\",\"@id\":\"https:\/\/www.meeplesdistributie.nl\/product\/scythe-fenris-and-wind-gambit-insert\/\",\"url\":\"https:\/\/www.meeplesdistributie.nl\/product\/scythe-fenris-and-wind-gambit-insert\/\",\"name\":\"Scythe Fenris And Wind Gambit Insert - Meeples Distributie\",\"isPartOf\":{\"@id\":\"https:\/\/www.meeplesdistributie.nl\/#website\"},\"primaryImageOfPage\":{\"@id\":\"https:\/\/www.meeplesdistributie.nl\/product\/scythe-fenris-and-wind-gambit-insert\/#primaryimage\"},\"image\":{\"@id\":\"https:\/\/www.meeplesdistributie.nl\/product\/scythe-fenris-and-wind-gambit-insert\/#primaryimage\"},\"thumbnailUrl\":\"https:\/\/www.meeplesdistributie.nl\/wp-content\/uploads\/2025\/03\/image.jpg\",\"datePublished\":\"2021-10-04T12:35:39+00:00\",\"dateModified\":\"2025-12-26T03:13:11+00:00\",\"breadcrumb\":{\"@id\":\"https:\/\/www.meeplesdistributie.nl\/product\/scythe-fenris-and-wind-gambit-insert\/#breadcrumb\"},\"inLanguage\":\"en-GB\",\"potentialAction\":[{\"@type\":\"ReadAction\",\"target\":[\"https:\/\/www.meeplesdistributie.nl\/product\/scythe-fenris-and-wind-gambit-insert\/\"]}]},{\"@type\":\"ImageObject\",\"inLanguage\":\"en-GB\",\"@id\":\"https:\/\/www.meeplesdistributie.nl\/product\/scythe-fenris-and-wind-gambit-insert\/#primaryimage\",\"url\":\"https:\/\/www.meeplesdistributie.nl\/wp-content\/uploads\/2025\/03\/image.jpg\",\"contentUrl\":\"https:\/\/www.meeplesdistributie.nl\/wp-content\/uploads\/2025\/03\/image.jpg\",\"width\":1000,\"height\":750},{\"@type\":\"BreadcrumbList\",\"@id\":\"https:\/\/www.meeplesdistributie.nl\/product\/scythe-fenris-and-wind-gambit-insert\/#breadcrumb\",\"itemListElement\":[{\"@type\":\"ListItem\",\"position\":1,\"name\":\"Home\",\"item\":\"https:\/\/www.meeplesdistributie.nl\/\"},{\"@type\":\"ListItem\",\"position\":2,\"name\":\"Webshop\",\"item\":\"https:\/\/www.meeplesdistributie.nl\/webshop\/\"},{\"@type\":\"ListItem\",\"position\":3,\"name\":\"Scythe Fenris And Wind Gambit Insert\"}]},{\"@type\":\"WebSite\",\"@id\":\"https:\/\/www.meeplesdistributie.nl\/#website\",\"url\":\"https:\/\/www.meeplesdistributie.nl\/\",\"name\":\"Meeples Distributie - Groep\",\"description\":\"Welkom op de Meeples Distributie site | Jouw bordspellen groothandel\",\"publisher\":{\"@id\":\"https:\/\/www.meeplesdistributie.nl\/#organization\"},\"potentialAction\":[{\"@type\":\"SearchAction\",\"target\":{\"@type\":\"EntryPoint\",\"urlTemplate\":\"https:\/\/www.meeplesdistributie.nl\/?s={search_term_string}\"},\"query-input\":\"required name=search_term_string\"}],\"inLanguage\":\"en-GB\"},{\"@type\":\"Organization\",\"@id\":\"https:\/\/www.meeplesdistributie.nl\/#organization\",\"name\":\"Meeples Distributie\",\"url\":\"https:\/\/www.meeplesdistributie.nl\/\",\"logo\":{\"@type\":\"ImageObject\",\"inLanguage\":\"en-GB\",\"@id\":\"https:\/\/www.meeplesdistributie.nl\/#\/schema\/logo\/image\/\",\"url\":\"https:\/\/www.meeplesdistributie.nl\/wp-content\/uploads\/2021\/09\/2-1.png\",\"contentUrl\":\"https:\/\/www.meeplesdistributie.nl\/wp-content\/uploads\/2021\/09\/2-1.png\",\"width\":1080,\"height\":1080,\"caption\":\"Meeples Distributie\"},\"image\":{\"@id\":\"https:\/\/www.meeplesdistributie.nl\/#\/schema\/logo\/image\/\"},\"sameAs\":[\"https:\/\/www.facebook.com\/meeplesb\",\"https:\/\/x.com\/meeplesb\",\"https:\/\/www.instagram.com\/meeples_bordspellen\",\"https:\/\/www.linkedin.com\/company\/meeplesbordspellen\",\"https:\/\/nl.pinterest.com\/meeplesbordspellen\/_created\/\",\"https:\/\/www.youtube.com\/UCtRQUPN4QYmky2dvclaDh_Q\"]}]}<\/script>\n<meta property=\"product:price:amount\" content=\"16.69\" \/>\n<meta property=\"product:price:currency\" content=\"EUR\" \/>\n<meta property=\"og:availability\" content=\"instock\" \/>\n<meta property=\"product:availability\" content=\"instock\" \/>\n<meta property=\"product:retailer_item_id\" content=\"557\" \/>\n<meta property=\"product:condition\" content=\"new\" \/>\n<!-- \/ Yoast SEO Premium plugin. -->","yoast_head_json":{"title":"Scythe Fenris And Wind Gambit Insert - Meeples Distributie","robots":{"index":"index","follow":"follow","max-snippet":"max-snippet:-1","max-image-preview":"max-image-preview:large","max-video-preview":"max-video-preview:-1"},"canonical":"https:\/\/www.meeplesdistributie.nl\/en\/product\/scythe-fenris-and-wind-gambit-insert\/","og_locale":"en_GB","og_type":"article","og_title":"Scythe Fenris And Wind Gambit Insert","og_description":"Insert compatibel met Scythe Fenris, de uitbreidingen Wind Gambit en Scythe Encounters.","og_url":"https:\/\/www.meeplesdistributie.nl\/en\/product\/scythe-fenris-and-wind-gambit-insert\/","og_site_name":"Meeples Distributie","article_publisher":"https:\/\/www.facebook.com\/meeplesb","article_modified_time":"2025-12-26T03:13:11+00:00","og_image":[{"width":1000,"height":750,"url":"https:\/\/www.meeplesdistributie.nl\/wp-content\/uploads\/2025\/03\/image.jpg","type":"image\/jpeg"}],"twitter_card":"summary_large_image","twitter_site":"@meeplesb","twitter_misc":{"Price":"&euro;16,69","Availability":"In stock"},"schema":{"@context":"https:\/\/schema.org","@graph":[{"@type":"WebPage","@id":"https:\/\/www.meeplesdistributie.nl\/product\/scythe-fenris-and-wind-gambit-insert\/","url":"https:\/\/www.meeplesdistributie.nl\/product\/scythe-fenris-and-wind-gambit-insert\/","name":"Scythe Fenris And Wind Gambit Insert - Meeples Distributie","isPartOf":{"@id":"https:\/\/www.meeplesdistributie.nl\/#website"},"primaryImageOfPage":{"@id":"https:\/\/www.meeplesdistributie.nl\/product\/scythe-fenris-and-wind-gambit-insert\/#primaryimage"},"image":{"@id":"https:\/\/www.meeplesdistributie.nl\/product\/scythe-fenris-and-wind-gambit-insert\/#primaryimage"},"thumbnailUrl":"https:\/\/www.meeplesdistributie.nl\/wp-content\/uploads\/2025\/03\/image.jpg","datePublished":"2021-10-04T12:35:39+00:00","dateModified":"2025-12-26T03:13:11+00:00","breadcrumb":{"@id":"https:\/\/www.meeplesdistributie.nl\/product\/scythe-fenris-and-wind-gambit-insert\/#breadcrumb"},"inLanguage":"en-GB","potentialAction":[{"@type":"ReadAction","target":["https:\/\/www.meeplesdistributie.nl\/product\/scythe-fenris-and-wind-gambit-insert\/"]}]},{"@type":"ImageObject","inLanguage":"en-GB","@id":"https:\/\/www.meeplesdistributie.nl\/product\/scythe-fenris-and-wind-gambit-insert\/#primaryimage","url":"https:\/\/www.meeplesdistributie.nl\/wp-content\/uploads\/2025\/03\/image.jpg","contentUrl":"https:\/\/www.meeplesdistributie.nl\/wp-content\/uploads\/2025\/03\/image.jpg","width":1000,"height":750},{"@type":"BreadcrumbList","@id":"https:\/\/www.meeplesdistributie.nl\/product\/scythe-fenris-and-wind-gambit-insert\/#breadcrumb","itemListElement":[{"@type":"ListItem","position":1,"name":"Home","item":"https:\/\/www.meeplesdistributie.nl\/"},{"@type":"ListItem","position":2,"name":"Webshop","item":"https:\/\/www.meeplesdistributie.nl\/webshop\/"},{"@type":"ListItem","position":3,"name":"Scythe Fenris And Wind Gambit Insert"}]},{"@type":"WebSite","@id":"https:\/\/www.meeplesdistributie.nl\/#website","url":"https:\/\/www.meeplesdistributie.nl\/","name":"Meeples Distributie - Groep","description":"Welkom op de Meeples Distributie site | Jouw bordspellen groothandel","publisher":{"@id":"https:\/\/www.meeplesdistributie.nl\/#organization"},"potentialAction":[{"@type":"SearchAction","target":{"@type":"EntryPoint","urlTemplate":"https:\/\/www.meeplesdistributie.nl\/?s={search_term_string}"},"query-input":"required name=search_term_string"}],"inLanguage":"en-GB"},{"@type":"Organization","@id":"https:\/\/www.meeplesdistributie.nl\/#organization","name":"Meeples Distributie","url":"https:\/\/www.meeplesdistributie.nl\/","logo":{"@type":"ImageObject","inLanguage":"en-GB","@id":"https:\/\/www.meeplesdistributie.nl\/#\/schema\/logo\/image\/","url":"https:\/\/www.meeplesdistributie.nl\/wp-content\/uploads\/2021\/09\/2-1.png","contentUrl":"https:\/\/www.meeplesdistributie.nl\/wp-content\/uploads\/2021\/09\/2-1.png","width":1080,"height":1080,"caption":"Meeples Distributie"},"image":{"@id":"https:\/\/www.meeplesdistributie.nl\/#\/schema\/logo\/image\/"},"sameAs":["https:\/\/www.facebook.com\/meeplesb","https:\/\/x.com\/meeplesb","https:\/\/www.instagram.com\/meeples_bordspellen","https:\/\/www.linkedin.com\/company\/meeplesbordspellen","https:\/\/nl.pinterest.com\/meeplesbordspellen\/_created\/","https:\/\/www.youtube.com\/UCtRQUPN4QYmky2dvclaDh_Q"]}]},"product_price_amount":"16.69","product_price_currency":"EUR","og_availability":"instock","product_availability":"instock","product_retailer_item_id":"557","product_condition":"new"},"_links":{"self":[{"href":"https:\/\/www.meeplesdistributie.nl\/en\/wp-json\/wp\/v2\/product\/7376","targetHints":{"allow":["GET"]}}],"collection":[{"href":"https:\/\/www.meeplesdistributie.nl\/en\/wp-json\/wp\/v2\/product"}],"about":[{"href":"https:\/\/www.meeplesdistributie.nl\/en\/wp-json\/wp\/v2\/types\/product"}],"replies":[{"embeddable":true,"href":"https:\/\/www.meeplesdistributie.nl\/en\/wp-json\/wp\/v2\/comments?post=7376"}],"version-history":[{"count":16,"href":"https:\/\/www.meeplesdistributie.nl\/en\/wp-json\/wp\/v2\/product\/7376\/revisions"}],"predecessor-version":[{"id":58646,"href":"https:\/\/www.meeplesdistributie.nl\/en\/wp-json\/wp\/v2\/product\/7376\/revisions\/58646"}],"wp:featuredmedia":[{"embeddable":true,"href":"https:\/\/www.meeplesdistributie.nl\/en\/wp-json\/wp\/v2\/media\/58645"}],"wp:attachment":[{"href":"https:\/\/www.meeplesdistributie.nl\/en\/wp-json\/wp\/v2\/media?parent=7376"}],"wp:term":[{"taxonomy":"product_cat","embeddable":true,"href":"https:\/\/www.meeplesdistributie.nl\/en\/wp-json\/wp\/v2\/product_cat?post=7376"},{"taxonomy":"product_tag","embeddable":true,"href":"https:\/\/www.meeplesdistributie.nl\/en\/wp-json\/wp\/v2\/product_tag?post=7376"}],"curies":[{"name":"wp","href":"https:\/\/api.w.org\/{rel}","templated":true}]}}